{"id":22072,"date":"2023-11-29T09:35:08","date_gmt":"2023-11-29T08:35:08","guid":{"rendered":"https:\/\/jas.dk\/bedingungen-und-konditionen\/"},"modified":"2025-09-10T15:13:43","modified_gmt":"2025-09-10T13:13:43","slug":"bedingungen-und-konditionen","status":"publish","type":"page","link":"https:\/\/jas.dk\/de\/bedingungen-und-konditionen\/","title":{"rendered":"Bedingungen und Konditionen"},"content":{"rendered":"\t\t<div data-elementor-type=\"wp-page\" data-elementor-id=\"22072\" class=\"elementor elementor-22072 elementor-2540\" data-elementor-post-type=\"page\">\n\t\t\t\t<div class=\"elementor-element elementor-element-362dc6e e-flex e-con-boxed e-con e-parent\" data-id=\"362dc6e\" data-element_type=\"container\" data-e-type=\"container\">\n\t\t\t\t\t<div class=\"e-con-inner\">\n\t\t\t\t<div class=\"elementor-element elementor-element-f935a55 elementor-widget elementor-widget-spacer\" data-id=\"f935a55\" data-element_type=\"widget\" data-e-type=\"widget\" data-widget_type=\"spacer.default\">\n\t\t\t\t\t\t\t<div class=\"elementor-spacer\">\n\t\t\t<div class=\"elementor-spacer-inner\"><\/div>\n\t\t<\/div>\n\t\t\t\t\t\t<\/div>\n\t\t\t\t<div class=\"elementor-element elementor-element-b9b6203 elementor-widget elementor-widget-heading\" data-id=\"b9b6203\" data-element_type=\"widget\" data-e-type=\"widget\" data-widget_type=\"heading.default\">\n\t\t\t\t\t<h1 class=\"elementor-heading-title elementor-size-default\">Bedingungen und Konditionen<\/h1>\t\t\t\t<\/div>\n\t\t\t\t<div class=\"elementor-element elementor-element-e4becd9 elementor-widget elementor-widget-spacer\" data-id=\"e4becd9\" data-element_type=\"widget\" data-e-type=\"widget\" data-widget_type=\"spacer.default\">\n\t\t\t\t\t\t\t<div class=\"elementor-spacer\">\n\t\t\t<div class=\"elementor-spacer-inner\"><\/div>\n\t\t<\/div>\n\t\t\t\t\t\t<\/div>\n\t\t\t\t<div class=\"elementor-element elementor-element-091df13 elementor-widget elementor-widget-text-editor\" data-id=\"091df13\" data-element_type=\"widget\" data-e-type=\"widget\" data-widget_type=\"text-editor.default\">\n\t\t\t\t\t\t\t\t\t<ul><li><b><u><span class=\"text-o-color-4\">Wie Sie es verwenden<\/span><\/u><span class=\"text-o-color-4\"><br><\/span><\/b><span class=\"text-o-color-4\"><span class=\"text-o-color-4\">Diese Allgemeinen Gesch\u00e4ftsbedingungen gelten f\u00fcr alle Gesch\u00e4fte zwischen dem Kunden und JAS. Abweichungen von diesen Verkaufs- und Lieferbedingungen bed\u00fcrfen einer gesonderten schriftlichen Vereinbarung zwischen den Parteien. Das Produkt von JAS wird im Handel geliefert und der Kunde erkennt an, in einer Gesch\u00e4ftsbeziehung gehandelt zu haben.<\/span><\/span><\/li><li><b><u>Ausschreibungsmaterial<\/u><br><\/b>Zeichnungen, gesch\u00e4tzte Preise und vergleichbare Daten bleiben das Eigentum von JAS. Der Kunde darf dieses Material ohne Zustimmung von JAS nicht an Dritte weitergeben.<\/li><li><b><u>Die Preisliste<\/u><br><\/b>Die Preise sind immer ohne Mehrwertsteuer angegeben. M\u00fctter. Sofern nicht anders angegeben, sind die Preise in D\u00e4nischen Kronen (DKK) angegeben. Die Preise f\u00fcr Waren, die nicht sofort geliefert werden sollen, werden unter dem Vorbehalt vereinbart, dass sich bis zur Lieferung keine \u00c4nderungen bei den \u00f6ffentlichen Ausgaben, Wechselkursen, Zolltarifen oder \u00c4hnlichem ergeben. Wenn solche \u00c4nderungen stattgefunden haben und eine der Parteien dadurch einen Verlust oder einen Gewinn erleidet, werden die Preise ge\u00e4ndert, um dies auszugleichen.<\/li><li><b><u>Die Lieferung erfolgt<\/u><br><\/b>Die Lieferung erfolgt gem\u00e4\u00df <a>Incoterms 2000 EXW &#8211; Ex Works (ab Werk) <\/a>Kib\u00e6k, sofern nicht anders vereinbart. Der Kunde kann im Falle einer versp\u00e4teten Lieferung keine Schadensersatzanspr\u00fcche geltend machen. JAS versendet Waren auf die beste, billigste und verantwortungsvollste Weise. Wenn eine andere Vertriebsmethode gew\u00e4hlt wird, geschieht dies auf eigene Kosten, Verwaltung und Risiko des Kunden.<\/li><li><b><u>Zahlungsbedingungen und Zinsen<\/u><br><\/b>Die Zahlung des vereinbarten Kaufpreises erfolgt gem\u00e4\u00df den Zahlungsbedingungen von JAS. Bei Abschluss einer Vereinbarung\/Bestellung hat der Kunde in der Regel 14 Tage netto ab Rechnungsdatum oder netto Kasse, nach Wahl von JAS. Abweichungen von den Zahlungsbedingungen bed\u00fcrfen einer gesonderten schriftlichen Vereinbarung zwischen den Parteien. Bei Zahlung nach dem F\u00e4lligkeitsdatum werden Zinsen in H\u00f6he von <a>2% pro angefangenem Monat<\/a> berechnet, wobei die Zinsen ab dem F\u00e4lligkeitsdatum berechnet werden.<\/li><li><b><u>Eigentumsvorbehalt<\/u><br><\/b>Das Eigentum an den verkauften Waren verbleibt bei JAS oder der Person, an die JAS ihre Rechte\/Forderungen \u00fcbertragen hat, bis zur vollst\u00e4ndigen Zahlung des gesamten Kaufpreises mit Zinsen, Kosten und eventueller Lieferung usw.<\/li><li><b><u>R\u00fcckgabe von Waren<\/u><br><\/b>JAS akzeptiert in der Regel keine R\u00fccksendungen von ma\u00dfgefertigten Waren. Hiervon kann nach vorheriger Vereinbarung mit dem Kunden abgewichen werden. In diesen besonderen Situationen ist der Kunde f\u00fcr die R\u00fccksendung der verkauften Waren auf eigene Kosten und eigenes Risiko verantwortlich.<\/li><li><b><span class=\"text-o-color-4\"><u>Produkthaftung<\/u><\/span><br><\/b><span class=\"text-o-color-4\"><span class=\"text-o-color-4\">JAS haftet nur dann f\u00fcr Personensch\u00e4den, wenn diese nachweislich auf ein Verschulden oder eine Fahrl\u00e4ssigkeit von JAS oder anderen, f\u00fcr die JAS verantwortlich ist, zur\u00fcckzuf\u00fchren sind. Die Entsch\u00e4digung f\u00fcr Personensch\u00e4den kann niemals die H\u00f6he der Entsch\u00e4digung \u00fcbersteigen, die nach d\u00e4nischem Recht zu einem bestimmten Zeitpunkt gilt.<\/span><\/span><\/li><li><span class=\"text-o-color-4\">JAS haftet nicht f\u00fcr Sch\u00e4den, die durch die verkauften Waren verursacht werden:<\/span><i><\/i><span class=\"text-o-color-4\"><span class=\"text-o-color-4\">-auf unbewegliche oder bewegliche Sachen, die entstehen, w\u00e4hrend sich die verkauften Waren im Besitz des Kunden befinden.<br>-auf vom Kunden hergestellte Produkte oder auf Produkte, in denen diese enthalten sind, oder f\u00fcr Sch\u00e4den an Immobilien oder pers\u00f6nlichem Eigentum, die durch diese Produkte als Folge des Verkaufs verursacht wurden.<\/span><\/span><p>JAS haftet in keinem Fall f\u00fcr Betriebsverluste, entgangenen Gewinn oder andere indirekte Verluste. Der Kunde h\u00e4lt JAS insoweit schadlos, als JAS gegen\u00fcber Dritten f\u00fcr solche Sch\u00e4den und f\u00fcr solche Verluste haftbar gemacht wird, f\u00fcr die JAS dem Kunden gegen\u00fcber nicht nach dieser Bestimmung haftet. Macht ein Dritter gegen\u00fcber einer der Parteien einen Anspruch auf Entsch\u00e4digung gem\u00e4\u00df dieser Bestimmung geltend, so hat diese Partei die andere Partei unverz\u00fcglich davon in Kenntnis zu setzen. JAS und der Kunde verpflichten sich gegenseitig, sich vor dem Gericht oder Schiedsgericht verklagen zu lassen, das f\u00fcr Schadensersatzanspr\u00fcche zust\u00e4ndig ist, die gegen einen von ihnen aufgrund von Sch\u00e4den oder Verlusten erhoben werden, die angeblich durch die verkauften Waren verursacht wurden. Die gegenseitigen Beziehungen zwischen JAS und dem Kunden werden jedoch immer am Gerichtsstand gem\u00e4\u00df diesen Bedingungen geregelt.<\/p><\/li><li><b><u>Ausschluss der Haftung<\/u><br><\/b>JAS haftet nicht f\u00fcr Lieferverz\u00f6gerungen oder Nichterf\u00fcllung, wenn die Verz\u00f6gerung oder Nichterf\u00fcllung nachweislich auf Krieg, Aufruhr, innere Unruhen, staatliche Eingriffe, Blockade, Eingriffe lokaler Beh\u00f6rden, Beschlagnahme, Feuer, Naturkatastrophen, Streik, Aussperrung, Export- oder Importverbote, Unterbrechungen des normalen Verkehrs zur\u00fcckzuf\u00fchren ist, Epidemie, Pandemie, mangelhafte oder versp\u00e4tete Lieferung eines Subunternehmers oder andere Gr\u00fcnde, die au\u00dferhalb der Kontrolle von JAS liegen und die die Herstellung und Lieferung der verkauften Waren verz\u00f6gern oder verhindern k\u00f6nnen, verschiebt sich die Lieferfrist um einen Zeitraum, der der Dauer des Lieferhindernisses entspricht.<\/li><li><b>Gerichtsstand und Rechtswahl<br><\/b>Alle Streitigkeiten zwischen den Parteien werden von den ordentlichen Gerichten D\u00e4nemarks und unter Anwendung des d\u00e4nischen Rechts entschieden, jedoch unter Ausschluss der Rechtswahlklausel des Internationalen Kaufrechts (CISG).<\/li><\/ul><p>Version 1.1 Kib\u00e6k September 2023<\/p>\t\t\t\t\t\t\t\t<\/div>\n\t\t\t\t\t<\/div>\n\t\t\t\t<\/div>\n\t\t\t\t<\/div>\n\t\t","protected":false},"excerpt":{"rendered":"<p>Bedingungen und Konditionen Wie Sie es verwendenDiese Allgemeinen Gesch\u00e4ftsbedingungen gelten f\u00fcr alle Gesch\u00e4fte zwischen dem Kunden und JAS. Abweichungen von diesen Verkaufs- und Lieferbedingungen bed\u00fcrfen einer gesonderten schriftlichen Vereinbarung zwischen den Parteien. Das Produkt von JAS wird im Handel geliefert und der Kunde erkennt an, in einer Gesch\u00e4ftsbeziehung gehandelt zu haben. AusschreibungsmaterialZeichnungen, gesch\u00e4tzte Preise und [&hellip;]<\/p>\n","protected":false},"author":5,"featured_media":0,"parent":0,"menu_order":0,"comment_status":"closed","ping_status":"closed","template":"","meta":{"_acf_changed":false,"site-sidebar-layout":"no-sidebar","site-content-layout":"page-builder","ast-site-content-layout":"full-width-container","site-content-style":"unboxed","site-sidebar-style":"unboxed","ast-global-header-display":"","ast-banner-title-visibility":"","ast-main-header-display":"","ast-hfb-above-header-display":"","ast-hfb-below-header-display":"","ast-hfb-mobile-header-display":"","site-post-title":"disabled","ast-breadcrumbs-content":"disabled","ast-featured-img":"disabled","footer-sml-layout":"","ast-disable-related-posts":"","theme-transparent-header-meta":"default","adv-header-id-meta":"","stick-header-meta":"","header-above-stick-meta":"","header-main-stick-meta":"","header-below-stick-meta":"","astra-migrate-meta-layouts":"set","ast-page-background-enabled":"default","ast-page-background-meta":{"desktop":{"background-color":"","background-image":"","background-repeat":"repeat","background-position":"center center","background-size":"auto","background-attachment":"scroll","background-type":"","background-media":"","overlay-type":"","overlay-color":"","overlay-opacity":"","overlay-gradient":""},"tablet":{"background-color":"","background-image":"","background-repeat":"repeat","background-position":"center center","background-size":"auto","background-attachment":"scroll","background-type":"","background-media":"","overlay-type":"","overlay-color":"","overlay-opacity":"","overlay-gradient":""},"mobile":{"background-color":"","background-image":"","background-repeat":"repeat","background-position":"center center","background-size":"auto","background-attachment":"scroll","background-type":"","background-media":"","overlay-type":"","overlay-color":"","overlay-opacity":"","overlay-gradient":""}},"ast-content-background-meta":{"desktop":{"background-color":"var(--ast-global-color-5)","background-image":"","background-repeat":"repeat","background-position":"center center","background-size":"auto","background-attachment":"scroll","background-type":"","background-media":"","overlay-type":"","overlay-color":"","overlay-opacity":"","overlay-gradient":""},"tablet":{"background-color":"var(--ast-global-color-5)","background-image":"","background-repeat":"repeat","background-position":"center center","background-size":"auto","background-attachment":"scroll","background-type":"","background-media":"","overlay-type":"","overlay-color":"","overlay-opacity":"","overlay-gradient":""},"mobile":{"background-color":"var(--ast-global-color-5)","background-image":"","background-repeat":"repeat","background-position":"center center","background-size":"auto","background-attachment":"scroll","background-type":"","background-media":"","overlay-type":"","overlay-color":"","overlay-opacity":"","overlay-gradient":""}},"footnotes":""},"class_list":["post-22072","page","type-page","status-publish","hentry"],"acf":[],"rttpg_featured_image_url":null,"rttpg_author":{"display_name":"Jonas Lyhne","author_link":"https:\/\/jas.dk\/de\/author\/jonas-lyhne\/"},"rttpg_comment":0,"rttpg_category":" <a href=\"https:\/\/jas.dk\/de\/?taxonomy=translation_priority&#038;term=optional-de\" rel=\"tag\">Optional<\/a>","rttpg_excerpt":"Bedingungen und Konditionen Wie Sie es verwendenDiese Allgemeinen Gesch\u00e4ftsbedingungen gelten f\u00fcr alle Gesch\u00e4fte zwischen dem Kunden und JAS. Abweichungen von diesen Verkaufs- und Lieferbedingungen bed\u00fcrfen einer gesonderten schriftlichen Vereinbarung zwischen den Parteien. Das Produkt von JAS wird im Handel geliefert und der Kunde erkennt an, in einer Gesch\u00e4ftsbeziehung gehandelt zu haben. AusschreibungsmaterialZeichnungen, gesch\u00e4tzte Preise und...","_links":{"self":[{"href":"https:\/\/jas.dk\/de\/wp-json\/wp\/v2\/pages\/22072","targetHints":{"allow":["GET"]}}],"collection":[{"href":"https:\/\/jas.dk\/de\/wp-json\/wp\/v2\/pages"}],"about":[{"href":"https:\/\/jas.dk\/de\/wp-json\/wp\/v2\/types\/page"}],"author":[{"embeddable":true,"href":"https:\/\/jas.dk\/de\/wp-json\/wp\/v2\/users\/5"}],"replies":[{"embeddable":true,"href":"https:\/\/jas.dk\/de\/wp-json\/wp\/v2\/comments?post=22072"}],"version-history":[{"count":0,"href":"https:\/\/jas.dk\/de\/wp-json\/wp\/v2\/pages\/22072\/revisions"}],"wp:attachment":[{"href":"https:\/\/jas.dk\/de\/wp-json\/wp\/v2\/media?parent=22072"}],"curies":[{"name":"wp","href":"https:\/\/api.w.org\/{rel}","templated":true}]}}