{"id":22098,"date":"2025-03-20T09:38:16","date_gmt":"2025-03-20T08:38:16","guid":{"rendered":"https:\/\/jas.dk\/schweissen\/"},"modified":"2025-10-29T09:43:05","modified_gmt":"2025-10-29T08:43:05","slug":"schweissen","status":"publish","type":"page","link":"https:\/\/jas.dk\/de\/zustaendigkeiten\/schweissen\/","title":{"rendered":"Schwei\u00dfen"},"content":{"rendered":"\t\t<div data-elementor-type=\"wp-page\" data-elementor-id=\"22098\" class=\"elementor elementor-22098 elementor-8139\" data-elementor-post-type=\"page\">\n\t\t\t\t<div class=\"elementor-element elementor-element-8aef257 e-flex e-con-boxed e-con e-parent\" data-id=\"8aef257\" data-element_type=\"container\" data-e-type=\"container\">\n\t\t\t\t\t<div class=\"e-con-inner\">\n\t\t<div class=\"elementor-element elementor-element-bfadd53 e-con-full e-flex e-con e-child\" data-id=\"bfadd53\" data-element_type=\"container\" data-e-type=\"container\">\n\t\t<div class=\"elementor-element elementor-element-b2ccc8b e-con-full e-flex e-con e-child\" data-id=\"b2ccc8b\" data-element_type=\"container\" data-e-type=\"container\">\n\t\t\t\t<div class=\"elementor-element elementor-element-85149f1 elementor-widget elementor-widget-image\" data-id=\"85149f1\" data-element_type=\"widget\" data-e-type=\"widget\" data-widget_type=\"image.default\">\n\t\t\t\t\t\t\t\t\t\t\t\t\t\t\t<img decoding=\"async\" src=\"https:\/\/jas.dk\/wp-content\/uploads\/elementor\/thumbs\/5.-svejs-profilror-til-sider1-r7q8eniteh4zch13d3pauki1jw82iqh7ekuu2d1utc.jpg\" title=\"5. Schwei\u00dfen Sie das Profilrohr an die Seiten1\" alt=\"5. Schwei\u00dfen Sie das Profilrohr an die Seiten1\" loading=\"lazy\" \/>\t\t\t\t\t\t\t\t\t\t\t\t\t\t\t<\/div>\n\t\t\t\t<\/div>\n\t\t<div class=\"elementor-element elementor-element-c12aede e-con-full e-flex e-con e-child\" data-id=\"c12aede\" data-element_type=\"container\" data-e-type=\"container\">\n\t\t\t\t<div class=\"elementor-element elementor-element-7dd1dc7 elementor-widget elementor-widget-text-editor\" data-id=\"7dd1dc7\" data-element_type=\"widget\" data-e-type=\"widget\" data-widget_type=\"text-editor.default\">\n\t\t\t\t\t\t\t\t\t<p data-pm-slice=\"1 1 []\">Schwei\u00dfen ist eine der Kernkompetenzen von <strong>JAS<\/strong>, wobei wir gro\u00dfen Wert auf St\u00e4rke, Pr\u00e4zision und ein sauberes Ergebnis legen. Wir arbeiten haupts\u00e4chlich mit Baustahl und Edelstahl, unsere L\u00f6sungen reichen von kleinen Komponenten bis hin zu gro\u00dfen Stahlkonstruktionen. <\/p><p data-start=\"393\" data-end=\"628\">Wir passen das Schwei\u00dfverfahren und die Vorgehensweise an den Auftrag und die Bed\u00fcrfnisse des Kunden an &#8211; immer mit dem Fokus auf Funktionalit\u00e4t, Qualit\u00e4t und ein sch\u00f6nes Finish. Unsere erfahrenen Mitarbeiter sorgen daf\u00fcr, dass jede Schwei\u00dfung sorgf\u00e4ltig und mit gleichbleibender Handwerkskunst ausgef\u00fchrt wird. <\/p><p data-start=\"630\" data-end=\"772\">Bei JAS.dk ist das Schwei\u00dfen nicht nur ein Arbeitsschritt &#8211; es ist ein wichtiger Teil der Schaffung von dauerhaften und gut funktionierenden L\u00f6sungen f\u00fcr unsere Kunden.<\/p>\t\t\t\t\t\t\t\t<\/div>\n\t\t\t\t<\/div>\n\t\t\t\t<\/div>\n\t\t\t\t\t<\/div>\n\t\t\t\t<\/div>\n\t\t<div class=\"elementor-element elementor-element-38a24dd e-flex e-con-boxed e-con e-parent\" data-id=\"38a24dd\" data-element_type=\"container\" data-e-type=\"container\">\n\t\t\t\t\t<div class=\"e-con-inner\">\n\t\t\t\t<div class=\"elementor-element elementor-element-042f301 elementor-widget elementor-widget-spacer\" data-id=\"042f301\" data-element_type=\"widget\" data-e-type=\"widget\" data-widget_type=\"spacer.default\">\n\t\t\t\t\t\t\t<div class=\"elementor-spacer\">\n\t\t\t<div class=\"elementor-spacer-inner\"><\/div>\n\t\t<\/div>\n\t\t\t\t\t\t<\/div>\n\t\t\t\t<div class=\"elementor-element elementor-element-2149023 elementor-widget elementor-widget-gallery\" data-id=\"2149023\" data-element_type=\"widget\" data-e-type=\"widget\" data-settings=\"{&quot;lazyload&quot;:&quot;yes&quot;,&quot;gallery_layout&quot;:&quot;grid&quot;,&quot;columns&quot;:4,&quot;columns_tablet&quot;:2,&quot;columns_mobile&quot;:1,&quot;gap&quot;:{&quot;unit&quot;:&quot;px&quot;,&quot;size&quot;:10,&quot;sizes&quot;:[]},&quot;gap_tablet&quot;:{&quot;unit&quot;:&quot;px&quot;,&quot;size&quot;:10,&quot;sizes&quot;:[]},&quot;gap_mobile&quot;:{&quot;unit&quot;:&quot;px&quot;,&quot;size&quot;:10,&quot;sizes&quot;:[]},&quot;link_to&quot;:&quot;file&quot;,&quot;aspect_ratio&quot;:&quot;3:2&quot;,&quot;overlay_background&quot;:&quot;yes&quot;,&quot;content_hover_animation&quot;:&quot;fade-in&quot;}\" data-widget_type=\"gallery.default\">\n\t\t\t\t\t\t\t<div class=\"elementor-gallery__container\">\n\t\t\t\t\t\t\t<a class=\"e-gallery-item elementor-gallery-item elementor-animated-content\" href=\"https:\/\/jas.dk\/wp-content\/uploads\/2024\/02\/1-2.png\" data-elementor-open-lightbox=\"yes\" data-elementor-lightbox-slideshow=\"2149023\" data-elementor-lightbox-title=\"1\" data-e-action-hash=\"#elementor-action%3Aaction%3Dlightbox%26settings%3DeyJpZCI6MjIwMzksInVybCI6Imh0dHBzOlwvXC9qYXMuZGtcL3dwLWNvbnRlbnRcL3VwbG9hZHNcLzIwMjRcLzAyXC8xLTIucG5nIiwic2xpZGVzaG93IjoiMjE0OTAyMyJ9\">\n\t\t\t\t\t<div class=\"e-gallery-image elementor-gallery-item__image\" data-thumbnail=\"https:\/\/jas.dk\/wp-content\/uploads\/2024\/02\/1-2-768x256.png\" data-width=\"768\" data-height=\"256\" aria-label=\"1\" role=\"img\" ><\/div>\n\t\t\t\t\t\t\t\t\t\t\t<div class=\"elementor-gallery-item__overlay\"><\/div>\n\t\t\t\t\t\t\t\t\t\t\t\t\t\t<\/a>\n\t\t\t\t\t\t\t<a class=\"e-gallery-item elementor-gallery-item elementor-animated-content\" href=\"https:\/\/jas.dk\/wp-content\/uploads\/2025\/05\/5.-svejs-profilror-til-sider1.jpg\" data-elementor-open-lightbox=\"yes\" data-elementor-lightbox-slideshow=\"2149023\" data-elementor-lightbox-title=\"5. Schwei\u00dfen Sie das Profilrohr an die Seiten1\" data-e-action-hash=\"#elementor-action%3Aaction%3Dlightbox%26settings%3DeyJpZCI6Mjc4NjEsInVybCI6Imh0dHBzOlwvXC9qYXMuZGtcL3dwLWNvbnRlbnRcL3VwbG9hZHNcLzIwMjVcLzA1XC81Li1zdmVqcy1wcm9maWxyb3ItdGlsLXNpZGVyMS5qcGciLCJzbGlkZXNob3ciOiIyMTQ5MDIzIn0%3D\">\n\t\t\t\t\t<div class=\"e-gallery-image elementor-gallery-item__image\" data-thumbnail=\"https:\/\/jas.dk\/wp-content\/uploads\/2025\/05\/5.-svejs-profilror-til-sider1-768x768.jpg\" data-width=\"768\" data-height=\"768\" aria-label=\"5. Schwei\u00dfen Sie das Profilrohr an die Seiten1\" role=\"img\" ><\/div>\n\t\t\t\t\t\t\t\t\t\t\t<div class=\"elementor-gallery-item__overlay\"><\/div>\n\t\t\t\t\t\t\t\t\t\t\t\t\t\t<\/a>\n\t\t\t\t\t\t\t<a class=\"e-gallery-item elementor-gallery-item elementor-animated-content\" href=\"https:\/\/jas.dk\/wp-content\/uploads\/2025\/06\/20250224_152211.jpg\" data-elementor-open-lightbox=\"yes\" data-elementor-lightbox-slideshow=\"2149023\" data-elementor-lightbox-title=\"20250224_152211\" data-e-action-hash=\"#elementor-action%3Aaction%3Dlightbox%26settings%3DeyJpZCI6MjIxMDAsInVybCI6Imh0dHBzOlwvXC9qYXMuZGtcL3dwLWNvbnRlbnRcL3VwbG9hZHNcLzIwMjVcLzA2XC8yMDI1MDIyNF8xNTIyMTEuanBnIiwic2xpZGVzaG93IjoiMjE0OTAyMyJ9\">\n\t\t\t\t\t<div class=\"e-gallery-image elementor-gallery-item__image\" data-thumbnail=\"https:\/\/jas.dk\/wp-content\/uploads\/2025\/06\/20250224_152211-768x768.jpg\" data-width=\"768\" data-height=\"768\" aria-label=\"20250224_152211\" role=\"img\" ><\/div>\n\t\t\t\t\t\t\t\t\t\t\t<div class=\"elementor-gallery-item__overlay\"><\/div>\n\t\t\t\t\t\t\t\t\t\t\t\t\t\t<\/a>\n\t\t\t\t\t<\/div>\n\t\t\t\t\t<\/div>\n\t\t\t\t<div class=\"elementor-element elementor-element-7ae400b elementor-widget elementor-widget-spacer\" data-id=\"7ae400b\" data-element_type=\"widget\" data-e-type=\"widget\" data-widget_type=\"spacer.default\">\n\t\t\t\t\t\t\t<div class=\"elementor-spacer\">\n\t\t\t<div class=\"elementor-spacer-inner\"><\/div>\n\t\t<\/div>\n\t\t\t\t\t\t<\/div>\n\t\t\t\t\t<\/div>\n\t\t\t\t<\/div>\n\t\t\t\t<\/div>\n\t\t","protected":false},"excerpt":{"rendered":"<p>Schwei\u00dfen ist eine der Kernkompetenzen von JAS, wobei wir gro\u00dfen Wert auf St\u00e4rke, Pr\u00e4zision und ein sauberes Ergebnis legen. Wir arbeiten haupts\u00e4chlich mit Baustahl und Edelstahl, unsere L\u00f6sungen reichen von kleinen Komponenten bis hin zu gro\u00dfen Stahlkonstruktionen. Wir passen das Schwei\u00dfverfahren und die Vorgehensweise an den Auftrag und die Bed\u00fcrfnisse des Kunden an &#8211; immer [&hellip;]<\/p>\n","protected":false},"author":9,"featured_media":22100,"parent":22099,"menu_order":0,"comment_status":"closed","ping_status":"closed","template":"","meta":{"_acf_changed":false,"site-sidebar-layout":"no-sidebar","site-content-layout":"page-builder","ast-site-content-layout":"full-width-container","site-content-style":"default","site-sidebar-style":"default","ast-global-header-display":"","ast-banner-title-visibility":"","ast-main-header-display":"","ast-hfb-above-header-display":"","ast-hfb-below-header-display":"","ast-hfb-mobile-header-display":"","site-post-title":"disabled","ast-breadcrumbs-content":"","ast-featured-img":"disabled","footer-sml-layout":"","ast-disable-related-posts":"","theme-transparent-header-meta":"","adv-header-id-meta":"","stick-header-meta":"","header-above-stick-meta":"","header-main-stick-meta":"","header-below-stick-meta":"","astra-migrate-meta-layouts":"set","ast-page-background-enabled":"default","ast-page-background-meta":{"desktop":{"background-color":"","background-image":"","background-repeat":"repeat","background-position":"center center","background-size":"auto","background-attachment":"scroll","background-type":"","background-media":"","overlay-type":"","overlay-color":"","overlay-opacity":"","overlay-gradient":""},"tablet":{"background-color":"","background-image":"","background-repeat":"repeat","background-position":"center center","background-size":"auto","background-attachment":"scroll","background-type":"","background-media":"","overlay-type":"","overlay-color":"","overlay-opacity":"","overlay-gradient":""},"mobile":{"background-color":"","background-image":"","background-repeat":"repeat","background-position":"center center","background-size":"auto","background-attachment":"scroll","background-type":"","background-media":"","overlay-type":"","overlay-color":"","overlay-opacity":"","overlay-gradient":""}},"ast-content-background-meta":{"desktop":{"background-color":"var(--ast-global-color-5)","background-image":"","background-repeat":"repeat","background-position":"center center","background-size":"auto","background-attachment":"scroll","background-type":"","background-media":"","overlay-type":"","overlay-color":"","overlay-opacity":"","overlay-gradient":""},"tablet":{"background-color":"var(--ast-global-color-5)","background-image":"","background-repeat":"repeat","background-position":"center center","background-size":"auto","background-attachment":"scroll","background-type":"","background-media":"","overlay-type":"","overlay-color":"","overlay-opacity":"","overlay-gradient":""},"mobile":{"background-color":"var(--ast-global-color-5)","background-image":"","background-repeat":"repeat","background-position":"center center","background-size":"auto","background-attachment":"scroll","background-type":"","background-media":"","overlay-type":"","overlay-color":"","overlay-opacity":"","overlay-gradient":""}},"footnotes":""},"class_list":["post-22098","page","type-page","status-publish","has-post-thumbnail","hentry"],"acf":[],"rttpg_featured_image_url":{"full":["https:\/\/jas.dk\/wp-content\/uploads\/2025\/06\/20250224_152211.jpg",2268,2268,false],"landscape":["https:\/\/jas.dk\/wp-content\/uploads\/2025\/06\/20250224_152211.jpg",2268,2268,false],"portraits":["https:\/\/jas.dk\/wp-content\/uploads\/2025\/06\/20250224_152211.jpg",2268,2268,false],"thumbnail":["https:\/\/jas.dk\/wp-content\/uploads\/2025\/06\/20250224_152211-150x150.jpg",150,150,true],"medium":["https:\/\/jas.dk\/wp-content\/uploads\/2025\/06\/20250224_152211-300x300.jpg",300,300,true],"large":["https:\/\/jas.dk\/wp-content\/uploads\/2025\/06\/20250224_152211-1024x1024.jpg",1024,1024,true],"1536x1536":["https:\/\/jas.dk\/wp-content\/uploads\/2025\/06\/20250224_152211-1536x1536.jpg",1536,1536,true],"2048x2048":["https:\/\/jas.dk\/wp-content\/uploads\/2025\/06\/20250224_152211-2048x2048.jpg",2048,2048,true],"woocommerce_thumbnail":["https:\/\/jas.dk\/wp-content\/uploads\/2025\/06\/20250224_152211-640x640.jpg",640,640,true],"woocommerce_single":["https:\/\/jas.dk\/wp-content\/uploads\/2025\/06\/20250224_152211-640x640.jpg",640,640,true],"woocommerce_gallery_thumbnail":["https:\/\/jas.dk\/wp-content\/uploads\/2025\/06\/20250224_152211-100x100.jpg",100,100,true],"dgwt-wcas-product-suggestion":["https:\/\/jas.dk\/wp-content\/uploads\/2025\/06\/20250224_152211.jpg",64,64,false]},"rttpg_author":{"display_name":"Daniel Cohen","author_link":"https:\/\/jas.dk\/de\/author\/d-cohen\/"},"rttpg_comment":0,"rttpg_category":" <a href=\"https:\/\/jas.dk\/de\/?taxonomy=translation_priority&#038;term=optional-de\" rel=\"tag\">Optional<\/a>","rttpg_excerpt":"Schwei\u00dfen ist eine der Kernkompetenzen von JAS, wobei wir gro\u00dfen Wert auf St\u00e4rke, Pr\u00e4zision und ein sauberes Ergebnis legen. Wir arbeiten haupts\u00e4chlich mit Baustahl und Edelstahl, unsere L\u00f6sungen reichen von kleinen Komponenten bis hin zu gro\u00dfen Stahlkonstruktionen. Wir passen das Schwei\u00dfverfahren und die Vorgehensweise an den Auftrag und die Bed\u00fcrfnisse des Kunden an &#8211; immer...","_links":{"self":[{"href":"https:\/\/jas.dk\/de\/wp-json\/wp\/v2\/pages\/22098","targetHints":{"allow":["GET"]}}],"collection":[{"href":"https:\/\/jas.dk\/de\/wp-json\/wp\/v2\/pages"}],"about":[{"href":"https:\/\/jas.dk\/de\/wp-json\/wp\/v2\/types\/page"}],"author":[{"embeddable":true,"href":"https:\/\/jas.dk\/de\/wp-json\/wp\/v2\/users\/9"}],"replies":[{"embeddable":true,"href":"https:\/\/jas.dk\/de\/wp-json\/wp\/v2\/comments?post=22098"}],"version-history":[{"count":2,"href":"https:\/\/jas.dk\/de\/wp-json\/wp\/v2\/pages\/22098\/revisions"}],"predecessor-version":[{"id":27862,"href":"https:\/\/jas.dk\/de\/wp-json\/wp\/v2\/pages\/22098\/revisions\/27862"}],"up":[{"embeddable":true,"href":"https:\/\/jas.dk\/de\/wp-json\/wp\/v2\/pages\/22099"}],"wp:featuredmedia":[{"embeddable":true,"href":"https:\/\/jas.dk\/de\/wp-json\/wp\/v2\/media\/22100"}],"wp:attachment":[{"href":"https:\/\/jas.dk\/de\/wp-json\/wp\/v2\/media?parent=22098"}],"curies":[{"name":"wp","href":"https:\/\/api.w.org\/{rel}","templated":true}]}}