{"id":22099,"date":"2025-03-19T13:20:52","date_gmt":"2025-03-19T12:20:52","guid":{"rendered":"https:\/\/jas.dk\/zustaendigkeiten\/"},"modified":"2026-03-16T15:22:52","modified_gmt":"2026-03-16T14:22:52","slug":"zustaendigkeiten","status":"publish","type":"page","link":"https:\/\/jas.dk\/de\/zustaendigkeiten\/","title":{"rendered":"Zust\u00e4ndigkeiten"},"content":{"rendered":"\t\t<div data-elementor-type=\"wp-page\" data-elementor-id=\"22099\" class=\"elementor elementor-22099 elementor-7933\" data-elementor-post-type=\"page\">\n\t\t\t\t<div class=\"elementor-element elementor-element-9197584 e-flex e-con-boxed e-con e-parent\" data-id=\"9197584\" data-element_type=\"container\" data-e-type=\"container\">\n\t\t\t\t\t<div class=\"e-con-inner\">\n\t\t\t\t<div class=\"elementor-element elementor-element-a17f718 elementor-widget elementor-widget-text-editor\" data-id=\"a17f718\" data-element_type=\"widget\" data-e-type=\"widget\" data-widget_type=\"text-editor.default\">\n\t\t\t\t\t\t\t\t\t<p>Bei JAS reichen unsere Kompetenzen von der Oberfl\u00e4chenbehandlung und dem Schwei\u00dfen bis hin zu Speziall\u00f6sungen und der Montage. Wir kombinieren Erfahrung und Qualit\u00e4t, um effiziente und ma\u00dfgeschneiderte L\u00f6sungen f\u00fcr die Industrie zu schaffen. <\/p>\t\t\t\t\t\t\t\t<\/div>\n\t\t\t\t\t<\/div>\n\t\t\t\t<\/div>\n\t\t<div class=\"elementor-element elementor-element-084faa7 e-grid e-con-boxed e-con e-parent\" data-id=\"084faa7\" data-element_type=\"container\" data-e-type=\"container\">\n\t\t\t\t\t<div class=\"e-con-inner\">\n\t\t\t\t<div class=\"elementor-element elementor-element-a4c08f3 cta-squared elementor-cta--layout-image-above elementor-cta--skin-classic elementor-animated-content elementor-bg-transform elementor-bg-transform-zoom-in elementor-widget elementor-widget-call-to-action\" data-id=\"a4c08f3\" data-element_type=\"widget\" data-e-type=\"widget\" data-widget_type=\"call-to-action.default\">\n\t\t\t\t\t\t\t<a class=\"elementor-cta\" href=\"https:\/\/jas.dk\/en\/competencies\/surface-treatment\/\">\n\t\t\t\t\t<div class=\"elementor-cta__bg-wrapper\">\n\t\t\t\t<div class=\"elementor-cta__bg elementor-bg\" style=\"background-image: url(https:\/\/jas.dk\/wp-content\/uploads\/2025\/05\/1.-mal1-768x768.jpg);\" role=\"img\" aria-label=\"Oberfl\u00e4chenbehandlung\"><\/div>\n\t\t\t\t<div class=\"elementor-cta__bg-overlay\"><\/div>\n\t\t\t<\/div>\n\t\t\t\t\t\t\t<div class=\"elementor-cta__content\">\n\t\t\t\t\n\t\t\t\t\t\t\t\t\t<h3 class=\"elementor-cta__title elementor-cta__content-item elementor-content-item\">\n\t\t\t\t\t\tPulverbeschichtung - Oberfl\u00e4chenbehandlung\t\t\t\t\t<\/h3>\n\t\t\t\t\n\t\t\t\t\t\t\t\t\t<div class=\"elementor-cta__description elementor-cta__content-item elementor-content-item\">\n\t\t\t\t\t\tOberfl\u00e4chen f\u00fcr jede Aufgabe\n\n\t\t\t\t\t<\/div>\n\t\t\t\t\n\t\t\t\t\t\t\t\t\t<div class=\"elementor-cta__button-wrapper elementor-cta__content-item elementor-content-item \">\n\t\t\t\t\t<span class=\"elementor-cta__button elementor-button elementor-size-\">\n\t\t\t\t\t\tMehr dazu\t\t\t\t\t<\/span>\n\t\t\t\t\t<\/div>\n\t\t\t\t\t\t\t<\/div>\n\t\t\t\t\t\t<\/a>\n\t\t\t\t\t\t<\/div>\n\t\t\t\t<div class=\"elementor-element elementor-element-e53e170 cta-squared elementor-cta--layout-image-above elementor-cta--skin-classic elementor-animated-content elementor-bg-transform elementor-bg-transform-zoom-in elementor-widget elementor-widget-call-to-action\" data-id=\"e53e170\" data-element_type=\"widget\" data-e-type=\"widget\" data-widget_type=\"call-to-action.default\">\n\t\t\t\t\t\t\t<a class=\"elementor-cta\" href=\"https:\/\/jas.dk\/en\/competencies\/specialty-solutions\/\">\n\t\t\t\t\t<div class=\"elementor-cta__bg-wrapper\">\n\t\t\t\t<div class=\"elementor-cta__bg elementor-bg\" style=\"background-image: url(https:\/\/jas.dk\/wp-content\/uploads\/2025\/05\/IMG-0698-768x1024.jpg);\" role=\"img\" aria-label=\"IMG-0698\"><\/div>\n\t\t\t\t<div class=\"elementor-cta__bg-overlay\"><\/div>\n\t\t\t<\/div>\n\t\t\t\t\t\t\t<div class=\"elementor-cta__content\">\n\t\t\t\t\n\t\t\t\t\t\t\t\t\t<h3 class=\"elementor-cta__title elementor-cta__content-item elementor-content-item\">\n\t\t\t\t\t\tSpezialisierte L\u00f6sungen\t\t\t\t\t<\/h3>\n\t\t\t\t\n\t\t\t\t\t\t\t\t\t<div class=\"elementor-cta__description elementor-cta__content-item elementor-content-item\">\n\t\t\t\t\t\tMa\u00dfgeschneiderte L\u00f6sungen f\u00fcr Ihre Bed\u00fcrfnisse\t\t\t\t\t<\/div>\n\t\t\t\t\n\t\t\t\t\t\t\t\t\t<div class=\"elementor-cta__button-wrapper elementor-cta__content-item elementor-content-item \">\n\t\t\t\t\t<span class=\"elementor-cta__button elementor-button elementor-size-\">\n\t\t\t\t\t\tMehr dazu\t\t\t\t\t<\/span>\n\t\t\t\t\t<\/div>\n\t\t\t\t\t\t\t<\/div>\n\t\t\t\t\t\t<\/a>\n\t\t\t\t\t\t<\/div>\n\t\t\t\t<div class=\"elementor-element elementor-element-b9c9c1f cta-squared elementor-cta--layout-image-above elementor-cta--skin-classic elementor-animated-content elementor-bg-transform elementor-bg-transform-zoom-in elementor-widget elementor-widget-call-to-action\" data-id=\"b9c9c1f\" data-element_type=\"widget\" data-e-type=\"widget\" data-widget_type=\"call-to-action.default\">\n\t\t\t\t\t\t\t<a class=\"elementor-cta\" href=\"https:\/\/jas.dk\/en\/competencies\/subcontractor\/\">\n\t\t\t\t\t<div class=\"elementor-cta__bg-wrapper\">\n\t\t\t\t<div class=\"elementor-cta__bg elementor-bg\" style=\"background-image: url(https:\/\/jas.dk\/wp-content\/uploads\/2025\/05\/20230524_102716-1-768x768.jpg);\" role=\"img\" aria-label=\"20230524_102716\"><\/div>\n\t\t\t\t<div class=\"elementor-cta__bg-overlay\"><\/div>\n\t\t\t<\/div>\n\t\t\t\t\t\t\t<div class=\"elementor-cta__content\">\n\t\t\t\t\n\t\t\t\t\t\t\t\t\t<h3 class=\"elementor-cta__title elementor-cta__content-item elementor-content-item\">\n\t\t\t\t\t\tUnterauftragnehmer\t\t\t\t\t<\/h3>\n\t\t\t\t\n\t\t\t\t\t\t\t\t\t<div class=\"elementor-cta__description elementor-cta__content-item elementor-content-item\">\n\t\t\t\t\t\tZuverl\u00e4ssiger Subunternehmer mit Fokus auf Qualit\u00e4t und Zuverl\u00e4ssigkeit\n\t\t\t\t\t<\/div>\n\t\t\t\t\n\t\t\t\t\t\t\t\t\t<div class=\"elementor-cta__button-wrapper elementor-cta__content-item elementor-content-item \">\n\t\t\t\t\t<span class=\"elementor-cta__button elementor-button elementor-size-\">\n\t\t\t\t\t\tMehr dazu\t\t\t\t\t<\/span>\n\t\t\t\t\t<\/div>\n\t\t\t\t\t\t\t<\/div>\n\t\t\t\t\t\t<\/a>\n\t\t\t\t\t\t<\/div>\n\t\t\t\t<div class=\"elementor-element elementor-element-046dd99 cta-squared elementor-cta--layout-image-above elementor-cta--skin-classic elementor-animated-content elementor-bg-transform elementor-bg-transform-zoom-in elementor-widget elementor-widget-call-to-action\" data-id=\"046dd99\" data-element_type=\"widget\" data-e-type=\"widget\" data-widget_type=\"call-to-action.default\">\n\t\t\t\t\t\t\t<a class=\"elementor-cta\" href=\"https:\/\/jas.dk\/en\/competencies\/welding\/\">\n\t\t\t\t\t<div class=\"elementor-cta__bg-wrapper\">\n\t\t\t\t<div class=\"elementor-cta__bg elementor-bg\" style=\"background-image: url(https:\/\/jas.dk\/wp-content\/uploads\/2024\/02\/1-2-768x256.png);\" role=\"img\" aria-label=\"1\"><\/div>\n\t\t\t\t<div class=\"elementor-cta__bg-overlay\"><\/div>\n\t\t\t<\/div>\n\t\t\t\t\t\t\t<div class=\"elementor-cta__content\">\n\t\t\t\t\n\t\t\t\t\t\t\t\t\t<h3 class=\"elementor-cta__title elementor-cta__content-item elementor-content-item\">\n\t\t\t\t\t\tSchwei\u00dfen\t\t\t\t\t<\/h3>\n\t\t\t\t\n\t\t\t\t\t\t\t\t\t<div class=\"elementor-cta__description elementor-cta__content-item elementor-content-item\">\n\t\t\t\t\t\tErfahrene Schmiede f\u00fcr alle Ihre Anforderungen\n\t\t\t\t\t<\/div>\n\t\t\t\t\n\t\t\t\t\t\t\t\t\t<div class=\"elementor-cta__button-wrapper elementor-cta__content-item elementor-content-item \">\n\t\t\t\t\t<span class=\"elementor-cta__button elementor-button elementor-size-\">\n\t\t\t\t\t\tMehr dazu\t\t\t\t\t<\/span>\n\t\t\t\t\t<\/div>\n\t\t\t\t\t\t\t<\/div>\n\t\t\t\t\t\t<\/a>\n\t\t\t\t\t\t<\/div>\n\t\t\t\t<div class=\"elementor-element elementor-element-4dbef76 cta-squared elementor-cta--layout-image-above elementor-cta--skin-classic elementor-animated-content elementor-bg-transform elementor-bg-transform-zoom-in elementor-widget elementor-widget-call-to-action\" data-id=\"4dbef76\" data-element_type=\"widget\" data-e-type=\"widget\" data-widget_type=\"call-to-action.default\">\n\t\t\t\t\t\t\t<a class=\"elementor-cta\" href=\"https:\/\/jas.dk\/en\/competencies\/mounting\/\">\n\t\t\t\t\t<div class=\"elementor-cta__bg-wrapper\">\n\t\t\t\t<div class=\"elementor-cta__bg elementor-bg\" style=\"background-image: url(https:\/\/jas.dk\/wp-content\/uploads\/2025\/05\/zzzzzzzzzzz-768x768.jpg);\" role=\"img\" aria-label=\"zzzzzzzzzzzzzzzzz\"><\/div>\n\t\t\t\t<div class=\"elementor-cta__bg-overlay\"><\/div>\n\t\t\t<\/div>\n\t\t\t\t\t\t\t<div class=\"elementor-cta__content\">\n\t\t\t\t\n\t\t\t\t\t\t\t\t\t<h3 class=\"elementor-cta__title elementor-cta__content-item elementor-content-item\">\n\t\t\t\t\t\tMontage\t\t\t\t\t<\/h3>\n\t\t\t\t\n\t\t\t\t\t\t\t\t\t<div class=\"elementor-cta__description elementor-cta__content-item elementor-content-item\">\n\t\t\t\t\t\tEffiziente und professionelle Endmontage und Verpackung\n\n\n\t\t\t\t\t<\/div>\n\t\t\t\t\n\t\t\t\t\t\t\t\t\t<div class=\"elementor-cta__button-wrapper elementor-cta__content-item elementor-content-item \">\n\t\t\t\t\t<span class=\"elementor-cta__button elementor-button elementor-size-\">\n\t\t\t\t\t\tMehr dazu\t\t\t\t\t<\/span>\n\t\t\t\t\t<\/div>\n\t\t\t\t\t\t\t<\/div>\n\t\t\t\t\t\t<\/a>\n\t\t\t\t\t\t<\/div>\n\t\t\t\t\t<\/div>\n\t\t\t\t<\/div>\n\t\t<div class=\"elementor-element elementor-element-89fb15c e-flex e-con-boxed e-con e-parent\" data-id=\"89fb15c\" data-element_type=\"container\" data-e-type=\"container\">\n\t\t\t\t\t<div class=\"e-con-inner\">\n\t\t\t\t<div class=\"elementor-element elementor-element-624315a elementor-widget elementor-widget-spacer\" data-id=\"624315a\" data-element_type=\"widget\" data-e-type=\"widget\" data-widget_type=\"spacer.default\">\n\t\t\t\t\t\t\t<div class=\"elementor-spacer\">\n\t\t\t<div class=\"elementor-spacer-inner\"><\/div>\n\t\t<\/div>\n\t\t\t\t\t\t<\/div>\n\t\t\t\t\t<\/div>\n\t\t\t\t<\/div>\n\t\t\t\t<\/div>\n\t\t","protected":false},"excerpt":{"rendered":"<p>Bei JAS reichen unsere Kompetenzen von der Oberfl\u00e4chenbehandlung und dem Schwei\u00dfen bis hin zu Speziall\u00f6sungen und der Montage. Wir kombinieren Erfahrung und Qualit\u00e4t, um effiziente und ma\u00dfgeschneiderte L\u00f6sungen f\u00fcr die Industrie zu schaffen. Pulverbeschichtung &#8211; Oberfl\u00e4chenbehandlung Oberfl\u00e4chen f\u00fcr jede Aufgabe Mehr dazu Spezialisierte L\u00f6sungen Ma\u00dfgeschneiderte L\u00f6sungen f\u00fcr Ihre Bed\u00fcrfnisse Mehr dazu Unterauftragnehmer Zuverl\u00e4ssiger Subunternehmer mit [&hellip;]<\/p>\n","protected":false},"author":9,"featured_media":22103,"parent":0,"menu_order":0,"comment_status":"closed","ping_status":"closed","template":"","meta":{"_acf_changed":false,"site-sidebar-layout":"no-sidebar","site-content-layout":"page-builder","ast-site-content-layout":"full-width-container","site-content-style":"default","site-sidebar-style":"default","ast-global-header-display":"","ast-banner-title-visibility":"","ast-main-header-display":"","ast-hfb-above-header-display":"","ast-hfb-below-header-display":"","ast-hfb-mobile-header-display":"","site-post-title":"disabled","ast-breadcrumbs-content":"","ast-featured-img":"disabled","footer-sml-layout":"","ast-disable-related-posts":"","theme-transparent-header-meta":"","adv-header-id-meta":"","stick-header-meta":"","header-above-stick-meta":"","header-main-stick-meta":"","header-below-stick-meta":"","astra-migrate-meta-layouts":"set","ast-page-background-enabled":"default","ast-page-background-meta":{"desktop":{"background-color":"","background-image":"","background-repeat":"repeat","background-position":"center center","background-size":"auto","background-attachment":"scroll","background-type":"","background-media":"","overlay-type":"","overlay-color":"","overlay-opacity":"","overlay-gradient":""},"tablet":{"background-color":"","background-image":"","background-repeat":"repeat","background-position":"center center","background-size":"auto","background-attachment":"scroll","background-type":"","background-media":"","overlay-type":"","overlay-color":"","overlay-opacity":"","overlay-gradient":""},"mobile":{"background-color":"","background-image":"","background-repeat":"repeat","background-position":"center center","background-size":"auto","background-attachment":"scroll","background-type":"","background-media":"","overlay-type":"","overlay-color":"","overlay-opacity":"","overlay-gradient":""}},"ast-content-background-meta":{"desktop":{"background-color":"var(--ast-global-color-5)","background-image":"","background-repeat":"repeat","background-position":"center center","background-size":"auto","background-attachment":"scroll","background-type":"","background-media":"","overlay-type":"","overlay-color":"","overlay-opacity":"","overlay-gradient":""},"tablet":{"background-color":"var(--ast-global-color-5)","background-image":"","background-repeat":"repeat","background-position":"center center","background-size":"auto","background-attachment":"scroll","background-type":"","background-media":"","overlay-type":"","overlay-color":"","overlay-opacity":"","overlay-gradient":""},"mobile":{"background-color":"var(--ast-global-color-5)","background-image":"","background-repeat":"repeat","background-position":"center center","background-size":"auto","background-attachment":"scroll","background-type":"","background-media":"","overlay-type":"","overlay-color":"","overlay-opacity":"","overlay-gradient":""}},"footnotes":""},"class_list":["post-22099","page","type-page","status-publish","has-post-thumbnail","hentry"],"acf":[],"rttpg_featured_image_url":{"full":["https:\/\/jas.dk\/wp-content\/uploads\/2025\/01\/jas_high-6_optimized-scaled-e1749025520707.jpg",1707,2210,false],"landscape":["https:\/\/jas.dk\/wp-content\/uploads\/2025\/01\/jas_high-6_optimized-scaled-e1749025520707.jpg",1707,2210,false],"portraits":["https:\/\/jas.dk\/wp-content\/uploads\/2025\/01\/jas_high-6_optimized-scaled-e1749025520707.jpg",1707,2210,false],"thumbnail":["https:\/\/jas.dk\/wp-content\/uploads\/2025\/01\/jas_high-6_optimized-scaled-e1749025520707-150x150.jpg",150,150,true],"medium":["https:\/\/jas.dk\/wp-content\/uploads\/2025\/01\/jas_high-6_optimized-scaled-e1749025520707-232x300.jpg",232,300,true],"large":["https:\/\/jas.dk\/wp-content\/uploads\/2025\/01\/jas_high-6_optimized-scaled-e1749025520707-791x1024.jpg",791,1024,true],"1536x1536":["https:\/\/jas.dk\/wp-content\/uploads\/2025\/01\/jas_high-6_optimized-scaled-e1749025520707-1186x1536.jpg",1186,1536,true],"2048x2048":["https:\/\/jas.dk\/wp-content\/uploads\/2025\/01\/jas_high-6_optimized-scaled-e1749025520707-1582x2048.jpg",1582,2048,true],"woocommerce_thumbnail":["https:\/\/jas.dk\/wp-content\/uploads\/2025\/01\/jas_high-6_optimized-scaled-e1749025520707-640x640.jpg",640,640,true],"woocommerce_single":["https:\/\/jas.dk\/wp-content\/uploads\/2025\/01\/jas_high-6_optimized-scaled-e1749025520707-640x829.jpg",640,829,true],"woocommerce_gallery_thumbnail":["https:\/\/jas.dk\/wp-content\/uploads\/2025\/01\/jas_high-6_optimized-scaled-e1749025520707-100x100.jpg",100,100,true],"dgwt-wcas-product-suggestion":["https:\/\/jas.dk\/wp-content\/uploads\/2025\/01\/jas_high-6_optimized-scaled-e1749025520707.jpg",64,83,false]},"rttpg_author":{"display_name":"Daniel Cohen","author_link":"https:\/\/jas.dk\/de\/author\/d-cohen\/"},"rttpg_comment":0,"rttpg_category":" <a href=\"https:\/\/jas.dk\/de\/?taxonomy=translation_priority&#038;term=optional-de\" rel=\"tag\">Optional<\/a>","rttpg_excerpt":"Bei JAS reichen unsere Kompetenzen von der Oberfl\u00e4chenbehandlung und dem Schwei\u00dfen bis hin zu Speziall\u00f6sungen und der Montage. Wir kombinieren Erfahrung und Qualit\u00e4t, um effiziente und ma\u00dfgeschneiderte L\u00f6sungen f\u00fcr die Industrie zu schaffen. Pulverbeschichtung &#8211; Oberfl\u00e4chenbehandlung Oberfl\u00e4chen f\u00fcr jede Aufgabe Mehr dazu Spezialisierte L\u00f6sungen Ma\u00dfgeschneiderte L\u00f6sungen f\u00fcr Ihre Bed\u00fcrfnisse Mehr dazu Unterauftragnehmer Zuverl\u00e4ssiger Subunternehmer mit...","_links":{"self":[{"href":"https:\/\/jas.dk\/de\/wp-json\/wp\/v2\/pages\/22099","targetHints":{"allow":["GET"]}}],"collection":[{"href":"https:\/\/jas.dk\/de\/wp-json\/wp\/v2\/pages"}],"about":[{"href":"https:\/\/jas.dk\/de\/wp-json\/wp\/v2\/types\/page"}],"author":[{"embeddable":true,"href":"https:\/\/jas.dk\/de\/wp-json\/wp\/v2\/users\/9"}],"replies":[{"embeddable":true,"href":"https:\/\/jas.dk\/de\/wp-json\/wp\/v2\/comments?post=22099"}],"version-history":[{"count":6,"href":"https:\/\/jas.dk\/de\/wp-json\/wp\/v2\/pages\/22099\/revisions"}],"predecessor-version":[{"id":36978,"href":"https:\/\/jas.dk\/de\/wp-json\/wp\/v2\/pages\/22099\/revisions\/36978"}],"wp:featuredmedia":[{"embeddable":true,"href":"https:\/\/jas.dk\/de\/wp-json\/wp\/v2\/media\/22103"}],"wp:attachment":[{"href":"https:\/\/jas.dk\/de\/wp-json\/wp\/v2\/media?parent=22099"}],"curies":[{"name":"wp","href":"https:\/\/api.w.org\/{rel}","templated":true}]}}