{"id":22106,"date":"2025-03-19T11:58:32","date_gmt":"2025-03-19T10:58:32","guid":{"rendered":"https:\/\/jas.dk\/zustaendigkeiten\/pulverbeschichtung-oberflaechenbehandlung\/"},"modified":"2026-03-30T09:58:39","modified_gmt":"2026-03-30T07:58:39","slug":"pulverbeschichtung-oberflaechenbehandlung","status":"publish","type":"page","link":"https:\/\/jas.dk\/de\/zustaendigkeiten\/pulverbeschichtung-oberflaechenbehandlung\/","title":{"rendered":"Oberfl\u00e4chenbehandlung"},"content":{"rendered":"\t\t<div data-elementor-type=\"wp-page\" data-elementor-id=\"22106\" class=\"elementor elementor-22106 elementor-7801\" data-elementor-post-type=\"page\">\n\t\t\t\t<div class=\"elementor-element elementor-element-8aef257 e-flex e-con-boxed e-con e-parent\" data-id=\"8aef257\" data-element_type=\"container\" data-e-type=\"container\">\n\t\t\t\t\t<div class=\"e-con-inner\">\n\t\t<div class=\"elementor-element elementor-element-fcf8c2b e-con-full e-flex e-con e-child\" data-id=\"fcf8c2b\" data-element_type=\"container\" data-e-type=\"container\">\n\t\t<div class=\"elementor-element elementor-element-80c5475 e-con-full e-flex e-con e-child\" data-id=\"80c5475\" data-element_type=\"container\" data-e-type=\"container\">\n\t\t\t\t<div class=\"elementor-element elementor-element-709b199 elementor-widget elementor-widget-image\" data-id=\"709b199\" data-element_type=\"widget\" data-e-type=\"widget\" data-widget_type=\"image.default\">\n\t\t\t\t\t\t\t\t\t\t\t\t\t\t\t<img decoding=\"async\" src=\"https:\/\/jas.dk\/wp-content\/uploads\/elementor\/thumbs\/20250213_135944-scaled-r7q7eylfvya0hivis6aao2qxi65b8hs4tx2313z134.jpg\" title=\"20250213_135944\" alt=\"Pulverbeschichtung\" loading=\"lazy\" \/>\t\t\t\t\t\t\t\t\t\t\t\t\t\t\t<\/div>\n\t\t\t\t<\/div>\n\t\t<div class=\"elementor-element elementor-element-3ac4691 e-con-full e-flex e-con e-child\" data-id=\"3ac4691\" data-element_type=\"container\" data-e-type=\"container\">\n\t\t\t\t<div class=\"elementor-element elementor-element-c3778d7 elementor-widget elementor-widget-text-editor\" data-id=\"c3778d7\" data-element_type=\"widget\" data-e-type=\"widget\" data-widget_type=\"text-editor.default\">\n\t\t\t\t\t\t\t\t\t<p data-pm-slice=\"1 1 []\">JAS bietet professionelle Oberfl\u00e4chenbehandlung mit Fokus auf hohe Qualit\u00e4t und Langlebigkeit. Wir bearbeiten alle Arten von Materialien \u2013 von Baustahl und Edelstahl bis hin zu Aluminium und feuerverzinktem Stahl \u2013 und k\u00f6nnen mit unserem H\u00e4rteofen (Innenma\u00dfe: 4300 \u00d7 1300 \u00d7 2000 mm) Werkst\u00fccke unterschiedlichster Gr\u00f6\u00dfe bearbeiten, von kleinen Schrauben bis hin zu gro\u00dfen Gestellen. <\/p>\t\t\t\t\t\t\t\t<\/div>\n\t\t\t\t<\/div>\n\t\t\t\t<\/div>\n\t\t<div class=\"elementor-element elementor-element-85c3086 e-con-full e-flex e-con e-child\" data-id=\"85c3086\" data-element_type=\"container\" data-e-type=\"container\">\n\t\t<div class=\"elementor-element elementor-element-59bc1ea e-con-full e-flex e-con e-child\" data-id=\"59bc1ea\" data-element_type=\"container\" data-e-type=\"container\">\n\t\t\t\t<div class=\"elementor-element elementor-element-49e133d elementor-widget elementor-widget-text-editor\" data-id=\"49e133d\" data-element_type=\"widget\" data-e-type=\"widget\" data-widget_type=\"text-editor.default\">\n\t\t\t\t\t\t\t\t\t<p data-pm-slice=\"1 1 []\"><span class=\"relative -mx-px my-[-0.2rem] rounded px-px py-[0.2rem] transition-colors duration-100 ease-in-out\">Vor der Lackierung k\u00f6nnen wir in Zusammenarbeit mit lokalen Partnern eine Vorbehandlung der Gegenst\u00e4nde durchf\u00fchren, einschlie\u00dflich chemischer Reinigung, Glasstrahlen, Kugelstrahlen, Feuerverzinken, galvanisches Verzinken und Beizen<\/span>. <span class=\"relative -mx-px my-[-0.2rem] rounded px-px py-[0.2rem] transition-colors duration-100 ease-in-out\">Bei der Pulverbeschichtung bieten wir eine breite Palette von Farben an &#8211; sowohl matt als auch gl\u00e4nzend &#8211; und haben die meisten RAL-Classic-Farben auf Lager. Sollte eine bestimmte Farbe nicht verf\u00fcgbar sein, kann sie auf Anfrage bestellt werden.<\/span><\/p>\t\t\t\t\t\t\t\t<\/div>\n\t\t\t\t<\/div>\n\t\t<div class=\"elementor-element elementor-element-f4abeb2 e-con-full e-flex e-con e-child\" data-id=\"f4abeb2\" data-element_type=\"container\" data-e-type=\"container\">\n\t\t\t\t<div class=\"elementor-element elementor-element-fadb911 elementor-widget elementor-widget-image\" data-id=\"fadb911\" data-element_type=\"widget\" data-e-type=\"widget\" data-widget_type=\"image.default\">\n\t\t\t\t\t\t\t\t\t\t\t\t\t\t\t<img decoding=\"async\" src=\"https:\/\/jas.dk\/wp-content\/uploads\/elementor\/thumbs\/10-scaled-re5oq6m9z4lizf9l0zlzetfd2u5vpewfw7ihyq4uv4.png\" title=\"Industrielle Malerei\" alt=\"Industrielle Malerei\" loading=\"lazy\" \/>\t\t\t\t\t\t\t\t\t\t\t\t\t\t\t<\/div>\n\t\t\t\t<\/div>\n\t\t\t\t<\/div>\n\t\t\t\t\t<\/div>\n\t\t\t\t<\/div>\n\t\t<div class=\"elementor-element elementor-element-8f225f6 e-con-full e-flex e-con e-parent\" data-id=\"8f225f6\" data-element_type=\"container\" data-e-type=\"container\" id=\"color-display\">\n\t\t\t\t<\/div>\n\t\t<div class=\"elementor-element elementor-element-8f379ef e-flex e-con-boxed e-con e-parent\" data-id=\"8f379ef\" data-element_type=\"container\" data-e-type=\"container\">\n\t\t\t\t\t<div class=\"e-con-inner\">\n\t\t\t\t<div class=\"elementor-element elementor-element-12ef3d0 elementor-widget elementor-widget-spacer\" data-id=\"12ef3d0\" data-element_type=\"widget\" data-e-type=\"widget\" data-widget_type=\"spacer.default\">\n\t\t\t\t\t\t\t<div class=\"elementor-spacer\">\n\t\t\t<div class=\"elementor-spacer-inner\"><\/div>\n\t\t<\/div>\n\t\t\t\t\t\t<\/div>\n\t\t\t\t<div class=\"elementor-element elementor-element-cb08d0a elementor-widget elementor-widget-gallery\" data-id=\"cb08d0a\" data-element_type=\"widget\" data-e-type=\"widget\" data-settings=\"{&quot;lazyload&quot;:&quot;yes&quot;,&quot;gallery_layout&quot;:&quot;grid&quot;,&quot;columns&quot;:4,&quot;columns_tablet&quot;:2,&quot;columns_mobile&quot;:1,&quot;gap&quot;:{&quot;unit&quot;:&quot;px&quot;,&quot;size&quot;:10,&quot;sizes&quot;:[]},&quot;gap_tablet&quot;:{&quot;unit&quot;:&quot;px&quot;,&quot;size&quot;:10,&quot;sizes&quot;:[]},&quot;gap_mobile&quot;:{&quot;unit&quot;:&quot;px&quot;,&quot;size&quot;:10,&quot;sizes&quot;:[]},&quot;link_to&quot;:&quot;file&quot;,&quot;aspect_ratio&quot;:&quot;3:2&quot;,&quot;overlay_background&quot;:&quot;yes&quot;,&quot;content_hover_animation&quot;:&quot;fade-in&quot;}\" data-widget_type=\"gallery.default\">\n\t\t\t\t\t\t\t<div class=\"elementor-gallery__container\">\n\t\t\t\t\t\t\t<a class=\"e-gallery-item elementor-gallery-item elementor-animated-content\" href=\"https:\/\/jas.dk\/wp-content\/uploads\/2025\/06\/20250213_135944-scaled.jpg\" data-elementor-open-lightbox=\"yes\" data-elementor-lightbox-slideshow=\"cb08d0a\" data-elementor-lightbox-title=\"20250213_135944\" data-e-action-hash=\"#elementor-action%3Aaction%3Dlightbox%26settings%3DeyJpZCI6MjIwNDYsInVybCI6Imh0dHBzOlwvXC9qYXMuZGtcL3dwLWNvbnRlbnRcL3VwbG9hZHNcLzIwMjVcLzA2XC8yMDI1MDIxM18xMzU5NDQtc2NhbGVkLmpwZyIsInNsaWRlc2hvdyI6ImNiMDhkMGEifQ%3D%3D\">\n\t\t\t\t\t<div class=\"e-gallery-image elementor-gallery-item__image\" data-thumbnail=\"https:\/\/jas.dk\/wp-content\/uploads\/2025\/06\/20250213_135944-768x1365.jpg\" data-width=\"768\" data-height=\"1365\" aria-label=\"Pulverbeschichtung\" role=\"img\" ><\/div>\n\t\t\t\t\t\t\t\t\t\t\t<div class=\"elementor-gallery-item__overlay\"><\/div>\n\t\t\t\t\t\t\t\t\t\t\t\t\t\t<\/a>\n\t\t\t\t\t\t\t<a class=\"e-gallery-item elementor-gallery-item elementor-animated-content\" href=\"https:\/\/jas.dk\/wp-content\/uploads\/2025\/06\/20250604_095520-scaled.jpg\" data-elementor-open-lightbox=\"yes\" data-elementor-lightbox-slideshow=\"cb08d0a\" data-elementor-lightbox-title=\"20250604_095520\" data-e-action-hash=\"#elementor-action%3Aaction%3Dlightbox%26settings%3DeyJpZCI6MjIwNDcsInVybCI6Imh0dHBzOlwvXC9qYXMuZGtcL3dwLWNvbnRlbnRcL3VwbG9hZHNcLzIwMjVcLzA2XC8yMDI1MDYwNF8wOTU1MjAtc2NhbGVkLmpwZyIsInNsaWRlc2hvdyI6ImNiMDhkMGEifQ%3D%3D\">\n\t\t\t\t\t<div class=\"e-gallery-image elementor-gallery-item__image\" data-thumbnail=\"https:\/\/jas.dk\/wp-content\/uploads\/2025\/06\/20250604_095520-768x432.jpg\" data-width=\"768\" data-height=\"432\" aria-label=\"20250604_095520\" role=\"img\" ><\/div>\n\t\t\t\t\t\t\t\t\t\t\t<div class=\"elementor-gallery-item__overlay\"><\/div>\n\t\t\t\t\t\t\t\t\t\t\t\t\t\t<\/a>\n\t\t\t\t\t\t\t<a class=\"e-gallery-item elementor-gallery-item elementor-animated-content\" href=\"https:\/\/jas.dk\/wp-content\/uploads\/2025\/09\/20250822_144417-scaled.jpg\" data-elementor-open-lightbox=\"yes\" data-elementor-lightbox-slideshow=\"cb08d0a\" data-elementor-lightbox-title=\"20250822_144417\" data-e-action-hash=\"#elementor-action%3Aaction%3Dlightbox%26settings%3DeyJpZCI6MjI3NTMsInVybCI6Imh0dHBzOlwvXC9qYXMuZGtcL3dwLWNvbnRlbnRcL3VwbG9hZHNcLzIwMjVcLzA5XC8yMDI1MDgyMl8xNDQ0MTctc2NhbGVkLmpwZyIsInNsaWRlc2hvdyI6ImNiMDhkMGEifQ%3D%3D\">\n\t\t\t\t\t<div class=\"e-gallery-image elementor-gallery-item__image\" data-thumbnail=\"https:\/\/jas.dk\/wp-content\/uploads\/2025\/09\/20250822_144417-768x432.jpg\" data-width=\"768\" data-height=\"432\" aria-label=\"\" role=\"img\" ><\/div>\n\t\t\t\t\t\t\t\t\t\t\t<div class=\"elementor-gallery-item__overlay\"><\/div>\n\t\t\t\t\t\t\t\t\t\t\t\t\t\t<\/a>\n\t\t\t\t\t\t\t<a class=\"e-gallery-item elementor-gallery-item elementor-animated-content\" href=\"https:\/\/jas.dk\/wp-content\/uploads\/2025\/06\/20250625_104231-scaled-e1750925503858.jpg\" data-elementor-open-lightbox=\"yes\" data-elementor-lightbox-slideshow=\"cb08d0a\" data-elementor-lightbox-title=\"20250625_104231\" data-e-action-hash=\"#elementor-action%3Aaction%3Dlightbox%26settings%3DeyJpZCI6MjIwNDgsInVybCI6Imh0dHBzOlwvXC9qYXMuZGtcL3dwLWNvbnRlbnRcL3VwbG9hZHNcLzIwMjVcLzA2XC8yMDI1MDYyNV8xMDQyMzEtc2NhbGVkLWUxNzUwOTI1NTAzODU4LmpwZyIsInNsaWRlc2hvdyI6ImNiMDhkMGEifQ%3D%3D\">\n\t\t\t\t\t<div class=\"e-gallery-image elementor-gallery-item__image\" data-thumbnail=\"https:\/\/jas.dk\/wp-content\/uploads\/2025\/06\/20250625_104231-scaled-e1750925503858-768x433.jpg\" data-width=\"768\" data-height=\"433\" aria-label=\"Pulverbeschichtung\" role=\"img\" ><\/div>\n\t\t\t\t\t\t\t\t\t\t\t<div class=\"elementor-gallery-item__overlay\"><\/div>\n\t\t\t\t\t\t\t\t\t\t\t\t\t\t<\/a>\n\t\t\t\t\t\t\t<a class=\"e-gallery-item elementor-gallery-item elementor-animated-content\" href=\"https:\/\/jas.dk\/wp-content\/uploads\/2025\/06\/20250624_131322-scaled.jpg\" data-elementor-open-lightbox=\"yes\" data-elementor-lightbox-slideshow=\"cb08d0a\" data-elementor-lightbox-title=\"20250624_131322\" data-e-action-hash=\"#elementor-action%3Aaction%3Dlightbox%26settings%3DeyJpZCI6MjI3NTYsInVybCI6Imh0dHBzOlwvXC9qYXMuZGtcL3dwLWNvbnRlbnRcL3VwbG9hZHNcLzIwMjVcLzA2XC8yMDI1MDYyNF8xMzEzMjItc2NhbGVkLmpwZyIsInNsaWRlc2hvdyI6ImNiMDhkMGEifQ%3D%3D\">\n\t\t\t\t\t<div class=\"e-gallery-image elementor-gallery-item__image\" data-thumbnail=\"https:\/\/jas.dk\/wp-content\/uploads\/2025\/06\/20250624_131322-768x1365.jpg\" data-width=\"768\" data-height=\"1365\" aria-label=\"Trocknen\" role=\"img\" ><\/div>\n\t\t\t\t\t\t\t\t\t\t\t<div class=\"elementor-gallery-item__overlay\"><\/div>\n\t\t\t\t\t\t\t\t\t\t\t\t\t\t<\/a>\n\t\t\t\t\t\t\t<a class=\"e-gallery-item elementor-gallery-item elementor-animated-content\" href=\"https:\/\/jas.dk\/wp-content\/uploads\/2025\/06\/20250625_104420-scaled.jpg\" data-elementor-open-lightbox=\"yes\" data-elementor-lightbox-slideshow=\"cb08d0a\" data-elementor-lightbox-title=\"20250625_104420\" data-e-action-hash=\"#elementor-action%3Aaction%3Dlightbox%26settings%3DeyJpZCI6MjI3NTgsInVybCI6Imh0dHBzOlwvXC9qYXMuZGtcL3dwLWNvbnRlbnRcL3VwbG9hZHNcLzIwMjVcLzA2XC8yMDI1MDYyNV8xMDQ0MjAtc2NhbGVkLmpwZyIsInNsaWRlc2hvdyI6ImNiMDhkMGEifQ%3D%3D\">\n\t\t\t\t\t<div class=\"e-gallery-image elementor-gallery-item__image\" data-thumbnail=\"https:\/\/jas.dk\/wp-content\/uploads\/2025\/06\/20250625_104420-768x1365.jpg\" data-width=\"768\" data-height=\"1365\" aria-label=\"Professionelle Pulverbeschichtung\" role=\"img\" ><\/div>\n\t\t\t\t\t\t\t\t\t\t\t<div class=\"elementor-gallery-item__overlay\"><\/div>\n\t\t\t\t\t\t\t\t\t\t\t\t\t\t<\/a>\n\t\t\t\t\t\t\t<a class=\"e-gallery-item elementor-gallery-item elementor-animated-content\" href=\"https:\/\/jas.dk\/wp-content\/uploads\/2025\/06\/20250625_102348-scaled.jpg\" data-elementor-open-lightbox=\"yes\" data-elementor-lightbox-slideshow=\"cb08d0a\" data-elementor-lightbox-title=\"20250625_102348\" data-e-action-hash=\"#elementor-action%3Aaction%3Dlightbox%26settings%3DeyJpZCI6MjI3NTksInVybCI6Imh0dHBzOlwvXC9qYXMuZGtcL3dwLWNvbnRlbnRcL3VwbG9hZHNcLzIwMjVcLzA2XC8yMDI1MDYyNV8xMDIzNDgtc2NhbGVkLmpwZyIsInNsaWRlc2hvdyI6ImNiMDhkMGEifQ%3D%3D\">\n\t\t\t\t\t<div class=\"e-gallery-image elementor-gallery-item__image\" data-thumbnail=\"https:\/\/jas.dk\/wp-content\/uploads\/2025\/06\/20250625_102348-768x1365.jpg\" data-width=\"768\" data-height=\"1365\" aria-label=\"Professionelle Pulverbeschichtung\" role=\"img\" ><\/div>\n\t\t\t\t\t\t\t\t\t\t\t<div class=\"elementor-gallery-item__overlay\"><\/div>\n\t\t\t\t\t\t\t\t\t\t\t\t\t\t<\/a>\n\t\t\t\t\t\t\t<a class=\"e-gallery-item elementor-gallery-item elementor-animated-content\" href=\"https:\/\/jas.dk\/wp-content\/uploads\/2025\/06\/20250625_102610-scaled.jpg\" data-elementor-open-lightbox=\"yes\" data-elementor-lightbox-slideshow=\"cb08d0a\" data-elementor-lightbox-title=\"20250625_102610\" data-e-action-hash=\"#elementor-action%3Aaction%3Dlightbox%26settings%3DeyJpZCI6MjI3NjEsInVybCI6Imh0dHBzOlwvXC9qYXMuZGtcL3dwLWNvbnRlbnRcL3VwbG9hZHNcLzIwMjVcLzA2XC8yMDI1MDYyNV8xMDI2MTAtc2NhbGVkLmpwZyIsInNsaWRlc2hvdyI6ImNiMDhkMGEifQ%3D%3D\">\n\t\t\t\t\t<div class=\"e-gallery-image elementor-gallery-item__image\" data-thumbnail=\"https:\/\/jas.dk\/wp-content\/uploads\/2025\/06\/20250625_102610-768x432.jpg\" data-width=\"768\" data-height=\"432\" aria-label=\"Pulverbeschichtung\" role=\"img\" ><\/div>\n\t\t\t\t\t\t\t\t\t\t\t<div class=\"elementor-gallery-item__overlay\"><\/div>\n\t\t\t\t\t\t\t\t\t\t\t\t\t\t<\/a>\n\t\t\t\t\t<\/div>\n\t\t\t\t\t<\/div>\n\t\t\t\t<div class=\"elementor-element elementor-element-867a50b elementor-widget elementor-widget-spacer\" data-id=\"867a50b\" data-element_type=\"widget\" data-e-type=\"widget\" data-widget_type=\"spacer.default\">\n\t\t\t\t\t\t\t<div class=\"elementor-spacer\">\n\t\t\t<div class=\"elementor-spacer-inner\"><\/div>\n\t\t<\/div>\n\t\t\t\t\t\t<\/div>\n\t\t\t\t\t<\/div>\n\t\t\t\t<\/div>\n\t\t\t\t<\/div>\n\t\t","protected":false},"excerpt":{"rendered":"<p>JAS bietet professionelle Oberfl\u00e4chenbehandlung mit Fokus auf hohe Qualit\u00e4t und Langlebigkeit. Wir bearbeiten alle Arten von Materialien \u2013 von Baustahl und Edelstahl bis hin zu Aluminium und feuerverzinktem Stahl \u2013 und k\u00f6nnen mit unserem H\u00e4rteofen (Innenma\u00dfe: 4300 \u00d7 1300 \u00d7 2000 mm) Werkst\u00fccke unterschiedlichster Gr\u00f6\u00dfe bearbeiten, von kleinen Schrauben bis hin zu gro\u00dfen Gestellen. Vor [&hellip;]<\/p>\n","protected":false},"author":9,"featured_media":22047,"parent":22099,"menu_order":0,"comment_status":"closed","ping_status":"closed","template":"","meta":{"_acf_changed":false,"site-sidebar-layout":"no-sidebar","site-content-layout":"page-builder","ast-site-content-layout":"full-width-container","site-content-style":"default","site-sidebar-style":"default","ast-global-header-display":"","ast-banner-title-visibility":"","ast-main-header-display":"","ast-hfb-above-header-display":"","ast-hfb-below-header-display":"","ast-hfb-mobile-header-display":"","site-post-title":"disabled","ast-breadcrumbs-content":"","ast-featured-img":"disabled","footer-sml-layout":"","ast-disable-related-posts":"","theme-transparent-header-meta":"","adv-header-id-meta":"","stick-header-meta":"","header-above-stick-meta":"","header-main-stick-meta":"","header-below-stick-meta":"","astra-migrate-meta-layouts":"set","ast-page-background-enabled":"default","ast-page-background-meta":{"desktop":{"background-color":"","background-image":"","background-repeat":"repeat","background-position":"center center","background-size":"auto","background-attachment":"scroll","background-type":"","background-media":"","overlay-type":"","overlay-color":"","overlay-opacity":"","overlay-gradient":""},"tablet":{"background-color":"","background-image":"","background-repeat":"repeat","background-position":"center center","background-size":"auto","background-attachment":"scroll","background-type":"","background-media":"","overlay-type":"","overlay-color":"","overlay-opacity":"","overlay-gradient":""},"mobile":{"background-color":"","background-image":"","background-repeat":"repeat","background-position":"center center","background-size":"auto","background-attachment":"scroll","background-type":"","background-media":"","overlay-type":"","overlay-color":"","overlay-opacity":"","overlay-gradient":""}},"ast-content-background-meta":{"desktop":{"background-color":"var(--ast-global-color-5)","background-image":"","background-repeat":"repeat","background-position":"center center","background-size":"auto","background-attachment":"scroll","background-type":"","background-media":"","overlay-type":"","overlay-color":"","overlay-opacity":"","overlay-gradient":""},"tablet":{"background-color":"var(--ast-global-color-5)","background-image":"","background-repeat":"repeat","background-position":"center center","background-size":"auto","background-attachment":"scroll","background-type":"","background-media":"","overlay-type":"","overlay-color":"","overlay-opacity":"","overlay-gradient":""},"mobile":{"background-color":"var(--ast-global-color-5)","background-image":"","background-repeat":"repeat","background-position":"center center","background-size":"auto","background-attachment":"scroll","background-type":"","background-media":"","overlay-type":"","overlay-color":"","overlay-opacity":"","overlay-gradient":""}},"footnotes":""},"class_list":["post-22106","page","type-page","status-publish","has-post-thumbnail","hentry"],"acf":[],"rttpg_featured_image_url":{"full":["https:\/\/jas.dk\/wp-content\/uploads\/2025\/06\/20250604_095520-scaled.jpg",2560,1440,false],"landscape":["https:\/\/jas.dk\/wp-content\/uploads\/2025\/06\/20250604_095520-scaled.jpg",2560,1440,false],"portraits":["https:\/\/jas.dk\/wp-content\/uploads\/2025\/06\/20250604_095520-scaled.jpg",2560,1440,false],"thumbnail":["https:\/\/jas.dk\/wp-content\/uploads\/2025\/06\/20250604_095520-150x150.jpg",150,150,true],"medium":["https:\/\/jas.dk\/wp-content\/uploads\/2025\/06\/20250604_095520-300x169.jpg",300,169,true],"large":["https:\/\/jas.dk\/wp-content\/uploads\/2025\/06\/20250604_095520-1024x576.jpg",1024,576,true],"1536x1536":["https:\/\/jas.dk\/wp-content\/uploads\/2025\/06\/20250604_095520-1536x864.jpg",1536,864,true],"2048x2048":["https:\/\/jas.dk\/wp-content\/uploads\/2025\/06\/20250604_095520-2048x1152.jpg",2048,1152,true],"woocommerce_thumbnail":["https:\/\/jas.dk\/wp-content\/uploads\/2025\/06\/20250604_095520-scaled-640x640.jpg",640,640,true],"woocommerce_single":["https:\/\/jas.dk\/wp-content\/uploads\/2025\/06\/20250604_095520-scaled-640x360.jpg",640,360,true],"woocommerce_gallery_thumbnail":["https:\/\/jas.dk\/wp-content\/uploads\/2025\/06\/20250604_095520-scaled-100x100.jpg",100,100,true],"dgwt-wcas-product-suggestion":["https:\/\/jas.dk\/wp-content\/uploads\/2025\/06\/20250604_095520-scaled.jpg",64,36,false]},"rttpg_author":{"display_name":"Daniel Cohen","author_link":"https:\/\/jas.dk\/de\/author\/d-cohen\/"},"rttpg_comment":0,"rttpg_category":" <a href=\"https:\/\/jas.dk\/de\/?taxonomy=translation_priority&#038;term=optional-de\" rel=\"tag\">Optional<\/a>","rttpg_excerpt":"JAS bietet professionelle Oberfl\u00e4chenbehandlung mit Fokus auf hohe Qualit\u00e4t und Langlebigkeit. Wir bearbeiten alle Arten von Materialien \u2013 von Baustahl und Edelstahl bis hin zu Aluminium und feuerverzinktem Stahl \u2013 und k\u00f6nnen mit unserem H\u00e4rteofen (Innenma\u00dfe: 4300 \u00d7 1300 \u00d7 2000 mm) Werkst\u00fccke unterschiedlichster Gr\u00f6\u00dfe bearbeiten, von kleinen Schrauben bis hin zu gro\u00dfen Gestellen. Vor...","_links":{"self":[{"href":"https:\/\/jas.dk\/de\/wp-json\/wp\/v2\/pages\/22106","targetHints":{"allow":["GET"]}}],"collection":[{"href":"https:\/\/jas.dk\/de\/wp-json\/wp\/v2\/pages"}],"about":[{"href":"https:\/\/jas.dk\/de\/wp-json\/wp\/v2\/types\/page"}],"author":[{"embeddable":true,"href":"https:\/\/jas.dk\/de\/wp-json\/wp\/v2\/users\/9"}],"replies":[{"embeddable":true,"href":"https:\/\/jas.dk\/de\/wp-json\/wp\/v2\/comments?post=22106"}],"version-history":[{"count":18,"href":"https:\/\/jas.dk\/de\/wp-json\/wp\/v2\/pages\/22106\/revisions"}],"predecessor-version":[{"id":39122,"href":"https:\/\/jas.dk\/de\/wp-json\/wp\/v2\/pages\/22106\/revisions\/39122"}],"up":[{"embeddable":true,"href":"https:\/\/jas.dk\/de\/wp-json\/wp\/v2\/pages\/22099"}],"wp:featuredmedia":[{"embeddable":true,"href":"https:\/\/jas.dk\/de\/wp-json\/wp\/v2\/media\/22047"}],"wp:attachment":[{"href":"https:\/\/jas.dk\/de\/wp-json\/wp\/v2\/media?parent=22106"}],"curies":[{"name":"wp","href":"https:\/\/api.w.org\/{rel}","templated":true}]}}