{"id":22123,"date":"2025-03-19T12:24:34","date_gmt":"2025-03-19T11:24:34","guid":{"rendered":"https:\/\/jas.dk\/zustaendigkeiten\/spezialisierte-loesungen\/"},"modified":"2026-04-09T14:52:04","modified_gmt":"2026-04-09T12:52:04","slug":"spezialisierte-loesungen","status":"publish","type":"page","link":"https:\/\/jas.dk\/de\/zustaendigkeiten\/spezialisierte-loesungen\/","title":{"rendered":"Spezialisierte L\u00f6sungen"},"content":{"rendered":"\t\t<div data-elementor-type=\"wp-page\" data-elementor-id=\"22123\" class=\"elementor elementor-22123 elementor-7834\" data-elementor-post-type=\"page\">\n\t\t\t\t<div class=\"elementor-element elementor-element-bb206e1 e-flex e-con-boxed e-con e-parent\" data-id=\"bb206e1\" data-element_type=\"container\" data-e-type=\"container\">\n\t\t\t\t\t<div class=\"e-con-inner\">\n\t\t<div class=\"elementor-element elementor-element-66ae1d5 e-con-full e-flex e-con e-child\" data-id=\"66ae1d5\" data-element_type=\"container\" data-e-type=\"container\">\n\t\t<div class=\"elementor-element elementor-element-bffa66c e-con-full e-flex e-con e-child\" data-id=\"bffa66c\" data-element_type=\"container\" data-e-type=\"container\">\n\t\t\t\t<div class=\"elementor-element elementor-element-1629cf9 elementor-widget elementor-widget-image\" data-id=\"1629cf9\" data-element_type=\"widget\" data-e-type=\"widget\" data-widget_type=\"image.default\">\n\t\t\t\t\t\t\t\t\t\t\t\t\t\t\t<img decoding=\"async\" src=\"https:\/\/jas.dk\/wp-content\/uploads\/elementor\/thumbs\/IMG-0698-1-scaled-r7q86l2oqo3doyqzh45ky3slztzng9g5an9srv0i80.jpg\" title=\"IMG-0698\" alt=\"IMG-0698\" loading=\"lazy\" \/>\t\t\t\t\t\t\t\t\t\t\t\t\t\t\t<\/div>\n\t\t\t\t<\/div>\n\t\t<div class=\"elementor-element elementor-element-ab06ca0 e-con-full e-flex e-con e-child\" data-id=\"ab06ca0\" data-element_type=\"container\" data-e-type=\"container\">\n\t\t\t\t<div class=\"elementor-element elementor-element-d74a64d elementor-widget elementor-widget-text-editor\" data-id=\"d74a64d\" data-element_type=\"widget\" data-e-type=\"widget\" data-widget_type=\"text-editor.default\">\n\t\t\t\t\t\t\t\t\t<p data-start=\"166\" data-end=\"553\">Bei <strong>JAS<\/strong> sind Speziall\u00f6sungen nicht die Ausnahme &#8211; sie sind eine unserer Kernkompetenzen.<\/p><p data-start=\"166\" data-end=\"553\">Wir entwickeln und produzieren ma\u00dfgeschneiderte L\u00f6sungen auf der Grundlage Ihrer spezifischen Bed\u00fcrfnisse, Arbeitsabl\u00e4ufe und physischen Umgebung. Ganz gleich, ob es sich um ein einzelnes Produkt oder einen kompletten Arbeitsplatz handelt, wir entwerfen funktionale und langlebige L\u00f6sungen mit dem Schwerpunkt auf Ergonomie, Qualit\u00e4t und Effizienz. <\/p>\t\t\t\t\t\t\t\t<\/div>\n\t\t\t\t<\/div>\n\t\t\t\t<\/div>\n\t\t<div class=\"elementor-element elementor-element-17db9bd e-con-full e-flex e-con e-child\" data-id=\"17db9bd\" data-element_type=\"container\" data-e-type=\"container\">\n\t\t<div class=\"elementor-element elementor-element-19ad104 e-con-full e-flex e-con e-child\" data-id=\"19ad104\" data-element_type=\"container\" data-e-type=\"container\">\n\t\t\t\t<div class=\"elementor-element elementor-element-2e9c124 elementor-widget elementor-widget-text-editor\" data-id=\"2e9c124\" data-element_type=\"widget\" data-e-type=\"widget\" data-widget_type=\"text-editor.default\">\n\t\t\t\t\t\t\t\t\t<p data-start=\"555\" data-end=\"901\">Mit unserer eigenen Produktion in D\u00e4nemark und starken Gesch\u00e4ftspartnern verf\u00fcgen wir \u00fcber die Flexibilit\u00e4t und Kapazit\u00e4t, um Aufgaben aller Gr\u00f6\u00dfenordnungen zu l\u00f6sen &#8211; vom Prototyp bis zur Serienproduktion. Unsere Erfahrung reicht von ma\u00dfgefertigten Tischen mit kippbaren und h\u00f6henverstellbaren Funktionen bis hin zu ma\u00dfgefertigten Trolleys, St\u00e4ndern und Arbeitspl\u00e4tzen f\u00fcr die Industrie. <\/p><p data-start=\"903\" data-end=\"1086\">Wir arbeiten w\u00e4hrend des gesamten Prozesses eng mit Ihnen zusammen &#8211; vom Konzept und Design bis zur Produktion und Lieferung. Haben Sie eine Herausforderung, die eine besondere L\u00f6sung erfordert? Dann sind wir bereit, sie zu l\u00f6sen.  <\/p><p data-pm-slice=\"1 1 []\"> <\/p>\t\t\t\t\t\t\t\t<\/div>\n\t\t\t\t<\/div>\n\t\t<div class=\"elementor-element elementor-element-0074526 e-con-full e-flex e-con e-child\" data-id=\"0074526\" data-element_type=\"container\" data-e-type=\"container\">\n\t\t<a class=\"eael-wrapper-link-47fcded --eael-wrapper-link-tag\" href=\"https:\/\/jas.dk\/produktkategori\/specialprodukter\/\"><\/a>\t\t<div data-eael-wrapper-link=\"eael-wrapper-link-47fcded\" class=\"elementor-element elementor-element-47fcded elementor-widget elementor-widget-image\" data-id=\"47fcded\" data-element_type=\"widget\" data-e-type=\"widget\" data-widget_type=\"image.default\">\n\t\t\t\t\t\t\t\t\t\t\t\t\t\t\t<img decoding=\"async\" src=\"https:\/\/jas.dk\/wp-content\/uploads\/elementor\/thumbs\/Unwinder-Frame-4-kopier-1-scaled-e1749542992749-r73eelxbtduz974j4a1faiocxpn6vl42jk3yk7gy0w.png\" title=\"Abwicklungsrahmen 4 Kopien\" alt=\"Abwicklungsrahmen 4 Kopien\" loading=\"lazy\" \/>\t\t\t\t\t\t\t\t\t\t\t\t\t\t\t<\/div>\n\t\t\t\t<\/div>\n\t\t\t\t<\/div>\n\t\t\t\t\t<\/div>\n\t\t\t\t<\/div>\n\t\t<div class=\"elementor-element elementor-element-331df5a e-flex e-con-boxed e-con e-parent\" data-id=\"331df5a\" data-element_type=\"container\" data-e-type=\"container\">\n\t\t\t\t\t<div class=\"e-con-inner\">\n\t\t\t\t<div class=\"elementor-element elementor-element-3c3b333 elementor-widget elementor-widget-spacer\" data-id=\"3c3b333\" data-element_type=\"widget\" data-e-type=\"widget\" data-widget_type=\"spacer.default\">\n\t\t\t\t\t\t\t<div class=\"elementor-spacer\">\n\t\t\t<div class=\"elementor-spacer-inner\"><\/div>\n\t\t<\/div>\n\t\t\t\t\t\t<\/div>\n\t\t\t\t<div class=\"elementor-element elementor-element-46e3c49 elementor-widget elementor-widget-heading\" data-id=\"46e3c49\" data-element_type=\"widget\" data-e-type=\"widget\" data-widget_type=\"heading.default\">\n\t\t\t\t\t<h3 class=\"elementor-heading-title elementor-size-default\">Galerie<\/h3>\t\t\t\t<\/div>\n\t\t\t\t<div class=\"elementor-element elementor-element-61fafe3 elementor-widget elementor-widget-gallery\" data-id=\"61fafe3\" data-element_type=\"widget\" data-e-type=\"widget\" data-settings=\"{&quot;lazyload&quot;:&quot;yes&quot;,&quot;gallery_layout&quot;:&quot;grid&quot;,&quot;columns&quot;:4,&quot;columns_tablet&quot;:2,&quot;columns_mobile&quot;:1,&quot;gap&quot;:{&quot;unit&quot;:&quot;px&quot;,&quot;size&quot;:10,&quot;sizes&quot;:[]},&quot;gap_tablet&quot;:{&quot;unit&quot;:&quot;px&quot;,&quot;size&quot;:10,&quot;sizes&quot;:[]},&quot;gap_mobile&quot;:{&quot;unit&quot;:&quot;px&quot;,&quot;size&quot;:10,&quot;sizes&quot;:[]},&quot;link_to&quot;:&quot;file&quot;,&quot;aspect_ratio&quot;:&quot;3:2&quot;,&quot;overlay_background&quot;:&quot;yes&quot;,&quot;content_hover_animation&quot;:&quot;fade-in&quot;}\" data-widget_type=\"gallery.default\">\n\t\t\t\t\t\t\t<div class=\"elementor-gallery__container\">\n\t\t\t\t\t\t\t<a class=\"e-gallery-item elementor-gallery-item elementor-animated-content\" href=\"https:\/\/jas.dk\/wp-content\/uploads\/2025\/05\/20230509_143312-scaled.jpg\" data-elementor-open-lightbox=\"yes\" data-elementor-lightbox-slideshow=\"61fafe3\" data-elementor-lightbox-title=\"20230509_143312\" data-e-action-hash=\"#elementor-action%3Aaction%3Dlightbox%26settings%3DeyJpZCI6MjIxMzYsInVybCI6Imh0dHBzOlwvXC9qYXMuZGtcL3dwLWNvbnRlbnRcL3VwbG9hZHNcLzIwMjVcLzA1XC8yMDIzMDUwOV8xNDMzMTItc2NhbGVkLmpwZyIsInNsaWRlc2hvdyI6IjYxZmFmZTMifQ%3D%3D\">\n\t\t\t\t\t<div class=\"e-gallery-image elementor-gallery-item__image\" data-thumbnail=\"https:\/\/jas.dk\/wp-content\/uploads\/2025\/05\/20230509_143312-768x432.jpg\" data-width=\"768\" data-height=\"432\" aria-label=\"20230509_143312\" role=\"img\" ><\/div>\n\t\t\t\t\t\t\t\t\t\t\t<div class=\"elementor-gallery-item__overlay\"><\/div>\n\t\t\t\t\t\t\t\t\t\t\t\t\t\t<\/a>\n\t\t\t\t\t\t\t<a class=\"e-gallery-item elementor-gallery-item elementor-animated-content\" href=\"https:\/\/jas.dk\/wp-content\/uploads\/2025\/05\/IMG-0698-scaled.jpg\" data-elementor-open-lightbox=\"yes\" data-elementor-lightbox-slideshow=\"61fafe3\" data-elementor-lightbox-title=\"IMG-0698\" data-e-action-hash=\"#elementor-action%3Aaction%3Dlightbox%26settings%3DeyJpZCI6MjI3NjQsInVybCI6Imh0dHBzOlwvXC9qYXMuZGtcL3dwLWNvbnRlbnRcL3VwbG9hZHNcLzIwMjVcLzA1XC9JTUctMDY5OC1zY2FsZWQuanBnIiwic2xpZGVzaG93IjoiNjFmYWZlMyJ9\">\n\t\t\t\t\t<div class=\"e-gallery-image elementor-gallery-item__image\" data-thumbnail=\"https:\/\/jas.dk\/wp-content\/uploads\/2025\/05\/IMG-0698-768x1024.jpg\" data-width=\"768\" data-height=\"1024\" aria-label=\"IMG-0698\" role=\"img\" ><\/div>\n\t\t\t\t\t\t\t\t\t\t\t<div class=\"elementor-gallery-item__overlay\"><\/div>\n\t\t\t\t\t\t\t\t\t\t\t\t\t\t<\/a>\n\t\t\t\t\t\t\t<a class=\"e-gallery-item elementor-gallery-item elementor-animated-content\" href=\"https:\/\/jas.dk\/wp-content\/uploads\/2024\/06\/5.png\" data-elementor-open-lightbox=\"yes\" data-elementor-lightbox-slideshow=\"61fafe3\" data-elementor-lightbox-title=\"VIKING og JAS\" data-e-action-hash=\"#elementor-action%3Aaction%3Dlightbox%26settings%3DeyJpZCI6MjI0NTYsInVybCI6Imh0dHBzOlwvXC9qYXMuZGtcL3dwLWNvbnRlbnRcL3VwbG9hZHNcLzIwMjRcLzA2XC81LnBuZyIsInNsaWRlc2hvdyI6IjYxZmFmZTMifQ%3D%3D\">\n\t\t\t\t\t<div class=\"e-gallery-image elementor-gallery-item__image\" data-thumbnail=\"https:\/\/jas.dk\/wp-content\/uploads\/2024\/06\/5.png\" data-width=\"455\" data-height=\"550\" aria-label=\"VIKING og JAS\" role=\"img\" ><\/div>\n\t\t\t\t\t\t\t\t\t\t\t<div class=\"elementor-gallery-item__overlay\"><\/div>\n\t\t\t\t\t\t\t\t\t\t\t\t\t\t<\/a>\n\t\t\t\t\t\t\t<a class=\"e-gallery-item elementor-gallery-item elementor-animated-content\" href=\"https:\/\/jas.dk\/wp-content\/uploads\/2025\/05\/Unwinder-Frame-4-kopier-scaled-e1750067489409.png\" data-elementor-open-lightbox=\"yes\" data-elementor-lightbox-slideshow=\"61fafe3\" data-elementor-lightbox-title=\"Abwickelgestell 4 Kopien\" data-e-action-hash=\"#elementor-action%3Aaction%3Dlightbox%26settings%3DeyJpZCI6MjI3NjcsInVybCI6Imh0dHBzOlwvXC9qYXMuZGtcL3dwLWNvbnRlbnRcL3VwbG9hZHNcLzIwMjVcLzA1XC9VbndpbmRlci1GcmFtZS00LWtvcGllci1zY2FsZWQtZTE3NTAwNjc0ODk0MDkucG5nIiwic2xpZGVzaG93IjoiNjFmYWZlMyJ9\">\n\t\t\t\t\t<div class=\"e-gallery-image elementor-gallery-item__image\" data-thumbnail=\"https:\/\/jas.dk\/wp-content\/uploads\/2025\/05\/Unwinder-Frame-4-kopier-scaled-e1750067489409-768x768.png\" data-width=\"768\" data-height=\"768\" aria-label=\"Abwickelgestell 4 Kopien\" role=\"img\" ><\/div>\n\t\t\t\t\t\t\t\t\t\t\t<div class=\"elementor-gallery-item__overlay\"><\/div>\n\t\t\t\t\t\t\t\t\t\t\t\t\t\t<\/a>\n\t\t\t\t\t<\/div>\n\t\t\t\t\t<\/div>\n\t\t\t\t<div class=\"elementor-element elementor-element-c4aacbc elementor-widget elementor-widget-spacer\" data-id=\"c4aacbc\" data-element_type=\"widget\" data-e-type=\"widget\" data-widget_type=\"spacer.default\">\n\t\t\t\t\t\t\t<div class=\"elementor-spacer\">\n\t\t\t<div class=\"elementor-spacer-inner\"><\/div>\n\t\t<\/div>\n\t\t\t\t\t\t<\/div>\n\t\t\t\t\t<\/div>\n\t\t\t\t<\/div>\n\t\t\t\t<\/div>\n\t\t","protected":false},"excerpt":{"rendered":"<p>Bei JAS sind Speziall\u00f6sungen nicht die Ausnahme &#8211; sie sind eine unserer Kernkompetenzen. Wir entwickeln und produzieren ma\u00dfgeschneiderte L\u00f6sungen auf der Grundlage Ihrer spezifischen Bed\u00fcrfnisse, Arbeitsabl\u00e4ufe und physischen Umgebung. Ganz gleich, ob es sich um ein einzelnes Produkt oder einen kompletten Arbeitsplatz handelt, wir entwerfen funktionale und langlebige L\u00f6sungen mit dem Schwerpunkt auf Ergonomie, Qualit\u00e4t [&hellip;]<\/p>\n","protected":false},"author":9,"featured_media":22126,"parent":22099,"menu_order":0,"comment_status":"closed","ping_status":"closed","template":"","meta":{"_acf_changed":false,"site-sidebar-layout":"no-sidebar","site-content-layout":"page-builder","ast-site-content-layout":"full-width-container","site-content-style":"default","site-sidebar-style":"default","ast-global-header-display":"","ast-banner-title-visibility":"","ast-main-header-display":"","ast-hfb-above-header-display":"","ast-hfb-below-header-display":"","ast-hfb-mobile-header-display":"","site-post-title":"disabled","ast-breadcrumbs-content":"","ast-featured-img":"disabled","footer-sml-layout":"","ast-disable-related-posts":"","theme-transparent-header-meta":"","adv-header-id-meta":"","stick-header-meta":"","header-above-stick-meta":"","header-main-stick-meta":"","header-below-stick-meta":"","astra-migrate-meta-layouts":"set","ast-page-background-enabled":"default","ast-page-background-meta":{"desktop":{"background-color":"","background-image":"","background-repeat":"repeat","background-position":"center center","background-size":"auto","background-attachment":"scroll","background-type":"","background-media":"","overlay-type":"","overlay-color":"","overlay-opacity":"","overlay-gradient":""},"tablet":{"background-color":"","background-image":"","background-repeat":"repeat","background-position":"center center","background-size":"auto","background-attachment":"scroll","background-type":"","background-media":"","overlay-type":"","overlay-color":"","overlay-opacity":"","overlay-gradient":""},"mobile":{"background-color":"","background-image":"","background-repeat":"repeat","background-position":"center center","background-size":"auto","background-attachment":"scroll","background-type":"","background-media":"","overlay-type":"","overlay-color":"","overlay-opacity":"","overlay-gradient":""}},"ast-content-background-meta":{"desktop":{"background-color":"var(--ast-global-color-5)","background-image":"","background-repeat":"repeat","background-position":"center center","background-size":"auto","background-attachment":"scroll","background-type":"","background-media":"","overlay-type":"","overlay-color":"","overlay-opacity":"","overlay-gradient":""},"tablet":{"background-color":"var(--ast-global-color-5)","background-image":"","background-repeat":"repeat","background-position":"center center","background-size":"auto","background-attachment":"scroll","background-type":"","background-media":"","overlay-type":"","overlay-color":"","overlay-opacity":"","overlay-gradient":""},"mobile":{"background-color":"var(--ast-global-color-5)","background-image":"","background-repeat":"repeat","background-position":"center center","background-size":"auto","background-attachment":"scroll","background-type":"","background-media":"","overlay-type":"","overlay-color":"","overlay-opacity":"","overlay-gradient":""}},"footnotes":""},"class_list":["post-22123","page","type-page","status-publish","has-post-thumbnail","hentry"],"acf":[],"rttpg_featured_image_url":{"full":["https:\/\/jas.dk\/wp-content\/uploads\/2023\/11\/White-Minimalist-Simple-Aesthetic-Name-Twitter-Header.jpg",2438,813,false],"landscape":["https:\/\/jas.dk\/wp-content\/uploads\/2023\/11\/White-Minimalist-Simple-Aesthetic-Name-Twitter-Header.jpg",2438,813,false],"portraits":["https:\/\/jas.dk\/wp-content\/uploads\/2023\/11\/White-Minimalist-Simple-Aesthetic-Name-Twitter-Header.jpg",2438,813,false],"thumbnail":["https:\/\/jas.dk\/wp-content\/uploads\/2023\/11\/White-Minimalist-Simple-Aesthetic-Name-Twitter-Header-150x150.jpg",150,150,true],"medium":["https:\/\/jas.dk\/wp-content\/uploads\/2023\/11\/White-Minimalist-Simple-Aesthetic-Name-Twitter-Header-300x100.jpg",300,100,true],"large":["https:\/\/jas.dk\/wp-content\/uploads\/2023\/11\/White-Minimalist-Simple-Aesthetic-Name-Twitter-Header-1024x341.jpg",1024,341,true],"1536x1536":["https:\/\/jas.dk\/wp-content\/uploads\/2023\/11\/White-Minimalist-Simple-Aesthetic-Name-Twitter-Header-1536x512.jpg",1536,512,true],"2048x2048":["https:\/\/jas.dk\/wp-content\/uploads\/2023\/11\/White-Minimalist-Simple-Aesthetic-Name-Twitter-Header-2048x683.jpg",2048,683,true],"woocommerce_thumbnail":["https:\/\/jas.dk\/wp-content\/uploads\/2023\/11\/White-Minimalist-Simple-Aesthetic-Name-Twitter-Header-640x640.jpg",640,640,true],"woocommerce_single":["https:\/\/jas.dk\/wp-content\/uploads\/2023\/11\/White-Minimalist-Simple-Aesthetic-Name-Twitter-Header-640x213.jpg",640,213,true],"woocommerce_gallery_thumbnail":["https:\/\/jas.dk\/wp-content\/uploads\/2023\/11\/White-Minimalist-Simple-Aesthetic-Name-Twitter-Header-100x100.jpg",100,100,true],"dgwt-wcas-product-suggestion":["https:\/\/jas.dk\/wp-content\/uploads\/2023\/11\/White-Minimalist-Simple-Aesthetic-Name-Twitter-Header.jpg",64,21,false]},"rttpg_author":{"display_name":"Daniel Cohen","author_link":"https:\/\/jas.dk\/de\/author\/d-cohen\/"},"rttpg_comment":0,"rttpg_category":" <a href=\"https:\/\/jas.dk\/de\/?taxonomy=translation_priority&#038;term=optional-de\" rel=\"tag\">Optional<\/a>","rttpg_excerpt":"Bei JAS sind Speziall\u00f6sungen nicht die Ausnahme &#8211; sie sind eine unserer Kernkompetenzen. Wir entwickeln und produzieren ma\u00dfgeschneiderte L\u00f6sungen auf der Grundlage Ihrer spezifischen Bed\u00fcrfnisse, Arbeitsabl\u00e4ufe und physischen Umgebung. Ganz gleich, ob es sich um ein einzelnes Produkt oder einen kompletten Arbeitsplatz handelt, wir entwerfen funktionale und langlebige L\u00f6sungen mit dem Schwerpunkt auf Ergonomie, Qualit\u00e4t...","_links":{"self":[{"href":"https:\/\/jas.dk\/de\/wp-json\/wp\/v2\/pages\/22123","targetHints":{"allow":["GET"]}}],"collection":[{"href":"https:\/\/jas.dk\/de\/wp-json\/wp\/v2\/pages"}],"about":[{"href":"https:\/\/jas.dk\/de\/wp-json\/wp\/v2\/types\/page"}],"author":[{"embeddable":true,"href":"https:\/\/jas.dk\/de\/wp-json\/wp\/v2\/users\/9"}],"replies":[{"embeddable":true,"href":"https:\/\/jas.dk\/de\/wp-json\/wp\/v2\/comments?post=22123"}],"version-history":[{"count":4,"href":"https:\/\/jas.dk\/de\/wp-json\/wp\/v2\/pages\/22123\/revisions"}],"predecessor-version":[{"id":39294,"href":"https:\/\/jas.dk\/de\/wp-json\/wp\/v2\/pages\/22123\/revisions\/39294"}],"up":[{"embeddable":true,"href":"https:\/\/jas.dk\/de\/wp-json\/wp\/v2\/pages\/22099"}],"wp:featuredmedia":[{"embeddable":true,"href":"https:\/\/jas.dk\/de\/wp-json\/wp\/v2\/media\/22126"}],"wp:attachment":[{"href":"https:\/\/jas.dk\/de\/wp-json\/wp\/v2\/media?parent=22123"}],"curies":[{"name":"wp","href":"https:\/\/api.w.org\/{rel}","templated":true}]}}