{"id":22133,"date":"2025-03-20T09:39:19","date_gmt":"2025-03-20T08:39:19","guid":{"rendered":"https:\/\/jas.dk\/zustaendigkeiten\/montage\/"},"modified":"2025-09-10T15:15:58","modified_gmt":"2025-09-10T13:15:58","slug":"montage","status":"publish","type":"page","link":"https:\/\/jas.dk\/de\/zustaendigkeiten\/montage\/","title":{"rendered":"Montage"},"content":{"rendered":"\t\t<div data-elementor-type=\"wp-page\" data-elementor-id=\"22133\" class=\"elementor elementor-22133 elementor-8142\" data-elementor-post-type=\"page\">\n\t\t\t\t<div class=\"elementor-element elementor-element-8aef257 e-flex e-con-boxed e-con e-parent\" data-id=\"8aef257\" data-element_type=\"container\" data-e-type=\"container\">\n\t\t\t\t\t<div class=\"e-con-inner\">\n\t\t<div class=\"elementor-element elementor-element-ce244a5 e-con-full e-flex e-con e-child\" data-id=\"ce244a5\" data-element_type=\"container\" data-e-type=\"container\">\n\t\t<div class=\"elementor-element elementor-element-ecee0c6 e-con-full e-flex e-con e-child\" data-id=\"ecee0c6\" data-element_type=\"container\" data-e-type=\"container\">\n\t\t\t\t<div class=\"elementor-element elementor-element-dc3f51f elementor-widget elementor-widget-image\" data-id=\"dc3f51f\" data-element_type=\"widget\" data-e-type=\"widget\" data-widget_type=\"image.default\">\n\t\t\t\t\t\t\t\t\t\t\t\t\t\t\t<img decoding=\"async\" src=\"https:\/\/jas.dk\/wp-content\/uploads\/elementor\/thumbs\/zzzzzzzzzzz-r7q8fure4us66jaacme519l8vmayct8uwiv6539qv4.jpg\" title=\"zzzzzzzzzzzzzzzzz\" alt=\"zzzzzzzzzzzzzzzzz\" loading=\"lazy\" \/>\t\t\t\t\t\t\t\t\t\t\t\t\t\t\t<\/div>\n\t\t\t\t<\/div>\n\t\t<div class=\"elementor-element elementor-element-85dd9d0 e-con-full e-flex e-con e-child\" data-id=\"85dd9d0\" data-element_type=\"container\" data-e-type=\"container\">\n\t\t\t\t<div class=\"elementor-element elementor-element-7448d2b elementor-widget elementor-widget-text-editor\" data-id=\"7448d2b\" data-element_type=\"widget\" data-e-type=\"widget\" data-widget_type=\"text-editor.default\">\n\t\t\t\t\t\t\t\t\t<p data-start=\"162\" data-end=\"362\">Bei <strong>JAS<\/strong> haben wir eine eigene Montageabteilung, in der wir uns um die Montage und Verpackung der fertigen Produkte k\u00fcmmern. Das bedeutet, dass wir komplette L\u00f6sungen liefern k\u00f6nnen &#8211; gebrauchsfertig, direkt aus unserer Produktion. <\/p><p data-start=\"364\" data-end=\"655\">Wir montieren, pr\u00fcfen und verpacken mit gro\u00dfer Sorgfalt, um sicherzustellen, dass Sie ein fertiges Produkt erhalten, das sowohl Ihren Anforderungen als auch den Erwartungen Ihrer Kunden gerecht wird. Ob es sich um einfache Einheiten oder komplexere Baugruppen handelt, unser Montageteam sorgt f\u00fcr einen effizienten und konsistenten Prozess von Anfang bis Ende. <\/p><p data-start=\"657\" data-end=\"822\">Indem wir den gesamten Prozess &#8211; von der Produktion bis zur Verpackung &#8211; ins Haus holen, schaffen wir nicht nur hohe Qualit\u00e4t und R\u00fcckverfolgbarkeit, sondern auch Flexibilit\u00e4t und schnellere Lieferung.<\/p>\t\t\t\t\t\t\t\t<\/div>\n\t\t\t\t<\/div>\n\t\t\t\t<\/div>\n\t\t<div class=\"elementor-element elementor-element-a40e17c e-con-full e-flex e-con e-child\" data-id=\"a40e17c\" data-element_type=\"container\" data-e-type=\"container\">\n\t\t\t\t<\/div>\n\t\t\t\t\t<\/div>\n\t\t\t\t<\/div>\n\t\t<div class=\"elementor-element elementor-element-ae92237 e-flex e-con-boxed e-con e-parent\" data-id=\"ae92237\" data-element_type=\"container\" data-e-type=\"container\">\n\t\t\t\t\t<div class=\"e-con-inner\">\n\t\t\t\t<div class=\"elementor-element elementor-element-c274734 elementor-widget elementor-widget-spacer\" data-id=\"c274734\" data-element_type=\"widget\" data-e-type=\"widget\" data-widget_type=\"spacer.default\">\n\t\t\t\t\t\t\t<div class=\"elementor-spacer\">\n\t\t\t<div class=\"elementor-spacer-inner\"><\/div>\n\t\t<\/div>\n\t\t\t\t\t\t<\/div>\n\t\t\t\t<div class=\"elementor-element elementor-element-69b07e0 elementor-widget elementor-widget-gallery\" data-id=\"69b07e0\" data-element_type=\"widget\" data-e-type=\"widget\" data-settings=\"{&quot;lazyload&quot;:&quot;yes&quot;,&quot;gallery_layout&quot;:&quot;grid&quot;,&quot;columns&quot;:4,&quot;columns_tablet&quot;:2,&quot;columns_mobile&quot;:1,&quot;gap&quot;:{&quot;unit&quot;:&quot;px&quot;,&quot;size&quot;:10,&quot;sizes&quot;:[]},&quot;gap_tablet&quot;:{&quot;unit&quot;:&quot;px&quot;,&quot;size&quot;:10,&quot;sizes&quot;:[]},&quot;gap_mobile&quot;:{&quot;unit&quot;:&quot;px&quot;,&quot;size&quot;:10,&quot;sizes&quot;:[]},&quot;link_to&quot;:&quot;file&quot;,&quot;aspect_ratio&quot;:&quot;3:2&quot;,&quot;overlay_background&quot;:&quot;yes&quot;,&quot;content_hover_animation&quot;:&quot;fade-in&quot;}\" data-widget_type=\"gallery.default\">\n\t\t\t\t\t\t\t<div class=\"elementor-gallery__container\">\n\t\t\t\t\t\t\t<a class=\"e-gallery-item elementor-gallery-item elementor-animated-content\" href=\"https:\/\/jas.dk\/wp-content\/uploads\/2025\/06\/20250604_095520-scaled.jpg\" data-elementor-open-lightbox=\"yes\" data-elementor-lightbox-slideshow=\"69b07e0\" data-elementor-lightbox-title=\"20250604_095520\" data-e-action-hash=\"#elementor-action%3Aaction%3Dlightbox%26settings%3DeyJpZCI6MTQ1NTYsInVybCI6Imh0dHBzOlwvXC9qYXMuZGtcL3dwLWNvbnRlbnRcL3VwbG9hZHNcLzIwMjVcLzA2XC8yMDI1MDYwNF8wOTU1MjAtc2NhbGVkLmpwZyIsInNsaWRlc2hvdyI6IjY5YjA3ZTAifQ%3D%3D\">\n\t\t\t\t\t<div class=\"e-gallery-image elementor-gallery-item__image\" data-thumbnail=\"https:\/\/jas.dk\/wp-content\/uploads\/2025\/06\/20250604_095520-768x432.jpg\" data-width=\"768\" data-height=\"432\" aria-label=\"20250604_095520\" role=\"img\" ><\/div>\n\t\t\t\t\t\t\t\t\t\t\t<div class=\"elementor-gallery-item__overlay\"><\/div>\n\t\t\t\t\t\t\t\t\t\t\t\t\t\t<\/a>\n\t\t\t\t\t\t\t<a class=\"e-gallery-item elementor-gallery-item elementor-animated-content\" href=\"https:\/\/jas.dk\/wp-content\/uploads\/2025\/06\/20250314_111406-scaled-e1749808028154.jpg\" data-elementor-open-lightbox=\"yes\" data-elementor-lightbox-slideshow=\"69b07e0\" data-elementor-lightbox-title=\"20250314_111406\" data-e-action-hash=\"#elementor-action%3Aaction%3Dlightbox%26settings%3DeyJpZCI6MTYwNjYsInVybCI6Imh0dHBzOlwvXC9qYXMuZGtcL3dwLWNvbnRlbnRcL3VwbG9hZHNcLzIwMjVcLzA2XC8yMDI1MDMxNF8xMTE0MDYtc2NhbGVkLWUxNzQ5ODA4MDI4MTU0LmpwZyIsInNsaWRlc2hvdyI6IjY5YjA3ZTAifQ%3D%3D\">\n\t\t\t\t\t<div class=\"e-gallery-image elementor-gallery-item__image\" data-thumbnail=\"https:\/\/jas.dk\/wp-content\/uploads\/2025\/06\/20250314_111406-scaled-e1749808028154-768x769.jpg\" data-width=\"768\" data-height=\"769\" aria-label=\"20250314_111406\" role=\"img\" ><\/div>\n\t\t\t\t\t\t\t\t\t\t\t<div class=\"elementor-gallery-item__overlay\"><\/div>\n\t\t\t\t\t\t\t\t\t\t\t\t\t\t<\/a>\n\t\t\t\t\t\t\t<a class=\"e-gallery-item elementor-gallery-item elementor-animated-content\" href=\"https:\/\/jas.dk\/wp-content\/uploads\/2025\/05\/zzzzzzzzzzz.jpg\" data-elementor-open-lightbox=\"yes\" data-elementor-lightbox-slideshow=\"69b07e0\" data-elementor-lightbox-title=\"zzzzzzzzzzz\" data-e-action-hash=\"#elementor-action%3Aaction%3Dlightbox%26settings%3DeyJpZCI6MTI5OTgsInVybCI6Imh0dHBzOlwvXC9qYXMuZGtcL3dwLWNvbnRlbnRcL3VwbG9hZHNcLzIwMjVcLzA1XC96enp6enp6enp6ei5qcGciLCJzbGlkZXNob3ciOiI2OWIwN2UwIn0%3D\">\n\t\t\t\t\t<div class=\"e-gallery-image elementor-gallery-item__image\" data-thumbnail=\"https:\/\/jas.dk\/wp-content\/uploads\/2025\/05\/zzzzzzzzzzz-768x768.jpg\" data-width=\"768\" data-height=\"768\" aria-label=\"zzzzzzzzzzz\" role=\"img\" ><\/div>\n\t\t\t\t\t\t\t\t\t\t\t<div class=\"elementor-gallery-item__overlay\"><\/div>\n\t\t\t\t\t\t\t\t\t\t\t\t\t\t<\/a>\n\t\t\t\t\t<\/div>\n\t\t\t\t\t<\/div>\n\t\t\t\t<div class=\"elementor-element elementor-element-22d6311 elementor-widget elementor-widget-spacer\" data-id=\"22d6311\" data-element_type=\"widget\" data-e-type=\"widget\" data-widget_type=\"spacer.default\">\n\t\t\t\t\t\t\t<div class=\"elementor-spacer\">\n\t\t\t<div class=\"elementor-spacer-inner\"><\/div>\n\t\t<\/div>\n\t\t\t\t\t\t<\/div>\n\t\t\t\t<div class=\"elementor-element elementor-element-85f9759 elementor-widget-divider--view-line elementor-widget elementor-widget-divider\" data-id=\"85f9759\" data-element_type=\"widget\" data-e-type=\"widget\" data-widget_type=\"divider.default\">\n\t\t\t\t\t\t\t<div class=\"elementor-divider\">\n\t\t\t<span class=\"elementor-divider-separator\">\n\t\t\t\t\t\t<\/span>\n\t\t<\/div>\n\t\t\t\t\t\t<\/div>\n\t\t\t\t\t<\/div>\n\t\t\t\t<\/div>\n\t\t\t\t<\/div>\n\t\t","protected":false},"excerpt":{"rendered":"<p>Bei JAS haben wir eine eigene Montageabteilung, in der wir uns um die Montage und Verpackung der fertigen Produkte k\u00fcmmern. Das bedeutet, dass wir komplette L\u00f6sungen liefern k\u00f6nnen &#8211; gebrauchsfertig, direkt aus unserer Produktion. Wir montieren, pr\u00fcfen und verpacken mit gro\u00dfer Sorgfalt, um sicherzustellen, dass Sie ein fertiges Produkt erhalten, das sowohl Ihren Anforderungen als [&hellip;]<\/p>\n","protected":false},"author":9,"featured_media":22136,"parent":22099,"menu_order":0,"comment_status":"closed","ping_status":"closed","template":"","meta":{"_acf_changed":false,"site-sidebar-layout":"no-sidebar","site-content-layout":"page-builder","ast-site-content-layout":"full-width-container","site-content-style":"default","site-sidebar-style":"default","ast-global-header-display":"","ast-banner-title-visibility":"","ast-main-header-display":"","ast-hfb-above-header-display":"","ast-hfb-below-header-display":"","ast-hfb-mobile-header-display":"","site-post-title":"disabled","ast-breadcrumbs-content":"","ast-featured-img":"disabled","footer-sml-layout":"","ast-disable-related-posts":"","theme-transparent-header-meta":"","adv-header-id-meta":"","stick-header-meta":"","header-above-stick-meta":"","header-main-stick-meta":"","header-below-stick-meta":"","astra-migrate-meta-layouts":"set","ast-page-background-enabled":"default","ast-page-background-meta":{"desktop":{"background-color":"","background-image":"","background-repeat":"repeat","background-position":"center center","background-size":"auto","background-attachment":"scroll","background-type":"","background-media":"","overlay-type":"","overlay-color":"","overlay-opacity":"","overlay-gradient":""},"tablet":{"background-color":"","background-image":"","background-repeat":"repeat","background-position":"center center","background-size":"auto","background-attachment":"scroll","background-type":"","background-media":"","overlay-type":"","overlay-color":"","overlay-opacity":"","overlay-gradient":""},"mobile":{"background-color":"","background-image":"","background-repeat":"repeat","background-position":"center center","background-size":"auto","background-attachment":"scroll","background-type":"","background-media":"","overlay-type":"","overlay-color":"","overlay-opacity":"","overlay-gradient":""}},"ast-content-background-meta":{"desktop":{"background-color":"var(--ast-global-color-5)","background-image":"","background-repeat":"repeat","background-position":"center center","background-size":"auto","background-attachment":"scroll","background-type":"","background-media":"","overlay-type":"","overlay-color":"","overlay-opacity":"","overlay-gradient":""},"tablet":{"background-color":"var(--ast-global-color-5)","background-image":"","background-repeat":"repeat","background-position":"center center","background-size":"auto","background-attachment":"scroll","background-type":"","background-media":"","overlay-type":"","overlay-color":"","overlay-opacity":"","overlay-gradient":""},"mobile":{"background-color":"var(--ast-global-color-5)","background-image":"","background-repeat":"repeat","background-position":"center center","background-size":"auto","background-attachment":"scroll","background-type":"","background-media":"","overlay-type":"","overlay-color":"","overlay-opacity":"","overlay-gradient":""}},"footnotes":""},"class_list":["post-22133","page","type-page","status-publish","has-post-thumbnail","hentry"],"acf":[],"rttpg_featured_image_url":{"full":["https:\/\/jas.dk\/wp-content\/uploads\/2025\/05\/20230509_143312-scaled.jpg",2560,1440,false],"landscape":["https:\/\/jas.dk\/wp-content\/uploads\/2025\/05\/20230509_143312-scaled.jpg",2560,1440,false],"portraits":["https:\/\/jas.dk\/wp-content\/uploads\/2025\/05\/20230509_143312-scaled.jpg",2560,1440,false],"thumbnail":["https:\/\/jas.dk\/wp-content\/uploads\/2025\/05\/20230509_143312-150x150.jpg",150,150,true],"medium":["https:\/\/jas.dk\/wp-content\/uploads\/2025\/05\/20230509_143312-300x169.jpg",300,169,true],"large":["https:\/\/jas.dk\/wp-content\/uploads\/2025\/05\/20230509_143312-1024x576.jpg",1024,576,true],"1536x1536":["https:\/\/jas.dk\/wp-content\/uploads\/2025\/05\/20230509_143312-1536x864.jpg",1536,864,true],"2048x2048":["https:\/\/jas.dk\/wp-content\/uploads\/2025\/05\/20230509_143312-2048x1152.jpg",2048,1152,true],"woocommerce_thumbnail":["https:\/\/jas.dk\/wp-content\/uploads\/2025\/05\/20230509_143312-scaled-640x640.jpg",640,640,true],"woocommerce_single":["https:\/\/jas.dk\/wp-content\/uploads\/2025\/05\/20230509_143312-scaled-640x360.jpg",640,360,true],"woocommerce_gallery_thumbnail":["https:\/\/jas.dk\/wp-content\/uploads\/2025\/05\/20230509_143312-scaled-100x100.jpg",100,100,true],"dgwt-wcas-product-suggestion":["https:\/\/jas.dk\/wp-content\/uploads\/2025\/05\/20230509_143312-scaled.jpg",64,36,false]},"rttpg_author":{"display_name":"Daniel Cohen","author_link":"https:\/\/jas.dk\/de\/author\/d-cohen\/"},"rttpg_comment":0,"rttpg_category":" <a href=\"https:\/\/jas.dk\/de\/?taxonomy=translation_priority&#038;term=optional-de\" rel=\"tag\">Optional<\/a>","rttpg_excerpt":"Bei JAS haben wir eine eigene Montageabteilung, in der wir uns um die Montage und Verpackung der fertigen Produkte k\u00fcmmern. Das bedeutet, dass wir komplette L\u00f6sungen liefern k\u00f6nnen &#8211; gebrauchsfertig, direkt aus unserer Produktion. Wir montieren, pr\u00fcfen und verpacken mit gro\u00dfer Sorgfalt, um sicherzustellen, dass Sie ein fertiges Produkt erhalten, das sowohl Ihren Anforderungen als...","_links":{"self":[{"href":"https:\/\/jas.dk\/de\/wp-json\/wp\/v2\/pages\/22133","targetHints":{"allow":["GET"]}}],"collection":[{"href":"https:\/\/jas.dk\/de\/wp-json\/wp\/v2\/pages"}],"about":[{"href":"https:\/\/jas.dk\/de\/wp-json\/wp\/v2\/types\/page"}],"author":[{"embeddable":true,"href":"https:\/\/jas.dk\/de\/wp-json\/wp\/v2\/users\/9"}],"replies":[{"embeddable":true,"href":"https:\/\/jas.dk\/de\/wp-json\/wp\/v2\/comments?post=22133"}],"version-history":[{"count":0,"href":"https:\/\/jas.dk\/de\/wp-json\/wp\/v2\/pages\/22133\/revisions"}],"up":[{"embeddable":true,"href":"https:\/\/jas.dk\/de\/wp-json\/wp\/v2\/pages\/22099"}],"wp:featuredmedia":[{"embeddable":true,"href":"https:\/\/jas.dk\/de\/wp-json\/wp\/v2\/media\/22136"}],"wp:attachment":[{"href":"https:\/\/jas.dk\/de\/wp-json\/wp\/v2\/media?parent=22133"}],"curies":[{"name":"wp","href":"https:\/\/api.w.org\/{rel}","templated":true}]}}