{"id":22169,"date":"2025-03-20T09:39:04","date_gmt":"2025-03-20T08:39:04","guid":{"rendered":"https:\/\/jas.dk\/zustaendigkeiten\/unterauftragnehmer\/"},"modified":"2025-09-10T15:16:22","modified_gmt":"2025-09-10T13:16:22","slug":"unterauftragnehmer","status":"publish","type":"page","link":"https:\/\/jas.dk\/de\/zustaendigkeiten\/unterauftragnehmer\/","title":{"rendered":"Unterauftragnehmer"},"content":{"rendered":"\t\t<div data-elementor-type=\"wp-page\" data-elementor-id=\"22169\" class=\"elementor elementor-22169 elementor-8141\" data-elementor-post-type=\"page\">\n\t\t\t\t<div class=\"elementor-element elementor-element-8aef257 e-flex e-con-boxed e-con e-parent\" data-id=\"8aef257\" data-element_type=\"container\" data-e-type=\"container\">\n\t\t\t\t\t<div class=\"e-con-inner\">\n\t\t<div class=\"elementor-element elementor-element-99cb96e e-con-full e-flex e-con e-child\" data-id=\"99cb96e\" data-element_type=\"container\" data-e-type=\"container\">\n\t\t<div class=\"elementor-element elementor-element-ef2a582 e-con-full e-flex e-con e-child\" data-id=\"ef2a582\" data-element_type=\"container\" data-e-type=\"container\">\n\t\t\t\t<div class=\"elementor-element elementor-element-5c3fe65 elementor-widget elementor-widget-image\" data-id=\"5c3fe65\" data-element_type=\"widget\" data-e-type=\"widget\" data-widget_type=\"image.default\">\n\t\t\t\t\t\t\t\t\t\t\t\t\t\t\t<img decoding=\"async\" src=\"https:\/\/jas.dk\/wp-content\/uploads\/elementor\/thumbs\/20230524_102656-1-scaled-r7q89k8ads62gifc3eh1ucr5prbhtr9jpdn5helmio.jpg\" title=\"20230524_102656\" alt=\"20230524_102656\" loading=\"lazy\" \/>\t\t\t\t\t\t\t\t\t\t\t\t\t\t\t<\/div>\n\t\t\t\t<\/div>\n\t\t<div class=\"elementor-element elementor-element-dce2dcd e-con-full e-flex e-con e-child\" data-id=\"dce2dcd\" data-element_type=\"container\" data-e-type=\"container\">\n\t\t\t\t<div class=\"elementor-element elementor-element-289c7d5 elementor-widget elementor-widget-text-editor\" data-id=\"289c7d5\" data-element_type=\"widget\" data-e-type=\"widget\" data-widget_type=\"text-editor.default\">\n\t\t\t\t\t\t\t\t\t<p data-pm-slice=\"1 1 []\">Als Zulieferer ist <strong>JAS<\/strong> ein zuverl\u00e4ssiger und flexibler Fertigungspartner, der p\u00fcnktlich Qualit\u00e4tsl\u00f6sungen liefert. Wir arbeiten eng mit unseren Kunden zusammen, um sicherzustellen, dass jeder Auftrag effizient und mit Liebe zum Detail ausgef\u00fchrt wird &#8211; egal ob es sich um Einzelteile, Baugruppen oder fertige Einheiten handelt. <\/p>\t\t\t\t\t\t\t\t<\/div>\n\t\t\t\t<\/div>\n\t\t\t\t<\/div>\n\t\t<div class=\"elementor-element elementor-element-e2bcc62 e-con-full e-flex e-con e-child\" data-id=\"e2bcc62\" data-element_type=\"container\" data-e-type=\"container\">\n\t\t<div class=\"elementor-element elementor-element-30a5c9f e-con-full e-flex e-con e-child\" data-id=\"30a5c9f\" data-element_type=\"container\" data-e-type=\"container\">\n\t\t\t\t<div class=\"elementor-element elementor-element-3875e3d elementor-widget elementor-widget-text-editor\" data-id=\"3875e3d\" data-element_type=\"widget\" data-e-type=\"widget\" data-widget_type=\"text-editor.default\">\n\t\t\t\t\t\t\t\t\t<p data-start=\"544\" data-end=\"814\">Unsere Produktion ist sowohl auf kleine als auch auf gro\u00dfe Serien ausgerichtet, und wir passen uns schnell an ver\u00e4nderte Bed\u00fcrfnisse und Lieferanforderungen an. Wir legen Wert auf einen offenen Dialog, hohe Liefertreue und gleichbleibende Qualit\u00e4t &#8211; und wir wissen, wie wichtig es ist, ein stabiler Teil Ihrer Prozesse zu sein. <\/p><p data-start=\"816\" data-end=\"984\">Bei JAS.dk sehen wir es als unsere Aufgabe an, Ihnen den Alltag zu erleichtern. Wir \u00fcbernehmen die Verantwortung f\u00fcr unseren Teil der Produktion und liefern, was Sie brauchen &#8211; wann Sie es brauchen. <\/p>\t\t\t\t\t\t\t\t<\/div>\n\t\t\t\t<\/div>\n\t\t<div class=\"elementor-element elementor-element-bb5e516 e-con-full e-flex e-con e-child\" data-id=\"bb5e516\" data-element_type=\"container\" data-e-type=\"container\">\n\t\t\t\t<div class=\"elementor-element elementor-element-1a57013 elementor-widget elementor-widget-image\" data-id=\"1a57013\" data-element_type=\"widget\" data-e-type=\"widget\" data-widget_type=\"image.default\">\n\t\t\t\t\t\t\t\t\t\t\t\t\t\t\t<img decoding=\"async\" src=\"https:\/\/jas.dk\/wp-content\/uploads\/elementor\/thumbs\/20230524_095826-1-scaled-rfpijzpmbli8prbmltjs033e5xgajxi5ab4sesf7eo.jpg\" title=\"20230524_095826\" alt=\"20230524_095826\" loading=\"lazy\" \/>\t\t\t\t\t\t\t\t\t\t\t\t\t\t\t<\/div>\n\t\t\t\t<\/div>\n\t\t\t\t<\/div>\n\t\t\t\t\t<\/div>\n\t\t\t\t<\/div>\n\t\t<div class=\"elementor-element elementor-element-673752b e-flex e-con-boxed e-con e-parent\" data-id=\"673752b\" data-element_type=\"container\" data-e-type=\"container\">\n\t\t\t\t\t<div class=\"e-con-inner\">\n\t\t\t\t<div class=\"elementor-element elementor-element-bf34a8a elementor-widget elementor-widget-spacer\" data-id=\"bf34a8a\" data-element_type=\"widget\" data-e-type=\"widget\" data-widget_type=\"spacer.default\">\n\t\t\t\t\t\t\t<div class=\"elementor-spacer\">\n\t\t\t<div class=\"elementor-spacer-inner\"><\/div>\n\t\t<\/div>\n\t\t\t\t\t\t<\/div>\n\t\t\t\t<div class=\"elementor-element elementor-element-87666f3 elementor-widget elementor-widget-gallery\" data-id=\"87666f3\" data-element_type=\"widget\" data-e-type=\"widget\" data-settings=\"{&quot;lazyload&quot;:&quot;yes&quot;,&quot;gallery_layout&quot;:&quot;grid&quot;,&quot;columns&quot;:4,&quot;columns_tablet&quot;:2,&quot;columns_mobile&quot;:1,&quot;gap&quot;:{&quot;unit&quot;:&quot;px&quot;,&quot;size&quot;:10,&quot;sizes&quot;:[]},&quot;gap_tablet&quot;:{&quot;unit&quot;:&quot;px&quot;,&quot;size&quot;:10,&quot;sizes&quot;:[]},&quot;gap_mobile&quot;:{&quot;unit&quot;:&quot;px&quot;,&quot;size&quot;:10,&quot;sizes&quot;:[]},&quot;link_to&quot;:&quot;file&quot;,&quot;aspect_ratio&quot;:&quot;3:2&quot;,&quot;overlay_background&quot;:&quot;yes&quot;,&quot;content_hover_animation&quot;:&quot;fade-in&quot;}\" data-widget_type=\"gallery.default\">\n\t\t\t\t\t\t\t<div class=\"elementor-gallery__container\">\n\t\t\t\t\t\t\t<a class=\"e-gallery-item elementor-gallery-item elementor-animated-content\" href=\"https:\/\/jas.dk\/wp-content\/uploads\/2025\/05\/20230524_102716-1-scaled.jpg\" data-elementor-open-lightbox=\"yes\" data-elementor-lightbox-slideshow=\"87666f3\" data-elementor-lightbox-title=\"20230524_102716\" data-e-action-hash=\"#elementor-action%3Aaction%3Dlightbox%26settings%3DeyJpZCI6MTMwMjUsInVybCI6Imh0dHBzOlwvXC9qYXMuZGtcL3dwLWNvbnRlbnRcL3VwbG9hZHNcLzIwMjVcLzA1XC8yMDIzMDUyNF8xMDI3MTYtMS1zY2FsZWQuanBnIiwic2xpZGVzaG93IjoiODc2NjZmMyJ9\">\n\t\t\t\t\t<div class=\"e-gallery-image elementor-gallery-item__image\" data-thumbnail=\"https:\/\/jas.dk\/wp-content\/uploads\/2025\/05\/20230524_102716-1-768x768.jpg\" data-width=\"768\" data-height=\"768\" aria-label=\"20230524_102716\" role=\"img\" ><\/div>\n\t\t\t\t\t\t\t\t\t\t\t<div class=\"elementor-gallery-item__overlay\"><\/div>\n\t\t\t\t\t\t\t\t\t\t\t\t\t\t<\/a>\n\t\t\t\t\t\t\t<a class=\"e-gallery-item elementor-gallery-item elementor-animated-content\" href=\"https:\/\/jas.dk\/wp-content\/uploads\/2025\/05\/20230524_102652-1-scaled.jpg\" data-elementor-open-lightbox=\"yes\" data-elementor-lightbox-slideshow=\"87666f3\" data-elementor-lightbox-title=\"20230524_102652\" data-e-action-hash=\"#elementor-action%3Aaction%3Dlightbox%26settings%3DeyJpZCI6MTMwMjMsInVybCI6Imh0dHBzOlwvXC9qYXMuZGtcL3dwLWNvbnRlbnRcL3VwbG9hZHNcLzIwMjVcLzA1XC8yMDIzMDUyNF8xMDI2NTItMS1zY2FsZWQuanBnIiwic2xpZGVzaG93IjoiODc2NjZmMyJ9\">\n\t\t\t\t\t<div class=\"e-gallery-image elementor-gallery-item__image\" data-thumbnail=\"https:\/\/jas.dk\/wp-content\/uploads\/2025\/05\/20230524_102652-1-768x768.jpg\" data-width=\"768\" data-height=\"768\" aria-label=\"20230524_102652\" role=\"img\" ><\/div>\n\t\t\t\t\t\t\t\t\t\t\t<div class=\"elementor-gallery-item__overlay\"><\/div>\n\t\t\t\t\t\t\t\t\t\t\t\t\t\t<\/a>\n\t\t\t\t\t\t\t<a class=\"e-gallery-item elementor-gallery-item elementor-animated-content\" href=\"https:\/\/jas.dk\/wp-content\/uploads\/2025\/05\/20230524_095826-1-scaled.jpg\" data-elementor-open-lightbox=\"yes\" data-elementor-lightbox-slideshow=\"87666f3\" data-elementor-lightbox-title=\"20230524_095826\" data-e-action-hash=\"#elementor-action%3Aaction%3Dlightbox%26settings%3DeyJpZCI6MTMwMjIsInVybCI6Imh0dHBzOlwvXC9qYXMuZGtcL3dwLWNvbnRlbnRcL3VwbG9hZHNcLzIwMjVcLzA1XC8yMDIzMDUyNF8wOTU4MjYtMS1zY2FsZWQuanBnIiwic2xpZGVzaG93IjoiODc2NjZmMyJ9\">\n\t\t\t\t\t<div class=\"e-gallery-image elementor-gallery-item__image\" data-thumbnail=\"https:\/\/jas.dk\/wp-content\/uploads\/2025\/05\/20230524_095826-1-scaled-768x768.jpg\" data-width=\"768\" data-height=\"768\" aria-label=\"20230524_095826\" role=\"img\" ><\/div>\n\t\t\t\t\t\t\t\t\t\t\t<div class=\"elementor-gallery-item__overlay\"><\/div>\n\t\t\t\t\t\t\t\t\t\t\t\t\t\t<\/a>\n\t\t\t\t\t\t\t<a class=\"e-gallery-item elementor-gallery-item elementor-animated-content\" href=\"https:\/\/jas.dk\/wp-content\/uploads\/2025\/05\/20250502_100650-1.png\" data-elementor-open-lightbox=\"yes\" data-elementor-lightbox-slideshow=\"87666f3\" data-elementor-lightbox-title=\"20250502_100650\" data-e-action-hash=\"#elementor-action%3Aaction%3Dlightbox%26settings%3DeyJpZCI6MTMwMjcsInVybCI6Imh0dHBzOlwvXC9qYXMuZGtcL3dwLWNvbnRlbnRcL3VwbG9hZHNcLzIwMjVcLzA1XC8yMDI1MDUwMl8xMDA2NTAtMS5wbmciLCJzbGlkZXNob3ciOiI4NzY2NmYzIn0%3D\">\n\t\t\t\t\t<div class=\"e-gallery-image elementor-gallery-item__image\" data-thumbnail=\"https:\/\/jas.dk\/wp-content\/uploads\/2025\/05\/20250502_100650-1-768x768.png\" data-width=\"768\" data-height=\"768\" aria-label=\"20250502_100650\" role=\"img\" ><\/div>\n\t\t\t\t\t\t\t\t\t\t\t<div class=\"elementor-gallery-item__overlay\"><\/div>\n\t\t\t\t\t\t\t\t\t\t\t\t\t\t<\/a>\n\t\t\t\t\t<\/div>\n\t\t\t\t\t<\/div>\n\t\t\t\t<div class=\"elementor-element elementor-element-15a04a5 elementor-widget elementor-widget-spacer\" data-id=\"15a04a5\" data-element_type=\"widget\" data-e-type=\"widget\" data-widget_type=\"spacer.default\">\n\t\t\t\t\t\t\t<div class=\"elementor-spacer\">\n\t\t\t<div class=\"elementor-spacer-inner\"><\/div>\n\t\t<\/div>\n\t\t\t\t\t\t<\/div>\n\t\t\t\t<div class=\"elementor-element elementor-element-b848465 elementor-widget-divider--view-line elementor-widget elementor-widget-divider\" data-id=\"b848465\" data-element_type=\"widget\" data-e-type=\"widget\" data-widget_type=\"divider.default\">\n\t\t\t\t\t\t\t<div class=\"elementor-divider\">\n\t\t\t<span class=\"elementor-divider-separator\">\n\t\t\t\t\t\t<\/span>\n\t\t<\/div>\n\t\t\t\t\t\t<\/div>\n\t\t\t\t\t<\/div>\n\t\t\t\t<\/div>\n\t\t<div class=\"elementor-element elementor-element-41c3ce6 e-flex e-con-boxed e-con e-parent\" data-id=\"41c3ce6\" data-element_type=\"container\" data-e-type=\"container\">\n\t\t\t\t\t<div class=\"e-con-inner\">\n\t\t\t\t<div class=\"elementor-element elementor-element-487a8f3 elementor-widget elementor-widget-heading\" data-id=\"487a8f3\" data-element_type=\"widget\" data-e-type=\"widget\" data-widget_type=\"heading.default\">\n\t\t\t\t\t<h3 class=\"elementor-heading-title elementor-size-default\">Verwandte Produkte<\/h3>\t\t\t\t<\/div>\n\t\t\t\t<div class=\"elementor-element elementor-element-4b9a2b9 uael-woo--align-left uael-sale-flash-circle uael-featured-flash-circle elementor-widget elementor-widget-uael-woo-products\" data-id=\"4b9a2b9\" data-element_type=\"widget\" data-e-type=\"widget\" data-settings=\"{&quot;products_columns&quot;:&quot;4&quot;,&quot;products_columns_tablet&quot;:&quot;3&quot;,&quot;products_columns_mobile&quot;:&quot;1&quot;}\" data-widget_type=\"uael-woo-products.grid-default\">\n\t\t\t\t<div class=\"elementor-widget-container\">\n\t\t\t\t\t<div class=\"uael-woocommerce uael-woo-products-grid uael-woo-skin-grid-default uael-woo-query-custom\" data-page=\"22169\" data-skin=\"grid_default\"><div class=\" columns-4 uael-woo-products-inner uael-woo-product__column-4 uael-woo-product__column-tablet-3 uael-woo-product__column-mobile-1\"><ul class=\"products columns-4\">\n\n\n<li class=\" transportk\u00e4fige transport transportk\u00e4fige &amp; gitterwagen post-28174 product first instock taxable shipping-taxable purchasable product-type-simple\">\n\t<div class=\"uael-woo-product-wrapper uael-prod-auto-align-disabled\">\n\t\t<div class=\"uael-woo-products-thumbnail-wrap\"><div class=\"uael-flash-container \"><\/div><a href=\"https:\/\/jas.dk\/de\/produkte\/transportkaefige-und-gitterwagen\/transportkaefige\/transportkaefig-2\/\" class=\"woocommerce-LoopProduct-link woocommerce-loop-product__link\"><img fetchpriority=\"high\" decoding=\"async\" width=\"640\" height=\"640\" src=\"https:\/\/jas.dk\/wp-content\/uploads\/2025\/11\/Transportbur-1-640x640.png\" class=\"attachment-woocommerce_thumbnail size-woocommerce_thumbnail\" alt=\"Transportk\u00e4fig 1300x1220x840mm (Hauptbilder)\" \/><\/a><\/div><div class=\"uael-woo-products-summary-wrap uael-auto-align-disabled\">\t\t\t<span class=\"uael-woo-product-category\">\n\t\t\t\tTransportk\u00e4fige\t\t\t<\/span> \n\t\t\t<a href=\"https:\/\/jas.dk\/de\/produkte\/transportkaefige-und-gitterwagen\/transportkaefige\/transportkaefig-2\/\" class=\"uael-loop-product__link\"><h2 class=\"woocommerce-loop-product__title\">Transportk\u00e4fig 1300x1220x840mm<\/h2><\/a><\/div>\t<\/div>\n<\/li>\n\n\n<li class=\" lager &amp; logistik produktion &amp; montage rullecontainere transport bure post-25958 product  instock taxable shipping-taxable purchasable product-type-simple\">\n\t<div class=\"uael-woo-product-wrapper uael-prod-auto-align-disabled\">\n\t\t<div class=\"uael-woo-products-thumbnail-wrap\"><div class=\"uael-flash-container \"><\/div><a href=\"https:\/\/jas.dk\/de\/produkte\/transportkaefige-und-gitterwagen\/rollcontainer-mit-tueren\/\" class=\"woocommerce-LoopProduct-link woocommerce-loop-product__link\"><img decoding=\"async\" width=\"640\" height=\"640\" src=\"https:\/\/jas.dk\/wp-content\/uploads\/2025\/06\/1-rullecontainer-kk-wind-til-HJ-640x640.png\" class=\"attachment-woocommerce_thumbnail size-woocommerce_thumbnail\" alt=\"Rollcontainer mit 2 F\u00e4chern\" \/><\/a><\/div><div class=\"uael-woo-products-summary-wrap uael-auto-align-disabled\">\t\t\t<span class=\"uael-woo-product-category\">\n\t\t\t\tLager &amp; Logistik\t\t\t<\/span> \n\t\t\t<a href=\"https:\/\/jas.dk\/de\/produkte\/transportkaefige-und-gitterwagen\/rollcontainer-mit-tueren\/\" class=\"uael-loop-product__link\"><h2 class=\"woocommerce-loop-product__title\">Rollcontainer mit 2 F\u00e4chern<\/h2><\/a><\/div>\t<\/div>\n<\/li>\n\n\n<li class=\" transportk\u00e4fige &amp; gitterwagen k\u00e4fige aus mesh produktion &amp; montage transport post-25509 product  instock taxable shipping-taxable purchasable product-type-simple\">\n\t<div class=\"uael-woo-product-wrapper uael-prod-auto-align-disabled\">\n\t\t<div class=\"uael-woo-products-thumbnail-wrap\"><div class=\"uael-flash-container \"><\/div><a href=\"https:\/\/jas.dk\/de\/produkte\/transportkaefige-und-gitterwagen\/kleiner-gitterkaefig-extruderkaefig\/\" class=\"woocommerce-LoopProduct-link woocommerce-loop-product__link\"><img decoding=\"async\" width=\"640\" height=\"640\" src=\"https:\/\/jas.dk\/wp-content\/uploads\/2025\/06\/1-Extruder-til-HJ-1-640x640.png\" class=\"attachment-woocommerce_thumbnail size-woocommerce_thumbnail\" alt=\"Kleiner Gitterk\u00e4fig - schr\u00e4g von vorne\" \/><\/a><\/div><div class=\"uael-woo-products-summary-wrap uael-auto-align-disabled\">\t\t\t<span class=\"uael-woo-product-category\">\n\t\t\t\tTransportk\u00e4fige &amp; Gitterwagen\t\t\t<\/span> \n\t\t\t<a href=\"https:\/\/jas.dk\/de\/produkte\/transportkaefige-und-gitterwagen\/kleiner-gitterkaefig-extruderkaefig\/\" class=\"uael-loop-product__link\"><h2 class=\"woocommerce-loop-product__title\">Kleiner Gitterk\u00e4fig<\/h2><\/a><\/div>\t<\/div>\n<\/li>\n\n\n<li class=\" transportk\u00e4fige &amp; gitterwagen lager &amp; logistik rollcontainer post-24318 product last instock taxable shipping-taxable purchasable product-type-simple\">\n\t<div class=\"uael-woo-product-wrapper uael-prod-auto-align-disabled\">\n\t\t<div class=\"uael-woo-products-thumbnail-wrap\"><div class=\"uael-flash-container \"><\/div><a href=\"https:\/\/jas.dk\/de\/produkte\/transportkaefige-und-gitterwagen\/offener-rollcontainer-flexibel-und-leicht-zugaenglich\/\" class=\"woocommerce-LoopProduct-link woocommerce-loop-product__link\"><img loading=\"lazy\" decoding=\"async\" width=\"640\" height=\"640\" src=\"https:\/\/jas.dk\/wp-content\/uploads\/2024\/02\/1-universalvogn-209506006-til-HJ-640x640.png\" class=\"attachment-woocommerce_thumbnail size-woocommerce_thumbnail\" alt=\"Rollcontainer mit offener Seite\" \/><\/a><\/div><div class=\"uael-woo-products-summary-wrap uael-auto-align-disabled\">\t\t\t<span class=\"uael-woo-product-category\">\n\t\t\t\tTransportk\u00e4fige &amp; Gitterwagen\t\t\t<\/span> \n\t\t\t<a href=\"https:\/\/jas.dk\/de\/produkte\/transportkaefige-und-gitterwagen\/offener-rollcontainer-flexibel-und-leicht-zugaenglich\/\" class=\"uael-loop-product__link\"><h2 class=\"woocommerce-loop-product__title\">Open-Side-Rollcontainer<\/h2><\/a><\/div>\t<\/div>\n<\/li>\n<\/ul>\n<\/div><\/div>\t\t\t\t<\/div>\n\t\t\t\t<\/div>\n\t\t\t\t\t<\/div>\n\t\t\t\t<\/div>\n\t\t\t\t<\/div>\n\t\t","protected":false},"excerpt":{"rendered":"<p>Als Zulieferer ist JAS ein zuverl\u00e4ssiger und flexibler Fertigungspartner, der p\u00fcnktlich Qualit\u00e4tsl\u00f6sungen liefert. Wir arbeiten eng mit unseren Kunden zusammen, um sicherzustellen, dass jeder Auftrag effizient und mit Liebe zum Detail ausgef\u00fchrt wird &#8211; egal ob es sich um Einzelteile, Baugruppen oder fertige Einheiten handelt. Unsere Produktion ist sowohl auf kleine als auch auf gro\u00dfe [&hellip;]<\/p>\n","protected":false},"author":9,"featured_media":22171,"parent":22099,"menu_order":0,"comment_status":"closed","ping_status":"closed","template":"","meta":{"_acf_changed":false,"site-sidebar-layout":"no-sidebar","site-content-layout":"page-builder","ast-site-content-layout":"full-width-container","site-content-style":"default","site-sidebar-style":"default","ast-global-header-display":"","ast-banner-title-visibility":"","ast-main-header-display":"","ast-hfb-above-header-display":"","ast-hfb-below-header-display":"","ast-hfb-mobile-header-display":"","site-post-title":"disabled","ast-breadcrumbs-content":"","ast-featured-img":"disabled","footer-sml-layout":"","ast-disable-related-posts":"","theme-transparent-header-meta":"","adv-header-id-meta":"","stick-header-meta":"","header-above-stick-meta":"","header-main-stick-meta":"","header-below-stick-meta":"","astra-migrate-meta-layouts":"set","ast-page-background-enabled":"default","ast-page-background-meta":{"desktop":{"background-color":"","background-image":"","background-repeat":"repeat","background-position":"center center","background-size":"auto","background-attachment":"scroll","background-type":"","background-media":"","overlay-type":"","overlay-color":"","overlay-opacity":"","overlay-gradient":""},"tablet":{"background-color":"","background-image":"","background-repeat":"repeat","background-position":"center center","background-size":"auto","background-attachment":"scroll","background-type":"","background-media":"","overlay-type":"","overlay-color":"","overlay-opacity":"","overlay-gradient":""},"mobile":{"background-color":"","background-image":"","background-repeat":"repeat","background-position":"center center","background-size":"auto","background-attachment":"scroll","background-type":"","background-media":"","overlay-type":"","overlay-color":"","overlay-opacity":"","overlay-gradient":""}},"ast-content-background-meta":{"desktop":{"background-color":"var(--ast-global-color-5)","background-image":"","background-repeat":"repeat","background-position":"center center","background-size":"auto","background-attachment":"scroll","background-type":"","background-media":"","overlay-type":"","overlay-color":"","overlay-opacity":"","overlay-gradient":""},"tablet":{"background-color":"var(--ast-global-color-5)","background-image":"","background-repeat":"repeat","background-position":"center center","background-size":"auto","background-attachment":"scroll","background-type":"","background-media":"","overlay-type":"","overlay-color":"","overlay-opacity":"","overlay-gradient":""},"mobile":{"background-color":"var(--ast-global-color-5)","background-image":"","background-repeat":"repeat","background-position":"center center","background-size":"auto","background-attachment":"scroll","background-type":"","background-media":"","overlay-type":"","overlay-color":"","overlay-opacity":"","overlay-gradient":""}},"footnotes":""},"class_list":["post-22169","page","type-page","status-publish","has-post-thumbnail","hentry","desktop-align-left","tablet-align-left","mobile-align-left","ast-product-gallery-layout-horizontal","ast-product-tabs-layout-horizontal"],"acf":[],"rttpg_featured_image_url":{"full":["https:\/\/jas.dk\/wp-content\/uploads\/2025\/05\/20230524_102656-scaled.jpg",2560,1920,false],"landscape":["https:\/\/jas.dk\/wp-content\/uploads\/2025\/05\/20230524_102656-scaled.jpg",2560,1920,false],"portraits":["https:\/\/jas.dk\/wp-content\/uploads\/2025\/05\/20230524_102656-scaled.jpg",2560,1920,false],"thumbnail":["https:\/\/jas.dk\/wp-content\/uploads\/2025\/05\/20230524_102656-150x150.jpg",150,150,true],"medium":["https:\/\/jas.dk\/wp-content\/uploads\/2025\/05\/20230524_102656-300x225.jpg",300,225,true],"large":["https:\/\/jas.dk\/wp-content\/uploads\/2025\/05\/20230524_102656-1024x768.jpg",1024,768,true],"1536x1536":["https:\/\/jas.dk\/wp-content\/uploads\/2025\/05\/20230524_102656-1536x1152.jpg",1536,1152,true],"2048x2048":["https:\/\/jas.dk\/wp-content\/uploads\/2025\/05\/20230524_102656-2048x1536.jpg",2048,1536,true],"woocommerce_thumbnail":["https:\/\/jas.dk\/wp-content\/uploads\/2025\/05\/20230524_102656-scaled-640x640.jpg",640,640,true],"woocommerce_single":["https:\/\/jas.dk\/wp-content\/uploads\/2025\/05\/20230524_102656-scaled-640x480.jpg",640,480,true],"woocommerce_gallery_thumbnail":["https:\/\/jas.dk\/wp-content\/uploads\/2025\/05\/20230524_102656-scaled-100x100.jpg",100,100,true],"dgwt-wcas-product-suggestion":["https:\/\/jas.dk\/wp-content\/uploads\/2025\/05\/20230524_102656-scaled.jpg",64,48,false]},"rttpg_author":{"display_name":"Daniel Cohen","author_link":"https:\/\/jas.dk\/de\/author\/d-cohen\/"},"rttpg_comment":0,"rttpg_category":" <a href=\"https:\/\/jas.dk\/de\/?taxonomy=translation_priority&#038;term=optional-de\" rel=\"tag\">Optional<\/a>","rttpg_excerpt":"Als Zulieferer ist JAS ein zuverl\u00e4ssiger und flexibler Fertigungspartner, der p\u00fcnktlich Qualit\u00e4tsl\u00f6sungen liefert. Wir arbeiten eng mit unseren Kunden zusammen, um sicherzustellen, dass jeder Auftrag effizient und mit Liebe zum Detail ausgef\u00fchrt wird &#8211; egal ob es sich um Einzelteile, Baugruppen oder fertige Einheiten handelt. Unsere Produktion ist sowohl auf kleine als auch auf gro\u00dfe...","_links":{"self":[{"href":"https:\/\/jas.dk\/de\/wp-json\/wp\/v2\/pages\/22169","targetHints":{"allow":["GET"]}}],"collection":[{"href":"https:\/\/jas.dk\/de\/wp-json\/wp\/v2\/pages"}],"about":[{"href":"https:\/\/jas.dk\/de\/wp-json\/wp\/v2\/types\/page"}],"author":[{"embeddable":true,"href":"https:\/\/jas.dk\/de\/wp-json\/wp\/v2\/users\/9"}],"replies":[{"embeddable":true,"href":"https:\/\/jas.dk\/de\/wp-json\/wp\/v2\/comments?post=22169"}],"version-history":[{"count":0,"href":"https:\/\/jas.dk\/de\/wp-json\/wp\/v2\/pages\/22169\/revisions"}],"up":[{"embeddable":true,"href":"https:\/\/jas.dk\/de\/wp-json\/wp\/v2\/pages\/22099"}],"wp:featuredmedia":[{"embeddable":true,"href":"https:\/\/jas.dk\/de\/wp-json\/wp\/v2\/media\/22171"}],"wp:attachment":[{"href":"https:\/\/jas.dk\/de\/wp-json\/wp\/v2\/media?parent=22169"}],"curies":[{"name":"wp","href":"https:\/\/api.w.org\/{rel}","templated":true}]}}