{"id":22208,"date":"2025-03-20T14:26:55","date_gmt":"2025-03-20T13:26:55","guid":{"rendered":"https:\/\/jas.dk\/branchen\/"},"modified":"2026-03-16T14:45:10","modified_gmt":"2026-03-16T13:45:10","slug":"branchen","status":"publish","type":"page","link":"https:\/\/jas.dk\/de\/branchen\/","title":{"rendered":"Branchen"},"content":{"rendered":"\t\t<div data-elementor-type=\"wp-page\" data-elementor-id=\"22208\" class=\"elementor elementor-22208 elementor-8418\" data-elementor-post-type=\"page\">\n\t\t\t\t<div class=\"elementor-element elementor-element-c71da8f e-flex e-con-boxed e-con e-parent\" data-id=\"c71da8f\" data-element_type=\"container\" data-e-type=\"container\">\n\t\t\t\t\t<div class=\"e-con-inner\">\n\t\t\t\t\t<\/div>\n\t\t\t\t<\/div>\n\t\t<div class=\"elementor-element elementor-element-3f643e9 e-flex e-con-boxed e-con e-parent\" data-id=\"3f643e9\" data-element_type=\"container\" data-e-type=\"container\">\n\t\t\t\t\t<div class=\"e-con-inner\">\n\t\t\t\t<div class=\"elementor-element elementor-element-853130d elementor-widget elementor-widget-heading\" data-id=\"853130d\" data-element_type=\"widget\" data-e-type=\"widget\" data-widget_type=\"heading.default\">\n\t\t\t\t\t<h4 class=\"elementor-heading-title elementor-size-default\">Industrielle L\u00f6sungen\n<\/h4>\t\t\t\t<\/div>\n\t\t\t\t<div class=\"elementor-element elementor-element-58d29e6 elementor-widget elementor-widget-text-editor\" data-id=\"58d29e6\" data-element_type=\"widget\" data-e-type=\"widget\" data-widget_type=\"text-editor.default\">\n\t\t\t\t\t\t\t\t\t<p>Wir bei JAS entwickeln und fertigen <strong>Industriem\u00f6bel<\/strong> f\u00fcr eine Vielzahl von <strong>Branchen<\/strong> &#8211; darunter Fertigung, Lagerhaltung und Logistik, Transport und Gesundheitswesen. Unsere L\u00f6sungen sind darauf ausgerichtet, Arbeitsabl\u00e4ufe zu optimieren, die Ergonomie zu verbessern und hohe Qualit\u00e4t zu gew\u00e4hrleisten &#8211; unabh\u00e4ngig von der Branche. <\/p>\t\t\t\t\t\t\t\t<\/div>\n\t\t\t\t\t<\/div>\n\t\t\t\t<\/div>\n\t\t<div class=\"elementor-element elementor-element-c22243d e-grid e-con-full e-con e-parent\" data-id=\"c22243d\" data-element_type=\"container\" data-e-type=\"container\">\n\t\t\t\t<div class=\"elementor-element elementor-element-4a140a8 cta-squared elementor-cta--layout-image-above elementor-cta--skin-classic elementor-animated-content elementor-bg-transform elementor-bg-transform-zoom-in elementor-widget elementor-widget-call-to-action\" data-id=\"4a140a8\" data-element_type=\"widget\" data-e-type=\"widget\" data-widget_type=\"call-to-action.default\">\n\t\t\t\t\t\t\t<a class=\"elementor-cta\" href=\"https:\/\/jas.dk\/de\/branchen\/lager-logistik\/\">\n\t\t\t\t\t<div class=\"elementor-cta__bg-wrapper\">\n\t\t\t\t<div class=\"elementor-cta__bg elementor-bg\" style=\"background-image: url(https:\/\/jas.dk\/wp-content\/uploads\/2025\/01\/jas_high-12_optimized-768x1152.jpg);\" role=\"img\" aria-label=\"L\u00f6sungen f\u00fcr Lager und Logistik\"><\/div>\n\t\t\t\t<div class=\"elementor-cta__bg-overlay\"><\/div>\n\t\t\t<\/div>\n\t\t\t\t\t\t\t<div class=\"elementor-cta__content\">\n\t\t\t\t\n\t\t\t\t\t\t\t\t\t<h3 class=\"elementor-cta__title elementor-cta__content-item elementor-content-item\">\n\t\t\t\t\t\tLager &amp; Logistik\t\t\t\t\t<\/h3>\n\t\t\t\t\n\t\t\t\t\t\t\t\t\t<div class=\"elementor-cta__description elementor-cta__content-item elementor-content-item\">\n\t\t\t\t\t\tEffizienter Umgang mit Waren, vom Wareneingang \u00fcber die Lagerung bis zum Versand.\t\t\t\t\t<\/div>\n\t\t\t\t\n\t\t\t\t\t\t\t\t\t<div class=\"elementor-cta__button-wrapper elementor-cta__content-item elementor-content-item \">\n\t\t\t\t\t<span class=\"elementor-cta__button elementor-button elementor-size-\">\n\t\t\t\t\t\tWeiterlesen\t\t\t\t\t<\/span>\n\t\t\t\t\t<\/div>\n\t\t\t\t\t\t\t<\/div>\n\t\t\t\t\t\t<\/a>\n\t\t\t\t\t\t<\/div>\n\t\t\t\t<div class=\"elementor-element elementor-element-337dd57 cta-squared elementor-cta--layout-image-above elementor-cta--skin-classic elementor-animated-content elementor-bg-transform elementor-bg-transform-zoom-in elementor-widget elementor-widget-call-to-action\" data-id=\"337dd57\" data-element_type=\"widget\" data-e-type=\"widget\" data-widget_type=\"call-to-action.default\">\n\t\t\t\t\t\t\t<a class=\"elementor-cta\" href=\"https:\/\/jas.dk\/de\/branchen\/produktion\/\">\n\t\t\t\t\t<div class=\"elementor-cta__bg-wrapper\">\n\t\t\t\t<div class=\"elementor-cta__bg elementor-bg\" style=\"background-image: url(https:\/\/jas.dk\/wp-content\/uploads\/2023\/11\/White-Minimalist-Simple-Aesthetic-Name-Twitter-Header-1024x341.jpg);\" role=\"img\" aria-label=\"Wei\u00dfer minimalistischer einfacher \u00e4sthetischer Name Twitter Header\"><\/div>\n\t\t\t\t<div class=\"elementor-cta__bg-overlay\"><\/div>\n\t\t\t<\/div>\n\t\t\t\t\t\t\t<div class=\"elementor-cta__content\">\n\t\t\t\t\n\t\t\t\t\t\t\t\t\t<h3 class=\"elementor-cta__title elementor-cta__content-item elementor-content-item\">\n\t\t\t\t\t\tProduktion\t\t\t\t\t<\/h3>\n\t\t\t\t\n\t\t\t\t\t\t\t\t\t<div class=\"elementor-cta__description elementor-cta__content-item elementor-content-item\">\n\t\t\t\t\t\tRationelle L\u00f6sungen f\u00fcr industrielle Produktionsumgebungen, die hohe Qualit\u00e4t, Effizienz und Sicherheit w\u00e4hrend des gesamten Prozesses gew\u00e4hrleisten.\n\n\t\t\t\t\t<\/div>\n\t\t\t\t\n\t\t\t\t\t\t\t\t\t<div class=\"elementor-cta__button-wrapper elementor-cta__content-item elementor-content-item \">\n\t\t\t\t\t<span class=\"elementor-cta__button elementor-button elementor-size-\">\n\t\t\t\t\t\tWeiterlesen\t\t\t\t\t<\/span>\n\t\t\t\t\t<\/div>\n\t\t\t\t\t\t\t<\/div>\n\t\t\t\t\t\t<\/a>\n\t\t\t\t\t\t<\/div>\n\t\t\t\t<div class=\"elementor-element elementor-element-2596f4b cta-squared elementor-cta--layout-image-above elementor-cta--skin-classic elementor-animated-content elementor-bg-transform elementor-bg-transform-zoom-in elementor-widget elementor-widget-call-to-action\" data-id=\"2596f4b\" data-element_type=\"widget\" data-e-type=\"widget\" data-widget_type=\"call-to-action.default\">\n\t\t\t\t\t\t\t<a class=\"elementor-cta\" href=\"https:\/\/jas.dk\/de\/branchen\/transport\/\">\n\t\t\t\t\t<div class=\"elementor-cta__bg-wrapper\">\n\t\t\t\t<div class=\"elementor-cta__bg elementor-bg\" style=\"background-image: url(https:\/\/jas.dk\/wp-content\/uploads\/2025\/05\/20250502_100650-1-768x768.png);\" role=\"img\" aria-label=\"20250502_100650\"><\/div>\n\t\t\t\t<div class=\"elementor-cta__bg-overlay\"><\/div>\n\t\t\t<\/div>\n\t\t\t\t\t\t\t<div class=\"elementor-cta__content\">\n\t\t\t\t\n\t\t\t\t\t\t\t\t\t<h3 class=\"elementor-cta__title elementor-cta__content-item elementor-content-item\">\n\t\t\t\t\t\tTransport\t\t\t\t\t<\/h3>\n\t\t\t\t\n\t\t\t\t\t\t\t\t\t<div class=\"elementor-cta__description elementor-cta__content-item elementor-content-item\">\n\t\t\t\t\t\tProdukte f\u00fcr die Transportindustrie mit dem Schwerpunkt auf Langlebigkeit.\t\t\t\t\t<\/div>\n\t\t\t\t\n\t\t\t\t\t\t\t\t\t<div class=\"elementor-cta__button-wrapper elementor-cta__content-item elementor-content-item \">\n\t\t\t\t\t<span class=\"elementor-cta__button elementor-button elementor-size-\">\n\t\t\t\t\t\tWeiterlesen\t\t\t\t\t<\/span>\n\t\t\t\t\t<\/div>\n\t\t\t\t\t\t\t<\/div>\n\t\t\t\t\t\t<\/a>\n\t\t\t\t\t\t<\/div>\n\t\t\t\t<div class=\"elementor-element elementor-element-995a571 cta-squared elementor-cta--layout-image-above elementor-cta--skin-classic elementor-animated-content elementor-bg-transform elementor-bg-transform-zoom-in elementor-widget elementor-widget-call-to-action\" data-id=\"995a571\" data-element_type=\"widget\" data-e-type=\"widget\" data-widget_type=\"call-to-action.default\">\n\t\t\t\t\t\t\t<a class=\"elementor-cta\" href=\"https:\/\/jas.dk\/de\/branchen\/textil\/\">\n\t\t\t\t\t<div class=\"elementor-cta__bg-wrapper\">\n\t\t\t\t<div class=\"elementor-cta__bg elementor-bg\" style=\"background-image: url(https:\/\/jas.dk\/wp-content\/uploads\/2025\/05\/IMG_0077-1-3-1-768x768.jpg);\" role=\"img\" aria-label=\"IMG_0077-1-3\"><\/div>\n\t\t\t\t<div class=\"elementor-cta__bg-overlay\"><\/div>\n\t\t\t<\/div>\n\t\t\t\t\t\t\t<div class=\"elementor-cta__content\">\n\t\t\t\t\n\t\t\t\t\t\t\t\t\t<h3 class=\"elementor-cta__title elementor-cta__content-item elementor-content-item\">\n\t\t\t\t\t\tTextil\t\t\t\t\t<\/h3>\n\t\t\t\t\n\t\t\t\t\t\t\t\t\t<div class=\"elementor-cta__description elementor-cta__content-item elementor-content-item\">\n\t\t\t\t\t\tMa\u00dfgeschneiderte L\u00f6sungen f\u00fcr die Textilindustrie, die alle Ihre Anforderungen erf\u00fcllen.\t\t\t\t\t<\/div>\n\t\t\t\t\n\t\t\t\t\t\t\t\t\t<div class=\"elementor-cta__button-wrapper elementor-cta__content-item elementor-content-item \">\n\t\t\t\t\t<span class=\"elementor-cta__button elementor-button elementor-size-\">\n\t\t\t\t\t\tWeiterlesen\t\t\t\t\t<\/span>\n\t\t\t\t\t<\/div>\n\t\t\t\t\t\t\t<\/div>\n\t\t\t\t\t\t<\/a>\n\t\t\t\t\t\t<\/div>\n\t\t\t\t<div class=\"elementor-element elementor-element-c6b964f cta-squared elementor-cta--layout-image-above elementor-cta--skin-classic elementor-animated-content elementor-bg-transform elementor-bg-transform-zoom-in elementor-widget elementor-widget-call-to-action\" data-id=\"c6b964f\" data-element_type=\"widget\" data-e-type=\"widget\" data-widget_type=\"call-to-action.default\">\n\t\t\t\t\t\t\t<a class=\"elementor-cta\" href=\"https:\/\/jas.dk\/de\/branchen\/gesundheitssektor\/\">\n\t\t\t\t\t<div class=\"elementor-cta__bg-wrapper\">\n\t\t\t\t<div class=\"elementor-cta__bg elementor-bg\" style=\"background-image: url(https:\/\/jas.dk\/wp-content\/uploads\/2025\/06\/Sundhedssektoren-768x768.jpg);\" role=\"img\" aria-label=\"Gesundheitssektor\"><\/div>\n\t\t\t\t<div class=\"elementor-cta__bg-overlay\"><\/div>\n\t\t\t<\/div>\n\t\t\t\t\t\t\t<div class=\"elementor-cta__content\">\n\t\t\t\t\n\t\t\t\t\t\t\t\t\t<h3 class=\"elementor-cta__title elementor-cta__content-item elementor-content-item\">\n\t\t\t\t\t\tGesundheitssektor\t\t\t\t\t<\/h3>\n\t\t\t\t\n\t\t\t\t\t\t\t\t\t<div class=\"elementor-cta__description elementor-cta__content-item elementor-content-item\">\n\t\t\t\t\t\tProdukte f\u00fcr das Gesundheitswesen mit Schwerpunkt auf Hygiene, Benutzerfreundlichkeit und Sicherheit.\t\t\t\t\t<\/div>\n\t\t\t\t\n\t\t\t\t\t\t\t\t\t<div class=\"elementor-cta__button-wrapper elementor-cta__content-item elementor-content-item \">\n\t\t\t\t\t<span class=\"elementor-cta__button elementor-button elementor-size-\">\n\t\t\t\t\t\tWeiterlesen\t\t\t\t\t<\/span>\n\t\t\t\t\t<\/div>\n\t\t\t\t\t\t\t<\/div>\n\t\t\t\t\t\t<\/a>\n\t\t\t\t\t\t<\/div>\n\t\t\t\t<div class=\"elementor-element elementor-element-23f036d cta-squared elementor-cta--layout-image-above elementor-cta--skin-classic elementor-animated-content elementor-bg-transform elementor-bg-transform-zoom-in elementor-widget elementor-widget-call-to-action\" data-id=\"23f036d\" data-element_type=\"widget\" data-e-type=\"widget\" data-widget_type=\"call-to-action.default\">\n\t\t\t\t\t\t\t<a class=\"elementor-cta\" href=\"https:\/\/jas.dk\/de\/branchen\/installation-der-schalttafel\/\">\n\t\t\t\t\t<div class=\"elementor-cta__bg-wrapper\">\n\t\t\t\t<div class=\"elementor-cta__bg elementor-bg\" style=\"background-image: url(https:\/\/jas.dk\/wp-content\/uploads\/2025\/06\/Eltavle-montage-768x768.jpg);\" role=\"img\" aria-label=\"Montage der Schalttafel\"><\/div>\n\t\t\t\t<div class=\"elementor-cta__bg-overlay\"><\/div>\n\t\t\t<\/div>\n\t\t\t\t\t\t\t<div class=\"elementor-cta__content\">\n\t\t\t\t\n\t\t\t\t\t\t\t\t\t<h3 class=\"elementor-cta__title elementor-cta__content-item elementor-content-item\">\n\t\t\t\t\t\tSchaltschrankproduktion\t\t\t\t\t<\/h3>\n\t\t\t\t\n\t\t\t\t\t\t\t\t\t<div class=\"elementor-cta__description elementor-cta__content-item elementor-content-item\">\n\t\t\t\t\t\tDie richtige L\u00f6sung f\u00fcr Ihre Schaltschrankproduktion.\t\t\t\t\t<\/div>\n\t\t\t\t\n\t\t\t\t\t\t\t\t\t<div class=\"elementor-cta__button-wrapper elementor-cta__content-item elementor-content-item \">\n\t\t\t\t\t<span class=\"elementor-cta__button elementor-button elementor-size-\">\n\t\t\t\t\t\tWeiterlesen\t\t\t\t\t<\/span>\n\t\t\t\t\t<\/div>\n\t\t\t\t\t\t\t<\/div>\n\t\t\t\t\t\t<\/a>\n\t\t\t\t\t\t<\/div>\n\t\t\t\t<\/div>\n\t\t<div class=\"elementor-element elementor-element-5ef3629 e-flex e-con-boxed e-con e-parent\" data-id=\"5ef3629\" data-element_type=\"container\" data-e-type=\"container\">\n\t\t\t\t\t<div class=\"e-con-inner\">\n\t\t\t\t<div class=\"elementor-element elementor-element-b5065aa elementor-widget elementor-widget-spacer\" data-id=\"b5065aa\" data-element_type=\"widget\" data-e-type=\"widget\" data-widget_type=\"spacer.default\">\n\t\t\t\t\t\t\t<div class=\"elementor-spacer\">\n\t\t\t<div class=\"elementor-spacer-inner\"><\/div>\n\t\t<\/div>\n\t\t\t\t\t\t<\/div>\n\t\t\t\t\t<\/div>\n\t\t\t\t<\/div>\n\t\t\t\t<\/div>\n\t\t","protected":false},"excerpt":{"rendered":"<p>Industrielle L\u00f6sungen Wir bei JAS entwickeln und fertigen Industriem\u00f6bel f\u00fcr eine Vielzahl von Branchen &#8211; darunter Fertigung, Lagerhaltung und Logistik, Transport und Gesundheitswesen. Unsere L\u00f6sungen sind darauf ausgerichtet, Arbeitsabl\u00e4ufe zu optimieren, die Ergonomie zu verbessern und hohe Qualit\u00e4t zu gew\u00e4hrleisten &#8211; unabh\u00e4ngig von der Branche. Lager &amp; Logistik Effizienter Umgang mit Waren, vom Wareneingang \u00fcber [&hellip;]<\/p>\n","protected":false},"author":9,"featured_media":22212,"parent":0,"menu_order":0,"comment_status":"closed","ping_status":"closed","template":"","meta":{"_acf_changed":false,"site-sidebar-layout":"no-sidebar","site-content-layout":"page-builder","ast-site-content-layout":"full-width-container","site-content-style":"default","site-sidebar-style":"default","ast-global-header-display":"","ast-banner-title-visibility":"","ast-main-header-display":"","ast-hfb-above-header-display":"","ast-hfb-below-header-display":"","ast-hfb-mobile-header-display":"","site-post-title":"disabled","ast-breadcrumbs-content":"","ast-featured-img":"disabled","footer-sml-layout":"","ast-disable-related-posts":"","theme-transparent-header-meta":"","adv-header-id-meta":"","stick-header-meta":"","header-above-stick-meta":"","header-main-stick-meta":"","header-below-stick-meta":"","astra-migrate-meta-layouts":"set","ast-page-background-enabled":"default","ast-page-background-meta":{"desktop":{"background-color":"","background-image":"","background-repeat":"repeat","background-position":"center center","background-size":"auto","background-attachment":"scroll","background-type":"","background-media":"","overlay-type":"","overlay-color":"","overlay-opacity":"","overlay-gradient":""},"tablet":{"background-color":"","background-image":"","background-repeat":"repeat","background-position":"center center","background-size":"auto","background-attachment":"scroll","background-type":"","background-media":"","overlay-type":"","overlay-color":"","overlay-opacity":"","overlay-gradient":""},"mobile":{"background-color":"","background-image":"","background-repeat":"repeat","background-position":"center center","background-size":"auto","background-attachment":"scroll","background-type":"","background-media":"","overlay-type":"","overlay-color":"","overlay-opacity":"","overlay-gradient":""}},"ast-content-background-meta":{"desktop":{"background-color":"var(--ast-global-color-5)","background-image":"","background-repeat":"repeat","background-position":"center center","background-size":"auto","background-attachment":"scroll","background-type":"","background-media":"","overlay-type":"","overlay-color":"","overlay-opacity":"","overlay-gradient":""},"tablet":{"background-color":"var(--ast-global-color-5)","background-image":"","background-repeat":"repeat","background-position":"center center","background-size":"auto","background-attachment":"scroll","background-type":"","background-media":"","overlay-type":"","overlay-color":"","overlay-opacity":"","overlay-gradient":""},"mobile":{"background-color":"var(--ast-global-color-5)","background-image":"","background-repeat":"repeat","background-position":"center center","background-size":"auto","background-attachment":"scroll","background-type":"","background-media":"","overlay-type":"","overlay-color":"","overlay-opacity":"","overlay-gradient":""}},"footnotes":""},"class_list":["post-22208","page","type-page","status-publish","has-post-thumbnail","hentry"],"acf":[],"rttpg_featured_image_url":{"full":["https:\/\/jas.dk\/wp-content\/uploads\/2023\/11\/Design-uden-navn-5-1.jpg",2400,2400,false],"landscape":["https:\/\/jas.dk\/wp-content\/uploads\/2023\/11\/Design-uden-navn-5-1.jpg",2400,2400,false],"portraits":["https:\/\/jas.dk\/wp-content\/uploads\/2023\/11\/Design-uden-navn-5-1.jpg",2400,2400,false],"thumbnail":["https:\/\/jas.dk\/wp-content\/uploads\/2023\/11\/Design-uden-navn-5-1-150x150.jpg",150,150,true],"medium":["https:\/\/jas.dk\/wp-content\/uploads\/2023\/11\/Design-uden-navn-5-1-300x300.jpg",300,300,true],"large":["https:\/\/jas.dk\/wp-content\/uploads\/2023\/11\/Design-uden-navn-5-1-1024x1024.jpg",1024,1024,true],"1536x1536":["https:\/\/jas.dk\/wp-content\/uploads\/2023\/11\/Design-uden-navn-5-1-1536x1536.jpg",1536,1536,true],"2048x2048":["https:\/\/jas.dk\/wp-content\/uploads\/2023\/11\/Design-uden-navn-5-1-2048x2048.jpg",2048,2048,true],"woocommerce_thumbnail":["https:\/\/jas.dk\/wp-content\/uploads\/2023\/11\/Design-uden-navn-5-1-640x640.jpg",640,640,true],"woocommerce_single":["https:\/\/jas.dk\/wp-content\/uploads\/2023\/11\/Design-uden-navn-5-1-640x640.jpg",640,640,true],"woocommerce_gallery_thumbnail":["https:\/\/jas.dk\/wp-content\/uploads\/2023\/11\/Design-uden-navn-5-1-100x100.jpg",100,100,true],"dgwt-wcas-product-suggestion":["https:\/\/jas.dk\/wp-content\/uploads\/2023\/11\/Design-uden-navn-5-1.jpg",64,64,false]},"rttpg_author":{"display_name":"Daniel Cohen","author_link":"https:\/\/jas.dk\/de\/author\/d-cohen\/"},"rttpg_comment":0,"rttpg_category":" <a href=\"https:\/\/jas.dk\/de\/?taxonomy=translation_priority&#038;term=optional-de\" rel=\"tag\">Optional<\/a>","rttpg_excerpt":"Industrielle L\u00f6sungen Wir bei JAS entwickeln und fertigen Industriem\u00f6bel f\u00fcr eine Vielzahl von Branchen &#8211; darunter Fertigung, Lagerhaltung und Logistik, Transport und Gesundheitswesen. Unsere L\u00f6sungen sind darauf ausgerichtet, Arbeitsabl\u00e4ufe zu optimieren, die Ergonomie zu verbessern und hohe Qualit\u00e4t zu gew\u00e4hrleisten &#8211; unabh\u00e4ngig von der Branche. Lager &amp; Logistik Effizienter Umgang mit Waren, vom Wareneingang \u00fcber...","_links":{"self":[{"href":"https:\/\/jas.dk\/de\/wp-json\/wp\/v2\/pages\/22208","targetHints":{"allow":["GET"]}}],"collection":[{"href":"https:\/\/jas.dk\/de\/wp-json\/wp\/v2\/pages"}],"about":[{"href":"https:\/\/jas.dk\/de\/wp-json\/wp\/v2\/types\/page"}],"author":[{"embeddable":true,"href":"https:\/\/jas.dk\/de\/wp-json\/wp\/v2\/users\/9"}],"replies":[{"embeddable":true,"href":"https:\/\/jas.dk\/de\/wp-json\/wp\/v2\/comments?post=22208"}],"version-history":[{"count":8,"href":"https:\/\/jas.dk\/de\/wp-json\/wp\/v2\/pages\/22208\/revisions"}],"predecessor-version":[{"id":36957,"href":"https:\/\/jas.dk\/de\/wp-json\/wp\/v2\/pages\/22208\/revisions\/36957"}],"wp:featuredmedia":[{"embeddable":true,"href":"https:\/\/jas.dk\/de\/wp-json\/wp\/v2\/media\/22212"}],"wp:attachment":[{"href":"https:\/\/jas.dk\/de\/wp-json\/wp\/v2\/media?parent=22208"}],"curies":[{"name":"wp","href":"https:\/\/api.w.org\/{rel}","templated":true}]}}