{"id":22974,"date":"2023-11-17T10:09:03","date_gmt":"2023-11-17T10:09:03","guid":{"rendered":"https:\/\/jas.dk\/produkter\/unkategorisiert\/doppelseitiges-abzweigregal\/"},"modified":"2026-03-24T10:44:15","modified_gmt":"2026-03-24T09:44:15","slug":"doppelseitiges-abzweigregal","status":"publish","type":"product","link":"https:\/\/jas.dk\/de\/produkte\/halterungen-und-gestelle\/doppelseitiges-abzweigregal\/","title":{"rendered":"Ablage auf R\u00e4dern &#8211; 1300x950x1700 mm"},"content":{"rendered":"<h2 data-start=\"875\" data-end=\"939\"><strong data-start=\"879\" data-end=\"939\">LacktrockenregaAbzweigregal auf R\u00e4dern<\/strong><\/h2>\n<p data-start=\"941\" data-end=\"1207\">Dieses Abzweigregal auf R\u00e4dern bietet Ihnen eine flexible und effiziente Aufbewahrungsl\u00f6sung f\u00fcr lange Gegenst\u00e4nde wie Rohre, Profile und Leisten. Die doppelseitige Konstruktion erm\u00f6glicht den freien Zugang von beiden Seiten, w\u00e4hrend die Rollen es leicht machen, das Regal dorthin zu bewegen, wo es am meisten gebraucht wird. <\/p>\n<p data-start=\"1209\" data-end=\"1457\">Als <strong data-start=\"1218\" data-end=\"1243\">doppelseitiges Lacktrockenregal<\/strong> und als <strong data-start=\"1247\" data-end=\"1268\">Abzweigregal auf R\u00e4dern<\/strong> kombiniert diese L\u00f6sung Funktionalit\u00e4t und Mobilit\u00e4t, ohne dabei an Stabilit\u00e4t einzub\u00fc\u00dfen. Das macht es ideal f\u00fcr Werkst\u00e4tten, Produktion, Lager und Montagebereiche, wo Dynamik und Ordnung Hand in Hand gehen. <\/p>\n<h2 data-start=\"1464\" data-end=\"1500\">Funktionen und Merkmale<\/h2>\n<ul data-start=\"1501\" data-end=\"1856\">\n<li data-start=\"1501\" data-end=\"1571\">\n<p data-start=\"1503\" data-end=\"1571\"><strong data-start=\"1503\" data-end=\"1528\">Doppelseitige Struktur<\/strong> &#8211; Zugang zu den Materialien von beiden Seiten.<\/p>\n<\/li>\n<li data-start=\"1572\" data-end=\"1635\">\n<p data-start=\"1574\" data-end=\"1635\"><strong data-start=\"1574\" data-end=\"1589\">Bewegliche Rollen<\/strong> &#8211; macht den St\u00e4nder flexibel und leicht zu bewegen.<\/p>\n<\/li>\n<li data-start=\"1636\" data-end=\"1711\">\n<p data-start=\"1638\" data-end=\"1711\"><strong data-start=\"1638\" data-end=\"1661\">Robuste Konstruktion<\/strong> &#8211; gebaut, um viele Jahre mit schweren Lasten auszukommen.<\/p>\n<\/li>\n<li data-start=\"1712\" data-end=\"1784\">\n<p data-start=\"1714\" data-end=\"1784\"><strong data-start=\"1714\" data-end=\"1746\">Effiziente Raumnutzung<\/strong> &#8211; optimale Struktur ohne Platzverschwendung.<\/p>\n<\/li>\n<li data-start=\"1785\" data-end=\"1856\">\n<p data-start=\"1787\" data-end=\"1856\"><strong data-start=\"1787\" data-end=\"1813\">Organisierte Aufbewahrung<\/strong> &#8211; vereinfacht das Sortieren und den Zugriff auf Gegenst\u00e4nde.<\/p>\n<\/li>\n<\/ul>\n<h2 data-start=\"1863\" data-end=\"1902\">Personalisierung und Flexibilit\u00e4t<\/h2>\n<p data-start=\"1903\" data-end=\"2140\">Das Regal kann in <strong data-start=\"1926\" data-end=\"1947\">jeder RAL-Farbe<\/strong> geliefert werden, damit es optisch zu Ihrer Inneneinrichtung passt. Dar\u00fcber hinaus bieten wir <strong data-start=\"2019\" data-end=\"2054\">kundenspezifische Versionen mit Sonderma\u00dfen<\/strong> an, so dass das Regal in L\u00e4nge, Breite oder H\u00f6he an die jeweiligen Bed\u00fcrfnisse und das Layout angepasst werden kann. <\/p>\n<article class=\"text-token-text-primary w-full focus:outline-none scroll-mt-[calc(var(--header-height)+min(200px,max(70px,20svh)))]\" dir=\"auto\" tabindex=\"-1\" data-turn-id=\"request-68a595d9-32e4-8327-8a90-178a9ceed385-17\" data-testid=\"conversation-turn-278\" data-scroll-anchor=\"true\" data-turn=\"assistant\">\n<div class=\"text-base my-auto mx-auto pb-10 [--thread-content-margin:--spacing(4)] thread-sm:[--thread-content-margin:--spacing(6)] thread-lg:[--thread-content-margin:--spacing(16)] px-(--thread-content-margin)\">\n<div class=\"[--thread-content-max-width:40rem] thread-lg:[--thread-content-max-width:48rem] mx-auto max-w-(--thread-content-max-width) flex-1 group\/turn-messages focus-visible:outline-hidden relative flex w-full min-w-0 flex-col agent-turn\" tabindex=\"-1\">\n<div class=\"flex max-w-full flex-col grow\">\n<div class=\"min-h-8 text-message relative flex w-full flex-col items-end gap-2 text-start break-words whitespace-normal [.text-message+&amp;]:mt-5\" dir=\"auto\" data-message-author-role=\"assistant\" data-message-id=\"72dc8b9b-38b0-4353-9df1-178d55a4f797\" data-message-model-slug=\"gpt-5\">\n<div class=\"flex w-full flex-col gap-1 empty:hidden first:pt-[3px]\">\n<div class=\"markdown prose dark:prose-invert w-full break-words light markdown-new-styling\">\n<h2 data-start=\"2147\" data-end=\"2185\">Vorteile f\u00fcr Ihr Unternehmen<\/h2>\n<ul data-start=\"2186\" data-end=\"2582\">\n<li data-start=\"2186\" data-end=\"2266\">\n<p data-start=\"2188\" data-end=\"2266\"><strong data-start=\"2188\" data-end=\"2208\">Mobile Aufbewahrung<\/strong> &#8211; bewegen Sie das Filialregal genau dorthin, wo Sie es brauchen.<\/p>\n<\/li>\n<li data-start=\"2267\" data-end=\"2356\">\n<p data-start=\"2269\" data-end=\"2356\"><strong data-start=\"2269\" data-end=\"2290\">Besserer Arbeitsablauf<\/strong> &#8211; Zugang von beiden Seiten bedeutet weniger Hindernisse bei der t\u00e4glichen Arbeit.<\/p>\n<\/li>\n<li data-start=\"2357\" data-end=\"2421\">\n<p data-start=\"2359\" data-end=\"2421\"><strong data-start=\"2359\" data-end=\"2381\">Weniger Zeitverschwendung<\/strong> &#8211; schneller Zugriff auf Artikel spart Zeit.<\/p>\n<\/li>\n<li data-start=\"2422\" data-end=\"2496\">\n<p data-start=\"2424\" data-end=\"2496\"><strong data-start=\"2424\" data-end=\"2440\">Lange Lebensdauer<\/strong> &#8211; robustes Material und Konstruktion garantieren Langlebigkeit.<\/p>\n<\/li>\n<li data-start=\"2497\" data-end=\"2582\">\n<p data-start=\"2499\" data-end=\"2582\"><strong data-start=\"2499\" data-end=\"2531\">Verwaltbare Arbeitsabl\u00e4ufe<\/strong> &#8211; die L\u00f6sung schafft Ordnung und Struktur in den Materialien.<\/p>\n<\/li>\n<\/ul>\n<h2 data-start=\"2589\" data-end=\"2619\">Anwendungsbereiche<\/h2>\n<ul data-start=\"2620\" data-end=\"2910\">\n<li data-start=\"2620\" data-end=\"2683\">\n<p data-start=\"2622\" data-end=\"2683\">Werkst\u00e4tten und Produktionsst\u00e4tten mit vielen langen Teilen.<\/p>\n<\/li>\n<li data-start=\"2684\" data-end=\"2755\">\n<p data-start=\"2686\" data-end=\"2755\">Montage- und Logistikbereiche, in denen eine flexible Platzierung erforderlich ist.<\/p>\n<\/li>\n<li data-start=\"2756\" data-end=\"2832\">\n<p data-start=\"2758\" data-end=\"2832\">Lagerh\u00e4user und industrielle Umgebungen, in denen Organisation und schneller Zugriff wichtig sind.<\/p>\n<\/li>\n<li data-start=\"2833\" data-end=\"2910\">\n<p data-start=\"2835\" data-end=\"2910\">Projekte, bei denen Rohre, Profile und Leisten gelagert und regelm\u00e4\u00dfig bewegt werden.<\/p>\n<\/li>\n<\/ul>\n<p data-start=\"2917\" data-end=\"3236\">Eine mobile, robuste und doppelseitige L\u00f6sung f\u00fcr die Aufbewahrung langer Gegenst\u00e4nde mit einem <strong data-start=\"2960\" data-end=\"2980\">Abzweigregal auf R\u00e4dern<\/strong>. Das Produkt ist in <strong data-start=\"3084\" data-end=\"3105\">jeder RAL-Farbe<\/strong> erh\u00e4ltlich und kann mit <strong data-start=\"3123\" data-end=\"3155\">Sonderausf\u00fchrungen und -abmessungen<\/strong> genau auf Ihre Bed\u00fcrfnisse abgestimmt werden.  Kontaktieren Sie uns noch heute f\u00fcr ein unverbindliches Angebot.<\/p>\n<\/div>\n<\/div>\n<\/div>\n<\/div>\n<\/div>\n<\/div>\n<\/article>\n","protected":false},"excerpt":{"rendered":"<p>Robustes Abzweigregal auf R\u00e4dern &#8211; doppelseitige und mobile L\u00f6sung f\u00fcr die Lagerung von Rohren, Profilen und Leisten mit gutem Zugang und Struktur.<\/p>\n","protected":false},"featured_media":22977,"template":"","meta":{"_acf_changed":false,"site-sidebar-layout":"default","site-content-layout":"","ast-site-content-layout":"default","site-content-style":"default","site-sidebar-style":"default","ast-global-header-display":"","ast-banner-title-visibility":"","ast-main-header-display":"","ast-hfb-above-header-display":"","ast-hfb-below-header-display":"","ast-hfb-mobile-header-display":"","site-post-title":"","ast-breadcrumbs-content":"","ast-featured-img":"","footer-sml-layout":"","ast-disable-related-posts":"","theme-transparent-header-meta":"default","adv-header-id-meta":"","stick-header-meta":"default","header-above-stick-meta":"","header-main-stick-meta":"","header-below-stick-meta":"","astra-migrate-meta-layouts":"set","ast-page-background-enabled":"default","ast-page-background-meta":{"desktop":{"background-color":"","background-image":"","background-repeat":"repeat","background-position":"center center","background-size":"auto","background-attachment":"scroll","background-type":"","background-media":"","overlay-type":"","overlay-color":"","overlay-opacity":"","overlay-gradient":""},"tablet":{"background-color":"","background-image":"","background-repeat":"repeat","background-position":"center center","background-size":"auto","background-attachment":"scroll","background-type":"","background-media":"","overlay-type":"","overlay-color":"","overlay-opacity":"","overlay-gradient":""},"mobile":{"background-color":"","background-image":"","background-repeat":"repeat","background-position":"center center","background-size":"auto","background-attachment":"scroll","background-type":"","background-media":"","overlay-type":"","overlay-color":"","overlay-opacity":"","overlay-gradient":""}},"ast-content-background-meta":{"desktop":{"background-color":"var(--ast-global-color-5)","background-image":"","background-repeat":"repeat","background-position":"center center","background-size":"auto","background-attachment":"scroll","background-type":"","background-media":"","overlay-type":"","overlay-color":"","overlay-opacity":"","overlay-gradient":""},"tablet":{"background-color":"var(--ast-global-color-5)","background-image":"","background-repeat":"repeat","background-position":"center center","background-size":"auto","background-attachment":"scroll","background-type":"","background-media":"","overlay-type":"","overlay-color":"","overlay-opacity":"","overlay-gradient":""},"mobile":{"background-color":"var(--ast-global-color-5)","background-image":"","background-repeat":"repeat","background-position":"center center","background-size":"auto","background-attachment":"scroll","background-type":"","background-media":"","overlay-type":"","overlay-color":"","overlay-opacity":"","overlay-gradient":""}}},"product_brand":[],"product_cat":[1375,1376,1374],"product_tag":[],"class_list":{"0":"post-22974","1":"product","2":"type-product","3":"status-publish","4":"has-post-thumbnail","6":"product_cat-halterungen-und-gestelle","7":"product_cat-abzweigregale","8":"product_cat-produktion-montage","9":"pa_storrelser-1300x950x1700mm","10":"desktop-align-left","11":"tablet-align-left","12":"mobile-align-left","13":"ast-product-gallery-layout-horizontal","14":"ast-product-gallery-with-no-image","15":"ast-product-tabs-layout-horizontal","17":"first","18":"instock","19":"taxable","20":"shipping-taxable","21":"purchasable","22":"product-type-simple"},"acf":[],"_links":{"self":[{"href":"https:\/\/jas.dk\/de\/wp-json\/wp\/v2\/product\/22974","targetHints":{"allow":["GET"]}}],"collection":[{"href":"https:\/\/jas.dk\/de\/wp-json\/wp\/v2\/product"}],"about":[{"href":"https:\/\/jas.dk\/de\/wp-json\/wp\/v2\/types\/product"}],"version-history":[{"count":3,"href":"https:\/\/jas.dk\/de\/wp-json\/wp\/v2\/product\/22974\/revisions"}],"predecessor-version":[{"id":38669,"href":"https:\/\/jas.dk\/de\/wp-json\/wp\/v2\/product\/22974\/revisions\/38669"}],"wp:featuredmedia":[{"embeddable":true,"href":"https:\/\/jas.dk\/de\/wp-json\/wp\/v2\/media\/22977"}],"wp:attachment":[{"href":"https:\/\/jas.dk\/de\/wp-json\/wp\/v2\/media?parent=22974"}],"wp:term":[{"taxonomy":"product_brand","embeddable":true,"href":"https:\/\/jas.dk\/de\/wp-json\/wp\/v2\/product_brand?post=22974"},{"taxonomy":"product_cat","embeddable":true,"href":"https:\/\/jas.dk\/de\/wp-json\/wp\/v2\/product_cat?post=22974"},{"taxonomy":"product_tag","embeddable":true,"href":"https:\/\/jas.dk\/de\/wp-json\/wp\/v2\/product_tag?post=22974"}],"curies":[{"name":"wp","href":"https:\/\/api.w.org\/{rel}","templated":true}]}}