{"id":22988,"date":"2023-11-17T11:19:24","date_gmt":"2023-11-17T11:19:24","guid":{"rendered":"https:\/\/jas.dk\/produkter\/unkategorisiert\/netzkaefig-mit-abklappbarer-seite-schrottkaefig\/"},"modified":"2026-03-23T12:01:48","modified_gmt":"2026-03-23T11:01:48","slug":"netzkaefig-mit-abklappbarer-seite-schrottkaefig","status":"publish","type":"product","link":"https:\/\/jas.dk\/de\/produkte\/transportkaefige-und-gitterwagen\/netzkaefig-mit-abklappbarer-seite-schrottkaefig\/","title":{"rendered":"Gitterk\u00e4fig mit klappbarer Seite"},"content":{"rendered":"<h2 data-start=\"809\" data-end=\"858\"><strong data-start=\"813\" data-end=\"856\">Gitterk\u00e4fig mit klappbarer Seite &#8211; 900&#215;1200 mm<\/strong><\/h2>\n<p data-start=\"859\" data-end=\"1183\">Dieser <strong data-start=\"865\" data-end=\"908\">Gitterk\u00e4fig mit klappbarer Seite<\/strong> wurde f\u00fcr die effiziente und sichere Handhabung von Materialien, Abf\u00e4llen und Gegenst\u00e4nden in Produktions- und Logistikumgebungen entwickelt.<br data-start=\"1020\" data-end=\"1023\">Die klappbare Seite erleichtert das Be- und Entladen erheblich, und die robuste Stahlkonstruktion sorgt f\u00fcr Stabilit\u00e4t und Langlebigkeit &#8211; auch bei schweren Lasten.<\/p>\n<p data-start=\"1185\" data-end=\"1513\">Das Gitterdesign bietet einen guten \u00dcberblick \u00fcber den Inhalt und sorgt f\u00fcr eine gute Bel\u00fcftung, wodurch er sich ideal als <strong data-start=\"1294\" data-end=\"1310\">Transportk\u00e4fig<\/strong>, <strong data-start=\"1312\" data-end=\"1326\">Abfallk\u00e4fig<\/strong> oder <strong data-start=\"1333\" data-end=\"1350\">Sortierk\u00e4fig<\/strong> eignet.<br data-start=\"1351\" data-end=\"1354\">Die kompakte Gr\u00f6\u00dfe und die robuste Konstruktion machen ihn zu einer vielseitigen L\u00f6sung, die von der Industrie \u00fcber Werkst\u00e4tten bis hin zu Recycling- und Lagerbereichen eingesetzt werden kann.<\/p>\n<h2 data-start=\"1520\" data-end=\"1559\"><strong data-start=\"1524\" data-end=\"1557\">Funktionen und Merkmale<\/strong><\/h2>\n<ul data-start=\"1560\" data-end=\"1961\">\n<li data-start=\"1560\" data-end=\"1628\">\n<p data-start=\"1562\" data-end=\"1628\">Abmessungen: <strong data-start=\"1575\" data-end=\"1590\">900&#215;1200 mm<\/strong> &#8211; kompaktes und platzsparendes Format<\/p>\n<\/li>\n<li data-start=\"1629\" data-end=\"1688\">\n<p data-start=\"1631\" data-end=\"1688\">Klappbare Vorderseite &#8211; macht das Be- und Entladen einfach und ergonomisch<\/p>\n<\/li>\n<li data-start=\"1689\" data-end=\"1752\">\n<p data-start=\"1691\" data-end=\"1752\">Robuste Stahlkonstruktion &#8211; garantiert lange Lebensdauer und hohe Festigkeit<\/p>\n<\/li>\n<li data-start=\"1753\" data-end=\"1813\">\n<p data-start=\"1755\" data-end=\"1813\">Rasterdesign &#8211; sorgt f\u00fcr Bel\u00fcftung und Sichtbarkeit des Inhalts<\/p>\n<\/li>\n<li data-start=\"1814\" data-end=\"1884\">\n<p data-start=\"1816\" data-end=\"1884\">Geeignet als <strong data-start=\"1826\" data-end=\"1842\">Transportk\u00e4fig<\/strong>, <strong data-start=\"1844\" data-end=\"1858\">Abfallk\u00e4fig<\/strong> oder <strong data-start=\"1865\" data-end=\"1882\">Sortierk\u00e4fig<\/strong><\/p>\n<\/li>\n<li data-start=\"1885\" data-end=\"1961\">\n<p data-start=\"1887\" data-end=\"1961\">Hohe Tragf\u00e4higkeit &#8211; geeignet f\u00fcr schweres oder sperriges Material<\/p>\n<\/li>\n<\/ul>\n<h2 data-start=\"1968\" data-end=\"2010\"><strong data-start=\"1972\" data-end=\"2008\">Personalisierung und Flexibilit\u00e4t<\/strong><\/h2>\n<p data-start=\"2011\" data-end=\"2213\">Der K\u00e4fig kann in <strong data-start=\"2031\" data-end=\"2052\">jeder RAL-Farbe<\/strong> geliefert und in <strong data-start=\"2070\" data-end=\"2084\">individuellen Gr\u00f6\u00dfen<\/strong> hergestellt werden, die zu Ihrem Arbeitsbereich und Ihrer internen Logistik passen.<br data-start=\"2140\" data-end=\"2143\">Personalisierung mit Deckel, R\u00e4dern oder Hebeb\u00fcgeln nach Bedarf.<\/p>\n<h2 data-start=\"2220\" data-end=\"2261\"><strong data-start=\"2224\" data-end=\"2259\">Vorteile f\u00fcr Ihr Unternehmen<\/strong><\/h2>\n<ul data-start=\"2262\" data-end=\"2500\">\n<li data-start=\"2262\" data-end=\"2297\">\n<p data-start=\"2264\" data-end=\"2297\">Schneller Zugriff \u00fcber die klappbare Front<\/p>\n<\/li>\n<li data-start=\"2298\" data-end=\"2339\">\n<p data-start=\"2300\" data-end=\"2339\">Einfaches Entleeren und Bef\u00fcllen von Materialien<\/p>\n<\/li>\n<li data-start=\"2340\" data-end=\"2394\">\n<p data-start=\"2342\" data-end=\"2394\">Effiziente Raumausnutzung in Lager und Produktion<\/p>\n<\/li>\n<li data-start=\"2395\" data-end=\"2445\">\n<p data-start=\"2397\" data-end=\"2445\">Minimale Wartung und hohe Zuverl\u00e4ssigkeit<\/p>\n<\/li>\n<li data-start=\"2446\" data-end=\"2500\">\n<p data-start=\"2448\" data-end=\"2500\">Flexible Anwendung &#8211; ein K\u00e4fig f\u00fcr viele Funktionen<\/p>\n<\/li>\n<\/ul>\n<h2 data-start=\"2507\" data-end=\"2548\"><strong data-start=\"2511\" data-end=\"2546\">Typische Anwendungsbereiche<\/strong><\/h2>\n<ul data-start=\"2549\" data-end=\"2778\">\n<li data-start=\"2549\" data-end=\"2606\">\n<p data-start=\"2551\" data-end=\"2606\">Lagerhaltung und Logistik f\u00fcr den internen Transport von Komponenten<\/p>\n<\/li>\n<li data-start=\"2607\" data-end=\"2660\">\n<p data-start=\"2609\" data-end=\"2660\">Sortier- und Recyclingbereiche als <strong data-start=\"2644\" data-end=\"2658\">Abfallk\u00e4fige<\/strong><\/p>\n<\/li>\n<li data-start=\"2661\" data-end=\"2714\">\n<p data-start=\"2663\" data-end=\"2714\">Produktionsumgebungen mit mobilem Speicherbedarf<\/p>\n<\/li>\n<li data-start=\"2715\" data-end=\"2778\">\n<p data-start=\"2717\" data-end=\"2778\">Workshops und Servicebereiche, in denen Klarheit wichtig ist<\/p>\n<\/li>\n<\/ul>\n<p data-start=\"2785\" data-end=\"3190\"><strong data-start=\"2807\" data-end=\"2850\">Gitterk\u00e4fig mit klappbarer Seite &#8211; 900&#215;1200 mm<\/strong> bietet eine vielseitige und solide L\u00f6sung f\u00fcr die industrielle Handhabung.<br data-start=\"2912\" data-end=\"2915\">Die klappbare Seite, die stabile Stahlkonstruktion und der offene Gitterrahmen machen den K\u00e4fig ideal als <strong data-start=\"2999\" data-end=\"3015\">Transportk\u00e4fig<\/strong>, <strong data-start=\"3017\" data-end=\"3031\">Abfallk\u00e4fig<\/strong> oder <strong data-start=\"3038\" data-end=\"3055\">Sortierk\u00e4fig<\/strong>.<br data-start=\"3056\" data-end=\"3059\">Erh\u00e4ltlich in <strong data-start=\"3073\" data-end=\"3094\">jeder RAL-Farbe<\/strong> und als <strong data-start=\"3102\" data-end=\"3135\">Sonderversion mit individuellen Abmessungen<\/strong>, um sich an Ihre Arbeitsumgebung und Ihren Logistikfluss anzupassen.<\/p>\n","protected":false},"excerpt":{"rendered":"<p data-start=\"258\" data-end=\"485\">Praktischer Gitterk\u00e4fig mit klappbarer Seite &#8211; 900&#215;1200 mm, aus robustem Stahl und ideal als Transportk\u00e4fig, Abfallk\u00e4fig oder Sortierk\u00e4fig. Perfekt f\u00fcr die effiziente und sichere Handhabung in Produktion, Lagerung und Recycling. <\/p>\n","protected":false},"featured_media":22774,"template":"","meta":{"_acf_changed":false,"site-sidebar-layout":"default","site-content-layout":"","ast-site-content-layout":"default","site-content-style":"default","site-sidebar-style":"default","ast-global-header-display":"","ast-banner-title-visibility":"","ast-main-header-display":"","ast-hfb-above-header-display":"","ast-hfb-below-header-display":"","ast-hfb-mobile-header-display":"","site-post-title":"","ast-breadcrumbs-content":"","ast-featured-img":"","footer-sml-layout":"","ast-disable-related-posts":"","theme-transparent-header-meta":"default","adv-header-id-meta":"","stick-header-meta":"default","header-above-stick-meta":"","header-main-stick-meta":"","header-below-stick-meta":"","astra-migrate-meta-layouts":"set","ast-page-background-enabled":"default","ast-page-background-meta":{"desktop":{"background-color":"","background-image":"","background-repeat":"repeat","background-position":"center center","background-size":"auto","background-attachment":"scroll","background-type":"","background-media":"","overlay-type":"","overlay-color":"","overlay-opacity":"","overlay-gradient":""},"tablet":{"background-color":"","background-image":"","background-repeat":"repeat","background-position":"center center","background-size":"auto","background-attachment":"scroll","background-type":"","background-media":"","overlay-type":"","overlay-color":"","overlay-opacity":"","overlay-gradient":""},"mobile":{"background-color":"","background-image":"","background-repeat":"repeat","background-position":"center center","background-size":"auto","background-attachment":"scroll","background-type":"","background-media":"","overlay-type":"","overlay-color":"","overlay-opacity":"","overlay-gradient":""}},"ast-content-background-meta":{"desktop":{"background-color":"var(--ast-global-color-5)","background-image":"","background-repeat":"repeat","background-position":"center center","background-size":"auto","background-attachment":"scroll","background-type":"","background-media":"","overlay-type":"","overlay-color":"","overlay-opacity":"","overlay-gradient":""},"tablet":{"background-color":"var(--ast-global-color-5)","background-image":"","background-repeat":"repeat","background-position":"center center","background-size":"auto","background-attachment":"scroll","background-type":"","background-media":"","overlay-type":"","overlay-color":"","overlay-opacity":"","overlay-gradient":""},"mobile":{"background-color":"var(--ast-global-color-5)","background-image":"","background-repeat":"repeat","background-position":"center center","background-size":"auto","background-attachment":"scroll","background-type":"","background-media":"","overlay-type":"","overlay-color":"","overlay-opacity":"","overlay-gradient":""}}},"product_brand":[],"product_cat":[1399,1400,1398],"product_tag":[],"class_list":{"0":"post-22988","1":"product","2":"type-product","3":"status-publish","4":"has-post-thumbnail","6":"product_cat-transportkaefige-und-gitterwagen","7":"product_cat-kaefige-aus-mesh","8":"product_cat-transport","9":"pa_storrelser-900x1200mm","10":"desktop-align-left","11":"tablet-align-left","12":"mobile-align-left","13":"ast-product-gallery-layout-horizontal","14":"ast-product-tabs-layout-horizontal","16":"first","17":"instock","18":"taxable","19":"shipping-taxable","20":"purchasable","21":"product-type-simple"},"acf":[],"_links":{"self":[{"href":"https:\/\/jas.dk\/de\/wp-json\/wp\/v2\/product\/22988","targetHints":{"allow":["GET"]}}],"collection":[{"href":"https:\/\/jas.dk\/de\/wp-json\/wp\/v2\/product"}],"about":[{"href":"https:\/\/jas.dk\/de\/wp-json\/wp\/v2\/types\/product"}],"version-history":[{"count":3,"href":"https:\/\/jas.dk\/de\/wp-json\/wp\/v2\/product\/22988\/revisions"}],"predecessor-version":[{"id":38554,"href":"https:\/\/jas.dk\/de\/wp-json\/wp\/v2\/product\/22988\/revisions\/38554"}],"wp:featuredmedia":[{"embeddable":true,"href":"https:\/\/jas.dk\/de\/wp-json\/wp\/v2\/media\/22774"}],"wp:attachment":[{"href":"https:\/\/jas.dk\/de\/wp-json\/wp\/v2\/media?parent=22988"}],"wp:term":[{"taxonomy":"product_brand","embeddable":true,"href":"https:\/\/jas.dk\/de\/wp-json\/wp\/v2\/product_brand?post=22988"},{"taxonomy":"product_cat","embeddable":true,"href":"https:\/\/jas.dk\/de\/wp-json\/wp\/v2\/product_cat?post=22988"},{"taxonomy":"product_tag","embeddable":true,"href":"https:\/\/jas.dk\/de\/wp-json\/wp\/v2\/product_tag?post=22988"}],"curies":[{"name":"wp","href":"https:\/\/api.w.org\/{rel}","templated":true}]}}