{"id":23085,"date":"2023-11-17T12:07:50","date_gmt":"2023-11-17T12:07:50","guid":{"rendered":"https:\/\/jas.dk\/produkter\/unkategorisiert\/federpflugwagen-ergonomische-und-flexible-loesung\/"},"modified":"2026-03-13T11:27:21","modified_gmt":"2026-03-13T10:27:21","slug":"kommissionierwagen-mit-gefederter-ablage-ergonomische-und-flexible-loesung","status":"publish","type":"product","link":"https:\/\/jas.dk\/de\/produkte\/transportwagen\/kommissionierwagen-mit-gefederter-ablage-ergonomische-und-flexible-loesung\/","title":{"rendered":"Kommissionierwagen mit gefederter Ablage"},"content":{"rendered":"<h2 data-start=\"858\" data-end=\"904\"><strong data-start=\"862\" data-end=\"902\">Kommissionierwagen mit Federn &#8211; 850x450x800 mm<\/strong><\/h2>\n<p data-start=\"905\" data-end=\"1276\">Dieser <strong data-start=\"911\" data-end=\"951\">Kommissionierwagen mit Federn &#8211; 850x450x800 mm &#8211;<\/strong> wurde f\u00fcr eine ergonomische und effiziente Handhabung in Kommissionier- und Produktionsumgebungen entwickelt.<br data-start=\"1029\" data-end=\"1032\" \/>Die <strong data-start=\"1036\" data-end=\"1065\">gefederte Ablage<\/strong> senkt sich allm\u00e4hlich ab, je mehr Gewicht darauf lastet &#8211; der Tiefpunkt liegt bei ca. <strong data-start=\"1144\" data-end=\"1153\">30 kg<\/strong>.<br data-start=\"1154\" data-end=\"1157\" \/>Diese Funktion verringert die Notwendigkeit, sich zu b\u00fccken und schwer zu heben, und erh\u00f6ht sowohl den Komfort als auch die Effizienz im Alltag.<\/p>\n<p data-start=\"1278\" data-end=\"1575\">Der Wagen hat eine <strong data-start=\"1292\" data-end=\"1325\">maximale Tragf\u00e4higkeit von 100 kg<\/strong> und eine starke, stabile Stahlkonstruktion, die f\u00fcr eine lange Lebensdauer in industriellen Umgebungen sorgt.<br data-start=\"1414\" data-end=\"1417\" \/>Die <strong data-start=\"1420\" data-end=\"1432\">\u00d875-R\u00e4der<\/strong> sorgen f\u00fcr eine ruhige, stabile und gleichm\u00e4\u00dfige Bewegung, auch auf unebenen B\u00f6den, und machen den Wagen ideal f\u00fcr den Transport von leichten und schweren Komponenten.<\/p>\n<h2 data-start=\"1582\" data-end=\"1621\"><strong data-start=\"1586\" data-end=\"1619\">Funktionen und Merkmale<\/strong><\/h2>\n<ul data-start=\"1622\" data-end=\"1994\">\n<li data-start=\"1622\" data-end=\"1698\">\n<p data-start=\"1624\" data-end=\"1698\"><strong data-start=\"1624\" data-end=\"1652\">Federbelastete Tischplatte<\/strong> &#8211; automatische H\u00f6henanpassung bei Gewichtsver\u00e4nderung<\/p>\n<\/li>\n<li data-start=\"1699\" data-end=\"1771\">\n<p data-start=\"1701\" data-end=\"1771\"><strong data-start=\"1701\" data-end=\"1731\">Der Boden liegt bei 30 kg<\/strong> und h\u00e4lt einer Belastung <strong data-start=\"1741\" data-end=\"1758\">von bis zu 100 kg<\/strong> stand.<\/p>\n<\/li>\n<li data-start=\"1772\" data-end=\"1835\">\n<p data-start=\"1774\" data-end=\"1835\"><strong data-start=\"1774\" data-end=\"1786\">\u00d875 R\u00e4der<\/strong> &#8211; f\u00fcr stabiles und leichtes Fahren auf allen Untergr\u00fcnden<\/p>\n<\/li>\n<li data-start=\"1836\" data-end=\"1910\">\n<p data-start=\"1838\" data-end=\"1910\"><strong data-start=\"1838\" data-end=\"1859\">Kompakte Gr\u00f6\u00dfe<\/strong>: 850x450x800 mm &#8211; perfekt f\u00fcr kleine Arbeitsbereiche<\/p>\n<\/li>\n<li data-start=\"1911\" data-end=\"1994\">\n<p data-start=\"1913\" data-end=\"1994\"><strong data-start=\"1913\" data-end=\"1934\">Ergonomisches Design<\/strong> &#8211; reduziert die Belastung und verbessert die Arbeitseffizienz<\/p>\n<\/li>\n<\/ul>\n<h2 data-start=\"2001\" data-end=\"2043\"><strong data-start=\"2005\" data-end=\"2041\">Personalisierung und Flexibilit\u00e4t<\/strong><\/h2>\n<p data-start=\"2044\" data-end=\"2207\">Der Wagen kann in <strong data-start=\"2065\" data-end=\"2086\">jeder RAL-Farbe<\/strong> geliefert werden und wird als <strong data-start=\"2106\" data-end=\"2139\">Sonderausf\u00fchrung mit individuellen Ma\u00dfen<\/strong> hergestellt, die perfekt zu Ihrem Arbeitsablauf und Ihrem Lagerlayout passen.<\/p>\n<h2 data-start=\"2214\" data-end=\"2255\"><strong data-start=\"2218\" data-end=\"2253\">Vorteile f\u00fcr Ihr Unternehmen<\/strong><\/h2>\n<ul data-start=\"2256\" data-end=\"2468\">\n<li data-start=\"2256\" data-end=\"2294\">\n<p data-start=\"2258\" data-end=\"2294\">Verbesserte Ergonomie und Arbeitsumgebung<\/p>\n<\/li>\n<li data-start=\"2295\" data-end=\"2343\">\n<p data-start=\"2297\" data-end=\"2343\">Geringere k\u00f6rperliche Belastung bei Kommissionierung und Montage<\/p>\n<\/li>\n<li data-start=\"2344\" data-end=\"2395\">\n<p data-start=\"2346\" data-end=\"2395\">Stabile und robuste Konstruktion mit hoher Kapazit\u00e4t<\/p>\n<\/li>\n<li data-start=\"2396\" data-end=\"2428\">\n<p data-start=\"2398\" data-end=\"2428\">Leichte Man\u00f6vrierbarkeit mit \u00d875-R\u00e4dern<\/p>\n<\/li>\n<li data-start=\"2429\" data-end=\"2468\">\n<p data-start=\"2431\" data-end=\"2468\">Flexible Anpassung in Farbe und Abmessungen<\/p>\n<\/li>\n<\/ul>\n<h2 data-start=\"2475\" data-end=\"2516\"><strong data-start=\"2479\" data-end=\"2514\">Typische Anwendungsbereiche<\/strong><\/h2>\n<ul data-start=\"2517\" data-end=\"2633\">\n<li data-start=\"2517\" data-end=\"2536\">\n<p data-start=\"2519\" data-end=\"2536\">Kommissionierung und Montage<\/p>\n<\/li>\n<li data-start=\"2537\" data-end=\"2571\">\n<p data-start=\"2539\" data-end=\"2571\">Produktion und interner Transport<\/p>\n<\/li>\n<li data-start=\"2572\" data-end=\"2604\">\n<p data-start=\"2574\" data-end=\"2604\">Ergonomische Arbeitspl\u00e4tze<\/p>\n<\/li>\n<li data-start=\"2605\" data-end=\"2633\">\n<p data-start=\"2607\" data-end=\"2633\">Logistik und Lagerr\u00e4ume<\/p>\n<\/li>\n<\/ul>\n<p data-start=\"2640\" data-end=\"3051\">Der <strong data-start=\"2680\" data-end=\"2720\">gefederte Kommissionierwagen &#8211; 850x450x800 mm<\/strong> bietet Ihnen eine flexible und ergonomische L\u00f6sung, bei der die gefederte Tischplatte die Arbeit einfacher und effizienter macht.<br data-start=\"2838\" data-end=\"2841\" \/>Er stoppt bei 30 kg und kann eine Gesamtlast von bis zu 100 kg tragen.<br data-start=\"2921\" data-end=\"2924\" \/>Der Wagen hat <strong data-start=\"2935\" data-end=\"2947\">\u00d875-R\u00e4der<\/strong> f\u00fcr eine einfache Bewegung und ist in <strong data-start=\"2983\" data-end=\"3004\">jeder RAL-Farbe<\/strong> oder als <strong data-start=\"3015\" data-end=\"3048\">Sonderausf\u00fchrung mit kundenspezifischen Abmessungen<\/strong> erh\u00e4ltlich.<\/p>\n<p style=\"text-align: center;\"><em>Mehr Wagen sehen <strong><a role=\"button\" href=\"https:\/\/jas.dk\/en\/ware-categories\/trolleys\/\" aria-label=\"her\">hier<\/a><\/strong><\/em><\/p>\n","protected":false},"excerpt":{"rendered":"<p>Ergonomischer Kommissionierwagen mit Federn &#8211; 850x450x800 mm, bei dem sich die Tischplatte automatisch an das Gewicht anpasst. Bei 30 kg liegt der Tisch auf dem Boden und kann bis zu 100 kg tragen. Ausgestattet mit \u00d875-R\u00e4dern f\u00fcr stabiles und einfaches Man\u00f6vrieren in Lager und Produktion.<\/p>\n","protected":false},"featured_media":22808,"template":"","meta":{"_acf_changed":false,"site-sidebar-layout":"default","site-content-layout":"","ast-site-content-layout":"default","site-content-style":"default","site-sidebar-style":"default","ast-global-header-display":"","ast-banner-title-visibility":"","ast-main-header-display":"","ast-hfb-above-header-display":"","ast-hfb-below-header-display":"","ast-hfb-mobile-header-display":"","site-post-title":"","ast-breadcrumbs-content":"","ast-featured-img":"","footer-sml-layout":"","ast-disable-related-posts":"","theme-transparent-header-meta":"default","adv-header-id-meta":"","stick-header-meta":"default","header-above-stick-meta":"","header-main-stick-meta":"","header-below-stick-meta":"","astra-migrate-meta-layouts":"set","ast-page-background-enabled":"default","ast-page-background-meta":{"desktop":{"background-color":"","background-image":"","background-repeat":"repeat","background-position":"center center","background-size":"auto","background-attachment":"scroll","background-type":"","background-media":"","overlay-type":"","overlay-color":"","overlay-opacity":"","overlay-gradient":""},"tablet":{"background-color":"","background-image":"","background-repeat":"repeat","background-position":"center center","background-size":"auto","background-attachment":"scroll","background-type":"","background-media":"","overlay-type":"","overlay-color":"","overlay-opacity":"","overlay-gradient":""},"mobile":{"background-color":"","background-image":"","background-repeat":"repeat","background-position":"center center","background-size":"auto","background-attachment":"scroll","background-type":"","background-media":"","overlay-type":"","overlay-color":"","overlay-opacity":"","overlay-gradient":""}},"ast-content-background-meta":{"desktop":{"background-color":"var(--ast-global-color-5)","background-image":"","background-repeat":"repeat","background-position":"center center","background-size":"auto","background-attachment":"scroll","background-type":"","background-media":"","overlay-type":"","overlay-color":"","overlay-opacity":"","overlay-gradient":""},"tablet":{"background-color":"var(--ast-global-color-5)","background-image":"","background-repeat":"repeat","background-position":"center center","background-size":"auto","background-attachment":"scroll","background-type":"","background-media":"","overlay-type":"","overlay-color":"","overlay-opacity":"","overlay-gradient":""},"mobile":{"background-color":"var(--ast-global-color-5)","background-image":"","background-repeat":"repeat","background-position":"center center","background-size":"auto","background-attachment":"scroll","background-type":"","background-media":"","overlay-type":"","overlay-color":"","overlay-opacity":"","overlay-gradient":""}}},"product_brand":[],"product_cat":[1404,1447,1367],"product_tag":[],"class_list":{"0":"post-23085","1":"product","2":"type-product","3":"status-publish","4":"has-post-thumbnail","6":"product_cat-transportwagen","7":"product_cat-kommissionierwagen","8":"product_cat-lager-logistik","9":"pa_storrelser-850x450x800mm","10":"desktop-align-left","11":"tablet-align-left","12":"mobile-align-left","13":"ast-product-gallery-layout-horizontal","14":"ast-product-tabs-layout-horizontal","16":"first","17":"instock","18":"taxable","19":"shipping-taxable","20":"purchasable","21":"product-type-simple"},"acf":[],"_links":{"self":[{"href":"https:\/\/jas.dk\/de\/wp-json\/wp\/v2\/product\/23085","targetHints":{"allow":["GET"]}}],"collection":[{"href":"https:\/\/jas.dk\/de\/wp-json\/wp\/v2\/product"}],"about":[{"href":"https:\/\/jas.dk\/de\/wp-json\/wp\/v2\/types\/product"}],"version-history":[{"count":2,"href":"https:\/\/jas.dk\/de\/wp-json\/wp\/v2\/product\/23085\/revisions"}],"predecessor-version":[{"id":36769,"href":"https:\/\/jas.dk\/de\/wp-json\/wp\/v2\/product\/23085\/revisions\/36769"}],"wp:featuredmedia":[{"embeddable":true,"href":"https:\/\/jas.dk\/de\/wp-json\/wp\/v2\/media\/22808"}],"wp:attachment":[{"href":"https:\/\/jas.dk\/de\/wp-json\/wp\/v2\/media?parent=23085"}],"wp:term":[{"taxonomy":"product_brand","embeddable":true,"href":"https:\/\/jas.dk\/de\/wp-json\/wp\/v2\/product_brand?post=23085"},{"taxonomy":"product_cat","embeddable":true,"href":"https:\/\/jas.dk\/de\/wp-json\/wp\/v2\/product_cat?post=23085"},{"taxonomy":"product_tag","embeddable":true,"href":"https:\/\/jas.dk\/de\/wp-json\/wp\/v2\/product_tag?post=23085"}],"curies":[{"name":"wp","href":"https:\/\/api.w.org\/{rel}","templated":true}]}}