{"id":23116,"date":"2024-02-20T12:22:55","date_gmt":"2024-02-20T11:22:55","guid":{"rendered":"https:\/\/jas.dk\/produkter\/unkategorisiert\/textilwagen-mit-abklappbarem-griff\/"},"modified":"2026-03-19T15:38:41","modified_gmt":"2026-03-19T14:38:41","slug":"textilwagen-mit-abklappbarem-griff","status":"publish","type":"product","link":"https:\/\/jas.dk\/de\/produkte\/transportwagen\/textil-wagen\/textilwagen-mit-abklappbarem-griff\/","title":{"rendered":"Ergonomischer Textilwagen"},"content":{"rendered":"<h2 data-start=\"874\" data-end=\"939\"><strong data-start=\"878\" data-end=\"937\">Ergonomischer Textilwagen &#8211; flexibler und robuster Gitterwagen<\/strong><\/h2>\n<p data-start=\"941\" data-end=\"1228\">Dieser <strong data-start=\"947\" data-end=\"974\">ergonomische Textilwagen<\/strong> wurde f\u00fcr den effizienten und sicheren Transport von Textilien, Verpackungen und Komponenten in Industrie- und Logistikumgebungen entwickelt.<br data-start=\"1096\" data-end=\"1099\">Mit seinem offenen Gitterdesign, den stabilen R\u00e4dern und der benutzerfreundlichen Konstruktion schafft er eine flexiblere und ergonomischere Arbeitsumgebung.<\/p>\n<p data-start=\"1230\" data-end=\"1449\">Der Wagen ist aus <strong data-start=\"1254\" data-end=\"1271\">schwerem Stahl<\/strong> gefertigt und auf Stabilit\u00e4t und einfache Handhabung ausgelegt.<br data-start=\"1329\" data-end=\"1332\">Die vier <strong data-start=\"1340\" data-end=\"1359\">Tente-R\u00e4der \u00d8125<\/strong> sorgen f\u00fcr reibungslose Bewegung, geringen Rollwiderstand und volle Kontrolle &#8211; auch auf unebenem Untergrund.<\/p>\n<h2 data-start=\"1456\" data-end=\"1495\"><strong data-start=\"1460\" data-end=\"1493\">Funktionen und Merkmale<\/strong><\/h2>\n<ul data-start=\"1496\" data-end=\"1808\">\n<li data-start=\"1496\" data-end=\"1568\">\n<p data-start=\"1498\" data-end=\"1568\">Ergonomisches Design &#8211; reduziert schweres Heben und verbessert Arbeitsabl\u00e4ufe<\/p>\n<\/li>\n<li data-start=\"1569\" data-end=\"1634\">\n<p data-start=\"1571\" data-end=\"1634\">Solider Stahlrahmen mit Gitterstruktur f\u00fcr St\u00e4rke und Bel\u00fcftung<\/p>\n<\/li>\n<li data-start=\"1635\" data-end=\"1693\">\n<p data-start=\"1637\" data-end=\"1693\">Geringe Reibung und hohe Haltbarkeit <strong data-start=\"1637\" data-end=\"1656\">\u00d8125 Zeltr\u00e4der<\/strong> <\/p>\n<\/li>\n<li data-start=\"1694\" data-end=\"1750\">\n<p data-start=\"1696\" data-end=\"1750\">Einfacher Zugang von den Seiten f\u00fcr schnelles Be- und Entladen<\/p>\n<\/li>\n<li data-start=\"1751\" data-end=\"1808\">\n<p data-start=\"1753\" data-end=\"1808\">Geeignet f\u00fcr Textilien, Verpackungen und Komponenten<\/p>\n<\/li>\n<li data-start=\"1751\" data-end=\"1808\">Aufklappbarer\/abklappbarer Griff\/Druckstange<\/li>\n<\/ul>\n<h2 data-start=\"1815\" data-end=\"1857\"><strong data-start=\"1819\" data-end=\"1855\">Personalisierung und Flexibilit\u00e4t<\/strong><\/h2>\n<p data-start=\"1858\" data-end=\"2127\">Der Textilwagen kann in <strong data-start=\"1886\" data-end=\"1907\">jeder RAL-Farbe<\/strong> geliefert und individuell angepasst werden, z.B. mit mehreren Abschnitten, geschlossenen Seiten oder H\u00f6henverstellung.<br data-start=\"1984\" data-end=\"1987\">Er kann auch als <strong data-start=\"2016\" data-end=\"2049\">Sonderversion mit individuellen Abmessungen<\/strong> hergestellt werden, um perfekt zu Ihrer internen Logistik und Ihrem Materialfluss zu passen.<\/p>\n<h2 data-start=\"2134\" data-end=\"2175\"><strong data-start=\"2138\" data-end=\"2173\">Vorteile f\u00fcr Ihr Unternehmen<\/strong><\/h2>\n<ul data-start=\"2176\" data-end=\"2447\">\n<li data-start=\"2176\" data-end=\"2230\">\n<p data-start=\"2178\" data-end=\"2230\">H\u00f6here Effizienz bei internem Transport und Handhabung<\/p>\n<\/li>\n<li data-start=\"2231\" data-end=\"2273\">\n<p data-start=\"2233\" data-end=\"2273\">Verbesserte Ergonomie und Arbeitssicherheit<\/p>\n<\/li>\n<li data-start=\"2274\" data-end=\"2334\">\n<p data-start=\"2276\" data-end=\"2334\">Flexible L\u00f6sung, die abteilungs\u00fcbergreifend eingesetzt werden kann<\/p>\n<\/li>\n<li data-start=\"2335\" data-end=\"2385\">\n<p data-start=\"2337\" data-end=\"2385\">Minimale Wartung und hohe Zuverl\u00e4ssigkeit<\/p>\n<\/li>\n<li data-start=\"2386\" data-end=\"2447\">\n<p data-start=\"2388\" data-end=\"2447\">Anpassbar an die spezifischen Arbeitsabl\u00e4ufe und das Layout Ihres Unternehmens<\/p>\n<\/li>\n<\/ul>\n<h2 data-start=\"2454\" data-end=\"2495\"><strong data-start=\"2458\" data-end=\"2493\">Typische Anwendungsbereiche<\/strong><\/h2>\n<ul data-start=\"2496\" data-end=\"2657\">\n<li data-start=\"2496\" data-end=\"2525\">\n<p data-start=\"2498\" data-end=\"2525\">Textil- und Bekleidungsproduktion<\/p>\n<\/li>\n<li data-start=\"2526\" data-end=\"2557\">\n<p data-start=\"2528\" data-end=\"2557\">Verpackungs- und Sortierbereiche<\/p>\n<\/li>\n<li data-start=\"2558\" data-end=\"2598\">\n<p data-start=\"2560\" data-end=\"2598\">Logistikzentren und Vertriebslager<\/p>\n<\/li>\n<li data-start=\"2599\" data-end=\"2657\">\n<p data-start=\"2601\" data-end=\"2657\">Krankenh\u00e4user und W\u00e4schereien, die Textilien transportieren m\u00fcssen<\/p>\n<\/li>\n<\/ul>\n<p data-start=\"2664\" data-end=\"3092\">Mit diesem <strong data-start=\"2710\" data-end=\"2737\">ergonomischen Textilwagen<\/strong> erhalten Sie eine stabile, flexible und benutzerfreundliche L\u00f6sung f\u00fcr den innerbetrieblichen Transport und das Materialhandling.<br data-start=\"2834\" data-end=\"2837\">Der Wagen ist in <strong data-start=\"2858\" data-end=\"2879\">jeder RAL-Farbe<\/strong> erh\u00e4ltlich und kann <strong data-start=\"2897\" data-end=\"2930\">mit Sonderma\u00dfen<\/strong> genau auf Ihre Bed\u00fcrfnisse <strong data-start=\"2897\" data-end=\"2930\">zugeschnitten<\/strong> werden.<br data-start=\"2967\" data-end=\"2970\">Kontaktieren Sie uns noch heute f\u00fcr ein unverbindliches Angebot f\u00fcr einen Textilwagen, der sowohl die Ergonomie als auch die Effizienz im Alltag optimiert.<\/p>\n","protected":false},"excerpt":{"rendered":"<p data-start=\"343\" data-end=\"563\">Ergonomischer Textilwagen in solider Stahlkonstruktion mit Gitterdesign und offenen Seiten. Der Wagen hat leichtg\u00e4ngige Tente-R\u00e4der \u00d8125 f\u00fcr hohe Stabilit\u00e4t und leichte Man\u00f6vrierbarkeit in Verpackungs-, Textil- und Produktionsumgebungen. <\/p>\n","protected":false},"featured_media":23143,"template":"","meta":{"_acf_changed":false,"site-sidebar-layout":"default","site-content-layout":"","ast-site-content-layout":"default","site-content-style":"default","site-sidebar-style":"default","ast-global-header-display":"","ast-banner-title-visibility":"","ast-main-header-display":"","ast-hfb-above-header-display":"","ast-hfb-below-header-display":"","ast-hfb-mobile-header-display":"","site-post-title":"","ast-breadcrumbs-content":"","ast-featured-img":"","footer-sml-layout":"","ast-disable-related-posts":"","theme-transparent-header-meta":"default","adv-header-id-meta":"","stick-header-meta":"default","header-above-stick-meta":"","header-main-stick-meta":"","header-below-stick-meta":"","astra-migrate-meta-layouts":"set","ast-page-background-enabled":"default","ast-page-background-meta":{"desktop":{"background-color":"","background-image":"","background-repeat":"repeat","background-position":"center center","background-size":"auto","background-attachment":"scroll","background-type":"","background-media":"","overlay-type":"","overlay-color":"","overlay-opacity":"","overlay-gradient":""},"tablet":{"background-color":"","background-image":"","background-repeat":"repeat","background-position":"center center","background-size":"auto","background-attachment":"scroll","background-type":"","background-media":"","overlay-type":"","overlay-color":"","overlay-opacity":"","overlay-gradient":""},"mobile":{"background-color":"","background-image":"","background-repeat":"repeat","background-position":"center center","background-size":"auto","background-attachment":"scroll","background-type":"","background-media":"","overlay-type":"","overlay-color":"","overlay-opacity":"","overlay-gradient":""}},"ast-content-background-meta":{"desktop":{"background-color":"var(--ast-global-color-5)","background-image":"","background-repeat":"repeat","background-position":"center center","background-size":"auto","background-attachment":"scroll","background-type":"","background-media":"","overlay-type":"","overlay-color":"","overlay-opacity":"","overlay-gradient":""},"tablet":{"background-color":"var(--ast-global-color-5)","background-image":"","background-repeat":"repeat","background-position":"center center","background-size":"auto","background-attachment":"scroll","background-type":"","background-media":"","overlay-type":"","overlay-color":"","overlay-opacity":"","overlay-gradient":""},"mobile":{"background-color":"var(--ast-global-color-5)","background-image":"","background-repeat":"repeat","background-position":"center center","background-size":"auto","background-attachment":"scroll","background-type":"","background-media":"","overlay-type":"","overlay-color":"","overlay-opacity":"","overlay-gradient":""}}},"product_brand":[],"product_cat":[1458,1410,1404],"product_tag":[],"class_list":{"0":"post-23116","1":"product","2":"type-product","3":"status-publish","4":"has-post-thumbnail","6":"product_cat-textil-wagen","7":"product_cat-textilindustrie","8":"product_cat-transportwagen","9":"pa_storrelser-600x390x770-1070mm","10":"desktop-align-left","11":"tablet-align-left","12":"mobile-align-left","13":"ast-product-gallery-layout-horizontal","14":"ast-product-gallery-with-no-image","15":"ast-product-tabs-layout-horizontal","17":"first","18":"onbackorder","19":"taxable","20":"shipping-taxable","21":"purchasable","22":"product-type-simple"},"acf":[],"_links":{"self":[{"href":"https:\/\/jas.dk\/de\/wp-json\/wp\/v2\/product\/23116","targetHints":{"allow":["GET"]}}],"collection":[{"href":"https:\/\/jas.dk\/de\/wp-json\/wp\/v2\/product"}],"about":[{"href":"https:\/\/jas.dk\/de\/wp-json\/wp\/v2\/types\/product"}],"version-history":[{"count":3,"href":"https:\/\/jas.dk\/de\/wp-json\/wp\/v2\/product\/23116\/revisions"}],"predecessor-version":[{"id":38291,"href":"https:\/\/jas.dk\/de\/wp-json\/wp\/v2\/product\/23116\/revisions\/38291"}],"wp:featuredmedia":[{"embeddable":true,"href":"https:\/\/jas.dk\/de\/wp-json\/wp\/v2\/media\/23143"}],"wp:attachment":[{"href":"https:\/\/jas.dk\/de\/wp-json\/wp\/v2\/media?parent=23116"}],"wp:term":[{"taxonomy":"product_brand","embeddable":true,"href":"https:\/\/jas.dk\/de\/wp-json\/wp\/v2\/product_brand?post=23116"},{"taxonomy":"product_cat","embeddable":true,"href":"https:\/\/jas.dk\/de\/wp-json\/wp\/v2\/product_cat?post=23116"},{"taxonomy":"product_tag","embeddable":true,"href":"https:\/\/jas.dk\/de\/wp-json\/wp\/v2\/product_tag?post=23116"}],"curies":[{"name":"wp","href":"https:\/\/api.w.org\/{rel}","templated":true}]}}