{"id":23300,"date":"2024-02-20T12:44:11","date_gmt":"2024-02-20T11:44:11","guid":{"rendered":"https:\/\/jas.dk\/produkter\/unkategorisiert\/lagerwagen-mit-verstellbarem-regal-robuste-und-flexible-loesung\/"},"modified":"2026-03-19T15:36:09","modified_gmt":"2026-03-19T14:36:09","slug":"lagerwagen-mit-verstellbarem-regal-robuste-und-flexible-loesung","status":"publish","type":"product","link":"https:\/\/jas.dk\/de\/produkte\/transportwagen\/lagerwagen-mit-verstellbarem-regal-robuste-und-flexible-loesung\/","title":{"rendered":"Lagerwagen mit verstellbarem Fach"},"content":{"rendered":"<p data-start=\"811\" data-end=\"880\"><strong data-start=\"815\" data-end=\"878\">Lagerwagen mit verstellbarem Fach<\/strong><\/p>\n<p data-start=\"882\" data-end=\"1113\">Dieser <strong data-start=\"888\" data-end=\"921\">Aufbewahrungswagen mit verstellbarem Fach <\/strong>wurde entwickelt, um die Flexibilit\u00e4t im Alltag zu maximieren. Die Ablagefl\u00e4che kann nach Bedarf verstellt werden, so dass der Wagen ideal zum Transportieren, Aufbewahren und Organisieren einer Vielzahl von Gegenst\u00e4nden geeignet ist. <\/p>\n<p data-start=\"1115\" data-end=\"1398\">Dank seines robusten Designs und der leichtg\u00e4ngigen R\u00e4der kann der Wagen in anspruchsvollen Umgebungen eingesetzt werden, in denen Mobilit\u00e4t und Stabilit\u00e4t unerl\u00e4sslich sind. Au\u00dferdem ist er eine vielseitige L\u00f6sung, die je nach Aufgabe auch als <strong data-start=\"1321\" data-end=\"1338\">Universalwagen<\/strong>, <strong data-start=\"1340\" data-end=\"1353\">Paketwagen<\/strong> oder <strong data-start=\"1360\" data-end=\"1373\">Rollwagen<\/strong> verwendet werden kann. <\/p>\n<h2 data-start=\"1400\" data-end=\"1437\"><strong data-start=\"1405\" data-end=\"1435\">Merkmale und Vorteile<\/strong><\/h2>\n<ul data-start=\"1438\" data-end=\"1843\">\n<li data-start=\"1438\" data-end=\"1522\">\n<p data-start=\"1440\" data-end=\"1522\"><strong data-start=\"1440\" data-end=\"1459\">Verstellbares Fach<\/strong> &#8211; passen Sie den Wagen f\u00fcr verschiedene Gr\u00f6\u00dfen und Arten von Waren an.<\/p>\n<\/li>\n<li data-start=\"1523\" data-end=\"1588\">\n<p data-start=\"1525\" data-end=\"1588\"><strong data-start=\"1525\" data-end=\"1548\">Robuste Konstruktion<\/strong> &#8211; gebaut f\u00fcr den t\u00e4glichen und intensiven Gebrauch.<\/p>\n<\/li>\n<li data-start=\"1589\" data-end=\"1653\">\n<p data-start=\"1591\" data-end=\"1653\"><strong data-start=\"1591\" data-end=\"1608\">Mobile L\u00f6sung<\/strong> &#8211; R\u00e4der machen den Transport einfach und flexibel.<\/p>\n<\/li>\n<li data-start=\"1654\" data-end=\"1746\">\n<p data-start=\"1656\" data-end=\"1746\"><strong data-start=\"1656\" data-end=\"1681\">Ergonomische Handhabung<\/strong> &#8211; reduziert die k\u00f6rperliche Belastung und rationalisiert den Arbeitsablauf.<\/p>\n<\/li>\n<li data-start=\"1747\" data-end=\"1843\">\n<p data-start=\"1749\" data-end=\"1843\"><strong data-start=\"1749\" data-end=\"1771\">Vielseitig einsetzbar<\/strong> &#8211; kann als Lagerwagen, Universalwagen, Paketwagen oder Rollwagen verwendet werden.<\/p>\n<\/li>\n<\/ul>\n<h2 data-start=\"1845\" data-end=\"1887\"><strong data-start=\"1850\" data-end=\"1885\">Vorteile f\u00fcr Ihr Unternehmen<\/strong><\/h2>\n<ul data-start=\"1888\" data-end=\"2201\">\n<li data-start=\"1888\" data-end=\"1984\">\n<p data-start=\"1890\" data-end=\"1984\"><strong data-start=\"1890\" data-end=\"1915\">Effiziente Organisation<\/strong> &#8211; schaffen Sie Struktur mit einer flexiblen Aufbewahrungs- und Transportl\u00f6sung.<\/p>\n<\/li>\n<li data-start=\"1985\" data-end=\"2067\">\n<p data-start=\"1987\" data-end=\"2067\"><strong data-start=\"1987\" data-end=\"2008\">Hohe Produktivit\u00e4t<\/strong> &#8211; sparen Sie Zeit mit einem individuell anpassbaren mobilen Wagen.<\/p>\n<\/li>\n<li data-start=\"2068\" data-end=\"2143\">\n<p data-start=\"2070\" data-end=\"2143\"><strong data-start=\"2070\" data-end=\"2086\">Lange Lebensdauer<\/strong> &#8211; robuste Konstruktion f\u00fcr eine langlebige Investition.<\/p>\n<\/li>\n<li data-start=\"2144\" data-end=\"2201\">\n<p data-start=\"2146\" data-end=\"2201\"><strong data-start=\"2146\" data-end=\"2170\">Flexibler Einsatz<\/strong> &#8211; ein Wagen, viele Funktionen.<\/p>\n<\/li>\n<\/ul>\n<h2 data-start=\"2203\" data-end=\"2237\"><strong data-start=\"2208\" data-end=\"2235\">Anwendungsbereiche<\/strong><\/h2>\n<ul data-start=\"2238\" data-end=\"2456\">\n<li data-start=\"2238\" data-end=\"2310\">\n<p data-start=\"2240\" data-end=\"2310\">Lager und Logistik, wo t\u00e4glich unterschiedliche Waren transportiert werden m\u00fcssen.<\/p>\n<\/li>\n<li data-start=\"2311\" data-end=\"2379\">\n<p data-start=\"2313\" data-end=\"2379\">Produktionsbereiche, in denen flexible L\u00f6sungen den Arbeitsablauf verbessern.<\/p>\n<\/li>\n<li data-start=\"2380\" data-end=\"2456\">\n<p data-start=\"2382\" data-end=\"2456\">Montage und Werkst\u00e4tten, wo verstellbare Wagen f\u00fcr bessere Arbeitsbedingungen sorgen.<\/p>\n<\/li>\n<\/ul>\n<p>Mit einem <strong data-start=\"2505\" data-end=\"2538\">Lagerwagen mit verstellbarem Fach<\/strong> erhalten Sie eine robuste und flexible L\u00f6sung, die als <strong data-start=\"2603\" data-end=\"2620\">Universalwagen<\/strong>, <strong data-start=\"2622\" data-end=\"2635\">Paketwagen<\/strong> und <strong data-start=\"2639\" data-end=\"2652\">Rollwagen<\/strong> fungieren kann. Kontaktieren Sie uns noch heute f\u00fcr ein unverbindliches Angebot. <\/p>\n","protected":false},"excerpt":{"rendered":"<p data-start=\"550\" data-end=\"738\">Robuster Lagerwagen mit verstellbarem Fach &#8211; flexible L\u00f6sung, die auch als Universalwagen, Paketwagen oder Rollwagen in Lager und Produktion eingesetzt werden kann.<\/p>\n","protected":false},"featured_media":23301,"template":"","meta":{"_acf_changed":false,"site-sidebar-layout":"default","site-content-layout":"","ast-site-content-layout":"default","site-content-style":"default","site-sidebar-style":"default","ast-global-header-display":"","ast-banner-title-visibility":"","ast-main-header-display":"","ast-hfb-above-header-display":"","ast-hfb-below-header-display":"","ast-hfb-mobile-header-display":"","site-post-title":"","ast-breadcrumbs-content":"","ast-featured-img":"","footer-sml-layout":"","ast-disable-related-posts":"","theme-transparent-header-meta":"default","adv-header-id-meta":"","stick-header-meta":"default","header-above-stick-meta":"","header-main-stick-meta":"","header-below-stick-meta":"","astra-migrate-meta-layouts":"set","ast-page-background-enabled":"default","ast-page-background-meta":{"desktop":{"background-color":"","background-image":"","background-repeat":"repeat","background-position":"center center","background-size":"auto","background-attachment":"scroll","background-type":"","background-media":"","overlay-type":"","overlay-color":"","overlay-opacity":"","overlay-gradient":""},"tablet":{"background-color":"","background-image":"","background-repeat":"repeat","background-position":"center center","background-size":"auto","background-attachment":"scroll","background-type":"","background-media":"","overlay-type":"","overlay-color":"","overlay-opacity":"","overlay-gradient":""},"mobile":{"background-color":"","background-image":"","background-repeat":"repeat","background-position":"center center","background-size":"auto","background-attachment":"scroll","background-type":"","background-media":"","overlay-type":"","overlay-color":"","overlay-opacity":"","overlay-gradient":""}},"ast-content-background-meta":{"desktop":{"background-color":"var(--ast-global-color-5)","background-image":"","background-repeat":"repeat","background-position":"center center","background-size":"auto","background-attachment":"scroll","background-type":"","background-media":"","overlay-type":"","overlay-color":"","overlay-opacity":"","overlay-gradient":""},"tablet":{"background-color":"var(--ast-global-color-5)","background-image":"","background-repeat":"repeat","background-position":"center center","background-size":"auto","background-attachment":"scroll","background-type":"","background-media":"","overlay-type":"","overlay-color":"","overlay-opacity":"","overlay-gradient":""},"mobile":{"background-color":"var(--ast-global-color-5)","background-image":"","background-repeat":"repeat","background-position":"center center","background-size":"auto","background-attachment":"scroll","background-type":"","background-media":"","overlay-type":"","overlay-color":"","overlay-opacity":"","overlay-gradient":""}}},"product_brand":[],"product_cat":[1404,1367,1673,1374],"product_tag":[],"class_list":{"0":"post-23300","1":"product","2":"type-product","3":"status-publish","4":"has-post-thumbnail","6":"product_cat-transportwagen","7":"product_cat-lager-logistik","8":"product_cat-lagerwagen","9":"product_cat-produktion-montage","10":"pa_storrelser-1270x660mm","11":"desktop-align-left","12":"tablet-align-left","13":"mobile-align-left","14":"ast-product-gallery-layout-horizontal","15":"ast-product-gallery-with-no-image","16":"ast-product-tabs-layout-horizontal","18":"first","19":"onbackorder","20":"featured","21":"taxable","22":"shipping-taxable","23":"purchasable","24":"product-type-simple"},"acf":[],"_links":{"self":[{"href":"https:\/\/jas.dk\/de\/wp-json\/wp\/v2\/product\/23300","targetHints":{"allow":["GET"]}}],"collection":[{"href":"https:\/\/jas.dk\/de\/wp-json\/wp\/v2\/product"}],"about":[{"href":"https:\/\/jas.dk\/de\/wp-json\/wp\/v2\/types\/product"}],"version-history":[{"count":2,"href":"https:\/\/jas.dk\/de\/wp-json\/wp\/v2\/product\/23300\/revisions"}],"predecessor-version":[{"id":38281,"href":"https:\/\/jas.dk\/de\/wp-json\/wp\/v2\/product\/23300\/revisions\/38281"}],"wp:featuredmedia":[{"embeddable":true,"href":"https:\/\/jas.dk\/de\/wp-json\/wp\/v2\/media\/23301"}],"wp:attachment":[{"href":"https:\/\/jas.dk\/de\/wp-json\/wp\/v2\/media?parent=23300"}],"wp:term":[{"taxonomy":"product_brand","embeddable":true,"href":"https:\/\/jas.dk\/de\/wp-json\/wp\/v2\/product_brand?post=23300"},{"taxonomy":"product_cat","embeddable":true,"href":"https:\/\/jas.dk\/de\/wp-json\/wp\/v2\/product_cat?post=23300"},{"taxonomy":"product_tag","embeddable":true,"href":"https:\/\/jas.dk\/de\/wp-json\/wp\/v2\/product_tag?post=23300"}],"curies":[{"name":"wp","href":"https:\/\/api.w.org\/{rel}","templated":true}]}}