{"id":23334,"date":"2024-04-24T10:14:13","date_gmt":"2024-04-24T08:14:13","guid":{"rendered":"https:\/\/jas.dk\/produkter\/unkategorisiert\/hoehenverstellbare-werkbank-mit-rollen-und-neigung-erg-o-let-310-vip\/"},"modified":"2026-04-10T10:57:34","modified_gmt":"2026-04-10T08:57:34","slug":"hoehenverstellbarer-tisch-mit-rollen-und-neigung-erg-o-let-310-vip","status":"publish","type":"product","link":"https:\/\/jas.dk\/de\/produkte\/tische\/hoehenverstellbarer-tisch-mit-rollen-und-neigung-erg-o-let-310-vip\/","title":{"rendered":"Sitz-Steh-Tisch mit Kippfunktion &#8211; Erg-O-Let 310 &#8211; Modell 2"},"content":{"rendered":"\t\t<div data-elementor-type=\"product-post\" data-elementor-id=\"23334\" class=\"elementor elementor-23334 elementor-6279\" data-elementor-post-type=\"product\">\n\t\t\t\t<div class=\"elementor-element elementor-element-2a9e3b3 e-grid e-con-boxed e-con e-parent\" data-id=\"2a9e3b3\" data-element_type=\"container\" data-e-type=\"container\">\n\t\t\t\t\t<div class=\"e-con-inner\">\n\t\t<div class=\"elementor-element elementor-element-7a13daa e-con-full e-flex e-con e-child\" data-id=\"7a13daa\" data-element_type=\"container\" data-e-type=\"container\">\n\t\t<div class=\"elementor-element elementor-element-c4cd7ef e-con-full e-flex e-con e-child\" data-id=\"c4cd7ef\" data-element_type=\"container\" data-e-type=\"container\" data-settings=\"{&quot;background_background&quot;:&quot;classic&quot;}\">\n\t\t\t\t<div class=\"elementor-element elementor-element-0bb3716 elementor-widget elementor-widget-heading\" data-id=\"0bb3716\" data-element_type=\"widget\" data-e-type=\"widget\" data-widget_type=\"heading.default\">\n\t\t\t\t\t<h2 class=\"elementor-heading-title elementor-size-default\">Beschreibung des Produkts<\/h2>\t\t\t\t<\/div>\n\t\t\t\t<div class=\"elementor-element elementor-element-0cb30b8 elementor-widget elementor-widget-text-editor\" data-id=\"0cb30b8\" data-element_type=\"widget\" data-e-type=\"widget\" data-widget_type=\"text-editor.default\">\n\t\t\t\t\t\t\t\t\t<p style=\"font-weight: 400;\"><span style=\"font-style: inherit; font-weight: inherit; text-align: var(--text-align); color: var(--ast-global-color-3);\">Der Erg-O-Let 310 Vip ist eine leichte L\u00f6sung f\u00fcr die Montage von Schalttafeln, bei der Mobilit\u00e4t, Flexibilit\u00e4t und St\u00e4rke im Vordergrund stehen. Durch die Kombination von praktischer Funktionalit\u00e4t und ergonomischem Design ist dieser elektronisch h\u00f6henverstellbare Tisch die ideale Wahl f\u00fcr alle, die die volle Kontrolle \u00fcber die Arbeitsh\u00f6he und den Arbeitswinkel ben\u00f6tigen, um jedes Mal eine bequeme und effiziente Arbeitsposition einzunehmen. <\/span><\/p><p>Die Tischplatte aus 15, 18 oder 21 mm starkem Birkensperrholz sorgt f\u00fcr Stabilit\u00e4t und Leichtigkeit, w\u00e4hrend das Gestell, das in einer Farbe Ihrer Wahl pulverbeschichtet ist, sowohl Haltbarkeit als auch ein sauberes, professionelles Aussehen bietet. Der Tisch ist au\u00dferdem mit einem integrierten Akku ausgestattet und steht in der untersten Position auf feststellbaren Rollen, so dass er leicht im Arbeitsbereich bewegt werden kann, ohne an Stabilit\u00e4t einzub\u00fc\u00dfen. <\/p><p>Das Modell Erg-O-Lift 310 zeichnet sich durch die sichtbaren Aktuatoren von Linak aus, die dem Tisch ein stromlinienf\u00f6rmigeres Aussehen verleihen. Au\u00dferdem verf\u00fcgt er \u00fcber feststellbare R\u00e4der und kann m\u00fchelos bewegt werden. Der Tisch ist ma\u00dfgeschneidert f\u00fcr diejenigen, die mit komplexen und schweren Gegenst\u00e4nden arbeiten und eine zuverl\u00e4ssige, leistungsstarke und verstellbare L\u00f6sung f\u00fcr ihren Arbeitsplatz w\u00fcnschen. <\/p><p>Der Erg-O-Let 310 kann auch mit einem hinteren S\u00e4ulensystem und verschiedenem Zubeh\u00f6r wie Ablagen, Lampen, Batterie und Bluetooth-Steuerung ausgestattet werden, wobei die gesamte Linak-Elektronik und die Aktuatoren eine stabile und zuverl\u00e4ssige Leistung gew\u00e4hrleisten. Dies macht sie zu einer ma\u00dfgeschneiderten L\u00f6sung, die alle Ihre spezifischen Arbeitsanforderungen an eine mobile und leistungsstarke Werkbank f\u00fcr die Montage von Schalttafeln und andere schwere Aufgaben erf\u00fcllt. <\/p>\t\t\t\t\t\t\t\t<\/div>\n\t\t\t\t<\/div>\n\t\t<div class=\"elementor-element elementor-element-20872a4 e-con-full e-flex e-con e-child\" data-id=\"20872a4\" data-element_type=\"container\" data-e-type=\"container\" data-settings=\"{&quot;background_background&quot;:&quot;classic&quot;}\">\n\t\t\t\t<div class=\"elementor-element elementor-element-701c54b elementor-widget elementor-widget-heading\" data-id=\"701c54b\" data-element_type=\"widget\" data-e-type=\"widget\" data-widget_type=\"heading.default\">\n\t\t\t\t\t<h2 class=\"elementor-heading-title elementor-size-default\">Spezifikationen<\/h2>\t\t\t\t<\/div>\n\t\t\t\t<div class=\"elementor-element elementor-element-b7f345c elementor-widget elementor-widget-text-editor\" data-id=\"b7f345c\" data-element_type=\"widget\" data-e-type=\"widget\" data-widget_type=\"text-editor.default\">\n\t\t\t\t\t\t\t\t\t<p class=\"MsoNormal\">Gr\u00f6\u00dfe: 1600&#215;800 mm (in mehreren Gr\u00f6\u00dfen erh\u00e4ltlich)<\/p><p class=\"MsoNormal\">Arbeitsplatte: Birkensperrholzfolie (15, 18 oder 21 mm)<\/p><p class=\"MsoNormal\">Hubl\u00e4nge: 450 mm<\/p><p class=\"MsoNormal\">Hebekraft: 400 kg<\/p><p class=\"MsoNormal\">Starth\u00f6he: 760 mm<\/p><p class=\"MsoNormal\">Kippbarer Rahmen bis zu 80 Grad<\/p><p class=\"MsoNormal\">Pulverbeschichtung des Rahmens: Optional RAL<\/p>\t\t\t\t\t\t\t\t<\/div>\n\t\t\t\t<\/div>\n\t\t\t\t<\/div>\n\t\t\t\t\t<\/div>\n\t\t\t\t<\/div>\n\t\t\t\t<\/div>\n\t\t","protected":false},"excerpt":{"rendered":"<p>Dieser h\u00f6henverstellbare Tisch mit Neigefunktion ist das zweite von vier Modellen der Serie.<br data-start=\"79\" data-end=\"82\">Der Tisch ist mit einer Hebe-, Senk- und Neigefunktion sowie Rollen ausgestattet, die in der untersten Position verwendet werden.<\/p>\n","protected":false},"featured_media":23331,"template":"","meta":{"_acf_changed":false,"site-sidebar-layout":"default","site-content-layout":"page-builder","ast-site-content-layout":"default","site-content-style":"default","site-sidebar-style":"default","ast-global-header-display":"","ast-banner-title-visibility":"","ast-main-header-display":"","ast-hfb-above-header-display":"","ast-hfb-below-header-display":"","ast-hfb-mobile-header-display":"","site-post-title":"","ast-breadcrumbs-content":"","ast-featured-img":"","footer-sml-layout":"","ast-disable-related-posts":"","theme-transparent-header-meta":"default","adv-header-id-meta":"","stick-header-meta":"default","header-above-stick-meta":"","header-main-stick-meta":"on","header-below-stick-meta":"","astra-migrate-meta-layouts":"set","ast-page-background-enabled":"default","ast-page-background-meta":{"desktop":{"background-color":"","background-image":"","background-repeat":"repeat","background-position":"center center","background-size":"auto","background-attachment":"scroll","background-type":"","background-media":"","overlay-type":"","overlay-color":"","overlay-opacity":"","overlay-gradient":""},"tablet":{"background-color":"","background-image":"","background-repeat":"repeat","background-position":"center center","background-size":"auto","background-attachment":"scroll","background-type":"","background-media":"","overlay-type":"","overlay-color":"","overlay-opacity":"","overlay-gradient":""},"mobile":{"background-color":"","background-image":"","background-repeat":"repeat","background-position":"center center","background-size":"auto","background-attachment":"scroll","background-type":"","background-media":"","overlay-type":"","overlay-color":"","overlay-opacity":"","overlay-gradient":""}},"ast-content-background-meta":{"desktop":{"background-color":"var(--ast-global-color-5)","background-image":"","background-repeat":"repeat","background-position":"center center","background-size":"auto","background-attachment":"scroll","background-type":"","background-media":"","overlay-type":"","overlay-color":"","overlay-opacity":"","overlay-gradient":""},"tablet":{"background-color":"var(--ast-global-color-5)","background-image":"","background-repeat":"repeat","background-position":"center center","background-size":"auto","background-attachment":"scroll","background-type":"","background-media":"","overlay-type":"","overlay-color":"","overlay-opacity":"","overlay-gradient":""},"mobile":{"background-color":"var(--ast-global-color-5)","background-image":"","background-repeat":"repeat","background-position":"center center","background-size":"auto","background-attachment":"scroll","background-type":"","background-media":"","overlay-type":"","overlay-color":"","overlay-opacity":"","overlay-gradient":""}}},"product_brand":[],"product_cat":[1383,1661,1677,1647,1701],"product_tag":[],"class_list":{"0":"post-23334","1":"product","2":"type-product","3":"status-publish","4":"has-post-thumbnail","6":"product_cat-tische","7":"product_cat-hoehenverstellbare-werkbaenke","8":"product_cat-installation-der-schalttafel","9":"product_cat-standardprodukte","10":"product_cat-werkbaenke","11":"pa_storrelser-1600x800mm","12":"pa_storrelser-1800x800mm","13":"pa_storrelser-2000x800mm","14":"desktop-align-left","15":"tablet-align-left","16":"mobile-align-left","17":"ast-product-gallery-layout-horizontal","18":"ast-product-single-variable","19":"ast-product-tabs-layout-horizontal","21":"first","22":"onbackorder","23":"taxable","24":"shipping-taxable","25":"purchasable","26":"product-type-variable","27":"has-default-attributes"},"acf":[],"_links":{"self":[{"href":"https:\/\/jas.dk\/de\/wp-json\/wp\/v2\/product\/23334","targetHints":{"allow":["GET"]}}],"collection":[{"href":"https:\/\/jas.dk\/de\/wp-json\/wp\/v2\/product"}],"about":[{"href":"https:\/\/jas.dk\/de\/wp-json\/wp\/v2\/types\/product"}],"version-history":[{"count":12,"href":"https:\/\/jas.dk\/de\/wp-json\/wp\/v2\/product\/23334\/revisions"}],"predecessor-version":[{"id":38365,"href":"https:\/\/jas.dk\/de\/wp-json\/wp\/v2\/product\/23334\/revisions\/38365"}],"wp:featuredmedia":[{"embeddable":true,"href":"https:\/\/jas.dk\/de\/wp-json\/wp\/v2\/media\/23331"}],"wp:attachment":[{"href":"https:\/\/jas.dk\/de\/wp-json\/wp\/v2\/media?parent=23334"}],"wp:term":[{"taxonomy":"product_brand","embeddable":true,"href":"https:\/\/jas.dk\/de\/wp-json\/wp\/v2\/product_brand?post=23334"},{"taxonomy":"product_cat","embeddable":true,"href":"https:\/\/jas.dk\/de\/wp-json\/wp\/v2\/product_cat?post=23334"},{"taxonomy":"product_tag","embeddable":true,"href":"https:\/\/jas.dk\/de\/wp-json\/wp\/v2\/product_tag?post=23334"}],"curies":[{"name":"wp","href":"https:\/\/api.w.org\/{rel}","templated":true}]}}