{"id":23360,"date":"2024-04-24T10:27:18","date_gmt":"2024-04-24T08:27:18","guid":{"rendered":"https:\/\/jas.dk\/produkter\/unkategorisiert\/hoehenverstellbare-werkbank-mit-neigungsfunktion-erg-o-lift-300\/"},"modified":"2026-03-19T11:44:59","modified_gmt":"2026-03-19T10:44:59","slug":"hoehenverstellbare-werkbank-mit-neigungsfunktion-erg-o-lift-300","status":"publish","type":"product","link":"https:\/\/jas.dk\/de\/produkte\/tische\/hoehenverstellbare-werkbank-mit-neigungsfunktion-erg-o-lift-300\/","title":{"rendered":"Sitz-Steh-Tisch mit Kippfunktion &#8211; Erg-O-Lift 300 &#8211; Modell 1"},"content":{"rendered":"<h2 data-start=\"710\" data-end=\"761\">H\u00f6henverstellbarer Tisch mit Neigungsfunktion<\/h2>\n<p data-start=\"762\" data-end=\"1038\">Dieser <strong data-start=\"768\" data-end=\"804\">h\u00f6henverstellbare Tisch mit Kippfunktion<\/strong> basiert auf unserem Modell Erg-O-Lift 300 und wurde f\u00fcr eine pr\u00e4zise Montage und effiziente Produktion entwickelt, bei der Ergonomie und Flexibilit\u00e4t entscheidend sind. Als <strong data-start=\"909\" data-end=\"922\">Kipptisch<\/strong>, <strong data-start=\"924\" data-end=\"939\">Montagetisch<\/strong>, <strong data-start=\"941\" data-end=\"960\">Produktionstisch<\/strong> und kompletter <strong data-start=\"972\" data-end=\"990\">Arbeitsplatz<\/strong> kann der Tisch individuell an die Aufgabe und den Bediener angepasst werden. <\/p>\n<p data-start=\"1040\" data-end=\"1561\">Der Tisch hat eine <strong data-start=\"1088\" data-end=\"1112\">H\u00f6he von 780-1280 mm<\/strong> (elektrisch). Die integrierte <strong data-start=\"1142\" data-end=\"1170\">Kippfunktion bis zu 80\u00b0<\/strong> bringt das Werkst\u00fcck in den richtigen Winkel, was sowohl den Komfort als auch die Genauigkeit erh\u00f6ht. Der robuste Rahmen bietet eine <strong data-start=\"1276\" data-end=\"1304\">Tragf\u00e4higkeit von 400 kg<\/strong>, w\u00e4hrend das <strong data-start=\"1319\" data-end=\"1337\">Tischgewicht von 125 kg<\/strong> f\u00fcr hohe Stabilit\u00e4t sorgt. Die Oberfl\u00e4che besteht aus <strong data-start=\"1374\" data-end=\"1411\">15 mm Birkensperrholz (Film\/Folie)<\/strong>, das f\u00fcr eine langlebige, ebene und vibrationsbest\u00e4ndige Arbeitsfl\u00e4che sorgt. <strong data-start=\"1477\" data-end=\"1525\">Phasenmontierte und handgehaltene Bluetooth-Steuerungen<\/strong> sorgen f\u00fcr eine sichere und intuitive Steuerung.   <\/p>\n<p data-start=\"1563\" data-end=\"1729\">Semantisch deckt die L\u00f6sung auch Bed\u00fcrfnisse wie <strong data-start=\"1605\" data-end=\"1628\">elektrisch kippbare Tische<\/strong>, <strong data-start=\"1630\" data-end=\"1648\">h\u00f6henverstellbare Tische<\/strong>, <strong data-start=\"1650\" data-end=\"1665\">elektrische<\/strong> Schreibtische, <strong data-start=\"1667\" data-end=\"1680\">Tafeltische<\/strong> und industrielle <strong data-start=\"1696\" data-end=\"1711\">Werkb\u00e4nke<\/strong> in modernen Linien ab.<\/p>\n<h2 data-start=\"1736\" data-end=\"1770\">Funktionen und Merkmale<\/h2>\n<ul data-start=\"1771\" data-end=\"2107\">\n<li data-start=\"1771\" data-end=\"1808\">\n<p data-start=\"1773\" data-end=\"1808\"><strong data-start=\"1773\" data-end=\"1794\">Arbeitsfl\u00e4che:<\/strong> 1600 x 800 mm \/ 1800 x 800 mm \/ 2000 x 800 mm<\/p>\n<\/li>\n<li data-start=\"1809\" data-end=\"1850\">\n<p data-start=\"1811\" data-end=\"1850\"><strong data-start=\"1811\" data-end=\"1824\">H\u00f6henma\u00dfe:<\/strong> 780-1280 mm (elektrisch)<\/p>\n<\/li>\n<li data-start=\"1851\" data-end=\"1896\">\n<p data-start=\"1853\" data-end=\"1896\"><strong data-start=\"1853\" data-end=\"1871\">Neigefunktion:<\/strong> bis zu 80\u00b0 (elektrisch)<\/p>\n<\/li>\n<li data-start=\"1897\" data-end=\"1927\">\n<p data-start=\"1899\" data-end=\"1927\"><strong data-start=\"1899\" data-end=\"1918\">Hebekraft:<\/strong> 400 kg<\/p>\n<\/li>\n<li data-start=\"1928\" data-end=\"1948\">\n<p data-start=\"1930\" data-end=\"1948\"><strong data-start=\"1930\" data-end=\"1939\">Gewicht:<\/strong> 125 kg<\/p>\n<\/li>\n<li data-start=\"1949\" data-end=\"2000\">\n<p data-start=\"1951\" data-end=\"2000\"><strong data-start=\"1951\" data-end=\"1965\">Arbeitsplatte:<\/strong> 15 mm Birkensperrholz, Film\/Folie<\/p>\n<\/li>\n<li data-start=\"2001\" data-end=\"2059\">\n<p data-start=\"2003\" data-end=\"2059\"><strong data-start=\"2003\" data-end=\"2017\">Bedienung:<\/strong> phasenmontiertes Panel + Handheld Bluetooth<\/p>\n<\/li>\n<li data-start=\"2060\" data-end=\"2107\">\n<p data-start=\"2062\" data-end=\"2107\">Erh\u00e4ltlich in jeder RAL-Farbe und in einer Sonderausf\u00fchrung<\/p>\n<\/li>\n<\/ul>\n<h2 data-start=\"2114\" data-end=\"2150\">Vorteile f\u00fcr Ihr Unternehmen<\/h2>\n<ul data-start=\"2151\" data-end=\"2461\">\n<li data-start=\"2151\" data-end=\"2217\">\n<p data-start=\"2153\" data-end=\"2217\">Ergonomischer Arbeitsplatz mit pr\u00e4ziser H\u00f6hen- und Winkeleinstellung<\/p>\n<\/li>\n<li data-start=\"2218\" data-end=\"2276\">\n<p data-start=\"2220\" data-end=\"2276\">Steigert die Produktivit\u00e4t und Qualit\u00e4t bei Montage und Inspektion<\/p>\n<\/li>\n<li data-start=\"2277\" data-end=\"2329\">\n<p data-start=\"2279\" data-end=\"2329\">Stabile Konstruktion f\u00fcr schwere Handhabung (400kg)<\/p>\n<\/li>\n<li data-start=\"2330\" data-end=\"2418\">\n<p data-start=\"2332\" data-end=\"2418\">Flexibler Einsatz: Kipptisch, Montagetisch, Produktionstisch, Elektroplattentisch\/Plattentisch<\/p>\n<\/li>\n<li data-start=\"2419\" data-end=\"2461\">\n<p data-start=\"2421\" data-end=\"2461\">Intuitive und sichere Steuerung \u00fcber Bluetooth<\/p>\n<\/li>\n<\/ul>\n<h2 data-start=\"2468\" data-end=\"2496\">Anwendungsbereiche<\/h2>\n<ul data-start=\"2497\" data-end=\"2708\">\n<li data-start=\"2497\" data-end=\"2528\">\n<p data-start=\"2499\" data-end=\"2528\">Elektronik und Schaltschrankbau<\/p>\n<\/li>\n<li data-start=\"2529\" data-end=\"2563\">\n<p data-start=\"2531\" data-end=\"2563\">Feinmechanik, Inspektion und Pr\u00fcfung<\/p>\n<\/li>\n<li data-start=\"2564\" data-end=\"2639\">\n<p data-start=\"2566\" data-end=\"2639\">Zellen- und Flie\u00dfbandproduktion, wo die Aufgabe variable H\u00f6he und Winkel erfordert<\/p>\n<\/li>\n<li data-start=\"2640\" data-end=\"2708\">\n<p data-start=\"2642\" data-end=\"2708\">Industrielle <strong data-start=\"2654\" data-end=\"2669\">Werkbank<\/strong> f\u00fcr schwere Werkst\u00fccke mit Pr\u00e4zisionsanforderungen<\/p>\n<\/li>\n<\/ul>\n<p data-start=\"2715\" data-end=\"3030\"><br data-start=\"2729\" data-end=\"2732\">Mit dem <strong data-start=\"2736\" data-end=\"2786\">neigbaren h\u00f6henverstellbaren Tisch <\/strong>erhalten Sie eine komplette, elektrisch gesteuerte L\u00f6sung, die <strong data-start=\"2847\" data-end=\"2860\">0-80\u00b0 Neigung<\/strong>, <strong data-start=\"2862\" data-end=\"2883\">780-1280 mm H\u00f6he<\/strong>, <strong data-start=\"2885\" data-end=\"2910\">400 kg Tragf\u00e4higkeit<\/strong> und <strong data-start=\"2914\" data-end=\"2939\">15 mm Birkensperrholz<\/strong> f\u00fcr anspruchsvolle, sich wiederholende Montagearbeiten kombiniert. Ein zuverl\u00e4ssiger <strong data-start=\"2988\" data-end=\"3006\">Arbeitsplatz<\/strong> f\u00fcr die moderne Produktion. <\/p>\n","protected":false},"excerpt":{"rendered":"<p>H\u00f6henverstellbarer Tisch mit Neigefunktion. H\u00f6he 780-1280 mm, Neigung bis zu 80\u00b0, Tragkraft 400 kg und Gewicht 125 kg. 15 mm Birkensperrholz (Folie\/Film) und Bluetooth-Bedienung. Idealer Kipptisch\/Montagetisch in der Produktion.   <\/p>\n","protected":false},"featured_media":22802,"template":"","meta":{"_acf_changed":false,"site-sidebar-layout":"default","site-content-layout":"page-builder","ast-site-content-layout":"default","site-content-style":"default","site-sidebar-style":"default","ast-global-header-display":"","ast-banner-title-visibility":"","ast-main-header-display":"","ast-hfb-above-header-display":"","ast-hfb-below-header-display":"","ast-hfb-mobile-header-display":"","site-post-title":"","ast-breadcrumbs-content":"","ast-featured-img":"","footer-sml-layout":"","ast-disable-related-posts":"","theme-transparent-header-meta":"default","adv-header-id-meta":"","stick-header-meta":"default","header-above-stick-meta":"","header-main-stick-meta":"","header-below-stick-meta":"","astra-migrate-meta-layouts":"set","ast-page-background-enabled":"default","ast-page-background-meta":{"desktop":{"background-color":"","background-image":"","background-repeat":"repeat","background-position":"center center","background-size":"auto","background-attachment":"scroll","background-type":"","background-media":"","overlay-type":"","overlay-color":"","overlay-opacity":"","overlay-gradient":""},"tablet":{"background-color":"","background-image":"","background-repeat":"repeat","background-position":"center center","background-size":"auto","background-attachment":"scroll","background-type":"","background-media":"","overlay-type":"","overlay-color":"","overlay-opacity":"","overlay-gradient":""},"mobile":{"background-color":"","background-image":"","background-repeat":"repeat","background-position":"center center","background-size":"auto","background-attachment":"scroll","background-type":"","background-media":"","overlay-type":"","overlay-color":"","overlay-opacity":"","overlay-gradient":""}},"ast-content-background-meta":{"desktop":{"background-color":"var(--ast-global-color-5)","background-image":"","background-repeat":"repeat","background-position":"center center","background-size":"auto","background-attachment":"scroll","background-type":"","background-media":"","overlay-type":"","overlay-color":"","overlay-opacity":"","overlay-gradient":""},"tablet":{"background-color":"var(--ast-global-color-5)","background-image":"","background-repeat":"repeat","background-position":"center center","background-size":"auto","background-attachment":"scroll","background-type":"","background-media":"","overlay-type":"","overlay-color":"","overlay-opacity":"","overlay-gradient":""},"mobile":{"background-color":"var(--ast-global-color-5)","background-image":"","background-repeat":"repeat","background-position":"center center","background-size":"auto","background-attachment":"scroll","background-type":"","background-media":"","overlay-type":"","overlay-color":"","overlay-opacity":"","overlay-gradient":""}}},"product_brand":[],"product_cat":[1383,2844,1661,1677,1647,1701],"product_tag":[2513],"class_list":{"0":"post-23360","1":"product","2":"type-product","3":"status-publish","4":"has-post-thumbnail","6":"product_cat-tische","7":"product_cat-esd-produkte","8":"product_cat-hoehenverstellbare-werkbaenke","9":"product_cat-installation-der-schalttafel","10":"product_cat-standardprodukte","11":"product_cat-werkbaenke","12":"product_tag-werkbank-2","13":"pa_storrelser-1600x800mm","14":"pa_storrelser-1800x800mm","15":"pa_storrelser-2000x800mm","16":"desktop-align-left","17":"tablet-align-left","18":"mobile-align-left","19":"ast-product-gallery-layout-horizontal","20":"ast-product-gallery-with-no-image","21":"ast-product-single-variable","22":"ast-product-tabs-layout-horizontal","24":"first","25":"onbackorder","26":"taxable","27":"shipping-taxable","28":"purchasable","29":"product-type-variable","30":"has-default-attributes"},"acf":[],"_links":{"self":[{"href":"https:\/\/jas.dk\/de\/wp-json\/wp\/v2\/product\/23360","targetHints":{"allow":["GET"]}}],"collection":[{"href":"https:\/\/jas.dk\/de\/wp-json\/wp\/v2\/product"}],"about":[{"href":"https:\/\/jas.dk\/de\/wp-json\/wp\/v2\/types\/product"}],"version-history":[{"count":11,"href":"https:\/\/jas.dk\/de\/wp-json\/wp\/v2\/product\/23360\/revisions"}],"predecessor-version":[{"id":37682,"href":"https:\/\/jas.dk\/de\/wp-json\/wp\/v2\/product\/23360\/revisions\/37682"}],"wp:featuredmedia":[{"embeddable":true,"href":"https:\/\/jas.dk\/de\/wp-json\/wp\/v2\/media\/22802"}],"wp:attachment":[{"href":"https:\/\/jas.dk\/de\/wp-json\/wp\/v2\/media?parent=23360"}],"wp:term":[{"taxonomy":"product_brand","embeddable":true,"href":"https:\/\/jas.dk\/de\/wp-json\/wp\/v2\/product_brand?post=23360"},{"taxonomy":"product_cat","embeddable":true,"href":"https:\/\/jas.dk\/de\/wp-json\/wp\/v2\/product_cat?post=23360"},{"taxonomy":"product_tag","embeddable":true,"href":"https:\/\/jas.dk\/de\/wp-json\/wp\/v2\/product_tag?post=23360"}],"curies":[{"name":"wp","href":"https:\/\/api.w.org\/{rel}","templated":true}]}}