{"id":23810,"date":"2023-11-17T12:17:17","date_gmt":"2023-11-17T12:17:17","guid":{"rendered":"https:\/\/jas.dk\/produkter\/unkategorisiert\/kommissionierwagen-mit-hoehenverstellung-ergonomische-und-flexible-loesung\/"},"modified":"2026-03-19T15:29:02","modified_gmt":"2026-03-19T14:29:02","slug":"kommissionierwagen-mit-hoehenverstellung-ergonomische-und-flexible-loesung","status":"publish","type":"product","link":"https:\/\/jas.dk\/de\/produkte\/sonderprodukte\/kommissionierwagen-mit-hoehenverstellung-ergonomische-und-flexible-loesung\/","title":{"rendered":"Kommissionierwagen mit Hebebank"},"content":{"rendered":"<h2 data-start=\"776\" data-end=\"826\"><strong data-start=\"780\" data-end=\"824\">Kommissionierwagen mit Hebebank &#8211; 950x500x1300 mm<\/strong><\/h2>\n<p data-start=\"827\" data-end=\"1132\">Dieser <strong data-start=\"833\" data-end=\"877\">Kommissionierwagen mit H\u00f6henverstellung &#8211; 950x500x1300 mm &#8211;<\/strong> wurde entwickelt, um optimale Arbeitsbedingungen in Kommissionier-, Lager- und Logistikumgebungen zu schaffen.<br data-start=\"962\" data-end=\"965\">Mit der h\u00f6henverstellbaren Hebe-\/Senkfunktion l\u00e4sst sich der Arbeitsplatz genau auf den Benutzer und die Aufgabe abstimmen, was sowohl die Ergonomie als auch die Effizienz verbessert.<\/p>\n<p data-start=\"1134\" data-end=\"1387\">Mit einem Gesamtgewicht von <strong data-start=\"1154\" data-end=\"1163\">26 kg<\/strong> und einer <strong data-start=\"1170\" data-end=\"1202\">maximalen Last von 75 kg<\/strong> ist der Wagen solide und zuverl\u00e4ssig f\u00fcr den t\u00e4glichen Einsatz in anspruchsvollen Umgebungen.<br data-start=\"1271\" data-end=\"1274\">Die <strong data-start=\"1277\" data-end=\"1290\">\u00d8100-R\u00e4der<\/strong> machen ihn leicht man\u00f6vrierbar und sorgen f\u00fcr hohe Flexibilit\u00e4t in Lagerr\u00e4umen mit begrenztem Platzangebot.<\/p>\n<h2 data-start=\"1394\" data-end=\"1433\"><strong data-start=\"1398\" data-end=\"1431\">Funktionen und Merkmale<\/strong><\/h2>\n<ul data-start=\"1434\" data-end=\"1707\">\n<li data-start=\"1434\" data-end=\"1497\">\n<p data-start=\"1436\" data-end=\"1497\">H\u00f6henverstellbare Hebe-\/Senkfunktion f\u00fcr optimale Arbeitsh\u00f6he<\/p>\n<\/li>\n<li data-start=\"1498\" data-end=\"1564\">\n<p data-start=\"1500\" data-end=\"1564\">Ergonomisches Design, das die Belastung reduziert und den Komfort f\u00f6rdert<\/p>\n<\/li>\n<li data-start=\"1565\" data-end=\"1610\">\n<p data-start=\"1567\" data-end=\"1610\">Robuste Stahlkonstruktion f\u00fcr intensive Nutzung<\/p>\n<\/li>\n<li data-start=\"1611\" data-end=\"1644\">\n<p data-start=\"1613\" data-end=\"1644\">Leichte Man\u00f6vrierbarkeit mit \u00d8100-R\u00e4dern<\/p>\n<\/li>\n<li data-start=\"1645\" data-end=\"1707\">\n<p data-start=\"1647\" data-end=\"1707\">Kompaktes Format, perfekt f\u00fcr effiziente Kommissionierung und Transport<\/p>\n<\/li>\n<\/ul>\n<h2 data-start=\"1714\" data-end=\"1756\"><strong data-start=\"1718\" data-end=\"1754\">Personalisierung und Flexibilit\u00e4t<\/strong><\/h2>\n<p data-start=\"1757\" data-end=\"1927\">Der Wagen kann in <strong data-start=\"1778\" data-end=\"1799\">jeder RAL-Farbe<\/strong> geliefert und als <strong data-start=\"1819\" data-end=\"1852\">Sonderversion mit individuellen Ma\u00dfen<\/strong> hergestellt werden, um perfekt zu Ihrem spezifischen Arbeitsablauf und Lagerlayout zu passen.<\/p>\n<h2 data-start=\"1934\" data-end=\"1975\"><strong data-start=\"1938\" data-end=\"1973\">Vorteile f\u00fcr Ihr Unternehmen<\/strong><\/h2>\n<ul data-start=\"1976\" data-end=\"2202\">\n<li data-start=\"1976\" data-end=\"2020\">\n<p data-start=\"1978\" data-end=\"2020\">Verbesserte Ergonomie und Arbeitskomfort<\/p>\n<\/li>\n<li data-start=\"2021\" data-end=\"2060\">\n<p data-start=\"2023\" data-end=\"2060\">Schnellere und effizientere Kommissionierung<\/p>\n<\/li>\n<li data-start=\"2061\" data-end=\"2106\">\n<p data-start=\"2063\" data-end=\"2106\">Flexible L\u00f6sung f\u00fcr viele Arten von Anwendungen<\/p>\n<\/li>\n<li data-start=\"2107\" data-end=\"2146\">\n<p data-start=\"2109\" data-end=\"2146\">Hohe Zuverl\u00e4ssigkeit und lange Lebensdauer<\/p>\n<\/li>\n<li data-start=\"2147\" data-end=\"2202\">\n<p data-start=\"2149\" data-end=\"2202\">Hergestellt mit dem Fokus auf Funktionalit\u00e4t und Qualit\u00e4t<\/p>\n<\/li>\n<\/ul>\n<h2 data-start=\"2209\" data-end=\"2250\"><strong data-start=\"2213\" data-end=\"2248\">Typische Anwendungsbereiche<\/strong><\/h2>\n<ul data-start=\"2251\" data-end=\"2424\">\n<li data-start=\"2251\" data-end=\"2313\">\n<p data-start=\"2253\" data-end=\"2313\">Lager und Logistik, wo die H\u00f6henverstellung die Effizienz erh\u00f6ht<\/p>\n<\/li>\n<li data-start=\"2314\" data-end=\"2366\">\n<p data-start=\"2316\" data-end=\"2366\">Produktionsumgebungen mit abwechslungsreichen Arbeitsaufgaben<\/p>\n<\/li>\n<li data-start=\"2367\" data-end=\"2424\">\n<p data-start=\"2369\" data-end=\"2424\">Kommissionier- und Transportaufgaben, bei denen Ergonomie entscheidend ist<\/p>\n<\/li>\n<\/ul>\n<p data-start=\"2431\" data-end=\"2818\">Der <strong data-start=\"2471\" data-end=\"2515\">Kommissionierwagen mit Hubh\u00f6he &#8211; 950x500x1300 mm<\/strong> bietet Ihnen eine flexible, ergonomische und solide L\u00f6sung f\u00fcr moderne Kommissionier- und Logistikumgebungen.<br data-start=\"2602\" data-end=\"2605\">Der Wagen verbessert die Arbeitsabl\u00e4ufe und schafft eine bessere Ergonomie f\u00fcr die Mitarbeiter.<br data-start=\"2679\" data-end=\"2682\">Er ist in <strong data-start=\"2700\" data-end=\"2721\">jeder RAL-Farbe<\/strong> und als <strong data-start=\"2729\" data-end=\"2762\">Sonderausf\u00fchrung mit individuellen Abmessungen<\/strong> erh\u00e4ltlich, um Ihren genauen Anforderungen und Arbeitsbedingungen zu entsprechen.<\/p>\n<p style=\"text-align: center;\" data-start=\"2312\" data-end=\"2537\"><em>Mehr Wagen sehen <strong><a role=\"button\" href=\"https:\/\/jas.dk\/de\/produkt-kategorie\/transportwagen\/\" aria-label=\"her\">hier<\/a><\/strong><\/em><\/p>\n","protected":false},"excerpt":{"rendered":"<p>Ergonomischer Kommissionierwagen mit H\u00f6henverstellung &#8211; 950x500x1300 mm, geeignet f\u00fcr effiziente Kommissionier- und Logistikarbeiten. Der Wagen wiegt 26 kg, hat eine maximale Tragf\u00e4higkeit von 75 kg und ist mit TENTE-R\u00e4dern \u00d8100 f\u00fcr eine stabile und reibungslose Fahrt ausgestattet. <\/p>\n","protected":false},"featured_media":22809,"template":"","meta":{"_acf_changed":false,"site-sidebar-layout":"default","site-content-layout":"","ast-site-content-layout":"default","site-content-style":"default","site-sidebar-style":"default","ast-global-header-display":"","ast-banner-title-visibility":"","ast-main-header-display":"","ast-hfb-above-header-display":"","ast-hfb-below-header-display":"","ast-hfb-mobile-header-display":"","site-post-title":"","ast-breadcrumbs-content":"","ast-featured-img":"","footer-sml-layout":"","ast-disable-related-posts":"","theme-transparent-header-meta":"default","adv-header-id-meta":"","stick-header-meta":"default","header-above-stick-meta":"","header-main-stick-meta":"","header-below-stick-meta":"","astra-migrate-meta-layouts":"set","ast-page-background-enabled":"default","ast-page-background-meta":{"desktop":{"background-color":"","background-image":"","background-repeat":"repeat","background-position":"center center","background-size":"auto","background-attachment":"scroll","background-type":"","background-media":"","overlay-type":"","overlay-color":"","overlay-opacity":"","overlay-gradient":""},"tablet":{"background-color":"","background-image":"","background-repeat":"repeat","background-position":"center center","background-size":"auto","background-attachment":"scroll","background-type":"","background-media":"","overlay-type":"","overlay-color":"","overlay-opacity":"","overlay-gradient":""},"mobile":{"background-color":"","background-image":"","background-repeat":"repeat","background-position":"center center","background-size":"auto","background-attachment":"scroll","background-type":"","background-media":"","overlay-type":"","overlay-color":"","overlay-opacity":"","overlay-gradient":""}},"ast-content-background-meta":{"desktop":{"background-color":"var(--ast-global-color-5)","background-image":"","background-repeat":"repeat","background-position":"center center","background-size":"auto","background-attachment":"scroll","background-type":"","background-media":"","overlay-type":"","overlay-color":"","overlay-opacity":"","overlay-gradient":""},"tablet":{"background-color":"var(--ast-global-color-5)","background-image":"","background-repeat":"repeat","background-position":"center center","background-size":"auto","background-attachment":"scroll","background-type":"","background-media":"","overlay-type":"","overlay-color":"","overlay-opacity":"","overlay-gradient":""},"mobile":{"background-color":"var(--ast-global-color-5)","background-image":"","background-repeat":"repeat","background-position":"center center","background-size":"auto","background-attachment":"scroll","background-type":"","background-media":"","overlay-type":"","overlay-color":"","overlay-opacity":"","overlay-gradient":""}}},"product_brand":[],"product_cat":[1368,1382,1447,1404],"product_tag":[],"class_list":{"0":"post-23810","1":"product","2":"type-product","3":"status-publish","4":"has-post-thumbnail","6":"product_cat-sonderprodukte","7":"product_cat-gesundheitssektor","8":"product_cat-kommissionierwagen","9":"product_cat-transportwagen","10":"pa_storrelser-950x500x1300mm","11":"desktop-align-left","12":"tablet-align-left","13":"mobile-align-left","14":"ast-product-gallery-layout-horizontal","15":"ast-product-gallery-with-no-image","16":"ast-product-tabs-layout-horizontal","18":"first","19":"instock","20":"taxable","21":"shipping-taxable","22":"purchasable","23":"product-type-simple"},"acf":[],"_links":{"self":[{"href":"https:\/\/jas.dk\/de\/wp-json\/wp\/v2\/product\/23810","targetHints":{"allow":["GET"]}}],"collection":[{"href":"https:\/\/jas.dk\/de\/wp-json\/wp\/v2\/product"}],"about":[{"href":"https:\/\/jas.dk\/de\/wp-json\/wp\/v2\/types\/product"}],"version-history":[{"count":4,"href":"https:\/\/jas.dk\/de\/wp-json\/wp\/v2\/product\/23810\/revisions"}],"predecessor-version":[{"id":38249,"href":"https:\/\/jas.dk\/de\/wp-json\/wp\/v2\/product\/23810\/revisions\/38249"}],"wp:featuredmedia":[{"embeddable":true,"href":"https:\/\/jas.dk\/de\/wp-json\/wp\/v2\/media\/22809"}],"wp:attachment":[{"href":"https:\/\/jas.dk\/de\/wp-json\/wp\/v2\/media?parent=23810"}],"wp:term":[{"taxonomy":"product_brand","embeddable":true,"href":"https:\/\/jas.dk\/de\/wp-json\/wp\/v2\/product_brand?post=23810"},{"taxonomy":"product_cat","embeddable":true,"href":"https:\/\/jas.dk\/de\/wp-json\/wp\/v2\/product_cat?post=23810"},{"taxonomy":"product_tag","embeddable":true,"href":"https:\/\/jas.dk\/de\/wp-json\/wp\/v2\/product_tag?post=23810"}],"curies":[{"name":"wp","href":"https:\/\/api.w.org\/{rel}","templated":true}]}}