{"id":23836,"date":"2024-04-24T10:57:39","date_gmt":"2024-04-24T08:57:39","guid":{"rendered":"https:\/\/jas.dk\/produkter\/unkategorisiert\/hebe-senktisch-erg-o-lift-300-rollenschienen\/"},"modified":"2026-03-20T11:58:43","modified_gmt":"2026-03-20T10:58:43","slug":"hebe-senktisch-erg-o-lift-300-rollenschienen","status":"publish","type":"product","link":"https:\/\/jas.dk\/de\/produkte\/tische\/hebe-senktisch-erg-o-lift-300-rollenschienen\/","title":{"rendered":"H\u00f6henverstellbarer Tisch mit Neigungsfunktion &#8211; 4000x750mm &#8211; Erg-O-Lift 300"},"content":{"rendered":"<h2 data-start=\"1025\" data-end=\"1077\"><strong data-start=\"1028\" data-end=\"1077\">H\u00f6henverstellbarer Tisch mit Neigungsfunktion<\/strong><\/h2>\n<p data-start=\"1079\" data-end=\"1390\">Dieser <strong data-start=\"1085\" data-end=\"1121\">h\u00f6henverstellbare Tisch mit Neigefunktion, <\/strong>der auf unserem Modell Erg-O-Lift 300 basiert, wurde f\u00fcr schwere Montage- und Produktionsaufgaben entwickelt, bei denen sowohl Flexibilit\u00e4t als auch Ergonomie entscheidend sind. Der Tisch kombiniert eine <strong data-start=\"1244\" data-end=\"1272\">Neigung von bis zu 80\u00b0<\/strong> mit einer <strong data-start=\"1277\" data-end=\"1305\">elektrischen H\u00f6henverstellung<\/strong> und <strong data-start=\"1309\" data-end=\"1341\">f\u00fcnf integrierten Rollenschienen<\/strong> f\u00fcr die effiziente Handhabung schwerer Gegenst\u00e4nde. <\/p>\n<p data-start=\"1392\" data-end=\"1604\">Durch die solide Konstruktion eignet sich der Tisch ideal als <strong data-start=\"1438\" data-end=\"1451\">Kipptisch<\/strong>, <strong data-start=\"1453\" data-end=\"1468\">Montagetisch<\/strong>, <strong data-start=\"1470\" data-end=\"1489\">Produktionstisch<\/strong>, <strong data-start=\"1491\" data-end=\"1509\">Arbeitsplatz<\/strong>, <strong data-start=\"1511\" data-end=\"1526\">Schalttafel-Tisch<\/strong>, <strong data-start=\"1528\" data-end=\"1541\">Tafel-Tisch<\/strong> oder allgemein als hochbelastbare industrielle <strong data-start=\"1573\" data-end=\"1588\">Werkbank<\/strong>.<\/p>\n<p data-start=\"1606\" data-end=\"1808\">Die Arbeitsfl\u00e4che misst <strong data-start=\"1626\" data-end=\"1641\">4000&#215;750 mm<\/strong> und bietet reichlich Platz sowohl f\u00fcr die Montage als auch f\u00fcr den Zusammenbau. Die Rollenschienen lassen sich einzeln anheben und absenken, so dass sich auch schwere Bauteile w\u00e4hrend der Arbeit leicht bewegen lassen. <\/p>\n<h2 data-start=\"1815\" data-end=\"1847\"><strong data-start=\"1819\" data-end=\"1847\">Funktionen und Merkmale<\/strong><\/h2>\n<ul data-start=\"1848\" data-end=\"2200\">\n<li data-start=\"1848\" data-end=\"1930\">\n<p data-start=\"1850\" data-end=\"1930\"><strong data-start=\"1850\" data-end=\"1864\">Arbeitsplatte:<\/strong> 15 mm Birkensperrholz Film\/Folie &#8211; langlebige und stabile Oberfl\u00e4che<\/p>\n<\/li>\n<li data-start=\"1931\" data-end=\"1968\">\n<p data-start=\"1933\" data-end=\"1968\"><strong data-start=\"1933\" data-end=\"1954\">Arbeitsfl\u00e4che:<\/strong> 4000&#215;750 mm<\/p>\n<\/li>\n<li data-start=\"1969\" data-end=\"1998\">\n<p data-start=\"1971\" data-end=\"1998\"><strong data-start=\"1971\" data-end=\"1984\">Abmessungen H\u00f6he:<\/strong> 800-1300 mm<\/p>\n<\/li>\n<li data-start=\"1999\" data-end=\"2043\">\n<p data-start=\"2001\" data-end=\"2043\"><strong data-start=\"2001\" data-end=\"2019\">Neigefunktion:<\/strong> Elektrisch, bis zu 80\u00b0<\/p>\n<\/li>\n<li data-start=\"2044\" data-end=\"2106\">\n<p data-start=\"2046\" data-end=\"2106\"><strong data-start=\"2046\" data-end=\"2063\">Rollenschienen:<\/strong> 5 St\u00fcck, h\u00f6henverstellbar unter der Arbeitsplatte<\/p>\n<\/li>\n<li data-start=\"2107\" data-end=\"2137\">\n<p data-start=\"2109\" data-end=\"2137\"><strong data-start=\"2109\" data-end=\"2128\">Hebekraft:<\/strong> 400 kg<\/p>\n<\/li>\n<li data-start=\"2138\" data-end=\"2158\">\n<p data-start=\"2140\" data-end=\"2158\"><strong data-start=\"2140\" data-end=\"2149\">Gewicht:<\/strong> 350 kg<\/p>\n<\/li>\n<li data-start=\"2159\" data-end=\"2200\">\n<p data-start=\"2161\" data-end=\"2200\">Erh\u00e4ltlich in optionalen RAL-Farben und kundenspezifischen Gr\u00f6\u00dfen<\/p>\n<\/li>\n<li>50 mm Vorderkante &#8211; sorgt daf\u00fcr, dass die Gegenst\u00e4nde auf dem Tisch beim Kippen nicht herunterrutschen.<\/li>\n<\/ul>\n<h2 data-start=\"2207\" data-end=\"2241\"><strong data-start=\"2211\" data-end=\"2241\">Vorteile f\u00fcr Ihr Unternehmen<\/strong><\/h2>\n<ul data-start=\"2242\" data-end=\"2547\">\n<li data-start=\"2242\" data-end=\"2299\">\n<p data-start=\"2244\" data-end=\"2299\">Ergonomischer und elektrisch kippbarer Tisch mit einstellbarer H\u00f6he<\/p>\n<\/li>\n<li data-start=\"2300\" data-end=\"2353\">\n<p data-start=\"2302\" data-end=\"2353\">Effiziente Rollenschienen f\u00fcr eine einfachere Handhabung der Teile<\/p>\n<\/li>\n<li data-start=\"2354\" data-end=\"2408\">\n<p data-start=\"2356\" data-end=\"2408\">Verbessert Sicherheit, Produktivit\u00e4t und Arbeitsumgebung<\/p>\n<\/li>\n<li data-start=\"2409\" data-end=\"2488\">\n<p data-start=\"2411\" data-end=\"2488\">Kann als <strong data-start=\"2428\" data-end=\"2443\">Montagetisch<\/strong>, <strong data-start=\"2445\" data-end=\"2460\">Schaltschranktisch<\/strong> oder <strong data-start=\"2467\" data-end=\"2486\">Produktionstisch<\/strong> verwendet werden<\/p>\n<\/li>\n<li data-start=\"2489\" data-end=\"2547\">\n<p data-start=\"2491\" data-end=\"2547\">Robuste Stahlkonstruktion mit hoher Tragf\u00e4higkeit und Stabilit\u00e4t<\/p>\n<\/li>\n<\/ul>\n<h2 data-start=\"2554\" data-end=\"2580\"><strong data-start=\"2558\" data-end=\"2580\">Anwendungsbereiche<\/strong><\/h2>\n<ul data-start=\"2581\" data-end=\"2777\">\n<li data-start=\"2581\" data-end=\"2616\">\n<p data-start=\"2583\" data-end=\"2616\">Elektronische und mechanische Montage<\/p>\n<\/li>\n<li data-start=\"2617\" data-end=\"2663\">\n<p data-start=\"2619\" data-end=\"2663\">Herstellung und Pr\u00fcfung von Schalttafeln und Maschinen<\/p>\n<\/li>\n<li data-start=\"2664\" data-end=\"2716\">\n<p data-start=\"2666\" data-end=\"2716\">Montage und Qualit\u00e4tskontrolle von schweren Komponenten<\/p>\n<\/li>\n<li data-start=\"2717\" data-end=\"2777\">\n<p data-start=\"2719\" data-end=\"2777\">Ergonomische Arbeitspl\u00e4tze in modernen Produktionslinien<\/p>\n<\/li>\n<\/ul>\n<p data-start=\"2784\" data-end=\"3079\">Der <strong data-start=\"2805\" data-end=\"2854\">h\u00f6henverstellbare Tisch mit Kippfunktion &#8211; 4000x750mm<\/strong> bietet Ihnen eine vielseitige und professionelle <strong data-start=\"2891\" data-end=\"2906\">Werkbank<\/strong>. Der Tisch kombiniert elektrischen Lift, Neigefunktion und flexible Rollenschienen f\u00fcr maximale Effizienz bei der t\u00e4glichen Arbeit.<br data-start=\"3023\" data-end=\"3026\">Erh\u00e4ltlich in jeder RAL-Farbe und kann nach Bedarf angepasst werden. <\/p>\n","protected":false},"excerpt":{"rendered":"<p data-start=\"541\" data-end=\"767\">H\u00f6henverstellbarer Tisch mit Kippfunktion &#8211; 4000x750mm. Strapazierf\u00e4higer Kipptisch mit f\u00fcnf h\u00f6henverstellbaren Rollenschienen, 400 kg Tragkraft und einer Neigung von bis zu 80\u00b0. Gewicht 350kg. Ideal als Montage- und Produktionstisch mit elektrischer H\u00f6henverstellung.   <\/p>\n","protected":false},"featured_media":23838,"template":"","meta":{"_acf_changed":false,"site-sidebar-layout":"default","site-content-layout":"","ast-site-content-layout":"default","site-content-style":"default","site-sidebar-style":"default","ast-global-header-display":"","ast-banner-title-visibility":"","ast-main-header-display":"","ast-hfb-above-header-display":"","ast-hfb-below-header-display":"","ast-hfb-mobile-header-display":"","site-post-title":"","ast-breadcrumbs-content":"","ast-featured-img":"","footer-sml-layout":"","ast-disable-related-posts":"","theme-transparent-header-meta":"default","adv-header-id-meta":"","stick-header-meta":"default","header-above-stick-meta":"","header-main-stick-meta":"","header-below-stick-meta":"","astra-migrate-meta-layouts":"set","ast-page-background-enabled":"default","ast-page-background-meta":{"desktop":{"background-color":"","background-image":"","background-repeat":"repeat","background-position":"center center","background-size":"auto","background-attachment":"scroll","background-type":"","background-media":"","overlay-type":"","overlay-color":"","overlay-opacity":"","overlay-gradient":""},"tablet":{"background-color":"","background-image":"","background-repeat":"repeat","background-position":"center center","background-size":"auto","background-attachment":"scroll","background-type":"","background-media":"","overlay-type":"","overlay-color":"","overlay-opacity":"","overlay-gradient":""},"mobile":{"background-color":"","background-image":"","background-repeat":"repeat","background-position":"center center","background-size":"auto","background-attachment":"scroll","background-type":"","background-media":"","overlay-type":"","overlay-color":"","overlay-opacity":"","overlay-gradient":""}},"ast-content-background-meta":{"desktop":{"background-color":"var(--ast-global-color-5)","background-image":"","background-repeat":"repeat","background-position":"center center","background-size":"auto","background-attachment":"scroll","background-type":"","background-media":"","overlay-type":"","overlay-color":"","overlay-opacity":"","overlay-gradient":""},"tablet":{"background-color":"var(--ast-global-color-5)","background-image":"","background-repeat":"repeat","background-position":"center center","background-size":"auto","background-attachment":"scroll","background-type":"","background-media":"","overlay-type":"","overlay-color":"","overlay-opacity":"","overlay-gradient":""},"mobile":{"background-color":"var(--ast-global-color-5)","background-image":"","background-repeat":"repeat","background-position":"center center","background-size":"auto","background-attachment":"scroll","background-type":"","background-media":"","overlay-type":"","overlay-color":"","overlay-opacity":"","overlay-gradient":""}}},"product_brand":[],"product_cat":[1383,1661,1677],"product_tag":[1680,3066],"class_list":{"0":"post-23836","1":"product","2":"type-product","3":"status-publish","4":"has-post-thumbnail","6":"product_cat-tische","7":"product_cat-hoehenverstellbare-werkbaenke","8":"product_cat-installation-der-schalttafel","9":"product_tag-ausgewaehlt","10":"product_tag-hebe-senktisch","11":"pa_storrelser-4000x750x800-1300mm","12":"desktop-align-left","13":"tablet-align-left","14":"mobile-align-left","15":"ast-product-gallery-layout-horizontal","16":"ast-product-gallery-with-no-image","17":"ast-product-tabs-layout-horizontal","19":"first","20":"onbackorder","21":"taxable","22":"shipping-taxable","23":"purchasable","24":"product-type-simple"},"acf":[],"_links":{"self":[{"href":"https:\/\/jas.dk\/de\/wp-json\/wp\/v2\/product\/23836","targetHints":{"allow":["GET"]}}],"collection":[{"href":"https:\/\/jas.dk\/de\/wp-json\/wp\/v2\/product"}],"about":[{"href":"https:\/\/jas.dk\/de\/wp-json\/wp\/v2\/types\/product"}],"version-history":[{"count":4,"href":"https:\/\/jas.dk\/de\/wp-json\/wp\/v2\/product\/23836\/revisions"}],"predecessor-version":[{"id":38422,"href":"https:\/\/jas.dk\/de\/wp-json\/wp\/v2\/product\/23836\/revisions\/38422"}],"wp:featuredmedia":[{"embeddable":true,"href":"https:\/\/jas.dk\/de\/wp-json\/wp\/v2\/media\/23838"}],"wp:attachment":[{"href":"https:\/\/jas.dk\/de\/wp-json\/wp\/v2\/media?parent=23836"}],"wp:term":[{"taxonomy":"product_brand","embeddable":true,"href":"https:\/\/jas.dk\/de\/wp-json\/wp\/v2\/product_brand?post=23836"},{"taxonomy":"product_cat","embeddable":true,"href":"https:\/\/jas.dk\/de\/wp-json\/wp\/v2\/product_cat?post=23836"},{"taxonomy":"product_tag","embeddable":true,"href":"https:\/\/jas.dk\/de\/wp-json\/wp\/v2\/product_tag?post=23836"}],"curies":[{"name":"wp","href":"https:\/\/api.w.org\/{rel}","templated":true}]}}