{"id":24338,"date":"2024-02-20T12:16:23","date_gmt":"2024-02-20T11:16:23","guid":{"rendered":"https:\/\/jas.dk\/produkter\/unkategorisiert\/akku-kommissionierwagen-flexible-und-mobile-loesung\/"},"modified":"2026-04-14T11:27:58","modified_gmt":"2026-04-14T09:27:58","slug":"akku-kommissionierwagen-flexible-und-mobile-loesung","status":"publish","type":"product","link":"https:\/\/jas.dk\/de\/produkte\/transportwagen\/akku-kommissionierwagen-flexible-und-mobile-loesung\/","title":{"rendered":"Batterie-Pflugwagen &#8211; 1220x600x1050 mm"},"content":{"rendered":"<h2 data-start=\"949\" data-end=\"997\"><strong data-start=\"953\" data-end=\"995\">Batterie-Pflugwagen &#8211; 1220x600x1050 mm<\/strong><\/h2>\n<p data-start=\"999\" data-end=\"1328\">Dieser <strong data-start=\"1005\" data-end=\"1047\">Akku-Kommissionierwagen &#8211; 1220x600x1050 mm<\/strong> ist als moderner, mobiler Arbeitsplatz f\u00fcr die Kommissionierung und Produktion konzipiert, bei dem Flexibilit\u00e4t und Effizienz im Vordergrund stehen.<br data-start=\"1167\" data-end=\"1170\">Das eingebaute <strong data-start=\"1185\" data-end=\"1202\">Akkusystem<\/strong> liefert Strom f\u00fcr Computer, Monitor, Scanner und andere Ger\u00e4te, so dass der Mitarbeiter unabh\u00e4ngig von einer festen Stromquelle arbeiten kann.<\/p>\n<p data-start=\"1330\" data-end=\"1602\">Mit seiner kompakten Gr\u00f6\u00dfe und der robusten Stahlkonstruktion ist der Wagen ideal f\u00fcr gesch\u00e4ftige Lagerumgebungen geeignet, in denen Ger\u00e4te und Daten in unmittelbarer N\u00e4he sein m\u00fcssen.<br data-start=\"1472\" data-end=\"1475\">Das macht ihn zum perfekten <strong data-start=\"1499\" data-end=\"1517\">mobilen Kommissionierer<\/strong>, <strong data-start=\"1519\" data-end=\"1530\">IT-Wagen<\/strong> oder <strong data-start=\"1537\" data-end=\"1554\">Transportwagen<\/strong> in modernen Logistik- und Produktionsabteilungen.<\/p>\n<h2 data-start=\"1609\" data-end=\"1648\"><strong data-start=\"1613\" data-end=\"1646\">Funktionen und Merkmale<\/strong><\/h2>\n<ul data-start=\"1649\" data-end=\"1990\">\n<li data-start=\"1649\" data-end=\"1708\">\n<p data-start=\"1651\" data-end=\"1708\"><strong data-start=\"1651\" data-end=\"1672\">Eingebauter Akku<\/strong> f\u00fcr die Stromversorgung von IT-Ger\u00e4ten und Scanner<\/p>\n<\/li>\n<li data-start=\"1709\" data-end=\"1756\">\n<p data-start=\"1711\" data-end=\"1756\"><strong data-start=\"1711\" data-end=\"1735\">Kompaktes Design<\/strong> &#8211; 1220x600x1050 mm<\/p>\n<\/li>\n<li data-start=\"1757\" data-end=\"1801\">\n<p data-start=\"1759\" data-end=\"1801\"><strong data-start=\"1759\" data-end=\"1779\">Robuster Stahlrahmen<\/strong> f\u00fcr den industriellen Einsatz<\/p>\n<\/li>\n<li data-start=\"1802\" data-end=\"1864\">\n<p data-start=\"1804\" data-end=\"1864\"><strong data-start=\"1804\" data-end=\"1828\">Mobiler Arbeitsplatz<\/strong> mit stabiler Fahrt und geringer Reibung<\/p>\n<\/li>\n<li data-start=\"1865\" data-end=\"1922\">\n<p data-start=\"1867\" data-end=\"1922\"><strong data-start=\"1867\" data-end=\"1894\">Ergonomische Arbeitsh\u00f6he<\/strong> f\u00fcr komfortables Arbeiten<\/p>\n<\/li>\n<li data-start=\"1923\" data-end=\"1990\">\n<p data-start=\"1925\" data-end=\"1990\"><strong data-start=\"1925\" data-end=\"1944\">Leichtg\u00e4ngige R\u00e4der<\/strong> f\u00fcr hohe Man\u00f6vrierf\u00e4higkeit auf engem Raum<\/p>\n<\/li>\n<\/ul>\n<h2 data-start=\"1997\" data-end=\"2039\"><strong data-start=\"2001\" data-end=\"2037\">Personalisierung und Flexibilit\u00e4t<\/strong><\/h2>\n<p data-start=\"2040\" data-end=\"2303\">Der Kommissionierer kann in <strong data-start=\"2065\" data-end=\"2086\">jeder RAL-Farbe<\/strong> geliefert und mit zus\u00e4tzlichen Ablagen, Werkzeughaltern, Kabelmanagement oder zus\u00e4tzlichen Steckdosen ausgestattet werden.<br data-start=\"2172\" data-end=\"2175\">Er kann auch als <strong data-start=\"2204\" data-end=\"2237\">Sonderversion mit individuellen Abmessungen<\/strong> hergestellt werden, um sich perfekt an Ihre Logistikeinrichtung und Arbeitsabl\u00e4ufe anzupassen.<\/p>\n<h2 data-start=\"2310\" data-end=\"2351\"><strong data-start=\"2314\" data-end=\"2349\">Vorteile f\u00fcr Ihr Unternehmen<\/strong><\/h2>\n<ul data-start=\"2352\" data-end=\"2608\">\n<li data-start=\"2352\" data-end=\"2408\">\n<p data-start=\"2354\" data-end=\"2408\">Strom f\u00fcr alle notwendigen Ger\u00e4te &#8211; direkt aus dem Fahrzeug<\/p>\n<\/li>\n<li data-start=\"2409\" data-end=\"2453\">\n<p data-start=\"2411\" data-end=\"2453\">Steigert die Effizienz bei der Kommissionierung und im Lager<\/p>\n<\/li>\n<li data-start=\"2454\" data-end=\"2514\">\n<p data-start=\"2456\" data-end=\"2514\">Machen Sie den Mitarbeiter unabh\u00e4ngig von station\u00e4ren Arbeitspl\u00e4tzen<\/p>\n<\/li>\n<li data-start=\"2515\" data-end=\"2555\">\n<p data-start=\"2517\" data-end=\"2555\">Verbessert den Fluss und reduziert die Ausfallzeiten<\/p>\n<\/li>\n<li data-start=\"2556\" data-end=\"2608\">\n<p data-start=\"2558\" data-end=\"2608\">Individuell anpassbar an Ihre genauen Bed\u00fcrfnisse und Ihr Farbprofil<\/p>\n<\/li>\n<\/ul>\n<h2 data-start=\"2615\" data-end=\"2656\"><strong data-start=\"2619\" data-end=\"2654\">Typische Anwendungsbereiche<\/strong><\/h2>\n<ul data-start=\"2657\" data-end=\"2833\">\n<li data-start=\"2657\" data-end=\"2689\">\n<p data-start=\"2659\" data-end=\"2689\">Lagerh\u00e4user und Vertriebszentren<\/p>\n<\/li>\n<li data-start=\"2690\" data-end=\"2732\">\n<p data-start=\"2692\" data-end=\"2732\">Produktionslinien und Montageabteilungen<\/p>\n<\/li>\n<li data-start=\"2733\" data-end=\"2779\">\n<p data-start=\"2735\" data-end=\"2779\">Qualit\u00e4tskontrolle und Registrierungsstationen<\/p>\n<\/li>\n<li data-start=\"2780\" data-end=\"2833\">\n<p data-start=\"2782\" data-end=\"2833\">Arbeitsbereiche, die eine mobile Stromversorgung ben\u00f6tigen<\/p>\n<\/li>\n<\/ul>\n<p data-start=\"2840\" data-end=\"3311\">Mit <strong data-start=\"2880\" data-end=\"2922\">dem Akku-Kommissionierwagen &#8211; 1220x600x1050 mm<\/strong> erhalten Sie eine professionelle und flexible L\u00f6sung, die Mobilit\u00e4t, Ergonomie und Zuverl\u00e4ssigkeit vereint.<br data-start=\"3019\" data-end=\"3022\">Der Wagen ist so konzipiert, dass er als <strong data-start=\"3060\" data-end=\"3084\">mobiler Arbeitsplatz<\/strong> fungiert, an dem immer Strom f\u00fcr die Ger\u00e4te zur Verf\u00fcgung steht &#8211; egal, wo Sie sich in der Produktion befinden.<br data-start=\"3174\" data-end=\"3177\">Erh\u00e4ltlich in <strong data-start=\"3187\" data-end=\"3208\">jeder RAL-Farbe<\/strong> und als <strong data-start=\"3216\" data-end=\"3249\">Sonderausf\u00fchrung mit individuellen Abmessungen<\/strong>, um Ihren Arbeitsablauf und Ihre Logistikanforderungen perfekt zu erf\u00fcllen.<\/p>\n<p style=\"text-align: center;\" data-start=\"2254\" data-end=\"2485\"><em>Mehr Wagen sehen <strong><a role=\"button\" href=\"https:\/\/jas.dk\/en\/ware-categories\/trolleys\/\" aria-label=\"her\">hier<\/a><\/strong><\/em><\/p>\n","protected":false},"excerpt":{"rendered":"<p>Effizienter batteriebetriebener Kommissionierwagen &#8211; 1220x600x1050 mm, konzipiert als mobiler Arbeitsplatz f\u00fcr Lager und Produktion. Mit dem eingebauten Akku k\u00f6nnen Sie Ihren Computer, Scanner und andere Ger\u00e4te direkt vom Wagen aus mit Strom versorgen &#8211; ideal f\u00fcr die flexible und digitale Kommissionierung. <\/p>\n","protected":false},"featured_media":37521,"template":"","meta":{"_acf_changed":false,"site-sidebar-layout":"default","site-content-layout":"page-builder","ast-site-content-layout":"default","site-content-style":"default","site-sidebar-style":"default","ast-global-header-display":"","ast-banner-title-visibility":"","ast-main-header-display":"","ast-hfb-above-header-display":"","ast-hfb-below-header-display":"","ast-hfb-mobile-header-display":"","site-post-title":"disabled","ast-breadcrumbs-content":"","ast-featured-img":"disabled","footer-sml-layout":"","ast-disable-related-posts":"","theme-transparent-header-meta":"default","adv-header-id-meta":"","stick-header-meta":"default","header-above-stick-meta":"","header-main-stick-meta":"","header-below-stick-meta":"","astra-migrate-meta-layouts":"set","ast-page-background-enabled":"default","ast-page-background-meta":{"desktop":{"background-color":"","background-image":"","background-repeat":"repeat","background-position":"center center","background-size":"auto","background-attachment":"scroll","background-type":"","background-media":"","overlay-type":"","overlay-color":"","overlay-opacity":"","overlay-gradient":""},"tablet":{"background-color":"","background-image":"","background-repeat":"repeat","background-position":"center center","background-size":"auto","background-attachment":"scroll","background-type":"","background-media":"","overlay-type":"","overlay-color":"","overlay-opacity":"","overlay-gradient":""},"mobile":{"background-color":"","background-image":"","background-repeat":"repeat","background-position":"center center","background-size":"auto","background-attachment":"scroll","background-type":"","background-media":"","overlay-type":"","overlay-color":"","overlay-opacity":"","overlay-gradient":""}},"ast-content-background-meta":{"desktop":{"background-color":"var(--ast-global-color-5)","background-image":"","background-repeat":"repeat","background-position":"center center","background-size":"auto","background-attachment":"scroll","background-type":"","background-media":"","overlay-type":"","overlay-color":"","overlay-opacity":"","overlay-gradient":""},"tablet":{"background-color":"var(--ast-global-color-5)","background-image":"","background-repeat":"repeat","background-position":"center center","background-size":"auto","background-attachment":"scroll","background-type":"","background-media":"","overlay-type":"","overlay-color":"","overlay-opacity":"","overlay-gradient":""},"mobile":{"background-color":"var(--ast-global-color-5)","background-image":"","background-repeat":"repeat","background-position":"center center","background-size":"auto","background-attachment":"scroll","background-type":"","background-media":"","overlay-type":"","overlay-color":"","overlay-opacity":"","overlay-gradient":""}}},"product_brand":[],"product_cat":[1404,1447,1367,1647,2886],"product_tag":[],"class_list":{"0":"post-24338","1":"product","2":"type-product","3":"status-publish","4":"has-post-thumbnail","6":"product_cat-transportwagen","7":"product_cat-kommissionierwagen","8":"product_cat-lager-logistik","9":"product_cat-standardprodukte","10":"product_cat-wagen","11":"pa_storrelser-1220x600x1050mm","12":"desktop-align-left","13":"tablet-align-left","14":"mobile-align-left","15":"ast-product-gallery-layout-horizontal","16":"ast-product-single-variable","17":"ast-product-tabs-layout-horizontal","19":"first","20":"instock","21":"taxable","22":"shipping-taxable","23":"purchasable","24":"product-type-variable","25":"has-default-attributes"},"acf":[],"_links":{"self":[{"href":"https:\/\/jas.dk\/de\/wp-json\/wp\/v2\/product\/24338","targetHints":{"allow":["GET"]}}],"collection":[{"href":"https:\/\/jas.dk\/de\/wp-json\/wp\/v2\/product"}],"about":[{"href":"https:\/\/jas.dk\/de\/wp-json\/wp\/v2\/types\/product"}],"version-history":[{"count":4,"href":"https:\/\/jas.dk\/de\/wp-json\/wp\/v2\/product\/24338\/revisions"}],"predecessor-version":[{"id":37361,"href":"https:\/\/jas.dk\/de\/wp-json\/wp\/v2\/product\/24338\/revisions\/37361"}],"wp:featuredmedia":[{"embeddable":true,"href":"https:\/\/jas.dk\/de\/wp-json\/wp\/v2\/media\/37521"}],"wp:attachment":[{"href":"https:\/\/jas.dk\/de\/wp-json\/wp\/v2\/media?parent=24338"}],"wp:term":[{"taxonomy":"product_brand","embeddable":true,"href":"https:\/\/jas.dk\/de\/wp-json\/wp\/v2\/product_brand?post=24338"},{"taxonomy":"product_cat","embeddable":true,"href":"https:\/\/jas.dk\/de\/wp-json\/wp\/v2\/product_cat?post=24338"},{"taxonomy":"product_tag","embeddable":true,"href":"https:\/\/jas.dk\/de\/wp-json\/wp\/v2\/product_tag?post=24338"}],"curies":[{"name":"wp","href":"https:\/\/api.w.org\/{rel}","templated":true}]}}