{"id":24342,"date":"2024-02-20T12:12:44","date_gmt":"2024-02-20T11:12:44","guid":{"rendered":"https:\/\/jas.dk\/produkter\/unkategorisiert\/containertragwagen-mit-falttuer-2\/"},"modified":"2026-03-24T10:49:11","modified_gmt":"2026-03-24T09:49:11","slug":"containertragwagen-mit-falttuer-2","status":"publish","type":"product","link":"https:\/\/jas.dk\/de\/produkte\/transportkaefige-und-gitterwagen\/containertragwagen-mit-falttuer-2\/","title":{"rendered":"Hochrollcontainer \u2013 robuste und hohe Lagerl\u00f6sung"},"content":{"rendered":"<h2 data-start=\"133\" data-end=\"209\"><strong data-start=\"137\" data-end=\"209\">Hochrollcontainer \u2013 gro\u00dfe und robuste Lager- und Transportl\u00f6sung<\/strong><\/h2>\n<p data-start=\"211\" data-end=\"552\">Dieser <strong data-start=\"217\" data-end=\"239\">hohe Rollcontainer<\/strong> ist f\u00fcr Aufgaben konzipiert, bei denen Standardcontainer nicht die erforderliche H\u00f6he erreichen. Dank seiner Abmessungen bietet er ein deutlich gr\u00f6\u00dferes Fassungsverm\u00f6gen, und die Klappt\u00fcr erm\u00f6glicht einen einfachen Zugriff auf die Waren. Der hohe Rollcontainer eignet sich daher ideal f\u00fcr Lager- und Logistikumgebungen, in denen ein hohes Volumen und eine hohe Lagerkapazit\u00e4t unerl\u00e4sslich sind.  <\/p>\n<p data-start=\"554\" data-end=\"761\">Als hochformatiger Containeranh\u00e4nger oder hoher Lagercontainer vereint dieses Modell St\u00e4rke, Funktionalit\u00e4t und Flexibilit\u00e4t und erm\u00f6glicht so die Bef\u00f6rderung gro\u00dfer Ladungsmengen, ohne zu viel Stellfl\u00e4che zu beanspruchen.<\/p>\n<hr data-start=\"763\" data-end=\"766\">\n<h2 data-start=\"768\" data-end=\"801\">Merkmale und Vorteile<\/h2>\n<ul data-start=\"802\" data-end=\"1189\">\n<li data-start=\"802\" data-end=\"895\">\n<p data-start=\"804\" data-end=\"895\"><strong data-start=\"804\" data-end=\"818\">Gro\u00dfe H\u00f6he<\/strong> \u2013 bietet zus\u00e4tzliches Stauvolumen, ohne die Stellfl\u00e4che wesentlich zu vergr\u00f6\u00dfern.<\/p>\n<\/li>\n<li data-start=\"896\" data-end=\"954\">\n<p data-start=\"898\" data-end=\"954\"><strong data-start=\"898\" data-end=\"919\">Faltt\u00fcr<\/strong> \u2013 einfaches Be- und Entladen der Waren.<\/p>\n<\/li>\n<li data-start=\"955\" data-end=\"1037\">\n<p data-start=\"957\" data-end=\"1037\"><strong data-start=\"957\" data-end=\"980\">Robuste Konstruktion<\/strong> \u2013 ausgelegt f\u00fcr hohe Belastungen und intensive t\u00e4gliche Beanspruchung.<\/p>\n<\/li>\n<li data-start=\"1038\" data-end=\"1102\">\n<p data-start=\"1040\" data-end=\"1102\"><strong data-start=\"1040\" data-end=\"1070\">Bodenplatte aus 16 mm Melamin<\/strong> \u2013 bietet eine stabile Basis f\u00fcr die Ladung.<\/p>\n<\/li>\n<li data-start=\"1103\" data-end=\"1189\">\n<p data-start=\"1105\" data-end=\"1189\"><strong data-start=\"1105\" data-end=\"1126\">Optionale RAL-Farbe<\/strong> \u2013 zur optischen Anpassung an das Lager- oder Firmenbranding.<\/p>\n<\/li>\n<\/ul>\n<hr data-start=\"1191\" data-end=\"1194\">\n<h2 data-start=\"1196\" data-end=\"1235\">Personalisierung und Flexibilit\u00e4t<\/h2>\n<p data-start=\"1236\" data-end=\"1496\">Der Wagen ist in <strong data-start=\"1249\" data-end=\"1270\">allen RAL-Farben<\/strong> erh\u00e4ltlich und passt so perfekt zum Erscheinungsbild Ihres Unternehmens. Wir bieten auch <strong data-start=\"1327\" data-end=\"1362\">Sonderausf\u00fchrungen mit individuellen Abmessungen<\/strong> an, falls Sie mehr H\u00f6he, Tiefe oder spezielle Ma\u00dfe ben\u00f6tigen. So entspricht der hohe Rollcontainer exakt Ihren Anforderungen. <\/p>\n<hr data-start=\"1498\" data-end=\"1501\">\n<h2 data-start=\"1503\" data-end=\"1541\">Vorteile f\u00fcr Ihr Unternehmen<\/h2>\n<ul data-start=\"1542\" data-end=\"1857\">\n<li data-start=\"1542\" data-end=\"1629\">\n<p data-start=\"1544\" data-end=\"1629\"><strong data-start=\"1544\" data-end=\"1566\">Maximale Kapazit\u00e4t<\/strong> \u2013 die H\u00f6he erm\u00f6glicht die Lagerung von mehr G\u00fctern pro Container.<\/p>\n<\/li>\n<li data-start=\"1630\" data-end=\"1713\">\n<p data-start=\"1632\" data-end=\"1713\"><strong data-start=\"1632\" data-end=\"1653\">Effizientes Beladen<\/strong> \u2013 die T\u00fcr erleichtert das Handling gro\u00dfer oder schwerer Gegenst\u00e4nde.<\/p>\n<\/li>\n<li data-start=\"1714\" data-end=\"1780\">\n<p data-start=\"1716\" data-end=\"1780\"><strong data-start=\"1716\" data-end=\"1741\">Bessere Raumausnutzung<\/strong> \u2013 hoher, vertikal genutzter Stauraum.<\/p>\n<\/li>\n<li data-start=\"1781\" data-end=\"1857\">\n<p data-start=\"1783\" data-end=\"1857\"><strong data-start=\"1783\" data-end=\"1806\">Langlebige Investition<\/strong> \u2013 robust gebaut f\u00fcr den dauerhaften Einsatz in anspruchsvollen Umgebungen.<\/p>\n<\/li>\n<\/ul>\n<hr data-start=\"1859\" data-end=\"1862\">\n<h2 data-start=\"1864\" data-end=\"1894\">Anwendungsbereiche<\/h2>\n<ul data-start=\"1895\" data-end=\"2169\">\n<li data-start=\"1895\" data-end=\"1956\">\n<p data-start=\"1897\" data-end=\"1956\">Lagerhaltung und Logistik mit Bedarf an Lagerung gro\u00dfer Warenmengen.<\/p>\n<\/li>\n<li data-start=\"1957\" data-end=\"2018\">\n<p data-start=\"1959\" data-end=\"2018\">Transportzentren, die gro\u00dfe und l\u00e4ngliche G\u00fcter umschlagen.<\/p>\n<\/li>\n<li data-start=\"2019\" data-end=\"2085\">\n<p data-start=\"2021\" data-end=\"2085\">Produktion, bei der Hochleistungsspeicherl\u00f6sungen f\u00fcr Effizienz sorgen.<\/p>\n<\/li>\n<li data-start=\"2086\" data-end=\"2169\">\n<p data-start=\"2088\" data-end=\"2169\">Werkst\u00e4tten und Industrieanlagen, in denen Materialien sicher und zug\u00e4nglich gelagert werden m\u00fcssen.<\/p>\n<\/li>\n<\/ul>\n<hr data-start=\"2171\" data-end=\"2174\">\n<p data-start=\"2176\" data-end=\"2497\"><br data-start=\"2209\" data-end=\"2212\">Mit einem <strong data-start=\"2219\" data-end=\"2241\">hohen Rollcontainer<\/strong> erhalten Sie eine stabile, ger\u00e4umige und robuste L\u00f6sung f\u00fcr Lagerung und Transport. Der Wagen ist in <strong data-start=\"2328\" data-end=\"2349\">allen RAL-Farben<\/strong> erh\u00e4ltlich und kann in <strong data-start=\"2373\" data-end=\"2404\">Sonderabmessungen\/Sonderausf\u00fchrungen<\/strong> gefertigt werden, sodass er exakt Ihren r\u00e4umlichen Gegebenheiten und Bed\u00fcrfnissen entspricht.  Kontaktieren Sie uns noch heute f\u00fcr ein unverbindliches Angebot.<\/p>\n","protected":false},"excerpt":{"rendered":"<p>Robuster, hoher Rollcontainer mit Klappt\u00fcr und gro\u00dfer H\u00f6he. Ideal f\u00fcr die Lagerung gro\u00dfer Mengen und robuster Materialien. Erh\u00e4ltlich in allen RAL-Farben und Sonderabmessungen.  <\/p>\n","protected":false},"featured_media":24344,"template":"","meta":{"_acf_changed":false,"site-sidebar-layout":"default","site-content-layout":"","ast-site-content-layout":"default","site-content-style":"default","site-sidebar-style":"default","ast-global-header-display":"","ast-banner-title-visibility":"","ast-main-header-display":"","ast-hfb-above-header-display":"","ast-hfb-below-header-display":"","ast-hfb-mobile-header-display":"","site-post-title":"","ast-breadcrumbs-content":"","ast-featured-img":"","footer-sml-layout":"","ast-disable-related-posts":"","theme-transparent-header-meta":"default","adv-header-id-meta":"","stick-header-meta":"default","header-above-stick-meta":"","header-main-stick-meta":"","header-below-stick-meta":"","astra-migrate-meta-layouts":"set","ast-page-background-enabled":"default","ast-page-background-meta":{"desktop":{"background-color":"","background-image":"","background-repeat":"repeat","background-position":"center center","background-size":"auto","background-attachment":"scroll","background-type":"","background-media":"","overlay-type":"","overlay-color":"","overlay-opacity":"","overlay-gradient":""},"tablet":{"background-color":"","background-image":"","background-repeat":"repeat","background-position":"center center","background-size":"auto","background-attachment":"scroll","background-type":"","background-media":"","overlay-type":"","overlay-color":"","overlay-opacity":"","overlay-gradient":""},"mobile":{"background-color":"","background-image":"","background-repeat":"repeat","background-position":"center center","background-size":"auto","background-attachment":"scroll","background-type":"","background-media":"","overlay-type":"","overlay-color":"","overlay-opacity":"","overlay-gradient":""}},"ast-content-background-meta":{"desktop":{"background-color":"var(--ast-global-color-5)","background-image":"","background-repeat":"repeat","background-position":"center center","background-size":"auto","background-attachment":"scroll","background-type":"","background-media":"","overlay-type":"","overlay-color":"","overlay-opacity":"","overlay-gradient":""},"tablet":{"background-color":"var(--ast-global-color-5)","background-image":"","background-repeat":"repeat","background-position":"center center","background-size":"auto","background-attachment":"scroll","background-type":"","background-media":"","overlay-type":"","overlay-color":"","overlay-opacity":"","overlay-gradient":""},"mobile":{"background-color":"var(--ast-global-color-5)","background-image":"","background-repeat":"repeat","background-position":"center center","background-size":"auto","background-attachment":"scroll","background-type":"","background-media":"","overlay-type":"","overlay-color":"","overlay-opacity":"","overlay-gradient":""}}},"product_brand":[],"product_cat":[1399,2053,1398],"product_tag":[],"class_list":{"0":"post-24342","1":"product","2":"type-product","3":"status-publish","4":"has-post-thumbnail","6":"product_cat-transportkaefige-und-gitterwagen","7":"product_cat-rollcontainer","8":"product_cat-transport","9":"pa_storrelser-1200x600x1850mm","10":"desktop-align-left","11":"tablet-align-left","12":"mobile-align-left","13":"ast-product-gallery-layout-horizontal","14":"ast-product-gallery-with-no-image","15":"ast-product-tabs-layout-horizontal","17":"first","18":"instock","19":"taxable","20":"shipping-taxable","21":"purchasable","22":"product-type-simple"},"acf":[],"_links":{"self":[{"href":"https:\/\/jas.dk\/de\/wp-json\/wp\/v2\/product\/24342","targetHints":{"allow":["GET"]}}],"collection":[{"href":"https:\/\/jas.dk\/de\/wp-json\/wp\/v2\/product"}],"about":[{"href":"https:\/\/jas.dk\/de\/wp-json\/wp\/v2\/types\/product"}],"version-history":[{"count":1,"href":"https:\/\/jas.dk\/de\/wp-json\/wp\/v2\/product\/24342\/revisions"}],"predecessor-version":[{"id":38693,"href":"https:\/\/jas.dk\/de\/wp-json\/wp\/v2\/product\/24342\/revisions\/38693"}],"wp:featuredmedia":[{"embeddable":true,"href":"https:\/\/jas.dk\/de\/wp-json\/wp\/v2\/media\/24344"}],"wp:attachment":[{"href":"https:\/\/jas.dk\/de\/wp-json\/wp\/v2\/media?parent=24342"}],"wp:term":[{"taxonomy":"product_brand","embeddable":true,"href":"https:\/\/jas.dk\/de\/wp-json\/wp\/v2\/product_brand?post=24342"},{"taxonomy":"product_cat","embeddable":true,"href":"https:\/\/jas.dk\/de\/wp-json\/wp\/v2\/product_cat?post=24342"},{"taxonomy":"product_tag","embeddable":true,"href":"https:\/\/jas.dk\/de\/wp-json\/wp\/v2\/product_tag?post=24342"}],"curies":[{"name":"wp","href":"https:\/\/api.w.org\/{rel}","templated":true}]}}