{"id":24403,"date":"2023-11-17T11:36:22","date_gmt":"2023-11-17T11:36:22","guid":{"rendered":"https:\/\/jas.dk\/produkter\/unkategorisiert\/rollcontainer-mit-abklappbarer-front-flexible-aufbewahrungsloesung\/"},"modified":"2026-03-23T14:34:58","modified_gmt":"2026-03-23T13:34:58","slug":"rollcontainer-mit-abklappbarer-front-flexible-aufbewahrungsloesung","status":"publish","type":"product","link":"https:\/\/jas.dk\/de\/produkte\/transportkaefige-und-gitterwagen\/rollcontainer\/rollcontainer-mit-abklappbarer-front-flexible-aufbewahrungsloesung\/","title":{"rendered":"Rollcontainer mit abklappbarer Front"},"content":{"rendered":"<p data-start=\"802\" data-end=\"884\"><strong data-start=\"806\" data-end=\"884\">Rollcontainer mit abklappbarer Front<\/strong><\/p>\n<p data-start=\"886\" data-end=\"1160\">Dieser <strong data-start=\"892\" data-end=\"933\">Rollcontainer mit klappbarer Front<\/strong> ist so konzipiert, dass Lagerung und Transport bequem und flexibel sind. Die Netzfront l\u00e4sst sich f\u00fcr einen schnellen Zugriff auf den Inhalt des Beh\u00e4lters einfach herunterklappen &#8211; ideal f\u00fcr gesch\u00e4ftige Lager-, Logistik- und Vertriebsumgebungen. <\/p>\n<p data-start=\"1162\" data-end=\"1345\">Mit seiner soliden und mobilen Konstruktion erf\u00fcllt der Wagen die Anforderungen an Haltbarkeit und Flexibilit\u00e4t. Er ist leicht zu man\u00f6vrieren und gibt Ihnen die volle Kontrolle \u00fcber Ihre Lager- und Transportaufgaben. <\/p>\n<h2 data-start=\"1347\" data-end=\"1384\"><strong data-start=\"1352\" data-end=\"1382\">Merkmale und Vorteile  <\/strong><\/h2>\n<ul data-start=\"1385\" data-end=\"1769\">\n<li data-start=\"1385\" data-end=\"1462\">\n<p data-start=\"1387\" data-end=\"1462\"><strong data-start=\"1387\" data-end=\"1409\">Abklappbare Vorderseite<\/strong> &#8211; erm\u00f6glicht einfachen Zugriff auf den Inhalt, ohne die T\u00fcren \u00f6ffnen zu m\u00fcssen.<\/p>\n<\/li>\n<li data-start=\"1463\" data-end=\"1537\">\n<p data-start=\"1465\" data-end=\"1537\"><strong data-start=\"1465\" data-end=\"1480\">Mesh-Rahmen<\/strong> &#8211; sorgt f\u00fcr Stabilit\u00e4t und \u00dcbersichtlichkeit beim Transport.<\/p>\n<\/li>\n<li data-start=\"1538\" data-end=\"1624\">\n<p data-start=\"1540\" data-end=\"1624\"><strong data-start=\"1540\" data-end=\"1563\">Robuste Konstruktion<\/strong> &#8211; entwickelt f\u00fcr den intensiven und t\u00e4glichen Einsatz in anspruchsvollen Umgebungen.<\/p>\n<\/li>\n<li data-start=\"1625\" data-end=\"1692\">\n<p data-start=\"1627\" data-end=\"1692\"><strong data-start=\"1627\" data-end=\"1646\">Einfache Man\u00f6vrierbarkeit<\/strong> &#8211; die R\u00e4der erm\u00f6glichen einen reibungslosen und flexiblen Transport.<\/p>\n<\/li>\n<li data-start=\"1693\" data-end=\"1769\">\n<p data-start=\"1695\" data-end=\"1769\"><strong data-start=\"1695\" data-end=\"1714\">Platzsparend<\/strong> &#8211; passt in enge R\u00e4ume und l\u00e4sst sich effizient aufstellen.<\/p>\n<\/li>\n<\/ul>\n<h2 data-start=\"1771\" data-end=\"1813\"><strong data-start=\"1776\" data-end=\"1811\">Vorteile f\u00fcr Ihr Unternehmen<\/strong><\/h2>\n<ul data-start=\"1814\" data-end=\"2116\">\n<li data-start=\"1814\" data-end=\"1889\">\n<p data-start=\"1816\" data-end=\"1889\"><strong data-start=\"1816\" data-end=\"1834\">Schneller Ansatz<\/strong> &#8211; spart Zeit beim Bef\u00fcllen und Entleeren des Beh\u00e4lters.<\/p>\n<\/li>\n<li data-start=\"1890\" data-end=\"1966\">\n<p data-start=\"1892\" data-end=\"1966\"><strong data-start=\"1892\" data-end=\"1913\">Erh\u00f6hte Sicherheit<\/strong> &#8211; das Gitter h\u00e4lt die Waren geordnet und widersteht Belastungen.<\/p>\n<\/li>\n<li data-start=\"1967\" data-end=\"2036\">\n<p data-start=\"1969\" data-end=\"2036\"><strong data-start=\"1969\" data-end=\"1985\">Lange Lebensdauer<\/strong> &#8211; besonders geeignet f\u00fcr langfristige Investitionen.<\/p>\n<\/li>\n<li data-start=\"2037\" data-end=\"2116\">\n<p data-start=\"2039\" data-end=\"2116\"><strong data-start=\"2039\" data-end=\"2058\">Flexibler Betrieb<\/strong> &#8211; kann in den Bereichen Logistik, Vertrieb und Lagerhaltung eingesetzt werden.<\/p>\n<\/li>\n<\/ul>\n<h2 data-start=\"2118\" data-end=\"2152\"><strong data-start=\"2123\" data-end=\"2150\">Anwendungsbereiche<\/strong><\/h2>\n<ul data-start=\"2153\" data-end=\"2346\">\n<li data-start=\"2153\" data-end=\"2220\">\n<p data-start=\"2155\" data-end=\"2220\">Lager- und Vertriebsumgebungen, in denen schneller Zugriff entscheidend ist.<\/p>\n<\/li>\n<li data-start=\"2221\" data-end=\"2283\">\n<p data-start=\"2223\" data-end=\"2283\">Produktionslinien, die einen Zugang und mobilen Transport ben\u00f6tigen.<\/p>\n<\/li>\n<li data-start=\"2284\" data-end=\"2346\">\n<p data-start=\"2286\" data-end=\"2346\">Einzelhandel hinter den Kulissen und hochaktive Logistikknotenpunkte.<\/p>\n<\/li>\n<\/ul>\n<p data-start=\"2353\" data-end=\"2582\">Mit einem <strong data-start=\"2396\" data-end=\"2437\">Rollcontainer mit abklappbarer Front<\/strong> erhalten Sie eine funktionelle, flexible und langlebige L\u00f6sung, die sowohl die Effizienz als auch den Arbeitsablauf verbessert. Kontaktieren Sie uns noch heute f\u00fcr ein unverbindliches Angebot. <\/p>\n","protected":false},"excerpt":{"rendered":"<p>Robuster Rollcontainer mit abklappbarer Front &#8211; eine mobile und effiziente Aufbewahrungsl\u00f6sung, die einfachen Zugang, schnelle Bedienung und sicheren Transport gew\u00e4hrleistet.<\/p>\n","protected":false},"featured_media":24405,"template":"","meta":{"_acf_changed":false,"site-sidebar-layout":"default","site-content-layout":"","ast-site-content-layout":"default","site-content-style":"default","site-sidebar-style":"default","ast-global-header-display":"","ast-banner-title-visibility":"","ast-main-header-display":"","ast-hfb-above-header-display":"","ast-hfb-below-header-display":"","ast-hfb-mobile-header-display":"","site-post-title":"","ast-breadcrumbs-content":"","ast-featured-img":"","footer-sml-layout":"","ast-disable-related-posts":"","theme-transparent-header-meta":"default","adv-header-id-meta":"","stick-header-meta":"default","header-above-stick-meta":"","header-main-stick-meta":"","header-below-stick-meta":"","astra-migrate-meta-layouts":"set","ast-page-background-enabled":"default","ast-page-background-meta":{"desktop":{"background-color":"","background-image":"","background-repeat":"repeat","background-position":"center center","background-size":"auto","background-attachment":"scroll","background-type":"","background-media":"","overlay-type":"","overlay-color":"","overlay-opacity":"","overlay-gradient":""},"tablet":{"background-color":"","background-image":"","background-repeat":"repeat","background-position":"center center","background-size":"auto","background-attachment":"scroll","background-type":"","background-media":"","overlay-type":"","overlay-color":"","overlay-opacity":"","overlay-gradient":""},"mobile":{"background-color":"","background-image":"","background-repeat":"repeat","background-position":"center center","background-size":"auto","background-attachment":"scroll","background-type":"","background-media":"","overlay-type":"","overlay-color":"","overlay-opacity":"","overlay-gradient":""}},"ast-content-background-meta":{"desktop":{"background-color":"var(--ast-global-color-5)","background-image":"","background-repeat":"repeat","background-position":"center center","background-size":"auto","background-attachment":"scroll","background-type":"","background-media":"","overlay-type":"","overlay-color":"","overlay-opacity":"","overlay-gradient":""},"tablet":{"background-color":"var(--ast-global-color-5)","background-image":"","background-repeat":"repeat","background-position":"center center","background-size":"auto","background-attachment":"scroll","background-type":"","background-media":"","overlay-type":"","overlay-color":"","overlay-opacity":"","overlay-gradient":""},"mobile":{"background-color":"var(--ast-global-color-5)","background-image":"","background-repeat":"repeat","background-position":"center center","background-size":"auto","background-attachment":"scroll","background-type":"","background-media":"","overlay-type":"","overlay-color":"","overlay-opacity":"","overlay-gradient":""}}},"product_brand":[],"product_cat":[2053,1398,1399],"product_tag":[],"class_list":{"0":"post-24403","1":"product","2":"type-product","3":"status-publish","4":"has-post-thumbnail","6":"product_cat-rollcontainer","7":"product_cat-transport","8":"product_cat-transportkaefige-und-gitterwagen","9":"pa_storrelser-1200x600x1400mm","10":"desktop-align-left","11":"tablet-align-left","12":"mobile-align-left","13":"ast-product-gallery-layout-horizontal","14":"ast-product-tabs-layout-horizontal","16":"first","17":"onbackorder","18":"taxable","19":"shipping-taxable","20":"purchasable","21":"product-type-simple"},"acf":[],"_links":{"self":[{"href":"https:\/\/jas.dk\/de\/wp-json\/wp\/v2\/product\/24403","targetHints":{"allow":["GET"]}}],"collection":[{"href":"https:\/\/jas.dk\/de\/wp-json\/wp\/v2\/product"}],"about":[{"href":"https:\/\/jas.dk\/de\/wp-json\/wp\/v2\/types\/product"}],"version-history":[{"count":3,"href":"https:\/\/jas.dk\/de\/wp-json\/wp\/v2\/product\/24403\/revisions"}],"predecessor-version":[{"id":38603,"href":"https:\/\/jas.dk\/de\/wp-json\/wp\/v2\/product\/24403\/revisions\/38603"}],"wp:featuredmedia":[{"embeddable":true,"href":"https:\/\/jas.dk\/de\/wp-json\/wp\/v2\/media\/24405"}],"wp:attachment":[{"href":"https:\/\/jas.dk\/de\/wp-json\/wp\/v2\/media?parent=24403"}],"wp:term":[{"taxonomy":"product_brand","embeddable":true,"href":"https:\/\/jas.dk\/de\/wp-json\/wp\/v2\/product_brand?post=24403"},{"taxonomy":"product_cat","embeddable":true,"href":"https:\/\/jas.dk\/de\/wp-json\/wp\/v2\/product_cat?post=24403"},{"taxonomy":"product_tag","embeddable":true,"href":"https:\/\/jas.dk\/de\/wp-json\/wp\/v2\/product_tag?post=24403"}],"curies":[{"name":"wp","href":"https:\/\/api.w.org\/{rel}","templated":true}]}}