{"id":24410,"date":"2023-11-17T11:43:09","date_gmt":"2023-11-17T11:43:09","guid":{"rendered":"https:\/\/jas.dk\/produkter\/unkategorisiert\/rollbarer-tisch-mit-schubstangen-robuste-und-mobile-loesung\/"},"modified":"2026-03-19T11:47:00","modified_gmt":"2026-03-19T10:47:00","slug":"rollbarer-wagen-mit-schubstangen-robuste-und-mobile-loesung","status":"publish","type":"product","link":"https:\/\/jas.dk\/de\/produkte\/rollwagen\/rollbarer-wagen-mit-schubstangen-robuste-und-mobile-loesung\/","title":{"rendered":"Rollbarer Tisch mit 3 Ablagen &#8211; 1000x500x1000mm &#8211; 088R20"},"content":{"rendered":"<h2 data-start=\"888\" data-end=\"970\"><strong data-start=\"892\" data-end=\"970\">Rollbarer Tisch mit 3 Ablagen und Schiebestange &#8211; mobile und effiziente Transportl\u00f6sung<\/strong><\/h2>\n<p data-start=\"972\" data-end=\"1247\">Dieser <strong data-start=\"978\" data-end=\"1004\">Rolltisch mit 3 Etagen<\/strong> bietet eine zuverl\u00e4ssige und flexible L\u00f6sung f\u00fcr den internen Transport und die Lagerung. Mit seinen drei Ebenen bietet er reichlich Platz f\u00fcr die Organisation von Materialien, Werkzeugen oder Komponenten, w\u00e4hrend der Schiebeb\u00fcgel ein einfaches und intuitives Man\u00f6vrieren erm\u00f6glicht. <\/p>\n<p data-start=\"1249\" data-end=\"1477\">Der Rolltisch ist mit <strong data-start=\"1277\" data-end=\"1291\">Tente-Rollen<\/strong> ausgestattet, die f\u00fcr ihre hohe Qualit\u00e4t, ihren reibungslosen Lauf und ihre lange Lebensdauer &#8211; auch unter Last &#8211; bekannt sind. Diese R\u00e4der sorgen f\u00fcr eine stabile und reibungslose Bewegung durch Lager, Produktion und andere Arbeitsumgebungen. <\/p>\n<hr data-start=\"1479\" data-end=\"1482\">\n<h2 data-start=\"1484\" data-end=\"1520\">Funktionen und Merkmale<\/h2>\n<ul data-start=\"1521\" data-end=\"1881\">\n<li data-start=\"1521\" data-end=\"1589\">\n<p data-start=\"1523\" data-end=\"1589\"><strong data-start=\"1523\" data-end=\"1537\">Drei Einlegeb\u00f6den<\/strong> &#8211; f\u00fcr mehr Stauraum und Struktur.<\/p>\n<\/li>\n<li data-start=\"1590\" data-end=\"1669\">\n<p data-start=\"1592\" data-end=\"1669\"><strong data-start=\"1592\" data-end=\"1618\">Integrierte Schiebestange<\/strong> &#8211; f\u00fcr bessere Kontrolle und einfaches Lenken des Wagens.<\/p>\n<\/li>\n<li data-start=\"1670\" data-end=\"1745\">\n<p data-start=\"1672\" data-end=\"1745\"><strong data-start=\"1672\" data-end=\"1686\">Tente-R\u00e4der<\/strong> &#8211; langlebige und leise R\u00e4der f\u00fcr m\u00fchelose Mobilit\u00e4t.<\/p>\n<\/li>\n<li data-start=\"1746\" data-end=\"1809\">\n<p data-start=\"1748\" data-end=\"1809\"><strong data-start=\"1748\" data-end=\"1771\">Robuste Konstruktion<\/strong> &#8211; gebaut f\u00fcr den intensiven, t\u00e4glichen Gebrauch.<\/p>\n<\/li>\n<li data-start=\"1810\" data-end=\"1881\">\n<p data-start=\"1812\" data-end=\"1881\"><strong data-start=\"1812\" data-end=\"1835\">Offenes Regaldesign<\/strong> &#8211; einfacher Zugriff auf die Materialien von allen Seiten.<\/p>\n<\/li>\n<\/ul>\n<hr data-start=\"1883\" data-end=\"1886\">\n<h2 data-start=\"1888\" data-end=\"1927\">Personalisierung und Flexibilit\u00e4t<\/h2>\n<p data-start=\"1928\" data-end=\"2179\">Der Rolltisch kann in <strong data-start=\"1954\" data-end=\"1975\">jeder RAL-Farbe<\/strong> geliefert werden, damit er optisch zu Ihrem Arbeitsbereich passt. Dar\u00fcber hinaus k\u00f6nnen wir <strong data-start=\"2046\" data-end=\"2081\">kundenspezifische Versionen mit Sonderma\u00dfen<\/strong> anbieten, wenn Sie spezielle Anforderungen an die Abmessungen oder die Konfiguration haben, die ma\u00dfgeschneiderte L\u00f6sungen erfordern. <\/p>\n<hr data-start=\"2181\" data-end=\"2184\">\n<h2 data-start=\"2186\" data-end=\"2224\">Vorteile f\u00fcr Ihr Unternehmen<\/h2>\n<ul data-start=\"2225\" data-end=\"2680\">\n<li data-start=\"2225\" data-end=\"2300\">\n<p data-start=\"2227\" data-end=\"2300\"><strong data-start=\"2227\" data-end=\"2245\">Mehr Kapazit\u00e4t<\/strong> &#8211; drei F\u00e4cher f\u00fcr bessere Organisation und weniger Wege.<\/p>\n<\/li>\n<li data-start=\"2301\" data-end=\"2395\">\n<p data-start=\"2303\" data-end=\"2395\"><strong data-start=\"2303\" data-end=\"2320\">Einfacher Transport<\/strong> &#8211; der Schiebeb\u00fcgel und die Tente-R\u00e4der sorgen f\u00fcr eine stabile und kontrollierte Bewegung.<\/p>\n<\/li>\n<li data-start=\"2396\" data-end=\"2484\">\n<p data-start=\"2398\" data-end=\"2484\"><strong data-start=\"2398\" data-end=\"2417\">Langlebige L\u00f6sung<\/strong> &#8211; robuste Konstruktion und hochwertige R\u00e4der sorgen f\u00fcr Langlebigkeit.<\/p>\n<\/li>\n<li data-start=\"2485\" data-end=\"2586\">\n<p data-start=\"2487\" data-end=\"2586\"><strong data-start=\"2487\" data-end=\"2515\">Flexibilit\u00e4t im Arbeitsablauf<\/strong> &#8211; kann f\u00fcr verschiedene Aufgaben in Lager, Montage und Produktion eingesetzt werden.<\/p>\n<\/li>\n<li data-start=\"2587\" data-end=\"2680\">\n<p data-start=\"2589\" data-end=\"2680\"><strong data-start=\"2589\" data-end=\"2610\">Visuelle Anpassung<\/strong> &#8211; Farbauswahl und benutzerdefinierte Abmessungen erm\u00f6glichen Ihnen die Anpassung an Ihre Einrichtung.<\/p>\n<\/li>\n<\/ul>\n<hr data-start=\"2682\" data-end=\"2685\">\n<h2 data-start=\"2687\" data-end=\"2717\">Anwendungsbereiche<\/h2>\n<ul data-start=\"2718\" data-end=\"3025\">\n<li data-start=\"2718\" data-end=\"2787\">\n<p data-start=\"2720\" data-end=\"2787\">Lager, Montage und Produktion mit h\u00e4ufigem internen Transport.<\/p>\n<\/li>\n<li data-start=\"2788\" data-end=\"2867\">\n<p data-start=\"2790\" data-end=\"2867\">Werkst\u00e4tten, die Werkzeuge und Komponenten zwischen den Stationen bewegen m\u00fcssen.<\/p>\n<\/li>\n<li data-start=\"2868\" data-end=\"2956\">\n<p data-start=\"2870\" data-end=\"2956\">Verpackungs- und Kontrollbereiche, in denen ein mehrstufiger Zugang zum Material erforderlich ist.<\/p>\n<\/li>\n<li data-start=\"2957\" data-end=\"3025\">\n<p data-start=\"2959\" data-end=\"3025\">Industrie, die robuste Speicherung und Mobilit\u00e4t in einer L\u00f6sung ben\u00f6tigt.<\/p>\n<\/li>\n<\/ul>\n<p data-start=\"3032\" data-end=\"3407\">Mit diesem <strong data-start=\"3078\" data-end=\"3119\">Rolltisch mit 3 Ablagen und Schiebestange<\/strong> erhalten Sie eine flexible und leistungsstarke L\u00f6sung, die Mobilit\u00e4t, Kapazit\u00e4t und Ergonomie vereint. Das Produkt wird mit <strong data-start=\"3233\" data-end=\"3247\">Tente-Rollen<\/strong> geliefert und kann durch eine <strong data-start=\"3269\" data-end=\"3290\">optionale RAL-Farbe<\/strong> und eine <strong data-start=\"3294\" data-end=\"3325\">spezielle Version\/Gr\u00f6\u00dfe<\/strong> genau an Ihre Bed\u00fcrfnisse angepasst werden.  Kontaktieren Sie uns noch heute f\u00fcr ein unverbindliches Angebot.<\/p>\n","protected":false},"excerpt":{"rendered":"<p>Funktioneller Rolltisch mit 3 Ablagen und integriertem Schiebeb\u00fcgel. Ausgestattet mit robusten Tente-R\u00e4dern f\u00fcr einen sicheren und einfachen Transport. <\/p>\n","protected":false},"featured_media":24412,"template":"","meta":{"_acf_changed":false,"site-sidebar-layout":"default","site-content-layout":"page-builder","ast-site-content-layout":"default","site-content-style":"default","site-sidebar-style":"default","ast-global-header-display":"","ast-banner-title-visibility":"","ast-main-header-display":"","ast-hfb-above-header-display":"","ast-hfb-below-header-display":"","ast-hfb-mobile-header-display":"","site-post-title":"disabled","ast-breadcrumbs-content":"","ast-featured-img":"disabled","footer-sml-layout":"","ast-disable-related-posts":"","theme-transparent-header-meta":"default","adv-header-id-meta":"","stick-header-meta":"default","header-above-stick-meta":"","header-main-stick-meta":"on","header-below-stick-meta":"","astra-migrate-meta-layouts":"set","ast-page-background-enabled":"default","ast-page-background-meta":{"desktop":{"background-color":"","background-image":"","background-repeat":"repeat","background-position":"center center","background-size":"auto","background-attachment":"scroll","background-type":"","background-media":"","overlay-type":"","overlay-color":"","overlay-opacity":"","overlay-gradient":""},"tablet":{"background-color":"","background-image":"","background-repeat":"repeat","background-position":"center center","background-size":"auto","background-attachment":"scroll","background-type":"","background-media":"","overlay-type":"","overlay-color":"","overlay-opacity":"","overlay-gradient":""},"mobile":{"background-color":"","background-image":"","background-repeat":"repeat","background-position":"center center","background-size":"auto","background-attachment":"scroll","background-type":"","background-media":"","overlay-type":"","overlay-color":"","overlay-opacity":"","overlay-gradient":""}},"ast-content-background-meta":{"desktop":{"background-color":"var(--ast-global-color-5)","background-image":"","background-repeat":"repeat","background-position":"center center","background-size":"auto","background-attachment":"scroll","background-type":"","background-media":"","overlay-type":"","overlay-color":"","overlay-opacity":"","overlay-gradient":""},"tablet":{"background-color":"var(--ast-global-color-5)","background-image":"","background-repeat":"repeat","background-position":"center center","background-size":"auto","background-attachment":"scroll","background-type":"","background-media":"","overlay-type":"","overlay-color":"","overlay-opacity":"","overlay-gradient":""},"mobile":{"background-color":"var(--ast-global-color-5)","background-image":"","background-repeat":"repeat","background-position":"center center","background-size":"auto","background-attachment":"scroll","background-type":"","background-media":"","overlay-type":"","overlay-color":"","overlay-opacity":"","overlay-gradient":""}}},"product_brand":[],"product_cat":[2074,1367,1374,1647],"product_tag":[],"class_list":{"0":"post-24410","1":"product","2":"type-product","3":"status-publish","4":"has-post-thumbnail","6":"product_cat-rollwagen","7":"product_cat-lager-logistik","8":"product_cat-produktion-montage","9":"product_cat-standard-produkte","10":"pa_storrelser-1000x500x1000mm","11":"desktop-align-left","12":"tablet-align-left","13":"mobile-align-left","14":"ast-product-gallery-layout-horizontal","15":"ast-product-gallery-with-no-image","16":"ast-product-tabs-layout-horizontal","18":"first","19":"onbackorder","20":"taxable","21":"shipping-taxable","22":"purchasable","23":"product-type-simple"},"acf":[],"_links":{"self":[{"href":"https:\/\/jas.dk\/de\/wp-json\/wp\/v2\/product\/24410","targetHints":{"allow":["GET"]}}],"collection":[{"href":"https:\/\/jas.dk\/de\/wp-json\/wp\/v2\/product"}],"about":[{"href":"https:\/\/jas.dk\/de\/wp-json\/wp\/v2\/types\/product"}],"version-history":[{"count":4,"href":"https:\/\/jas.dk\/de\/wp-json\/wp\/v2\/product\/24410\/revisions"}],"predecessor-version":[{"id":37780,"href":"https:\/\/jas.dk\/de\/wp-json\/wp\/v2\/product\/24410\/revisions\/37780"}],"wp:featuredmedia":[{"embeddable":true,"href":"https:\/\/jas.dk\/de\/wp-json\/wp\/v2\/media\/24412"}],"wp:attachment":[{"href":"https:\/\/jas.dk\/de\/wp-json\/wp\/v2\/media?parent=24410"}],"wp:term":[{"taxonomy":"product_brand","embeddable":true,"href":"https:\/\/jas.dk\/de\/wp-json\/wp\/v2\/product_brand?post=24410"},{"taxonomy":"product_cat","embeddable":true,"href":"https:\/\/jas.dk\/de\/wp-json\/wp\/v2\/product_cat?post=24410"},{"taxonomy":"product_tag","embeddable":true,"href":"https:\/\/jas.dk\/de\/wp-json\/wp\/v2\/product_tag?post=24410"}],"curies":[{"name":"wp","href":"https:\/\/api.w.org\/{rel}","templated":true}]}}