{"id":24481,"date":"2025-05-27T15:35:22","date_gmt":"2025-05-27T13:35:22","guid":{"rendered":"https:\/\/jas.dk\/produkter\/unkategorisiert\/riffelraeder-oe125-richtungs-gesamtbremse-2044uap125r36-32s30-2xm6\/"},"modified":"2026-02-16T13:28:04","modified_gmt":"2026-02-16T12:28:04","slug":"riffelraeder-oe125-richtungs-gesamtbremse-2044uap125r36-32s30-2xm6","status":"publish","type":"product","link":"https:\/\/jas.dk\/de\/produkte\/zubehoer\/riffelraeder-oe125-richtungs-gesamtbremse-2044uap125r36-32s30-2xm6\/","title":{"rendered":"Riffelr\u00e4der \u00d8125 Richtungs-\/Gesamtbremse 2044UAP125R36-32S30 2xM6"},"content":{"rendered":"<p>Schwenkbares Rad mit Richtungsbremse und Totalbremse. Bauh\u00f6he 158mm. Durchmesser des Achsstiftes \u00d832. L\u00e4nge 50 mm.<br \/>\nBreite der Radspur 32 mm. Weiche Radspur in schiefergrau (ral 7015). Belastung bei 4km\/h 150kg und 450kg bei statischer Belastung. EN12531 &#8211; Krankenhausbett-Rollen. Hinweis: mit Richtungsbremse, nur 180\u00b0 Verstellung       <\/p>\n","protected":false},"excerpt":{"rendered":"<p>Schwenkbares Rad mit Richtungsbremse und Totalbremse. Bauh\u00f6he 158mm. Durchmesser des Achsstiftes \u00d832. L\u00e4nge 50mm.<br \/>\nBreite der Radspur 32 mm. Weiche Radspur in schiefergrau (ral 7015). Belastung bei 4km\/h 150kg und 450kg bei statischer Belastung. EN12531 &#8211; Krankenhausbett-Rollen. Hinweis: mit Richtungsbremse, nur 180\u00b0 Verstellung    <\/p>\n","protected":false},"featured_media":34347,"template":"","meta":{"_acf_changed":false,"site-sidebar-layout":"default","site-content-layout":"","ast-site-content-layout":"default","site-content-style":"default","site-sidebar-style":"default","ast-global-header-display":"","ast-banner-title-visibility":"","ast-main-header-display":"","ast-hfb-above-header-display":"","ast-hfb-below-header-display":"","ast-hfb-mobile-header-display":"","site-post-title":"","ast-breadcrumbs-content":"","ast-featured-img":"","footer-sml-layout":"","ast-disable-related-posts":"","theme-transparent-header-meta":"default","adv-header-id-meta":"","stick-header-meta":"default","header-above-stick-meta":"","header-main-stick-meta":"","header-below-stick-meta":"","astra-migrate-meta-layouts":"set","ast-page-background-enabled":"default","ast-page-background-meta":{"desktop":{"background-color":"","background-image":"","background-repeat":"repeat","background-position":"center center","background-size":"auto","background-attachment":"scroll","background-type":"","background-media":"","overlay-type":"","overlay-color":"","overlay-opacity":"","overlay-gradient":""},"tablet":{"background-color":"","background-image":"","background-repeat":"repeat","background-position":"center center","background-size":"auto","background-attachment":"scroll","background-type":"","background-media":"","overlay-type":"","overlay-color":"","overlay-opacity":"","overlay-gradient":""},"mobile":{"background-color":"","background-image":"","background-repeat":"repeat","background-position":"center center","background-size":"auto","background-attachment":"scroll","background-type":"","background-media":"","overlay-type":"","overlay-color":"","overlay-opacity":"","overlay-gradient":""}},"ast-content-background-meta":{"desktop":{"background-color":"var(--ast-global-color-5)","background-image":"","background-repeat":"repeat","background-position":"center center","background-size":"auto","background-attachment":"scroll","background-type":"","background-media":"","overlay-type":"","overlay-color":"","overlay-opacity":"","overlay-gradient":""},"tablet":{"background-color":"var(--ast-global-color-5)","background-image":"","background-repeat":"repeat","background-position":"center center","background-size":"auto","background-attachment":"scroll","background-type":"","background-media":"","overlay-type":"","overlay-color":"","overlay-opacity":"","overlay-gradient":""},"mobile":{"background-color":"var(--ast-global-color-5)","background-image":"","background-repeat":"repeat","background-position":"center center","background-size":"auto","background-attachment":"scroll","background-type":"","background-media":"","overlay-type":"","overlay-color":"","overlay-opacity":"","overlay-gradient":""}}},"product_brand":[],"product_cat":[2212],"product_tag":[],"class_list":{"0":"post-24481","1":"product","2":"type-product","3":"status-publish","4":"has-post-thumbnail","6":"product_cat-accessories","7":"product_shipping_class-shipped-in-package","8":"desktop-align-left","9":"tablet-align-left","10":"mobile-align-left","11":"ast-product-gallery-layout-horizontal","12":"ast-product-gallery-with-no-image","13":"ast-product-tabs-layout-horizontal","15":"first","16":"instock","17":"taxable","18":"shipping-taxable","19":"purchasable","20":"product-type-simple"},"acf":[],"_links":{"self":[{"href":"https:\/\/jas.dk\/de\/wp-json\/wp\/v2\/product\/24481","targetHints":{"allow":["GET"]}}],"collection":[{"href":"https:\/\/jas.dk\/de\/wp-json\/wp\/v2\/product"}],"about":[{"href":"https:\/\/jas.dk\/de\/wp-json\/wp\/v2\/types\/product"}],"version-history":[{"count":2,"href":"https:\/\/jas.dk\/de\/wp-json\/wp\/v2\/product\/24481\/revisions"}],"predecessor-version":[{"id":32591,"href":"https:\/\/jas.dk\/de\/wp-json\/wp\/v2\/product\/24481\/revisions\/32591"}],"wp:featuredmedia":[{"embeddable":true,"href":"https:\/\/jas.dk\/de\/wp-json\/wp\/v2\/media\/34347"}],"wp:attachment":[{"href":"https:\/\/jas.dk\/de\/wp-json\/wp\/v2\/media?parent=24481"}],"wp:term":[{"taxonomy":"product_brand","embeddable":true,"href":"https:\/\/jas.dk\/de\/wp-json\/wp\/v2\/product_brand?post=24481"},{"taxonomy":"product_cat","embeddable":true,"href":"https:\/\/jas.dk\/de\/wp-json\/wp\/v2\/product_cat?post=24481"},{"taxonomy":"product_tag","embeddable":true,"href":"https:\/\/jas.dk\/de\/wp-json\/wp\/v2\/product_tag?post=24481"}],"curies":[{"name":"wp","href":"https:\/\/api.w.org\/{rel}","templated":true}]}}