{"id":24744,"date":"2023-11-17T11:22:10","date_gmt":"2023-11-17T11:22:10","guid":{"rendered":"https:\/\/jas.dk\/produkter\/unkategorisiert\/rollbarer-tisch-mit-manueller-hoehenverstellung\/"},"modified":"2026-03-23T12:03:01","modified_gmt":"2026-03-23T11:03:01","slug":"rollbarer-wagen-mit-manueller-hoehenverstellung","status":"publish","type":"product","link":"https:\/\/jas.dk\/de\/produkte\/rollwagen\/rollbarer-wagen-mit-manueller-hoehenverstellung\/","title":{"rendered":"H\u00f6henverstellbarer Rolltisch \u2013 600 x 500 mm"},"content":{"rendered":"<article class=\"text-token-text-primary w-full focus:outline-none scroll-mt-[calc(var(--header-height)+min(200px,max(70px,20svh)))]\" dir=\"auto\" tabindex=\"-1\" data-turn-id=\"request-68a595d9-32e4-8327-8a90-178a9ceed385-11\" data-testid=\"conversation-turn-302\" data-scroll-anchor=\"true\" data-turn=\"assistant\">\n<div class=\"text-base my-auto mx-auto pb-10 [--thread-content-margin:--spacing(4)] thread-sm:[--thread-content-margin:--spacing(6)] thread-lg:[--thread-content-margin:--spacing(16)] px-(--thread-content-margin)\">\n<div class=\"[--thread-content-max-width:40rem] thread-lg:[--thread-content-max-width:48rem] mx-auto max-w-(--thread-content-max-width) flex-1 group\/turn-messages focus-visible:outline-hidden relative flex w-full min-w-0 flex-col agent-turn\" tabindex=\"-1\">\n<div class=\"flex max-w-full flex-col grow\">\n<div class=\"min-h-8 text-message relative flex w-full flex-col items-end gap-2 text-start break-words whitespace-normal [.text-message+&amp;]:mt-5\" dir=\"auto\" data-message-author-role=\"assistant\" data-message-id=\"a479e107-6897-4927-94ae-3f026a5488aa\" data-message-model-slug=\"gpt-5\">\n<div class=\"flex w-full flex-col gap-1 empty:hidden first:pt-[1px]\">\n<div class=\"markdown prose dark:prose-invert w-full break-words light markdown-new-styling\">\n<h2 data-start=\"963\" data-end=\"1042\"><strong data-start=\"967\" data-end=\"1042\">H\u00f6henverstellbarer Rolltisch &#8211; manuelle Einstellung f\u00fcr flexible Arbeitsh\u00f6he<\/strong><\/h2>\n<p data-start=\"1044\" data-end=\"1443\">Mit diesem <strong data-start=\"1050\" data-end=\"1079\">h\u00f6henverstellbaren Rolltisch<\/strong> k\u00f6nnen Sie die Arbeitsfl\u00e4che durch manuelle Einstellung auf die optimale H\u00f6he bringen. Das macht ihn besonders n\u00fctzlich in Montage-, Verpackungs- und Produktionsumgebungen, in denen die H\u00f6he an unterschiedliche Benutzer und Produkte angepasst werden muss. Die manuelle Einstellung erm\u00f6glicht eine pr\u00e4zise Steuerung ohne elektrische Komponenten, was die Einfachheit und Zuverl\u00e4ssigkeit erh\u00f6ht.  <\/p>\n<p data-start=\"1445\" data-end=\"1684\">Der Rolltisch ist mit <strong data-start=\"1473\" data-end=\"1487\">Tente-R\u00e4dern<\/strong> ausgestattet, die auch unter Last f\u00fcr eine stabile und leichte Bewegung sorgen. Diese R\u00e4der sind f\u00fcr ihre Qualit\u00e4t und Langlebigkeit bekannt und tragen zu einem reibungslosen und zuverl\u00e4ssigen Fahrverhalten in Produktions- und Lagerumgebungen bei. <\/p>\n<hr data-start=\"1686\" data-end=\"1689\">\n<h2 data-start=\"1691\" data-end=\"1727\">Funktionen und Merkmale<\/h2>\n<ul data-start=\"1728\" data-end=\"2148\">\n<li data-start=\"1728\" data-end=\"1819\">\n<p data-start=\"1730\" data-end=\"1819\"><strong data-start=\"1730\" data-end=\"1755\">Manuelle H\u00f6henverstellung<\/strong> &#8211; erm\u00f6glicht eine pr\u00e4zise Anpassung ohne elektrische Komponenten.<\/p>\n<\/li>\n<li data-start=\"1820\" data-end=\"1913\">\n<p data-start=\"1822\" data-end=\"1913\"><strong data-start=\"1822\" data-end=\"1845\">Robuste Bauweise<\/strong> &#8211; f\u00fcr den intensiven Einsatz in industriellen Umgebungen gebaut.<\/p>\n<\/li>\n<li data-start=\"1914\" data-end=\"1982\">\n<p data-start=\"1916\" data-end=\"1982\"><strong data-start=\"1916\" data-end=\"1930\">Tente-R\u00e4der<\/strong> &#8211; robuste und leichtg\u00e4ngige R\u00e4der mit einer langen Lebensdauer.<\/p>\n<\/li>\n<li data-start=\"1983\" data-end=\"2061\">\n<p data-start=\"1985\" data-end=\"2061\"><strong data-start=\"1985\" data-end=\"2008\">Stabile Arbeitsfl\u00e4che<\/strong> &#8211; geeignet f\u00fcr Werkzeuge, Komponenten und Materialien.<\/p>\n<\/li>\n<li data-start=\"2062\" data-end=\"2148\">\n<p data-start=\"2064\" data-end=\"2148\"><strong data-start=\"2064\" data-end=\"2088\">Flexibler mobiler Wagen<\/strong> &#8211; f\u00fcr den Einsatz zwischen den Stationen und in unterschiedlichen Arbeitsbereichen.<\/p>\n<\/li>\n<\/ul>\n<hr data-start=\"2150\" data-end=\"2153\">\n<h2 data-start=\"2155\" data-end=\"2194\">Personalisierung und Flexibilit\u00e4t<\/h2>\n<p data-start=\"2195\" data-end=\"2454\">Der Tisch kann in <strong data-start=\"2216\" data-end=\"2237\">jeder RAL-Farbe<\/strong> geliefert werden, die zu Ihrem Produktions- oder Lagerdesign passt. Dar\u00fcber hinaus sind <strong data-start=\"2323\" data-end=\"2358\">Sonderausf\u00fchrungen mit kundenspezifischen Abmessungen<\/strong> erh\u00e4ltlich, wenn Sie ma\u00dfgeschneiderte Ma\u00dfe wie Breite, Tiefe oder zus\u00e4tzliche Funktionen ben\u00f6tigen. <\/p>\n<hr data-start=\"2456\" data-end=\"2459\">\n<h2 data-start=\"2461\" data-end=\"2499\">Vorteile f\u00fcr Ihr Unternehmen<\/h2>\n<ul data-start=\"2500\" data-end=\"2890\">\n<li data-start=\"2500\" data-end=\"2576\">\n<p data-start=\"2502\" data-end=\"2576\"><strong data-start=\"2502\" data-end=\"2520\">Bessere Ergonomie<\/strong> &#8211; einfache Anpassung der Arbeitsh\u00f6he reduziert die Belastung.<\/p>\n<\/li>\n<li data-start=\"2577\" data-end=\"2651\">\n<p data-start=\"2579\" data-end=\"2651\"><strong data-start=\"2579\" data-end=\"2600\">Flexible L\u00f6sung<\/strong> &#8211; passt zu vielen verschiedenen Arbeitspl\u00e4tzen.<\/p>\n<\/li>\n<li data-start=\"2652\" data-end=\"2719\">\n<p data-start=\"2654\" data-end=\"2719\"><strong data-start=\"2654\" data-end=\"2674\">Sichere Bewegung<\/strong> &#8211; Die Tente-R\u00e4der sorgen f\u00fcr eine stabile und sanfte Fahrt.<\/p>\n<\/li>\n<li data-start=\"2720\" data-end=\"2799\">\n<p data-start=\"2722\" data-end=\"2799\"><strong data-start=\"2722\" data-end=\"2740\">Hohe Haltbarkeit<\/strong> &#8211; Konstruktion und Komponenten sind auf Langlebigkeit ausgelegt.<\/p>\n<\/li>\n<li data-start=\"2800\" data-end=\"2890\">\n<p data-start=\"2802\" data-end=\"2890\"><strong data-start=\"2802\" data-end=\"2826\">Ma\u00dfgeschneiderte L\u00f6sungen<\/strong> &#8211; Option von Farben und kundenspezifischen Abmessungen, die sich an den Arbeitsablauf anpassen.<\/p>\n<\/li>\n<\/ul>\n<hr data-start=\"2892\" data-end=\"2895\">\n<h2 data-start=\"2897\" data-end=\"2927\">Anwendungsbereiche<\/h2>\n<ul data-start=\"2928\" data-end=\"3206\">\n<li data-start=\"2928\" data-end=\"2991\">\n<p data-start=\"2930\" data-end=\"2991\">Montage- und Produktionslinien mit unterschiedlichen Arbeitsh\u00f6hen.<\/p>\n<\/li>\n<li data-start=\"2992\" data-end=\"3058\">\n<p data-start=\"2994\" data-end=\"3058\">Lager- und Logistikbereiche, in denen der Transport an die jeweilige Aufgabe angepasst werden muss.<\/p>\n<\/li>\n<li data-start=\"3059\" data-end=\"3126\">\n<p data-start=\"3061\" data-end=\"3126\">Werkst\u00e4tten und Servicebereiche mit Bedarf an mobiler Flexibilit\u00e4t.<\/p>\n<\/li>\n<li data-start=\"3127\" data-end=\"3206\">\n<p data-start=\"3129\" data-end=\"3206\">Pack- und Kontrollstationen, bei denen die Arbeitsh\u00f6he von Auftrag zu Auftrag variiert.<\/p>\n<\/li>\n<\/ul>\n<p data-start=\"3213\" data-end=\"3633\">Mit einem <strong data-start=\"3256\" data-end=\"3304\">h\u00f6henverstellbaren Rolltisch &#8211; mit manueller Verstellung<\/strong> erhalten Sie eine flexible, robuste und benutzerfreundliche Transport- und Aufbewahrungsl\u00f6sung. Ausgestattet mit <strong data-start=\"3396\" data-end=\"3410\">Tente-R\u00e4dern<\/strong> f\u00fcr Stabilit\u00e4t und Mobilit\u00e4t. Das Produkt kann auch in <strong data-start=\"3476\" data-end=\"3497\">einer RAL-Farbe Ihrer<\/strong> Wahl und in <strong data-start=\"3515\" data-end=\"3546\">Sonderausf\u00fchrungen \/ Sondergr\u00f6\u00dfen<\/strong> hergestellt werden, um Ihren speziellen Anforderungen gerecht zu werden. Kontaktieren Sie uns noch heute f\u00fcr ein unverbindliches Angebot.   <\/p>\n<\/div>\n<\/div>\n<\/div>\n<\/div>\n<div class=\"z-0 flex min-h-[46px] justify-start\"><\/div>\n<div class=\"mt-3 w-full empty:hidden\">\n<div class=\"text-center\"><\/div>\n<\/div>\n<\/div>\n<\/div>\n<\/article>\n<div class=\"pointer-events-none h-px w-px\" aria-hidden=\"true\" data-edge=\"true\"><\/div>\n","protected":false},"excerpt":{"rendered":"<p>Flexibler, h\u00f6henverstellbarer Rolltisch mit manueller H\u00f6henverstellung und Tente-Rollen. Ideal f\u00fcr den internen Transport, die Montage und die Lagerung bei unterschiedlichen Anforderungen. <\/p>\n","protected":false},"featured_media":35757,"template":"","meta":{"_acf_changed":false,"site-sidebar-layout":"default","site-content-layout":"","ast-site-content-layout":"default","site-content-style":"default","site-sidebar-style":"default","ast-global-header-display":"","ast-banner-title-visibility":"","ast-main-header-display":"","ast-hfb-above-header-display":"","ast-hfb-below-header-display":"","ast-hfb-mobile-header-display":"","site-post-title":"","ast-breadcrumbs-content":"","ast-featured-img":"","footer-sml-layout":"","ast-disable-related-posts":"","theme-transparent-header-meta":"default","adv-header-id-meta":"","stick-header-meta":"default","header-above-stick-meta":"","header-main-stick-meta":"","header-below-stick-meta":"","astra-migrate-meta-layouts":"set","ast-page-background-enabled":"default","ast-page-background-meta":{"desktop":{"background-color":"","background-image":"","background-repeat":"repeat","background-position":"center center","background-size":"auto","background-attachment":"scroll","background-type":"","background-media":"","overlay-type":"","overlay-color":"","overlay-opacity":"","overlay-gradient":""},"tablet":{"background-color":"","background-image":"","background-repeat":"repeat","background-position":"center center","background-size":"auto","background-attachment":"scroll","background-type":"","background-media":"","overlay-type":"","overlay-color":"","overlay-opacity":"","overlay-gradient":""},"mobile":{"background-color":"","background-image":"","background-repeat":"repeat","background-position":"center center","background-size":"auto","background-attachment":"scroll","background-type":"","background-media":"","overlay-type":"","overlay-color":"","overlay-opacity":"","overlay-gradient":""}},"ast-content-background-meta":{"desktop":{"background-color":"var(--ast-global-color-5)","background-image":"","background-repeat":"repeat","background-position":"center center","background-size":"auto","background-attachment":"scroll","background-type":"","background-media":"","overlay-type":"","overlay-color":"","overlay-opacity":"","overlay-gradient":""},"tablet":{"background-color":"var(--ast-global-color-5)","background-image":"","background-repeat":"repeat","background-position":"center center","background-size":"auto","background-attachment":"scroll","background-type":"","background-media":"","overlay-type":"","overlay-color":"","overlay-opacity":"","overlay-gradient":""},"mobile":{"background-color":"var(--ast-global-color-5)","background-image":"","background-repeat":"repeat","background-position":"center center","background-size":"auto","background-attachment":"scroll","background-type":"","background-media":"","overlay-type":"","overlay-color":"","overlay-opacity":"","overlay-gradient":""}}},"product_brand":[],"product_cat":[2074,1367,1374],"product_tag":[],"class_list":{"0":"post-24744","1":"product","2":"type-product","3":"status-publish","4":"has-post-thumbnail","6":"product_cat-rollwagen","7":"product_cat-lager-logistik","8":"product_cat-produktion-montage","9":"pa_storrelser-600x500mm","10":"desktop-align-left","11":"tablet-align-left","12":"mobile-align-left","13":"ast-product-gallery-layout-horizontal","14":"ast-product-tabs-layout-horizontal","16":"first","17":"instock","18":"taxable","19":"shipping-taxable","20":"purchasable","21":"product-type-simple"},"acf":[],"_links":{"self":[{"href":"https:\/\/jas.dk\/de\/wp-json\/wp\/v2\/product\/24744","targetHints":{"allow":["GET"]}}],"collection":[{"href":"https:\/\/jas.dk\/de\/wp-json\/wp\/v2\/product"}],"about":[{"href":"https:\/\/jas.dk\/de\/wp-json\/wp\/v2\/types\/product"}],"version-history":[{"count":4,"href":"https:\/\/jas.dk\/de\/wp-json\/wp\/v2\/product\/24744\/revisions"}],"predecessor-version":[{"id":38557,"href":"https:\/\/jas.dk\/de\/wp-json\/wp\/v2\/product\/24744\/revisions\/38557"}],"wp:featuredmedia":[{"embeddable":true,"href":"https:\/\/jas.dk\/de\/wp-json\/wp\/v2\/media\/35757"}],"wp:attachment":[{"href":"https:\/\/jas.dk\/de\/wp-json\/wp\/v2\/media?parent=24744"}],"wp:term":[{"taxonomy":"product_brand","embeddable":true,"href":"https:\/\/jas.dk\/de\/wp-json\/wp\/v2\/product_brand?post=24744"},{"taxonomy":"product_cat","embeddable":true,"href":"https:\/\/jas.dk\/de\/wp-json\/wp\/v2\/product_cat?post=24744"},{"taxonomy":"product_tag","embeddable":true,"href":"https:\/\/jas.dk\/de\/wp-json\/wp\/v2\/product_tag?post=24744"}],"curies":[{"name":"wp","href":"https:\/\/api.w.org\/{rel}","templated":true}]}}