{"id":24764,"date":"2023-11-17T10:32:06","date_gmt":"2023-11-17T10:32:06","guid":{"rendered":"https:\/\/jas.dk\/produkter\/unkategorisiert\/packstation\/"},"modified":"2026-03-13T12:00:08","modified_gmt":"2026-03-13T11:00:08","slug":"packstation","status":"publish","type":"product","link":"https:\/\/jas.dk\/de\/produkte\/halterungen-und-gestelle\/packstation\/","title":{"rendered":"Packstation auf R\u00e4dern"},"content":{"rendered":"<h2 data-start=\"969\" data-end=\"1336\">Packstation<\/h2>\n<p data-start=\"969\" data-end=\"1336\">Der kompakte und funktionelle <strong data-start=\"998\" data-end=\"1027\">Packplatz &#8211; 500&#215;500 mm<\/strong> wurde f\u00fcr moderne Produktions- und Logistikumgebungen entwickelt, in denen Flexibilit\u00e4t und Ergonomie von entscheidender Bedeutung sind.<br data-start=\"1129\" data-end=\"1132\" \/>Mit seiner soliden Stahlkonstruktion, den einstellbaren Funktionen und dem mobilen Design bietet Ihnen dieser Platz einen effizienteren und komfortableren Arbeitsplatz &#8211; ganz gleich, ob Sie Komponenten verpacken, montieren oder pr\u00fcfen.<\/p>\n<p data-start=\"1338\" data-end=\"1737\">Die Arbeitsfl\u00e4che misst <strong data-start=\"1358\" data-end=\"1372\">500&#215;500 mm<\/strong> und ist sowohl <strong data-start=\"1384\" data-end=\"1414\">h\u00f6henverstellbar als auch drehbar<\/strong>, so dass Sie die Position des St\u00e4nders leicht an die jeweilige Aufgabe anpassen k\u00f6nnen. Mit einer <strong data-start=\"1476\" data-end=\"1509\">maximalen Belastung von 50 kg<\/strong> ist die Station ideal f\u00fcr kleine und mittelgro\u00dfe Artikel.<br data-start=\"1564\" data-end=\"1567\" \/>Trotz <strong data-start=\"1577\" data-end=\"1598\">eines Gewichts von nur 18 kg<\/strong> ist die Packstation w\u00e4hrend des Gebrauchs stabil und die <strong data-start=\"1645\" data-end=\"1678\">vier schwenkbaren TENTE-R\u00e4der \u00d875<\/strong> sorgen f\u00fcr reibungslose Mobilit\u00e4t auch in engen Produktionsbereichen.<\/p>\n<p data-start=\"1739\" data-end=\"2151\">Eine integrierte <strong data-start=\"1753\" data-end=\"1770\">Federl\u00f6sung<\/strong> erm\u00f6glicht den schnellen und einfachen Wechsel zwischen station\u00e4rem und mobilem Modus.<br data-start=\"1840\" data-end=\"1843\" \/>Wenn die Feder aktiviert ist, hebt sich die Station leicht an, so dass die R\u00e4der frei rollen k\u00f6nnen. Wenn sie deaktiviert ist, bleibt sie stabil und fest auf dem Boden stehen &#8211; ohne zu verrutschen.<br data-start=\"1988\" data-end=\"1991\" \/>Dieses intelligente Design bietet ein Maximum an Flexibilit\u00e4t und Sicherheit, w\u00e4hrend die Workstation auch bei schweren Aufgaben ihren stabilen Stand beibeh\u00e4lt.<\/p>\n<p data-start=\"2153\" data-end=\"2335\">M\u00f6chten Sie den Arbeitsablauf in Ihrer Paketabteilung optimieren?<br data-start=\"2203\" data-end=\"2206\" \/>Dieser Packplatz ist genau darauf ausgelegt, einen besseren Arbeitsfluss, k\u00fcrzere Wege und ergonomischere Bewegungen zu erm\u00f6glichen &#8211; jeden Tag.<\/p>\n<h2 data-start=\"2342\" data-end=\"2383\"><strong data-start=\"2346\" data-end=\"2381\">Ergonomie und Funktionalit\u00e4t<\/strong><\/h2>\n<p data-start=\"2384\" data-end=\"2859\">Die <strong data-start=\"2388\" data-end=\"2420\">h\u00f6henverstellbare Arbeitsfl\u00e4che<\/strong> erm\u00f6glicht es dem Mitarbeiter, die Arbeitsposition zwischen Sitzen und Stehen zu variieren, was die k\u00f6rperliche Belastung reduziert und die Effizienz steigert.<br data-start=\"2569\" data-end=\"2572\" \/>Die <strong data-start=\"2576\" data-end=\"2599\">drehbare Tischplatte<\/strong> erleichtert den Zugang zu allen Seiten des Produkts, ohne sich bewegen zu m\u00fcssen &#8211; ideal f\u00fcr Montage und Verpackung.<br data-start=\"2715\" data-end=\"2718\" \/>Die Kombination aus <strong data-start=\"2735\" data-end=\"2782\">kompaktem Design, Federl\u00f6sung und mobilem Untergestell<\/strong> sorgt f\u00fcr einen Arbeitsplatz, der flexibel, stabil und platzsparend ist.<\/p>\n<h2 data-start=\"2866\" data-end=\"2907\"><strong data-start=\"2870\" data-end=\"2905\">Konstruktion und Materialien<\/strong><\/h2>\n<p data-start=\"2908\" data-end=\"3320\">Der <strong data-start=\"2913\" data-end=\"2942\">JAS-Verpackungsplatz <\/strong>ist aus <strong data-start=\"2960\" data-end=\"2991\">strapazierf\u00e4higem, pulverbeschichtetem Stahl<\/strong> gefertigt, der f\u00fcr eine lange Lebensdauer und hohe Stabilit\u00e4t sorgt.<br data-start=\"3035\" data-end=\"3038\" \/>Die <strong data-start=\"3041\" data-end=\"3069\">TENTE-Lenkrollen \u00d875<\/strong> sorgen f\u00fcr eine sichere und kontrollierte Bewegung auf Werkstattb\u00f6den und in Produktionsbereichen, in denen es auf Pr\u00e4zision ankommt.<br data-start=\"3177\" data-end=\"3180\" \/>Der <strong data-start=\"3184\" data-end=\"3218\">federbet\u00e4tigte Feststellmechanismus<\/strong> macht manuelle Bremsen \u00fcberfl\u00fcssig und erm\u00f6glicht einen schnellen Wechsel zwischen mobiler und fester Position.<\/p>\n<h2 data-start=\"3327\" data-end=\"3369\"><strong data-start=\"3331\" data-end=\"3367\">Personalisierung und Flexibilit\u00e4t<\/strong><\/h2>\n<p data-start=\"3370\" data-end=\"3775\">Bei JAS erhalten Sie <strong data-start=\"3388\" data-end=\"3417\">eine Verpackungsstation<\/strong> in <strong data-start=\"3420\" data-end=\"3441\">jeder RAL-Farbe<\/strong>, die zu Ihrer bestehenden Produktionsumgebung passt.<br data-start=\"3492\" data-end=\"3495\" \/>Dar\u00fcber hinaus bieten wir <strong data-start=\"3517\" data-end=\"3552\">Sonderausf\u00fchrungen mit kundenspezifischen Abmessungen<\/strong> an, bei denen Sie die H\u00f6he, Breite, das Zubeh\u00f6r oder die Installation zus\u00e4tzlicher Funktionen wie Regale, Werkzeughalter oder Steckdosen selbst bestimmen k\u00f6nnen.<br data-start=\"3696\" data-end=\"3699\" \/>Holen Sie sich eine Verpackungsstation, die genau zu Ihrem Arbeitsablauf und Ihren Prozessen passt.<\/p>\n<h2 data-start=\"3782\" data-end=\"3823\"><strong data-start=\"3786\" data-end=\"3821\">Vorteile f\u00fcr Ihr Unternehmen<\/strong><\/h2>\n<ul data-start=\"3824\" data-end=\"4361\">\n<li data-start=\"3824\" data-end=\"3914\">\n<p data-start=\"3826\" data-end=\"3914\"><strong data-start=\"3826\" data-end=\"3847\">Ergonomisches Design<\/strong> &#8211; h\u00f6henverstellbare und drehbare Arbeitsfl\u00e4che f\u00fcr optimalen Komfort.<\/p>\n<\/li>\n<li data-start=\"3915\" data-end=\"3988\">\n<p data-start=\"3917\" data-end=\"3988\"><strong data-start=\"3917\" data-end=\"3934\">Fr\u00fchlingsl\u00f6sung<\/strong> &#8211; schneller Wechsel zwischen Desktop- und Mobilfunktion.<\/p>\n<\/li>\n<li data-start=\"3989\" data-end=\"4066\">\n<p data-start=\"3991\" data-end=\"4066\"><strong data-start=\"3991\" data-end=\"4019\">Effizienz im Alltag<\/strong> &#8211; schnelle Anpassung an verschiedene Aufgaben.<\/p>\n<\/li>\n<li data-start=\"4067\" data-end=\"4135\">\n<p data-start=\"4069\" data-end=\"4135\"><strong data-start=\"4069\" data-end=\"4091\">Starke Konstruktion<\/strong> &#8211; 50 kg Tragf\u00e4higkeit trotz des geringen Gewichts von 18 kg.<\/p>\n<\/li>\n<li data-start=\"4136\" data-end=\"4214\">\n<p data-start=\"4138\" data-end=\"4214\"><strong data-start=\"4138\" data-end=\"4156\">Volle Mobilit\u00e4t<\/strong> &#8211; vier TENTE-R\u00e4der \u00d875 sorgen f\u00fcr einfaches und stabiles Man\u00f6vrieren.<\/p>\n<\/li>\n<li data-start=\"4215\" data-end=\"4286\">\n<p data-start=\"4217\" data-end=\"4286\"><strong data-start=\"4217\" data-end=\"4236\">Lange Haltbarkeit<\/strong> &#8211; Stahlkonstruktion mit Pulverbeschichtung zum Schutz vor Abnutzung und Verschlei\u00df.<\/p>\n<\/li>\n<li data-start=\"4287\" data-end=\"4361\">\n<p data-start=\"4289\" data-end=\"4361\"><strong data-start=\"4289\" data-end=\"4314\">Anpassungsm\u00f6glichkeiten<\/strong> &#8211; erh\u00e4ltlich in jeder RAL-Farbe und in kundenspezifischen Abmessungen.<\/p>\n<\/li>\n<\/ul>\n<h2 data-start=\"4368\" data-end=\"4409\"><strong data-start=\"4372\" data-end=\"4407\">Typische Anwendungsbereiche<\/strong><\/h2>\n<ul data-start=\"4410\" data-end=\"4679\">\n<li data-start=\"4410\" data-end=\"4468\">\n<p data-start=\"4412\" data-end=\"4468\">Verpackungsstation in Produktionslinien und Montageabteilungen.<\/p>\n<\/li>\n<li data-start=\"4469\" data-end=\"4533\">\n<p data-start=\"4471\" data-end=\"4533\">Flexibler Arbeitsplatz in Logistik- und Vertriebszentren.<\/p>\n<\/li>\n<li data-start=\"4534\" data-end=\"4599\">\n<p data-start=\"4536\" data-end=\"4599\">Werkst\u00e4tten und Labors, die einen kompakten Arbeitsplatz ben\u00f6tigen.<\/p>\n<\/li>\n<li data-start=\"4600\" data-end=\"4679\">\n<p data-start=\"4602\" data-end=\"4679\">E-Commerce und Elektronikmontage, wo Flexibilit\u00e4t und Pr\u00e4zision entscheidend sind.<\/p>\n<\/li>\n<\/ul>\n<p data-start=\"4686\" data-end=\"5286\">Mit unserer <strong data-start=\"4726\" data-end=\"4755\">Packstation<\/strong> erhalten Sie eine Komplettl\u00f6sung, die Mobilit\u00e4t, Stabilit\u00e4t und Ergonomie in einer kompakten Einheit vereint.<br data-start=\"4854\" data-end=\"4857\" \/>Die intelligente <strong data-start=\"4868\" data-end=\"4885\">Federl\u00f6sung<\/strong> macht es einfach, zwischen fester und mobiler Position zu wechseln, so dass Sie immer optimal und sicher arbeiten k\u00f6nnen.<br data-start=\"4981\" data-end=\"4984\" \/>Die Station ist in <strong data-start=\"5008\" data-end=\"5029\">jeder RAL-Farbe<\/strong> und als <strong data-start=\"5037\" data-end=\"5070\">Sonderversion mit individuellen Abmessungen<\/strong> erh\u00e4ltlich, so dass Sie ein Produkt erhalten, das perfekt zu Ihren Arbeitsabl\u00e4ufen passt.<br data-start=\"5134\" data-end=\"5137\" \/>Kontaktieren Sie <strong data-start=\"5145\" data-end=\"5155\">JAS.dk<\/strong> noch heute f\u00fcr ein unverbindliches Angebot &#8211; und erleben Sie, wie d\u00e4nische Qualit\u00e4t und durchdachtes Design einen echten Unterschied in Ihrer Produktion machen.<\/p>\n<p style=\"text-align: center;\" data-start=\"4686\" data-end=\"5286\">Lesen Sie eine Kundengeschichte mit diesem Produkt:<a href=\"https:\/\/jas.dk\/de\/faelle\/faerch-und-jas\/\"> <em><strong>Hier<\/strong><\/em><\/a><\/p>\n","protected":false},"excerpt":{"rendered":"<p>Kompakte Packstation mit starker Stahlkonstruktion, 18 kg Gewicht und einer Belastung von bis zu 50 kg. H\u00f6hen- und drehverstellbare Arbeitsfl\u00e4che mit Federl\u00f6sung und TENTE-R\u00e4dern \u00d875 &#8211; perfekt f\u00fcr Montage, Verpackung und Logistik.<\/p>\n","protected":false},"featured_media":24766,"template":"","meta":{"_acf_changed":false,"site-sidebar-layout":"default","site-content-layout":"","ast-site-content-layout":"default","site-content-style":"default","site-sidebar-style":"default","ast-global-header-display":"","ast-banner-title-visibility":"","ast-main-header-display":"","ast-hfb-above-header-display":"","ast-hfb-below-header-display":"","ast-hfb-mobile-header-display":"","site-post-title":"","ast-breadcrumbs-content":"","ast-featured-img":"","footer-sml-layout":"","ast-disable-related-posts":"","theme-transparent-header-meta":"default","adv-header-id-meta":"","stick-header-meta":"default","header-above-stick-meta":"","header-main-stick-meta":"","header-below-stick-meta":"","astra-migrate-meta-layouts":"set","ast-page-background-enabled":"default","ast-page-background-meta":{"desktop":{"background-color":"","background-image":"","background-repeat":"repeat","background-position":"center center","background-size":"auto","background-attachment":"scroll","background-type":"","background-media":"","overlay-type":"","overlay-color":"","overlay-opacity":"","overlay-gradient":""},"tablet":{"background-color":"","background-image":"","background-repeat":"repeat","background-position":"center center","background-size":"auto","background-attachment":"scroll","background-type":"","background-media":"","overlay-type":"","overlay-color":"","overlay-opacity":"","overlay-gradient":""},"mobile":{"background-color":"","background-image":"","background-repeat":"repeat","background-position":"center center","background-size":"auto","background-attachment":"scroll","background-type":"","background-media":"","overlay-type":"","overlay-color":"","overlay-opacity":"","overlay-gradient":""}},"ast-content-background-meta":{"desktop":{"background-color":"var(--ast-global-color-5)","background-image":"","background-repeat":"repeat","background-position":"center center","background-size":"auto","background-attachment":"scroll","background-type":"","background-media":"","overlay-type":"","overlay-color":"","overlay-opacity":"","overlay-gradient":""},"tablet":{"background-color":"var(--ast-global-color-5)","background-image":"","background-repeat":"repeat","background-position":"center center","background-size":"auto","background-attachment":"scroll","background-type":"","background-media":"","overlay-type":"","overlay-color":"","overlay-opacity":"","overlay-gradient":""},"mobile":{"background-color":"var(--ast-global-color-5)","background-image":"","background-repeat":"repeat","background-position":"center center","background-size":"auto","background-attachment":"scroll","background-type":"","background-media":"","overlay-type":"","overlay-color":"","overlay-opacity":"","overlay-gradient":""}}},"product_brand":[],"product_cat":[1375,1367,1368,2128],"product_tag":[],"class_list":{"0":"post-24764","1":"product","2":"type-product","3":"status-publish","4":"has-post-thumbnail","6":"product_cat-halterungen-und-gestelle","7":"product_cat-lager-logistik","8":"product_cat-sonderprodukte","9":"product_cat-verpackungsgestelle","10":"pa_storrelser-500x500mm","11":"desktop-align-left","12":"tablet-align-left","13":"mobile-align-left","14":"ast-product-gallery-layout-horizontal","15":"ast-product-tabs-layout-horizontal","17":"first","18":"instock","19":"taxable","20":"shipping-taxable","21":"purchasable","22":"product-type-simple"},"acf":[],"_links":{"self":[{"href":"https:\/\/jas.dk\/de\/wp-json\/wp\/v2\/product\/24764","targetHints":{"allow":["GET"]}}],"collection":[{"href":"https:\/\/jas.dk\/de\/wp-json\/wp\/v2\/product"}],"about":[{"href":"https:\/\/jas.dk\/de\/wp-json\/wp\/v2\/types\/product"}],"version-history":[{"count":2,"href":"https:\/\/jas.dk\/de\/wp-json\/wp\/v2\/product\/24764\/revisions"}],"predecessor-version":[{"id":36787,"href":"https:\/\/jas.dk\/de\/wp-json\/wp\/v2\/product\/24764\/revisions\/36787"}],"wp:featuredmedia":[{"embeddable":true,"href":"https:\/\/jas.dk\/de\/wp-json\/wp\/v2\/media\/24766"}],"wp:attachment":[{"href":"https:\/\/jas.dk\/de\/wp-json\/wp\/v2\/media?parent=24764"}],"wp:term":[{"taxonomy":"product_brand","embeddable":true,"href":"https:\/\/jas.dk\/de\/wp-json\/wp\/v2\/product_brand?post=24764"},{"taxonomy":"product_cat","embeddable":true,"href":"https:\/\/jas.dk\/de\/wp-json\/wp\/v2\/product_cat?post=24764"},{"taxonomy":"product_tag","embeddable":true,"href":"https:\/\/jas.dk\/de\/wp-json\/wp\/v2\/product_tag?post=24764"}],"curies":[{"name":"wp","href":"https:\/\/api.w.org\/{rel}","templated":true}]}}