{"id":24765,"date":"2023-11-17T10:18:15","date_gmt":"2023-11-17T10:18:15","guid":{"rendered":"https:\/\/jas.dk\/produkter\/unkategorisiert\/hoehenverstellbare-werkbank-mit-rollen-erg-o-let-310\/"},"modified":"2026-03-20T11:48:41","modified_gmt":"2026-03-20T10:48:41","slug":"hoehenverstellbare-werkbank-mit-rollen-erg-o-let-310","status":"publish","type":"product","link":"https:\/\/jas.dk\/de\/produkte\/tische\/hoehenverstellbare-werkbank-mit-rollen-erg-o-let-310\/","title":{"rendered":"H\u00f6henverstellbarer Tisch mit Rollen &#8211; 2400&#215;750 mm &#8211; Erg-O-Let 310"},"content":{"rendered":"<h2 data-start=\"1030\" data-end=\"1072\">H\u00f6henverstellbarer Tisch mit Rollen &#8211; 2400&#215;750 mm<\/h2>\n<p data-start=\"1073\" data-end=\"1377\">Dieser <strong data-start=\"1079\" data-end=\"1106\">h\u00f6henverstellbare Tisch mit Rollen <\/strong>basiert auf unserem Modell <strong>Erg-O-Let 310<\/strong> und wurde f\u00fcr Profis entwickelt, die flexible Mobilit\u00e4t und ergonomischen Arbeitskomfort ben\u00f6tigen. Die robuste Konstruktion in Kombination mit der <strong data-start=\"1248\" data-end=\"1276\">elektrischen H\u00f6henverstellung<\/strong> und der <strong data-start=\"1280\" data-end=\"1313\">Vorbereitung f\u00fcr die Plattenmontage<\/strong> macht ihn ideal f\u00fcr moderne Produktions- und Montageaufgaben. <\/p>\n<p data-start=\"1379\" data-end=\"1622\">Mit einer <strong data-start=\"1386\" data-end=\"1417\">Arbeitsfl\u00e4che von 2400&#215;750 mm<\/strong> bietet der Tisch reichlich Platz f\u00fcr gro\u00dfe und kleine Gegenst\u00e4nde. Die integrierten <strong data-start=\"1494\" data-end=\"1507\">\u00d8100-R\u00e4der<\/strong> sorgen f\u00fcr eine einfache Bewegung zwischen den Arbeitsbereichen, w\u00e4hrend die solide Stahlkonstruktion den Tisch w\u00e4hrend des Gebrauchs stabil h\u00e4lt. <\/p>\n<p data-start=\"1624\" data-end=\"1908\">Der Tisch wird betrieben von  <strong data-start=\"1641\" data-end=\"1678\">2 LA31 Antriebe (450 H\u00fcbe) <\/strong>die eine sanfte und pr\u00e4zise H\u00f6henverstellung erm\u00f6glicht, und die <strong data-start=\"1731\" data-end=\"1765\">maximale Tragf\u00e4higkeit von 400 kg<\/strong> macht ihn f\u00fcr schwerere Bauteile geeignet. Mit einem <strong data-start=\"1815\" data-end=\"1836\">Leergewicht von 80 kg<\/strong> und einem verst\u00e4rkten Rahmen ist er stabil, sicher und leicht zu man\u00f6vrieren. <\/p>\n<p data-start=\"1910\" data-end=\"2089\">Dieser Tisch eignet sich perfekt als <strong data-start=\"1942\" data-end=\"1960\">Arbeitsplatz<\/strong>, <strong data-start=\"1962\" data-end=\"1977\">Werkbank<\/strong>, <strong data-start=\"1979\" data-end=\"1998\">ergonomischer Tisch<\/strong> und <strong data-start=\"2002\" data-end=\"2026\">h\u00f6henverstellbarer Tisch<\/strong> &#8211; insbesondere dort, wo Flexibilit\u00e4t und Mobilit\u00e4t wichtige Faktoren sind.<\/p>\n<h2 data-start=\"2096\" data-end=\"2130\">Funktionen und Merkmale<\/h2>\n<ul data-start=\"2131\" data-end=\"2508\">\n<li data-start=\"2131\" data-end=\"2168\">\n<p data-start=\"2133\" data-end=\"2168\"><strong data-start=\"2133\" data-end=\"2154\">Arbeitsfl\u00e4che:<\/strong> 2400&#215;750 mm<\/p>\n<\/li>\n<li data-start=\"2169\" data-end=\"2244\">\n<p data-start=\"2171\" data-end=\"2244\"><strong data-start=\"2171\" data-end=\"2184\">H\u00f6henmessung:<\/strong> elektrische Verstellung \u00fcber 2 LA31-Antriebe (450 H\u00fcbe) <\/p>\n<\/li>\n<li data-start=\"2245\" data-end=\"2275\">\n<p data-start=\"2247\" data-end=\"2275\"><strong data-start=\"2247\" data-end=\"2266\">Hebekraft:<\/strong> 400 kg<\/p>\n<\/li>\n<li data-start=\"2276\" data-end=\"2295\">\n<p data-start=\"2278\" data-end=\"2295\"><strong data-start=\"2278\" data-end=\"2287\">Gewicht:<\/strong> 80kg<\/p>\n<\/li>\n<li data-start=\"2296\" data-end=\"2331\">\n<p data-start=\"2298\" data-end=\"2331\"><strong data-start=\"2298\" data-end=\"2316\">Vorbereitet f\u00fcr die Blechmontage<\/strong><\/p>\n<\/li>\n<li data-start=\"2332\" data-end=\"2374\">\n<p data-start=\"2334\" data-end=\"2374\"><strong data-start=\"2334\" data-end=\"2343\">R\u00e4der:<\/strong> Tente \u00d8100 &#8211; stabil und leicht zu man\u00f6vrieren<\/p>\n<\/li>\n<li data-start=\"2375\" data-end=\"2442\">\n<p data-start=\"2377\" data-end=\"2442\"><strong data-start=\"2377\" data-end=\"2394\">Konstruktion:<\/strong> robuster Stahlrahmen mit pr\u00e4ziser elektrischer Steuerung<\/p>\n<\/li>\n<li data-start=\"2443\" data-end=\"2508\">\n<p data-start=\"2445\" data-end=\"2508\"><strong data-start=\"2445\" data-end=\"2460\">Personalisierung:<\/strong> in jeder RAL-Farbe und als Sonderausf\u00fchrung erh\u00e4ltlich<\/p>\n<\/li>\n<\/ul>\n<h2 data-start=\"2515\" data-end=\"2551\">Vorteile f\u00fcr Ihr Unternehmen<\/h2>\n<ul data-start=\"2552\" data-end=\"2868\">\n<li data-start=\"2552\" data-end=\"2618\">\n<p data-start=\"2554\" data-end=\"2618\">Mobiles Design &#8211; bewegen Sie den Arbeitsplatz einfach zwischen verschiedenen Bereichen<\/p>\n<\/li>\n<li data-start=\"2619\" data-end=\"2686\">\n<p data-start=\"2621\" data-end=\"2686\">Elektrische H\u00f6henverstellung f\u00fcr eine ergonomisch korrekte Arbeitsposition<\/p>\n<\/li>\n<li data-start=\"2687\" data-end=\"2733\">\n<p data-start=\"2689\" data-end=\"2733\">Strapazierf\u00e4higer Rahmen mit hoher Tragf\u00e4higkeit<\/p>\n<\/li>\n<li data-start=\"2734\" data-end=\"2795\">\n<p data-start=\"2736\" data-end=\"2795\">Vorbereitet f\u00fcr die Blechmontage &#8211; ideal f\u00fcr Produktionsumgebungen<\/p>\n<\/li>\n<li data-start=\"2796\" data-end=\"2868\">\n<p data-start=\"2798\" data-end=\"2868\">Verbessert die Effizienz, Sicherheit und Flexibilit\u00e4t am Arbeitsplatz<\/p>\n<\/li>\n<\/ul>\n<h2 data-start=\"2875\" data-end=\"2903\">Anwendungsbereiche<\/h2>\n<ul data-start=\"2904\" data-end=\"3068\">\n<li data-start=\"2904\" data-end=\"2944\">\n<p data-start=\"2906\" data-end=\"2944\">Montage und Inspektion von Gro\u00dfteilen<\/p>\n<\/li>\n<li data-start=\"2945\" data-end=\"2983\">\n<p data-start=\"2947\" data-end=\"2983\">Fertigung und Montage in der Industrie<\/p>\n<\/li>\n<li data-start=\"2984\" data-end=\"3040\">\n<p data-start=\"2986\" data-end=\"3040\">Ergonomische Arbeitspl\u00e4tze mit Mobilit\u00e4tsbedarf<\/p>\n<\/li>\n<li data-start=\"3041\" data-end=\"3068\">\n<p data-start=\"3043\" data-end=\"3068\">Test- und Servicebereiche<\/p>\n<\/li>\n<\/ul>\n<p data-start=\"3075\" data-end=\"3355\">Mit dem <strong data-start=\"3096\" data-end=\"3137\">h\u00f6henverstellbaren Tisch mit Rollen &#8211; 2400&#215;750 mm<\/strong> erhalten Sie einen stabilen, mobilen und leistungsstarken <strong data-start=\"3175\" data-end=\"3193\">Arbeitsplatz<\/strong>, der <strong data-start=\"3210\" data-end=\"3222\">Ergonomie<\/strong>, <strong data-start=\"3224\" data-end=\"3240\">Effizienz<\/strong> und <strong data-start=\"3244\" data-end=\"3261\">Flexibilit\u00e4t<\/strong> vereint. Der Tisch ist f\u00fcr anspruchsvolle industrielle Anwendungen konzipiert, bei denen Mobilit\u00e4t und St\u00e4rke Hand in Hand gehen. <\/p>\n","protected":false},"excerpt":{"rendered":"<p>H\u00f6henverstellbarer Tisch mit Rollen &#8211; 2400&#215;750 mm. Ergonomische Werkbank mit elektrischer H\u00f6henverstellung, schwerer Stahlkonstruktion und \u00d8100 Rollen f\u00fcr flexible Mobilit\u00e4t. Vorbereitet f\u00fcr die Blechmontage, Tragkraft 400 kg und Gewicht 80 kg. Ideal als Arbeitsplatz in der Montage und Produktion.   <\/p>\n","protected":false},"featured_media":24769,"template":"","meta":{"_acf_changed":false,"site-sidebar-layout":"default","site-content-layout":"","ast-site-content-layout":"default","site-content-style":"default","site-sidebar-style":"default","ast-global-header-display":"","ast-banner-title-visibility":"","ast-main-header-display":"","ast-hfb-above-header-display":"","ast-hfb-below-header-display":"","ast-hfb-mobile-header-display":"","site-post-title":"","ast-breadcrumbs-content":"","ast-featured-img":"","footer-sml-layout":"","ast-disable-related-posts":"","theme-transparent-header-meta":"default","adv-header-id-meta":"","stick-header-meta":"default","header-above-stick-meta":"","header-main-stick-meta":"","header-below-stick-meta":"","astra-migrate-meta-layouts":"set","ast-page-background-enabled":"default","ast-page-background-meta":{"desktop":{"background-color":"","background-image":"","background-repeat":"repeat","background-position":"center center","background-size":"auto","background-attachment":"scroll","background-type":"","background-media":"","overlay-type":"","overlay-color":"","overlay-opacity":"","overlay-gradient":""},"tablet":{"background-color":"","background-image":"","background-repeat":"repeat","background-position":"center center","background-size":"auto","background-attachment":"scroll","background-type":"","background-media":"","overlay-type":"","overlay-color":"","overlay-opacity":"","overlay-gradient":""},"mobile":{"background-color":"","background-image":"","background-repeat":"repeat","background-position":"center center","background-size":"auto","background-attachment":"scroll","background-type":"","background-media":"","overlay-type":"","overlay-color":"","overlay-opacity":"","overlay-gradient":""}},"ast-content-background-meta":{"desktop":{"background-color":"var(--ast-global-color-5)","background-image":"","background-repeat":"repeat","background-position":"center center","background-size":"auto","background-attachment":"scroll","background-type":"","background-media":"","overlay-type":"","overlay-color":"","overlay-opacity":"","overlay-gradient":""},"tablet":{"background-color":"var(--ast-global-color-5)","background-image":"","background-repeat":"repeat","background-position":"center center","background-size":"auto","background-attachment":"scroll","background-type":"","background-media":"","overlay-type":"","overlay-color":"","overlay-opacity":"","overlay-gradient":""},"mobile":{"background-color":"var(--ast-global-color-5)","background-image":"","background-repeat":"repeat","background-position":"center center","background-size":"auto","background-attachment":"scroll","background-type":"","background-media":"","overlay-type":"","overlay-color":"","overlay-opacity":"","overlay-gradient":""}}},"product_brand":[],"product_cat":[1383,2844,2495,1367],"product_tag":[],"class_list":{"0":"post-24765","1":"product","2":"type-product","3":"status-publish","4":"has-post-thumbnail","6":"product_cat-tische","7":"product_cat-esd-produkte","8":"product_cat-hoehenverstellbare-tische","9":"product_cat-lager-logistik","10":"pa_aktuator-2stueck-la-31-450-stk","11":"pa_storrelser-2400x750mm","12":"desktop-align-left","13":"tablet-align-left","14":"mobile-align-left","15":"ast-product-gallery-layout-horizontal","16":"ast-product-tabs-layout-horizontal","18":"first","19":"onbackorder","20":"taxable","21":"shipping-taxable","22":"purchasable","23":"product-type-simple"},"acf":[],"_links":{"self":[{"href":"https:\/\/jas.dk\/de\/wp-json\/wp\/v2\/product\/24765","targetHints":{"allow":["GET"]}}],"collection":[{"href":"https:\/\/jas.dk\/de\/wp-json\/wp\/v2\/product"}],"about":[{"href":"https:\/\/jas.dk\/de\/wp-json\/wp\/v2\/types\/product"}],"version-history":[{"count":4,"href":"https:\/\/jas.dk\/de\/wp-json\/wp\/v2\/product\/24765\/revisions"}],"predecessor-version":[{"id":38413,"href":"https:\/\/jas.dk\/de\/wp-json\/wp\/v2\/product\/24765\/revisions\/38413"}],"wp:featuredmedia":[{"embeddable":true,"href":"https:\/\/jas.dk\/de\/wp-json\/wp\/v2\/media\/24769"}],"wp:attachment":[{"href":"https:\/\/jas.dk\/de\/wp-json\/wp\/v2\/media?parent=24765"}],"wp:term":[{"taxonomy":"product_brand","embeddable":true,"href":"https:\/\/jas.dk\/de\/wp-json\/wp\/v2\/product_brand?post=24765"},{"taxonomy":"product_cat","embeddable":true,"href":"https:\/\/jas.dk\/de\/wp-json\/wp\/v2\/product_cat?post=24765"},{"taxonomy":"product_tag","embeddable":true,"href":"https:\/\/jas.dk\/de\/wp-json\/wp\/v2\/product_tag?post=24765"}],"curies":[{"name":"wp","href":"https:\/\/api.w.org\/{rel}","templated":true}]}}