{"id":24775,"date":"2023-11-17T10:16:20","date_gmt":"2023-11-17T10:16:20","guid":{"rendered":"https:\/\/jas.dk\/produkter\/unkategorisiert\/hoehenverstellbare-werkbank-mit-neigungsfunktion-erg-o-let-312-spezial\/"},"modified":"2026-03-27T10:46:43","modified_gmt":"2026-03-27T09:46:43","slug":"hoehenverstellbare-werkbank-mit-neigungsfunktion-erg-o-let-312-spezial","status":"publish","type":"product","link":"https:\/\/jas.dk\/de\/produkte\/tische\/hoehenverstellbare-werkbank-mit-neigungsfunktion-erg-o-let-312-spezial\/","title":{"rendered":"H\u00f6henverstellbarer Tisch mit Neigungsfunktion &#8211; 1800&#215;1000 mm &#8211; Erg-O-Let 312"},"content":{"rendered":"<h2 data-start=\"919\" data-end=\"971\">H\u00f6henverstellbarer Tisch mit Neigungsfunktion &#8211; 1800&#215;1000 mm<\/h2>\n<p data-start=\"972\" data-end=\"1303\">Dieser <strong data-start=\"978\" data-end=\"1014\">h\u00f6henverstellbare Tisch mit Neigefunktion <\/strong>basiert auf unserem Modell Erg-O-Let 312 und<strong data-start=\"978\" data-end=\"1014\"> wurde<\/strong> als flexible und robuste L\u00f6sung f\u00fcr Montage-, Produktions- und Testanwendungen entwickelt. Der Tisch kombiniert eine <strong data-start=\"1120\" data-end=\"1148\">elektrische H\u00f6henverstellung<\/strong> mit einer <strong data-start=\"1153\" data-end=\"1181\">Neigung von bis zu 80\u00b0<\/strong>, so dass der Benutzer die volle Kontrolle \u00fcber Arbeitsposition und -winkel hat &#8211; ideal f\u00fcr Pr\u00e4zisionsmontage und schwere Arbeiten. <\/p>\n<p data-start=\"1305\" data-end=\"1654\">Der Tisch ist <strong data-start=\"1315\" data-end=\"1345\">f\u00fcr die Montage von Schalttafeln vorbereitet<\/strong> und eignet sich daher besonders f\u00fcr die Montage und Bearbeitung gro\u00dfer flacher Bauteile, wie z.B. Schalttafeln, Platten oder Maschinenteile. Die robuste Stahlkonstruktion und die <strong data-start=\"1511\" data-end=\"1539\">Tragf\u00e4higkeit von 400 kg<\/strong> sorgen f\u00fcr Stabilit\u00e4t unter Last, w\u00e4hrend das ergonomische Design Erm\u00fcdungserscheinungen reduziert und die Arbeitssicherheit verbessert. <\/p>\n<p data-start=\"1656\" data-end=\"1939\">Durch die Kombination von Flexibilit\u00e4t und St\u00e4rke kann dieser Tisch als <strong data-start=\"1731\" data-end=\"1744\">Kipptisch<\/strong>, <strong data-start=\"1746\" data-end=\"1761\">Montagetisch<\/strong>, <strong data-start=\"1763\" data-end=\"1782\">Produktionstisch<\/strong>, <strong data-start=\"1784\" data-end=\"1802\">Arbeitsplatz<\/strong>, <strong data-start=\"1804\" data-end=\"1819\">Werkbank, Arbeitstisch<\/strong>, <strong data-start=\"1821\" data-end=\"1836\">Schaltpulttisch<\/strong> oder <strong data-start=\"1843\" data-end=\"1856\">Whiteboardtisch<\/strong> verwendet werden &#8211; perfekt f\u00fcr moderne Industrieunternehmen, die Effizienz und Anpassungsf\u00e4higkeit ben\u00f6tigen.<\/p>\n<h2 data-start=\"1946\" data-end=\"1980\">Funktionen und Merkmale<\/h2>\n<ul data-start=\"1981\" data-end=\"2322\">\n<li data-start=\"1981\" data-end=\"2019\">\n<p data-start=\"1983\" data-end=\"2019\"><strong data-start=\"1983\" data-end=\"2004\">Arbeitsfl\u00e4che:<\/strong> 1800&#215;1000 mm<\/p>\n<\/li>\n<li data-start=\"2020\" data-end=\"2067\">\n<p data-start=\"2022\" data-end=\"2067\"><strong data-start=\"2022\" data-end=\"2035\">H\u00f6henmessung:<\/strong> Elektrisch verstellbare Hebe-\/Senkfunktion<\/p>\n<\/li>\n<li data-start=\"2068\" data-end=\"2113\">\n<p data-start=\"2070\" data-end=\"2113\"><strong data-start=\"2070\" data-end=\"2088\">Neigefunktion:<\/strong> bis zu 80\u00b0 (elektrisch)<\/p>\n<\/li>\n<li data-start=\"2114\" data-end=\"2144\">\n<p data-start=\"2116\" data-end=\"2144\"><strong data-start=\"2116\" data-end=\"2135\">Hebekraft:<\/strong> 400 kg<\/p>\n<\/li>\n<li data-start=\"2145\" data-end=\"2195\">\n<p data-start=\"2147\" data-end=\"2195\"><strong data-start=\"2147\" data-end=\"2165\">Vorbereitet f\u00fcr:<\/strong> Blechmontage und gro\u00dfe Werkst\u00fccke<\/p>\n<\/li>\n<li data-start=\"2196\" data-end=\"2247\">\n<p data-start=\"2198\" data-end=\"2247\"><strong data-start=\"2198\" data-end=\"2212\">Arbeitsplatte:<\/strong> 15 mm Birkensperrholz, Film\/Folie<\/p>\n<\/li>\n<li data-start=\"2248\" data-end=\"2322\">\n<p data-start=\"2250\" data-end=\"2322\"><strong data-start=\"2250\" data-end=\"2267\">Konstruktion:<\/strong> Hochbelastbare, geschwei\u00dfte Stahlkonstruktion mit stabiler Vorderkante<\/p>\n<\/li>\n<\/ul>\n<h2 data-start=\"2329\" data-end=\"2365\">Vorteile f\u00fcr Ihr Unternehmen<\/h2>\n<ul data-start=\"2366\" data-end=\"2684\">\n<li data-start=\"2366\" data-end=\"2424\">\n<p data-start=\"2368\" data-end=\"2424\">Elektrische H\u00f6hen- und Neigungssteuerung f\u00fcr maximale Ergonomie<\/p>\n<\/li>\n<li data-start=\"2425\" data-end=\"2491\">\n<p data-start=\"2427\" data-end=\"2491\">Vorbereitet f\u00fcr den Schalttafeleinbau &#8211; bereit f\u00fcr Schalttafeln und gro\u00dfe Panels<\/p>\n<\/li>\n<li data-start=\"2492\" data-end=\"2545\">\n<p data-start=\"2494\" data-end=\"2545\">Hohe Tragkraft (400 kg) und extreme Stabilit\u00e4t<\/p>\n<\/li>\n<li data-start=\"2546\" data-end=\"2626\">\n<p data-start=\"2548\" data-end=\"2626\">Flexibel einsetzbar: Kipptisch, Montagetisch, Workstation oder Whiteboard-Tisch<\/p>\n<\/li>\n<li data-start=\"2627\" data-end=\"2684\">\n<p data-start=\"2629\" data-end=\"2684\">Ma\u00dfgeschneidertes Design und Anpassungsm\u00f6glichkeiten<\/p>\n<\/li>\n<\/ul>\n<h2 data-start=\"2691\" data-end=\"2719\">Anwendungsbereiche<\/h2>\n<ul data-start=\"2720\" data-end=\"2933\">\n<li data-start=\"2720\" data-end=\"2766\">\n<p data-start=\"2722\" data-end=\"2766\">Montage von Blechen, Schaltschr\u00e4nken und Komponenten<\/p>\n<\/li>\n<li data-start=\"2767\" data-end=\"2815\">\n<p data-start=\"2769\" data-end=\"2815\">Industrielle Produktion, Pr\u00fcfung und Qualit\u00e4tskontrolle<\/p>\n<\/li>\n<li data-start=\"2816\" data-end=\"2870\">\n<p data-start=\"2818\" data-end=\"2870\">Arbeitspl\u00e4tze in Werkst\u00e4tten und Montageabteilungen<\/p>\n<\/li>\n<li data-start=\"2871\" data-end=\"2933\">\n<p data-start=\"2873\" data-end=\"2933\">Ergonomische Werkbank f\u00fcr anpassbare Produktionsprozesse<\/p>\n<\/li>\n<\/ul>\n<p data-start=\"2940\" data-end=\"3249\">Mit dem <strong data-start=\"2961\" data-end=\"3012\">kippbaren h\u00f6henverstellbaren Tisch &#8211; 1800&#215;1000 mm<\/strong> erhalten Sie einen effizienten und stabilen <strong data-start=\"3042\" data-end=\"3060\">Arbeitsplatz<\/strong>, der elektrische H\u00f6henverstellung, Kippfunktion und Vorbereitung f\u00fcr die Plattenmontage kombiniert. Eine Komplettl\u00f6sung f\u00fcr die professionelle Montage, bei der Pr\u00e4zision, Flexibilit\u00e4t und Ergonomie im Vordergrund stehen. <\/p>\n","protected":false},"excerpt":{"rendered":"<p>H\u00f6henverstellbarer Tisch mit Kippfunktion &#8211; 1800&#215;800 mm. Solide Werkbank, vorbereitet f\u00fcr die Blechmontage. Elektrische Hebe-\/Senk- und Neigefunktion, Tragkraft 400 kg und robuste Stahlkonstruktion. Ideal als Kipptisch, Montagetisch und Arbeitsplatz in der industriellen Produktion.   <\/p>\n","protected":false},"featured_media":24781,"template":"","meta":{"_acf_changed":false,"site-sidebar-layout":"default","site-content-layout":"","ast-site-content-layout":"default","site-content-style":"default","site-sidebar-style":"default","ast-global-header-display":"","ast-banner-title-visibility":"","ast-main-header-display":"","ast-hfb-above-header-display":"","ast-hfb-below-header-display":"","ast-hfb-mobile-header-display":"","site-post-title":"","ast-breadcrumbs-content":"","ast-featured-img":"","footer-sml-layout":"","ast-disable-related-posts":"","theme-transparent-header-meta":"default","adv-header-id-meta":"","stick-header-meta":"default","header-above-stick-meta":"","header-main-stick-meta":"","header-below-stick-meta":"","astra-migrate-meta-layouts":"set","ast-page-background-enabled":"default","ast-page-background-meta":{"desktop":{"background-color":"","background-image":"","background-repeat":"repeat","background-position":"center center","background-size":"auto","background-attachment":"scroll","background-type":"","background-media":"","overlay-type":"","overlay-color":"","overlay-opacity":"","overlay-gradient":""},"tablet":{"background-color":"","background-image":"","background-repeat":"repeat","background-position":"center center","background-size":"auto","background-attachment":"scroll","background-type":"","background-media":"","overlay-type":"","overlay-color":"","overlay-opacity":"","overlay-gradient":""},"mobile":{"background-color":"","background-image":"","background-repeat":"repeat","background-position":"center center","background-size":"auto","background-attachment":"scroll","background-type":"","background-media":"","overlay-type":"","overlay-color":"","overlay-opacity":"","overlay-gradient":""}},"ast-content-background-meta":{"desktop":{"background-color":"var(--ast-global-color-5)","background-image":"","background-repeat":"repeat","background-position":"center center","background-size":"auto","background-attachment":"scroll","background-type":"","background-media":"","overlay-type":"","overlay-color":"","overlay-opacity":"","overlay-gradient":""},"tablet":{"background-color":"var(--ast-global-color-5)","background-image":"","background-repeat":"repeat","background-position":"center center","background-size":"auto","background-attachment":"scroll","background-type":"","background-media":"","overlay-type":"","overlay-color":"","overlay-opacity":"","overlay-gradient":""},"mobile":{"background-color":"var(--ast-global-color-5)","background-image":"","background-repeat":"repeat","background-position":"center center","background-size":"auto","background-attachment":"scroll","background-type":"","background-media":"","overlay-type":"","overlay-color":"","overlay-opacity":"","overlay-gradient":""}}},"product_brand":[],"product_cat":[1383,1661,1677],"product_tag":[],"class_list":{"0":"post-24775","1":"product","2":"type-product","3":"status-publish","4":"has-post-thumbnail","6":"product_cat-tische","7":"product_cat-hoehenverstellbare-werkbaenke","8":"product_cat-installation-der-schalttafel","9":"pa_storrelser-1800-x-1000-mm","10":"desktop-align-left","11":"tablet-align-left","12":"mobile-align-left","13":"ast-product-gallery-layout-horizontal","14":"ast-product-tabs-layout-horizontal","16":"first","17":"onbackorder","18":"taxable","19":"shipping-taxable","20":"purchasable","21":"product-type-simple"},"acf":[],"_links":{"self":[{"href":"https:\/\/jas.dk\/de\/wp-json\/wp\/v2\/product\/24775","targetHints":{"allow":["GET"]}}],"collection":[{"href":"https:\/\/jas.dk\/de\/wp-json\/wp\/v2\/product"}],"about":[{"href":"https:\/\/jas.dk\/de\/wp-json\/wp\/v2\/types\/product"}],"version-history":[{"count":6,"href":"https:\/\/jas.dk\/de\/wp-json\/wp\/v2\/product\/24775\/revisions"}],"predecessor-version":[{"id":39056,"href":"https:\/\/jas.dk\/de\/wp-json\/wp\/v2\/product\/24775\/revisions\/39056"}],"wp:featuredmedia":[{"embeddable":true,"href":"https:\/\/jas.dk\/de\/wp-json\/wp\/v2\/media\/24781"}],"wp:attachment":[{"href":"https:\/\/jas.dk\/de\/wp-json\/wp\/v2\/media?parent=24775"}],"wp:term":[{"taxonomy":"product_brand","embeddable":true,"href":"https:\/\/jas.dk\/de\/wp-json\/wp\/v2\/product_brand?post=24775"},{"taxonomy":"product_cat","embeddable":true,"href":"https:\/\/jas.dk\/de\/wp-json\/wp\/v2\/product_cat?post=24775"},{"taxonomy":"product_tag","embeddable":true,"href":"https:\/\/jas.dk\/de\/wp-json\/wp\/v2\/product_tag?post=24775"}],"curies":[{"name":"wp","href":"https:\/\/api.w.org\/{rel}","templated":true}]}}