{"id":24805,"date":"2023-11-17T10:10:26","date_gmt":"2023-11-17T10:10:26","guid":{"rendered":"https:\/\/jas.dk\/produkter\/unkategorisiert\/heben-und-senken-sie-den-medizinischen-tisch\/"},"modified":"2026-03-20T11:58:45","modified_gmt":"2026-03-20T10:58:45","slug":"heben-und-senken-medizinischen-tisch","status":"publish","type":"product","link":"https:\/\/jas.dk\/de\/produkte\/tische\/heben-und-senken-medizinischen-tisch\/","title":{"rendered":"Hebetisch &#8211; 1100&#215;600 mm"},"content":{"rendered":"<h2 data-start=\"627\" data-end=\"658\"><strong data-start=\"631\" data-end=\"658\">Hebetisch &#8211; 1100&#215;600 mm<\/strong><\/h2>\n<p data-start=\"660\" data-end=\"928\">Dieser <strong data-start=\"666\" data-end=\"693\">Hubtisch &#8211; 1100&#215;600 mm<\/strong> wurde speziell f\u00fcr Umgebungen entwickelt, die eine pr\u00e4zise H\u00f6heneinstellung und hygienische Bedingungen erfordern. Als <strong data-start=\"792\" data-end=\"825\">medizinischer Tisch \/ h\u00f6henverstellbarer Tisch<\/strong> kann er sowohl an sitzende als auch an stehende Arbeitspositionen angepasst werden, was den Komfort und die Sicherheit erh\u00f6ht. <\/p>\n<p data-start=\"930\" data-end=\"1224\">Mit einem Gewicht von <strong data-start=\"945\" data-end=\"954\">25 kg<\/strong>, einer <strong data-start=\"956\" data-end=\"983\">Tragkraft von 50 kg<\/strong> und ausgestattet mit <strong data-start=\"1000\" data-end=\"1012\">\u00d875 Rollen<\/strong>, bietet der Tisch eine ausgewogene Kombination aus Stabilit\u00e4t und Mobilit\u00e4t. Die <strong data-start=\"1097\" data-end=\"1121\">10 mm dicke<\/strong> Tischplatte <strong data-start=\"1097\" data-end=\"1121\">aus Kompaktlaminat<\/strong> gew\u00e4hrleistet eine einfache Reinigung und hohe Haltbarkeit, was in medizinischen und Laboreinrichtungen wichtig ist. <\/p>\n<h2 data-start=\"1231\" data-end=\"1266\">Funktionen und Merkmale<\/h2>\n<p data-start=\"1267\" data-end=\"1545\">Das pr\u00e4zise Hebe-\/Senk-System erm\u00f6glicht eine bequeme Einstellung der Tischh\u00f6he ohne Kerben oder Unebenheiten.<br data-start=\"1366\" data-end=\"1369\">Das Gestell ist robust, aber leicht genug, um in Labor- oder Klinikumgebungen eingesetzt zu werden.<br data-start=\"1454\" data-end=\"1457\">Rollen \u00d875 machen den Tisch leicht beweglich, sorgen aber auch f\u00fcr Stabilit\u00e4t, wenn er eingerastet ist.<\/p>\n<h2 data-start=\"1552\" data-end=\"1590\">Personalisierung und Flexibilit\u00e4t<\/h2>\n<p data-start=\"1591\" data-end=\"1857\">Der Tisch kann in <strong data-start=\"1612\" data-end=\"1633\">jeder RAL-Farbe<\/strong> geliefert werden, damit er optisch zur Inneneinrichtung passt.<br data-start=\"1673\" data-end=\"1676\">Er kann auch als <strong data-start=\"1705\" data-end=\"1738\">Sonderversion mit individuellen Abmessungen<\/strong> hergestellt werden, wenn Sie mehr L\u00e4nge, Breite oder zus\u00e4tzliches Zubeh\u00f6r wie Schubladen, Kabelmanagement oder Integrationshalterungen ben\u00f6tigen.<\/p>\n<h2 data-start=\"1864\" data-end=\"1901\">Vorteile f\u00fcr Ihr Unternehmen<\/h2>\n<p data-start=\"1902\" data-end=\"2252\">Wenn Sie sich f\u00fcr diesen <strong data-start=\"1921\" data-end=\"1948\">Hubtisch &#8211; 1100&#215;600 mm<\/strong> entscheiden, erhalten Sie eine L\u00f6sung, die f\u00fcr mehr Ergonomie und Pr\u00e4zision bei den Arbeitsaufgaben sorgt.<br data-start=\"2023\" data-end=\"2026\">Der Tisch vereint Hygiene, Flexibilit\u00e4t und Mobilit\u00e4t.<br data-start=\"2081\" data-end=\"2084\">Die robuste Konstruktion und die Auswahl der Materialien sorgen f\u00fcr eine lange Lebensdauer in anspruchsvollen Umgebungen.<br data-start=\"2164\" data-end=\"2167\">Anpassungsm\u00f6glichkeiten erleichtern die Integration in bestehende Ger\u00e4te und Prozesse.<\/p>\n<h2 data-start=\"2259\" data-end=\"2288\">Anwendungsbereiche<\/h2>\n<ul data-start=\"2289\" data-end=\"2549\">\n<li data-start=\"2289\" data-end=\"2364\">\n<p data-start=\"2291\" data-end=\"2364\">Krankenh\u00e4user, Kliniken und Laboratorien, in denen mit medizinischen Ger\u00e4ten gearbeitet wird.<\/p>\n<\/li>\n<li data-start=\"2365\" data-end=\"2410\">\n<p data-start=\"2367\" data-end=\"2410\">Pharmazeutische Produktions- und Teststationen.<\/p>\n<\/li>\n<li data-start=\"2411\" data-end=\"2477\">\n<p data-start=\"2413\" data-end=\"2477\">Industrielle Umgebungen mit Anforderungen an Hygiene und pr\u00e4zise Ausrichtung.<\/p>\n<\/li>\n<li data-start=\"2478\" data-end=\"2549\">\n<p data-start=\"2480\" data-end=\"2549\">Montage-, Verpackungs- oder Kontrollstationen, die eine H\u00f6henver\u00e4nderung ben\u00f6tigen.<\/p>\n<\/li>\n<\/ul>\n<p data-start=\"2556\" data-end=\"2894\">Mit dem <strong data-start=\"2596\" data-end=\"2623\">Lift Table &#8211; 1100&#215;600 mm<\/strong> erhalten Sie einen ergonomischen, hygienischen und flexiblen Arbeitsplatz, der f\u00fcr anspruchsvolle Umgebungen entwickelt wurde.<br data-start=\"2716\" data-end=\"2719\">Der Tisch kann in <strong data-start=\"2740\" data-end=\"2761\">jeder RAL-Farbe<\/strong> geliefert und als <strong data-start=\"2781\" data-end=\"2814\">Sonderanfertigung mit individuellen Ma\u00dfen<\/strong> f\u00fcr Ihre genauen Anforderungen hergestellt werden.<br data-start=\"2852\" data-end=\"2855\">Kontaktieren Sie uns f\u00fcr ein unverbindliches Angebot.<\/p>\n","protected":false},"excerpt":{"rendered":"<p data-start=\"143\" data-end=\"363\">Robuster Hubtisch &#8211; 1100&#215;600 mm mit elektrischer Hebe-\/Senkfunktion. Mit einem Gewicht von 25 kg und einer Hubkapazit\u00e4t von 50 kg, mit \u00d875 Rollen und 10 mm kompakter Laminat-Tischplatte &#8211; ideal f\u00fcr medizinische und industrielle Anwendungen. <\/p>\n","protected":false},"featured_media":38592,"template":"","meta":{"_acf_changed":false,"site-sidebar-layout":"default","site-content-layout":"","ast-site-content-layout":"default","site-content-style":"default","site-sidebar-style":"default","ast-global-header-display":"","ast-banner-title-visibility":"","ast-main-header-display":"","ast-hfb-above-header-display":"","ast-hfb-below-header-display":"","ast-hfb-mobile-header-display":"","site-post-title":"","ast-breadcrumbs-content":"","ast-featured-img":"","footer-sml-layout":"","ast-disable-related-posts":"","theme-transparent-header-meta":"default","adv-header-id-meta":"","stick-header-meta":"default","header-above-stick-meta":"","header-main-stick-meta":"","header-below-stick-meta":"","astra-migrate-meta-layouts":"set","ast-page-background-enabled":"default","ast-page-background-meta":{"desktop":{"background-color":"","background-image":"","background-repeat":"repeat","background-position":"center center","background-size":"auto","background-attachment":"scroll","background-type":"","background-media":"","overlay-type":"","overlay-color":"","overlay-opacity":"","overlay-gradient":""},"tablet":{"background-color":"","background-image":"","background-repeat":"repeat","background-position":"center center","background-size":"auto","background-attachment":"scroll","background-type":"","background-media":"","overlay-type":"","overlay-color":"","overlay-opacity":"","overlay-gradient":""},"mobile":{"background-color":"","background-image":"","background-repeat":"repeat","background-position":"center center","background-size":"auto","background-attachment":"scroll","background-type":"","background-media":"","overlay-type":"","overlay-color":"","overlay-opacity":"","overlay-gradient":""}},"ast-content-background-meta":{"desktop":{"background-color":"var(--ast-global-color-5)","background-image":"","background-repeat":"repeat","background-position":"center center","background-size":"auto","background-attachment":"scroll","background-type":"","background-media":"","overlay-type":"","overlay-color":"","overlay-opacity":"","overlay-gradient":""},"tablet":{"background-color":"var(--ast-global-color-5)","background-image":"","background-repeat":"repeat","background-position":"center center","background-size":"auto","background-attachment":"scroll","background-type":"","background-media":"","overlay-type":"","overlay-color":"","overlay-opacity":"","overlay-gradient":""},"mobile":{"background-color":"var(--ast-global-color-5)","background-image":"","background-repeat":"repeat","background-position":"center center","background-size":"auto","background-attachment":"scroll","background-type":"","background-media":"","overlay-type":"","overlay-color":"","overlay-opacity":"","overlay-gradient":""}}},"product_brand":[],"product_cat":[1383,2844,1382,1384],"product_tag":[],"class_list":{"0":"post-24805","1":"product","2":"type-product","3":"status-publish","4":"has-post-thumbnail","6":"product_cat-tische","7":"product_cat-esd-produkte","8":"product_cat-gesundheitssektor","9":"product_cat-hebetische","10":"pa_storrelser-1100x600mm","11":"desktop-align-left","12":"tablet-align-left","13":"mobile-align-left","14":"ast-product-gallery-layout-horizontal","15":"ast-product-tabs-layout-horizontal","17":"first","18":"onbackorder","19":"taxable","20":"shipping-taxable","21":"purchasable","22":"product-type-simple"},"acf":[],"_links":{"self":[{"href":"https:\/\/jas.dk\/de\/wp-json\/wp\/v2\/product\/24805","targetHints":{"allow":["GET"]}}],"collection":[{"href":"https:\/\/jas.dk\/de\/wp-json\/wp\/v2\/product"}],"about":[{"href":"https:\/\/jas.dk\/de\/wp-json\/wp\/v2\/types\/product"}],"version-history":[{"count":6,"href":"https:\/\/jas.dk\/de\/wp-json\/wp\/v2\/product\/24805\/revisions"}],"predecessor-version":[{"id":38423,"href":"https:\/\/jas.dk\/de\/wp-json\/wp\/v2\/product\/24805\/revisions\/38423"}],"wp:featuredmedia":[{"embeddable":true,"href":"https:\/\/jas.dk\/de\/wp-json\/wp\/v2\/media\/38592"}],"wp:attachment":[{"href":"https:\/\/jas.dk\/de\/wp-json\/wp\/v2\/media?parent=24805"}],"wp:term":[{"taxonomy":"product_brand","embeddable":true,"href":"https:\/\/jas.dk\/de\/wp-json\/wp\/v2\/product_brand?post=24805"},{"taxonomy":"product_cat","embeddable":true,"href":"https:\/\/jas.dk\/de\/wp-json\/wp\/v2\/product_cat?post=24805"},{"taxonomy":"product_tag","embeddable":true,"href":"https:\/\/jas.dk\/de\/wp-json\/wp\/v2\/product_tag?post=24805"}],"curies":[{"name":"wp","href":"https:\/\/api.w.org\/{rel}","templated":true}]}}