{"id":24834,"date":"2023-11-17T09:44:23","date_gmt":"2023-11-17T09:44:23","guid":{"rendered":"https:\/\/jas.dk\/produkter\/unkategorisiert\/verteilerkaefig\/"},"modified":"2026-03-24T10:48:03","modified_gmt":"2026-03-24T09:48:03","slug":"verteilerkaefig","status":"publish","type":"product","link":"https:\/\/jas.dk\/de\/produkte\/transportkaefige-und-gitterwagen\/verteilerkaefig\/","title":{"rendered":"Transportk\u00e4fig f\u00fcr Gasflaschen"},"content":{"rendered":"<h2 data-start=\"618\" data-end=\"652\"><strong data-start=\"622\" data-end=\"652\">Transportk\u00e4fig f\u00fcr Gasflaschen<\/strong><\/h2>\n<p data-start=\"654\" data-end=\"924\">Dieser <strong data-start=\"660\" data-end=\"690\">Transportk\u00e4fig f\u00fcr Gasflaschen<\/strong> &#8211; 1310x1220x1950 mm &#8211; wurde f\u00fcr die sichere Lagerung, den Transport und die Verteilung von Gasflaschen in der Industrie und im Lager konzipiert. Bei der Entwicklung des K\u00e4figs wurde der Schwerpunkt auf St\u00e4rke, Bel\u00fcftung und Benutzerfreundlichkeit gelegt, um die Anforderungen der Sicherheitsstandards zu erf\u00fcllen. <\/p>\n<p data-start=\"926\" data-end=\"1096\">Der Transportk\u00e4fig f\u00fcr Gasflaschen kann <strong data-start=\"942\" data-end=\"970\">32 Gasflaschen mit einem Gewicht von 10 kg<\/strong> aufnehmen und eignet sich daher besonders f\u00fcr Unternehmen, die mit Gas zum Schwei\u00dfen, f\u00fcr Laborzwecke oder f\u00fcr Produktionsprozesse arbeiten.<\/p>\n<h2 data-start=\"1103\" data-end=\"1139\">Funktionen und Merkmale<\/h2>\n<p data-start=\"1140\" data-end=\"1588\">Der Transportk\u00e4fig f\u00fcr Gasflaschen besteht aus robustem Stahl mit einer Gitterstruktur, die die Bel\u00fcftung und die \u00dcberwachung des Inhalts gew\u00e4hrleistet.<br data-start=\"1248\" data-end=\"1251\">Mit den Ma\u00dfen 1310\u00d71220\u00d71950 mm ist der K\u00e4fig ger\u00e4umig genug f\u00fcr mehrlagige Flaschen, aber immer noch kompakt genug f\u00fcr eine effiziente Raumnutzung.<br data-start=\"1384\" data-end=\"1387\">Die T\u00fcr- oder Tor-Funktion gew\u00e4hrleistet einen einfachen Zugang zu den Flaschen w\u00e4hrend des Be- und Entladens.<br data-start=\"1470\" data-end=\"1473\">Der K\u00e4fig kann \u00fcber einen flachen Boden oder ein geeignetes Radsystem bewegt werden, um flexibel in Lager- und Transportumgebungen eingesetzt zu werden.<\/p>\n<h2 data-start=\"1595\" data-end=\"1636\">Personalisierung und Flexibilit\u00e4t<\/h2>\n<p data-start=\"1637\" data-end=\"1906\">Der Gask\u00e4fig ist in <strong data-start=\"1657\" data-end=\"1678\">jeder RAL-Farbe<\/strong> erh\u00e4ltlich, um dem visuellen Profil Ihres Unternehmens zu entsprechen.<br data-start=\"1728\" data-end=\"1731\">Dar\u00fcber hinaus kann er <strong data-start=\"1763\" data-end=\"1796\">mit Sonderma\u00dfen angepasst<\/strong> werden, wenn Sie andere Abmessungen, zus\u00e4tzliche St\u00fctzpunkte oder integrierte Befestigungsl\u00f6sungen ben\u00f6tigen.<\/p>\n<h2 data-start=\"1913\" data-end=\"1953\">Vorteile f\u00fcr Ihr Unternehmen<\/h2>\n<p data-start=\"1954\" data-end=\"2428\">Sie erhalten eine sichere, kompakte und robuste L\u00f6sung f\u00fcr den Transport von Gasflaschen &#8211; der K\u00e4fig kann 32 Flaschen gleichzeitig aufnehmen.<br data-start=\"2061\" data-end=\"2064\">Bel\u00fcftung und Gitterstruktur sorgen daf\u00fcr, dass sich kein Gas im K\u00e4fig staut.<br data-start=\"2147\" data-end=\"2150\">Die solide Konstruktion sch\u00fctzt die Flaschen vor St\u00f6\u00dfen, Schl\u00e4gen und versehentlicher Bewegung.<br data-start=\"2233\" data-end=\"2236\">Dank seiner Mobilit\u00e4t kann der Gask\u00e4fig effizient zwischen Stationen oder Transportzonen bewegt werden.<br data-start=\"2330\" data-end=\"2333\">Farboptionen und spezielle Abmessungen sorgen f\u00fcr Flexibilit\u00e4t bei der Integration des K\u00e4figs in bestehende Logistikabl\u00e4ufe.<\/p>\n<h2 data-start=\"2435\" data-end=\"2467\">Anwendungsbereiche<\/h2>\n<ul data-start=\"2468\" data-end=\"2756\">\n<li data-start=\"2468\" data-end=\"2548\">\n<p data-start=\"2470\" data-end=\"2548\">Transport und Lagerung von Gasflaschen in der Industrie, in Schwei\u00dfwerkst\u00e4tten und Lagerh\u00e4usern.<\/p>\n<\/li>\n<li data-start=\"2549\" data-end=\"2627\">\n<p data-start=\"2551\" data-end=\"2627\">Produktionsumgebungen, in denen Gasflaschen zwischen Arbeitspl\u00e4tzen verteilt werden m\u00fcssen.<\/p>\n<\/li>\n<li data-start=\"2628\" data-end=\"2685\">\n<p data-start=\"2630\" data-end=\"2685\">Verteilung von Flaschengas, wenn mobile Gask\u00e4fige erforderlich sind.<\/p>\n<\/li>\n<li data-start=\"2686\" data-end=\"2756\">\n<p data-start=\"2688\" data-end=\"2756\">Anwendung in Dienstleistungsunternehmen, die Gas an Kunden vor Ort liefern.<\/p>\n<\/li>\n<\/ul>\n<p data-start=\"2763\" data-end=\"3225\">Der Transportk\u00e4fig f\u00fcr Gasflaschen<strong data-start=\"2803\" data-end=\"2833\"> &#8211; 1310x1220x1950 mm<\/strong> bietet Ihnen eine sichere, ger\u00e4umige und flexible L\u00f6sung f\u00fcr die Aufbewahrung und den Transport von Gasflaschen &#8211; bis zu <strong data-start=\"2933\" data-end=\"2958\">32 10-kg-Flaschen<\/strong>.<br data-start=\"2959\" data-end=\"2962\">Der K\u00e4fig kann in <strong data-start=\"2986\" data-end=\"3007\">jeder RAL-Farbe<\/strong> und als <strong data-start=\"3027\" data-end=\"3060\">Sonderausf\u00fchrung mit individuellen Abmessungen<\/strong> hergestellt werden, um Ihren genauen Anforderungen und Logistikabl\u00e4ufen gerecht zu werden.<br data-start=\"3113\" data-end=\"3116\">Kontaktieren Sie uns f\u00fcr ein unverbindliches Angebot &#8211; und sichern Sie sich eine sichere Gasaufbewahrung in robusten Konstruktionen.<\/p>\n","protected":false},"excerpt":{"rendered":"<p>Stabiler Transportk\u00e4fig f\u00fcr Gasflaschen &#8211; 1310x1220x1950 mm f\u00fcr den sicheren Transport von Gasflaschen. H\u00e4lt bis zu 32 10 kg Gasflaschen, ideal f\u00fcr den industriellen Einsatz, die Lagerung und den Transport. <\/p>\n","protected":false},"featured_media":22214,"template":"","meta":{"_acf_changed":false,"site-sidebar-layout":"default","site-content-layout":"","ast-site-content-layout":"default","site-content-style":"default","site-sidebar-style":"default","ast-global-header-display":"","ast-banner-title-visibility":"","ast-main-header-display":"","ast-hfb-above-header-display":"","ast-hfb-below-header-display":"","ast-hfb-mobile-header-display":"","site-post-title":"","ast-breadcrumbs-content":"","ast-featured-img":"","footer-sml-layout":"","ast-disable-related-posts":"","theme-transparent-header-meta":"default","adv-header-id-meta":"","stick-header-meta":"default","header-above-stick-meta":"","header-main-stick-meta":"","header-below-stick-meta":"","astra-migrate-meta-layouts":"set","ast-page-background-enabled":"default","ast-page-background-meta":{"desktop":{"background-color":"","background-image":"","background-repeat":"repeat","background-position":"center center","background-size":"auto","background-attachment":"scroll","background-type":"","background-media":"","overlay-type":"","overlay-color":"","overlay-opacity":"","overlay-gradient":""},"tablet":{"background-color":"","background-image":"","background-repeat":"repeat","background-position":"center center","background-size":"auto","background-attachment":"scroll","background-type":"","background-media":"","overlay-type":"","overlay-color":"","overlay-opacity":"","overlay-gradient":""},"mobile":{"background-color":"","background-image":"","background-repeat":"repeat","background-position":"center center","background-size":"auto","background-attachment":"scroll","background-type":"","background-media":"","overlay-type":"","overlay-color":"","overlay-opacity":"","overlay-gradient":""}},"ast-content-background-meta":{"desktop":{"background-color":"var(--ast-global-color-5)","background-image":"","background-repeat":"repeat","background-position":"center center","background-size":"auto","background-attachment":"scroll","background-type":"","background-media":"","overlay-type":"","overlay-color":"","overlay-opacity":"","overlay-gradient":""},"tablet":{"background-color":"var(--ast-global-color-5)","background-image":"","background-repeat":"repeat","background-position":"center center","background-size":"auto","background-attachment":"scroll","background-type":"","background-media":"","overlay-type":"","overlay-color":"","overlay-opacity":"","overlay-gradient":""},"mobile":{"background-color":"var(--ast-global-color-5)","background-image":"","background-repeat":"repeat","background-position":"center center","background-size":"auto","background-attachment":"scroll","background-type":"","background-media":"","overlay-type":"","overlay-color":"","overlay-opacity":"","overlay-gradient":""}}},"product_brand":[],"product_cat":[1399,1398,2164],"product_tag":[],"class_list":{"0":"post-24834","1":"product","2":"type-product","3":"status-publish","4":"has-post-thumbnail","6":"product_cat-transportkaefige-und-gitterwagen","7":"product_cat-transport","8":"product_cat-transportkaefige","9":"pa_aluminium-bomme-2160","10":"pa_storrelser-1310x1220x1950mm","11":"desktop-align-left","12":"tablet-align-left","13":"mobile-align-left","14":"ast-product-gallery-layout-horizontal","15":"ast-product-tabs-layout-horizontal","17":"first","18":"instock","19":"taxable","20":"shipping-taxable","21":"purchasable","22":"product-type-simple"},"acf":[],"_links":{"self":[{"href":"https:\/\/jas.dk\/de\/wp-json\/wp\/v2\/product\/24834","targetHints":{"allow":["GET"]}}],"collection":[{"href":"https:\/\/jas.dk\/de\/wp-json\/wp\/v2\/product"}],"about":[{"href":"https:\/\/jas.dk\/de\/wp-json\/wp\/v2\/types\/product"}],"version-history":[{"count":2,"href":"https:\/\/jas.dk\/de\/wp-json\/wp\/v2\/product\/24834\/revisions"}],"predecessor-version":[{"id":38685,"href":"https:\/\/jas.dk\/de\/wp-json\/wp\/v2\/product\/24834\/revisions\/38685"}],"wp:featuredmedia":[{"embeddable":true,"href":"https:\/\/jas.dk\/de\/wp-json\/wp\/v2\/media\/22214"}],"wp:attachment":[{"href":"https:\/\/jas.dk\/de\/wp-json\/wp\/v2\/media?parent=24834"}],"wp:term":[{"taxonomy":"product_brand","embeddable":true,"href":"https:\/\/jas.dk\/de\/wp-json\/wp\/v2\/product_brand?post=24834"},{"taxonomy":"product_cat","embeddable":true,"href":"https:\/\/jas.dk\/de\/wp-json\/wp\/v2\/product_cat?post=24834"},{"taxonomy":"product_tag","embeddable":true,"href":"https:\/\/jas.dk\/de\/wp-json\/wp\/v2\/product_tag?post=24834"}],"curies":[{"name":"wp","href":"https:\/\/api.w.org\/{rel}","templated":true}]}}