{"id":24868,"date":"2023-11-17T09:15:25","date_gmt":"2023-11-17T09:15:25","guid":{"rendered":"https:\/\/jas.dk\/produkter\/unkategorisiert\/staender-fuer-sicherheitshelme\/"},"modified":"2026-03-25T11:09:11","modified_gmt":"2026-03-25T10:09:11","slug":"staender-fuer-sicherheitshelme","status":"publish","type":"product","link":"https:\/\/jas.dk\/de\/produkte\/halterungen-und-gestelle\/staender-fuer-sicherheitshelme\/","title":{"rendered":"St\u00e4nder f\u00fcr Schutzhelme \u2013 2-teilig \u2013 780 x 470 x 1600 mm"},"content":{"rendered":"<h2 data-start=\"1130\" data-end=\"1200\"><strong data-start=\"1134\" data-end=\"1200\">Schutzhelmst\u00e4nder<\/strong><\/h2>\n<p data-start=\"1202\" data-end=\"1512\">Dieser <strong data-start=\"1208\" data-end=\"1239\">Schutzhelmst\u00e4nder<\/strong> wurde entwickelt, um eine strukturierte, organisierte und robuste Helmaufbewahrung am Arbeitsplatz zu erm\u00f6glichen. Ob Sie es im Lager, in der Werkstatt oder auf der Baustelle verwenden, dieser Schutzhelmst\u00e4nder sorgt daf\u00fcr, dass die Helme sicher aufbewahrt werden und f\u00fcr die Mitarbeiter leicht zug\u00e4nglich sind. <\/p>\n<p data-start=\"1514\" data-end=\"1763\">Als alternativer Suchbegriff funktioniert &#8220;Helmst\u00e4nder&#8221; perfekt, und Sie k\u00f6nnen ihn auch als &#8220;Helmst\u00e4nder&#8221; oder &#8220;Helmst\u00e4nder&#8221; finden. Das Design ist einfach und funktionell, ohne unn\u00f6tige bewegliche Teile, und ist f\u00fcr den t\u00e4glichen Gebrauch in anspruchsvollen Umgebungen gedacht. <\/p>\n<h2 data-start=\"1765\" data-end=\"1798\">Merkmale und Vorteile<\/h2>\n<ul data-start=\"1799\" data-end=\"2212\">\n<li data-start=\"1799\" data-end=\"1873\">\n<p data-start=\"1801\" data-end=\"1873\"><strong data-start=\"1801\" data-end=\"1827\">\u00dcbersichtliche Aufbewahrung<\/strong> &#8211; klar unterteilter Platz f\u00fcr jeden Helm.<\/p>\n<\/li>\n<li data-start=\"1874\" data-end=\"1954\">\n<p data-start=\"1876\" data-end=\"1954\"><strong data-start=\"1876\" data-end=\"1899\">Robuste Konstruktion<\/strong> &#8211; aus strapazierf\u00e4higem Material f\u00fcr eine lange Lebensdauer.<\/p>\n<\/li>\n<li data-start=\"1955\" data-end=\"2036\">\n<p data-start=\"1957\" data-end=\"2036\"><strong data-start=\"1957\" data-end=\"1976\">Platzsparend<\/strong> &#8211; kompaktes Design, das an der Wand montiert oder freistehend aufgestellt werden kann.<\/p>\n<\/li>\n<li data-start=\"2037\" data-end=\"2122\">\n<p data-start=\"2039\" data-end=\"2122\"><strong data-start=\"2039\" data-end=\"2053\">Einfacher Zugang<\/strong> &#8211; macht es den Mitarbeitern leicht, Helme abzuholen oder abzugeben.<\/p>\n<\/li>\n<li data-start=\"2123\" data-end=\"2212\">\n<p data-start=\"2125\" data-end=\"2212\"><strong data-start=\"2125\" data-end=\"2147\">Vielseitig einsetzbar<\/strong> &#8211; auch in einer industriellen Umgebung, im Lager, in der Produktion oder auf der Baustelle.<\/p>\n<\/li>\n<\/ul>\n<h2 data-start=\"2214\" data-end=\"2253\">Personalisierung und Flexibilit\u00e4t<\/h2>\n<ul data-start=\"2254\" data-end=\"2475\">\n<li data-start=\"2254\" data-end=\"2347\">\n<p data-start=\"2256\" data-end=\"2347\">Das Produkt ist in <strong data-start=\"2272\" data-end=\"2293\">jeder RAL-Farbe<\/strong> erh\u00e4ltlich, damit es zum Design Ihres Arbeitsplatzes oder Ihrer Marke passt.<\/p>\n<\/li>\n<li data-start=\"2348\" data-end=\"2475\">\n<p data-start=\"2350\" data-end=\"2475\">Er wird auch als <strong data-start=\"2368\" data-end=\"2402\">ma\u00dfgeschneiderte Version mit speziellen Abmessungen<\/strong> angeboten, so dass er an besondere Raumbedingungen oder Kapazit\u00e4tsanforderungen angepasst werden kann.<\/p>\n<\/li>\n<\/ul>\n<h2 data-start=\"2477\" data-end=\"2515\">Vorteile f\u00fcr Ihr Unternehmen<\/h2>\n<ul data-start=\"2516\" data-end=\"2924\">\n<li data-start=\"2516\" data-end=\"2597\">\n<p data-start=\"2518\" data-end=\"2597\"><strong data-start=\"2518\" data-end=\"2545\">Erh\u00f6hte Sicherheit und Organisation<\/strong> &#8211; Helme sind ordnungsgem\u00e4\u00df aufbewahrt und leicht zug\u00e4nglich.<\/p>\n<\/li>\n<li data-start=\"2598\" data-end=\"2669\">\n<p data-start=\"2600\" data-end=\"2669\"><strong data-start=\"2600\" data-end=\"2618\">Besserer Arbeitsablauf<\/strong> &#8211; schneller Zugriff auf die Sicherheitsausr\u00fcstung spart Zeit.<\/p>\n<\/li>\n<li data-start=\"2670\" data-end=\"2764\">\n<p data-start=\"2672\" data-end=\"2764\"><strong data-start=\"2672\" data-end=\"2710\">Professioneller und aufger\u00e4umter Eindruck<\/strong> &#8211; organisierte Lagerung signalisiert Qualit\u00e4t und Verantwortung.<\/p>\n<\/li>\n<li data-start=\"2765\" data-end=\"2837\">\n<p data-start=\"2767\" data-end=\"2837\"><strong data-start=\"2767\" data-end=\"2786\">Lange Lebensdauer<\/strong> &#8211; robuste Bauweise f\u00fcr weniger Ersatzbeschaffungen.<\/p>\n<\/li>\n<li data-start=\"2838\" data-end=\"2924\">\n<p data-start=\"2840\" data-end=\"2924\"><strong data-start=\"2840\" data-end=\"2866\">\u00c4sthetische Flexibilit\u00e4t<\/strong> &#8211; w\u00e4hlen Sie die passende RAL-Farbe, um sich optisch anzupassen.<\/p>\n<\/li>\n<\/ul>\n<h2 data-start=\"2926\" data-end=\"2956\">Anwendungsbereiche<\/h2>\n<ul data-start=\"2957\" data-end=\"3238\">\n<li data-start=\"2957\" data-end=\"3019\">\n<p data-start=\"2959\" data-end=\"3019\">Werkst\u00e4tten und industrielle Umgebungen, in denen Helme t\u00e4glich verwendet werden.<\/p>\n<\/li>\n<li data-start=\"3020\" data-end=\"3100\">\n<p data-start=\"3022\" data-end=\"3100\">Lager- und Logistikeinrichtungen, in denen die Sicherheitsausr\u00fcstung organisiert werden muss.<\/p>\n<\/li>\n<li data-start=\"3101\" data-end=\"3168\">\n<p data-start=\"3103\" data-end=\"3168\">Baustellen, auf denen das Team seinen Helm schnell finden muss.<\/p>\n<\/li>\n<li data-start=\"3169\" data-end=\"3238\">\n<p data-start=\"3171\" data-end=\"3238\">Bildungs- und Industriezentren, in denen Ordnung und Sicherheit an erster Stelle stehen.<\/p>\n<\/li>\n<\/ul>\n<p data-start=\"3240\" data-end=\"3561\">Mit einem <strong data-start=\"3283\" data-end=\"3314\">Helmst\u00e4nder erhalten Sie eine robuste, \u00fcbersichtliche und sichere Aufbewahrungsm\u00f6glichkeit f\u00fcr Ihre Schutzhelme<\/strong> . Das Produkt ist in <strong data-start=\"3398\" data-end=\"3419\">allen RAL-Farben<\/strong> erh\u00e4ltlich und kann in <strong data-start=\"3441\" data-end=\"3473\">Sonderausf\u00fchrungen\/Sonderabmessungen<\/strong> individuell an Ihre Bed\u00fcrfnisse angepasst werden.  Kontaktieren Sie uns noch heute f\u00fcr ein unverbindliches Angebot.<\/p>\n","protected":false},"excerpt":{"rendered":"<p>Robustes Regal f\u00fcr Schutzhelme &#8211; praktische und \u00fcbersichtliche Aufbewahrungsl\u00f6sung. Erh\u00e4ltlich in jeder RAL-Farbe und in Sondergr\u00f6\u00dfen. <\/p>\n","protected":false},"featured_media":24876,"template":"","meta":{"_acf_changed":false,"site-sidebar-layout":"default","site-content-layout":"","ast-site-content-layout":"default","site-content-style":"default","site-sidebar-style":"default","ast-global-header-display":"","ast-banner-title-visibility":"","ast-main-header-display":"","ast-hfb-above-header-display":"","ast-hfb-below-header-display":"","ast-hfb-mobile-header-display":"","site-post-title":"","ast-breadcrumbs-content":"","ast-featured-img":"","footer-sml-layout":"","ast-disable-related-posts":"","theme-transparent-header-meta":"default","adv-header-id-meta":"","stick-header-meta":"default","header-above-stick-meta":"","header-main-stick-meta":"","header-below-stick-meta":"","astra-migrate-meta-layouts":"set","ast-page-background-enabled":"default","ast-page-background-meta":{"desktop":{"background-color":"","background-image":"","background-repeat":"repeat","background-position":"center center","background-size":"auto","background-attachment":"scroll","background-type":"","background-media":"","overlay-type":"","overlay-color":"","overlay-opacity":"","overlay-gradient":""},"tablet":{"background-color":"","background-image":"","background-repeat":"repeat","background-position":"center center","background-size":"auto","background-attachment":"scroll","background-type":"","background-media":"","overlay-type":"","overlay-color":"","overlay-opacity":"","overlay-gradient":""},"mobile":{"background-color":"","background-image":"","background-repeat":"repeat","background-position":"center center","background-size":"auto","background-attachment":"scroll","background-type":"","background-media":"","overlay-type":"","overlay-color":"","overlay-opacity":"","overlay-gradient":""}},"ast-content-background-meta":{"desktop":{"background-color":"var(--ast-global-color-5)","background-image":"","background-repeat":"repeat","background-position":"center center","background-size":"auto","background-attachment":"scroll","background-type":"","background-media":"","overlay-type":"","overlay-color":"","overlay-opacity":"","overlay-gradient":""},"tablet":{"background-color":"var(--ast-global-color-5)","background-image":"","background-repeat":"repeat","background-position":"center center","background-size":"auto","background-attachment":"scroll","background-type":"","background-media":"","overlay-type":"","overlay-color":"","overlay-opacity":"","overlay-gradient":""},"mobile":{"background-color":"var(--ast-global-color-5)","background-image":"","background-repeat":"repeat","background-position":"center center","background-size":"auto","background-attachment":"scroll","background-type":"","background-media":"","overlay-type":"","overlay-color":"","overlay-opacity":"","overlay-gradient":""}}},"product_brand":[],"product_cat":[1375,1440,1367],"product_tag":[],"class_list":{"0":"post-24868","1":"product","2":"type-product","3":"status-publish","4":"has-post-thumbnail","6":"product_cat-halterungen-und-gestelle","7":"product_cat-andere-staende","8":"product_cat-lager-logistik","9":"pa_storrelser-780x470x100mm","10":"desktop-align-left","11":"tablet-align-left","12":"mobile-align-left","13":"ast-product-gallery-layout-horizontal","14":"ast-product-tabs-layout-horizontal","16":"first","17":"onbackorder","18":"taxable","19":"shipping-taxable","20":"purchasable","21":"product-type-simple"},"acf":[],"_links":{"self":[{"href":"https:\/\/jas.dk\/de\/wp-json\/wp\/v2\/product\/24868","targetHints":{"allow":["GET"]}}],"collection":[{"href":"https:\/\/jas.dk\/de\/wp-json\/wp\/v2\/product"}],"about":[{"href":"https:\/\/jas.dk\/de\/wp-json\/wp\/v2\/types\/product"}],"version-history":[{"count":2,"href":"https:\/\/jas.dk\/de\/wp-json\/wp\/v2\/product\/24868\/revisions"}],"predecessor-version":[{"id":38746,"href":"https:\/\/jas.dk\/de\/wp-json\/wp\/v2\/product\/24868\/revisions\/38746"}],"wp:featuredmedia":[{"embeddable":true,"href":"https:\/\/jas.dk\/de\/wp-json\/wp\/v2\/media\/24876"}],"wp:attachment":[{"href":"https:\/\/jas.dk\/de\/wp-json\/wp\/v2\/media?parent=24868"}],"wp:term":[{"taxonomy":"product_brand","embeddable":true,"href":"https:\/\/jas.dk\/de\/wp-json\/wp\/v2\/product_brand?post=24868"},{"taxonomy":"product_cat","embeddable":true,"href":"https:\/\/jas.dk\/de\/wp-json\/wp\/v2\/product_cat?post=24868"},{"taxonomy":"product_tag","embeddable":true,"href":"https:\/\/jas.dk\/de\/wp-json\/wp\/v2\/product_tag?post=24868"}],"curies":[{"name":"wp","href":"https:\/\/api.w.org\/{rel}","templated":true}]}}