{"id":25498,"date":"2025-06-23T17:07:46","date_gmt":"2025-06-23T15:07:46","guid":{"rendered":"https:\/\/jas.dk\/produkter\/unkategorisiert\/gabelhubwagen\/"},"modified":"2025-11-27T14:59:13","modified_gmt":"2025-11-27T13:59:13","slug":"gabelhubwagen","status":"publish","type":"product","link":"https:\/\/jas.dk\/de\/produkte\/artikel-auf-lager\/gabelhubwagen\/","title":{"rendered":"Gabelhubwagen"},"content":{"rendered":"","protected":false},"excerpt":{"rendered":"<p>Wir stellen Ihnen unseren Palettenwagen 1200&#215;870 Special vor &#8211; eine langlebige und zuverl\u00e4ssige L\u00f6sung, die speziell f\u00fcr die effiziente Palettenkommissionierung in Palettenregalen entwickelt wurde.<\/p>\n<p><strong>Produktspezifikationen:<\/strong><br \/>\n&#8211; <strong> Langlebige Stahlkonstruktion:<\/strong> Solide Konstruktion, die den Belastungen der t\u00e4glichen Palettenkommissionierung standh\u00e4lt.<br \/>\n&#8211; <strong> Gr\u00f6\u00dfe:<\/strong> Optimale Gr\u00f6\u00dfe von 1200&#215;870 mm, ma\u00dfgeschneidert f\u00fcr Palettenregale und effiziente Kommissionierung.<br \/>\n&#8211; <strong> F\u00fcnf robuste R\u00e4der:<\/strong> Sorgt f\u00fcr leichte Man\u00f6vrierbarkeit und stabile Handhabung von Paletten in Palettenregalen.<br \/>\n&#8211; <strong> Hervorragende Tragf\u00e4higkeit: Die<\/strong> solide Konstruktion unterst\u00fctzt die effiziente Handhabung schwerer Lasten.<br \/>\n&#8211; <strong> Ma\u00dfgeschneidertes Design:<\/strong> Fokussiert auf die effiziente Handhabung von Kommissionierpaletten in Palettenregalen.<br \/>\n&#8211; <strong> Professioneller Einsatz:<\/strong> Geeignet f\u00fcr Industrie- und Lagerumgebungen mit dem Schwerpunkt auf Langlebigkeit und Zuverl\u00e4ssigkeit.<\/p>\n<p>Unser Palettenhubwagen 1200&#215;870 Special wurde entwickelt, um die Anforderungen an eine effiziente Palettenkommissionierung in Palettenregalen zu erf\u00fcllen.<\/p>\n<p>Mit einer soliden Stahlkonstruktion und f\u00fcnf robusten R\u00e4dern sorgt der Wagen f\u00fcr zuverl\u00e4ssigen und stabilen Palettentransport, selbst in anspruchsvollen industriellen Umgebungen.<\/p>\n<p>Investieren Sie in Effizienz und Zuverl\u00e4ssigkeit mit unseren ma\u00dfgeschneiderten Gabelhubwagen. Passen Sie die Abmessungen und Funktionen an Ihre speziellen Anforderungen im Lager an. <\/p>\n","protected":false},"featured_media":20600,"template":"","meta":{"_acf_changed":false,"site-sidebar-layout":"default","site-content-layout":"","ast-site-content-layout":"default","site-content-style":"default","site-sidebar-style":"default","ast-global-header-display":"","ast-banner-title-visibility":"","ast-main-header-display":"","ast-hfb-above-header-display":"","ast-hfb-below-header-display":"","ast-hfb-mobile-header-display":"","site-post-title":"","ast-breadcrumbs-content":"","ast-featured-img":"","footer-sml-layout":"","ast-disable-related-posts":"","theme-transparent-header-meta":"default","adv-header-id-meta":"","stick-header-meta":"default","header-above-stick-meta":"","header-main-stick-meta":"","header-below-stick-meta":"","astra-migrate-meta-layouts":"set","ast-page-background-enabled":"default","ast-page-background-meta":{"desktop":{"background-color":"","background-image":"","background-repeat":"repeat","background-position":"center center","background-size":"auto","background-attachment":"scroll","background-type":"","background-media":"","overlay-type":"","overlay-color":"","overlay-opacity":"","overlay-gradient":""},"tablet":{"background-color":"","background-image":"","background-repeat":"repeat","background-position":"center center","background-size":"auto","background-attachment":"scroll","background-type":"","background-media":"","overlay-type":"","overlay-color":"","overlay-opacity":"","overlay-gradient":""},"mobile":{"background-color":"","background-image":"","background-repeat":"repeat","background-position":"center center","background-size":"auto","background-attachment":"scroll","background-type":"","background-media":"","overlay-type":"","overlay-color":"","overlay-opacity":"","overlay-gradient":""}},"ast-content-background-meta":{"desktop":{"background-color":"var(--ast-global-color-5)","background-image":"","background-repeat":"repeat","background-position":"center center","background-size":"auto","background-attachment":"scroll","background-type":"","background-media":"","overlay-type":"","overlay-color":"","overlay-opacity":"","overlay-gradient":""},"tablet":{"background-color":"var(--ast-global-color-5)","background-image":"","background-repeat":"repeat","background-position":"center center","background-size":"auto","background-attachment":"scroll","background-type":"","background-media":"","overlay-type":"","overlay-color":"","overlay-opacity":"","overlay-gradient":""},"mobile":{"background-color":"var(--ast-global-color-5)","background-image":"","background-repeat":"repeat","background-position":"center center","background-size":"auto","background-attachment":"scroll","background-type":"","background-media":"","overlay-type":"","overlay-color":"","overlay-opacity":"","overlay-gradient":""}}},"product_brand":[],"product_cat":[2219,1367,1374,1398],"product_tag":[2215],"class_list":{"0":"post-25498","1":"product","2":"type-product","3":"status-publish","4":"has-post-thumbnail","6":"product_cat-artikel-auf-lager","7":"product_cat-lager-logistik","8":"product_cat-produktion-montage","9":"product_cat-transport","10":"product_tag-trolley","11":"desktop-align-left","12":"tablet-align-left","13":"mobile-align-left","14":"ast-product-gallery-layout-horizontal","15":"ast-product-tabs-layout-horizontal","17":"first","18":"instock","19":"taxable","20":"shipping-taxable","21":"purchasable","22":"product-type-simple"},"acf":[],"_links":{"self":[{"href":"https:\/\/jas.dk\/de\/wp-json\/wp\/v2\/product\/25498","targetHints":{"allow":["GET"]}}],"collection":[{"href":"https:\/\/jas.dk\/de\/wp-json\/wp\/v2\/product"}],"about":[{"href":"https:\/\/jas.dk\/de\/wp-json\/wp\/v2\/types\/product"}],"version-history":[{"count":0,"href":"https:\/\/jas.dk\/de\/wp-json\/wp\/v2\/product\/25498\/revisions"}],"wp:featuredmedia":[{"embeddable":true,"href":"https:\/\/jas.dk\/de\/wp-json\/wp\/v2\/media\/20600"}],"wp:attachment":[{"href":"https:\/\/jas.dk\/de\/wp-json\/wp\/v2\/media?parent=25498"}],"wp:term":[{"taxonomy":"product_brand","embeddable":true,"href":"https:\/\/jas.dk\/de\/wp-json\/wp\/v2\/product_brand?post=25498"},{"taxonomy":"product_cat","embeddable":true,"href":"https:\/\/jas.dk\/de\/wp-json\/wp\/v2\/product_cat?post=25498"},{"taxonomy":"product_tag","embeddable":true,"href":"https:\/\/jas.dk\/de\/wp-json\/wp\/v2\/product_tag?post=25498"}],"curies":[{"name":"wp","href":"https:\/\/api.w.org\/{rel}","templated":true}]}}