{"id":25514,"date":"2025-06-23T17:07:45","date_gmt":"2025-06-23T15:07:45","guid":{"rendered":"https:\/\/jas.dk\/produkter\/unkategorisiert\/a-staender\/"},"modified":"2026-03-24T10:44:16","modified_gmt":"2026-03-24T09:44:16","slug":"a-gestell-mit-ueberhang-auf-rollen","status":"publish","type":"product","link":"https:\/\/jas.dk\/de\/produkte\/halterungen-und-gestelle\/a-gestell-mit-ueberhang-auf-rollen\/","title":{"rendered":"A-Rahmen mit \u00dcberhang &#8211; 1500x1100x2050 mm"},"content":{"rendered":"<p data-start=\"1490\" data-end=\"1803\">Dieser <strong data-start=\"1496\" data-end=\"1519\">A-Rahmen mit \u00dcberhang<\/strong> ist als robuster A-Rahmen mit zus\u00e4tzlicher Funktionalit\u00e4t gebaut, was ihn besonders n\u00fctzlich f\u00fcr die Installation von Schalttafeln und das Kabelmanagement macht. Die \u00dcberh\u00e4nge dienen als St\u00fctze f\u00fcr <strong data-start=\"1701\" data-end=\"1716\">Kabeltrommeln<\/strong>, Kabelspulen und Ger\u00e4te, so dass Techniker und Installateure schnell und ergonomisch arbeiten k\u00f6nnen. <\/p>\n<p data-start=\"1805\" data-end=\"2170\">Die H\u00f6he des St\u00e4nders von 2050 mm macht es m\u00f6glich, auch gro\u00dfe Platten zu handhaben, ohne dass die Gefahr besteht, dass sie umfallen. Die solide Stahlkonstruktion sorgt f\u00fcr eine stabile Basis und dank der Industrierollen l\u00e4sst sich der St\u00e4nder leicht durch die Produktion man\u00f6vrieren &#8211; auch mit schweren Lasten. Das A-f\u00f6rmige Design sorgt f\u00fcr eine optimale Gewichtsverteilung und Stabilit\u00e4t, w\u00e4hrend die Materialien aufrecht und leicht zug\u00e4nglich bleiben.  <\/p>\n<p data-start=\"2172\" data-end=\"2420\">Obwohl der St\u00e4nder speziell f\u00fcr die Schaltschrankmontage entwickelt wurde, eignet er sich auch f\u00fcr viele andere Umgebungen, in denen Flachbleche und Kabelmaterial sicher gehandhabt werden m\u00fcssen: Metallproduktion, Montagehallen, Schreinerei, Beschilderung, Kunststoffindustrie und Logistik.<\/p>\n<h2 data-start=\"2427\" data-end=\"2458\"><strong data-start=\"2429\" data-end=\"2458\">Merkmale und Vorteile<\/strong><\/h2>\n<h3 data-start=\"2460\" data-end=\"2503\"><strong data-start=\"2463\" data-end=\"2503\">Aufh\u00e4nger f\u00fcr Kabeltrommeln und Ausr\u00fcstung<\/strong><\/h3>\n<p data-start=\"2504\" data-end=\"2681\">Die \u00dcberh\u00e4nge erm\u00f6glichen es, direkt mit Kabeltrommeln, Kabelspulen oder anderen Ger\u00e4ten zu arbeiten. Das reduziert den Bedarf an zus\u00e4tzlichen St\u00e4ndern und sorgt f\u00fcr mehr Ordnung im Arbeitsbereich. <\/p>\n<h3 data-start=\"2683\" data-end=\"2731\"><strong data-start=\"2686\" data-end=\"2731\">Stabile Handhabung von Platten und Brettern<\/strong><\/h3>\n<p data-start=\"2732\" data-end=\"2860\">Die breite Basis und die aufrechte Konstruktion des A-Rahmens bieten optimale Unterst\u00fctzung f\u00fcr gro\u00dfe Plattenmaterialien, Schrankt\u00fcren, Paneele und Paneelfronten.<\/p>\n<h3 data-start=\"2862\" data-end=\"2906\"><strong data-start=\"2865\" data-end=\"2906\">Mobilit\u00e4t in Produktion und Montage<\/strong><\/h3>\n<p data-start=\"2907\" data-end=\"3072\">Die robusten Industrier\u00e4der sorgen f\u00fcr einfaches und pr\u00e4zises Man\u00f6vrieren &#8211; selbst in Bereichen mit engen Durchg\u00e4ngen oder starkem Verkehrsaufkommen. Perfekt f\u00fcr Produktionshallen und Flie\u00dfb\u00e4nder. <\/p>\n<h3 data-start=\"3074\" data-end=\"3111\"><strong data-start=\"3077\" data-end=\"3111\">Ergonomische Arbeitsposition<\/strong><\/h3>\n<p data-start=\"3112\" data-end=\"3275\">Die Materialien befinden sich auf der richtigen Arbeitsh\u00f6he, wodurch schweres Heben, Drehungen und schlechte K\u00f6rperhaltung reduziert werden. Dies erh\u00f6ht die Sicherheit und Effizienz bei der t\u00e4glichen Arbeit. <\/p>\n<h3 data-start=\"3277\" data-end=\"3316\"><strong data-start=\"3280\" data-end=\"3316\">Flexible und vielseitige L\u00f6sung<\/strong><\/h3>\n<p data-start=\"3317\" data-end=\"3353\">Wird in der Schaltschrankmontage, aber auch in:<\/p>\n<ul data-start=\"3354\" data-end=\"3504\">\n<li data-start=\"3354\" data-end=\"3382\">\n<p data-start=\"3356\" data-end=\"3382\">Metall- und Stahlproduktion<\/p>\n<\/li>\n<li data-start=\"3383\" data-end=\"3400\">\n<p data-start=\"3385\" data-end=\"3400\">Sitzungss\u00e4le<\/p>\n<\/li>\n<li data-start=\"3401\" data-end=\"3415\">\n<p data-start=\"3403\" data-end=\"3415\">Werkst\u00e4tten<\/p>\n<\/li>\n<li data-start=\"3416\" data-end=\"3448\">\n<p data-start=\"3418\" data-end=\"3448\">Beschilderung und Schilderproduktion<\/p>\n<\/li>\n<li data-start=\"3449\" data-end=\"3475\">\n<p data-start=\"3451\" data-end=\"3475\">die Holz- und Schreinereiindustrie<\/p>\n<\/li>\n<li data-start=\"3476\" data-end=\"3504\">\n<p data-start=\"3478\" data-end=\"3504\">Logistik und Vertrieb<\/p>\n<\/li>\n<\/ul>\n<h2 data-start=\"3511\" data-end=\"3539\"><strong data-start=\"3513\" data-end=\"3539\">Anwendungsbereiche<\/strong><\/h2>\n<h3 data-start=\"3541\" data-end=\"3563\"><strong data-start=\"3545\" data-end=\"3563\">Installation der Schalttafel<\/strong><\/h3>\n<p data-start=\"3564\" data-end=\"3644\">Ideal f\u00fcr Schalttafeln, Paneele, T\u00fcren und Kabeltrommeln beim Schaltschrankbau.<\/p>\n<h3 data-start=\"3646\" data-end=\"3667\"><strong data-start=\"3650\" data-end=\"3667\">Montagehallen<\/strong><\/h3>\n<p data-start=\"3668\" data-end=\"3749\">Perfekt f\u00fcr die Handhabung von gro\u00dfen Komponenten, Schrankt\u00fcren, Paneelen und Halbfertigprodukten.<\/p>\n<h3 data-start=\"3751\" data-end=\"3784\"><strong data-start=\"3755\" data-end=\"3784\">Metallwerkstatt und Industrie<\/strong><\/h3>\n<p data-start=\"3785\" data-end=\"3849\">Geeignet f\u00fcr Bleche, Stahlteile, Serviceteile und schwere Platten.<\/p>\n<h3 data-start=\"3851\" data-end=\"3885\"><strong data-start=\"3855\" data-end=\"3885\">Herstellung von Schildern und Platten<\/strong><\/h3>\n<p data-start=\"3886\" data-end=\"3971\">Der St\u00e4nder bietet Halt f\u00fcr gro\u00dfe Beschilderungstafeln, Verbundplatten und gro\u00dfe grafische Elemente.<\/p>\n<h2 data-start=\"3978\" data-end=\"4003\"><strong data-start=\"3980\" data-end=\"4003\">Spezifikationen<\/strong><\/h2>\n<ul data-start=\"4004\" data-end=\"4386\">\n<li data-start=\"4004\" data-end=\"4040\">\n<p data-start=\"4006\" data-end=\"4040\"><strong data-start=\"4006\" data-end=\"4018\">Produkt:<\/strong> A-Rahmen mit \u00dcberhang<\/p>\n<\/li>\n<li data-start=\"4041\" data-end=\"4075\">\n<p data-start=\"4043\" data-end=\"4075\"><strong data-start=\"4043\" data-end=\"4051\">Abmessungen:<\/strong> 1500x1100x2050 mm<\/p>\n<\/li>\n<li data-start=\"4076\" data-end=\"4123\">\n<p data-start=\"4078\" data-end=\"4123\"><strong data-start=\"4078\" data-end=\"4095\">Konstruktion:<\/strong> Hochbelastbarer Industriestahlrahmen<\/p>\n<\/li>\n<li data-start=\"4124\" data-end=\"4159\">\n<p data-start=\"4126\" data-end=\"4159\"><strong data-start=\"4126\" data-end=\"4135\">Rollen:<\/strong> 4 robuste Industrierollen<\/p>\n<\/li>\n<li data-start=\"4160\" data-end=\"4212\">\n<p data-start=\"4162\" data-end=\"4212\"><strong data-start=\"4162\" data-end=\"4177\">Eigenschaften:<\/strong> Aufh\u00e4ngung f\u00fcr Kabeltrommeln und Ger\u00e4te<\/p>\n<\/li>\n<li data-start=\"4213\" data-end=\"4294\">\n<p data-start=\"4215\" data-end=\"4294\"><strong data-start=\"4215\" data-end=\"4235\">Prim\u00e4re Umgebungen:<\/strong> Schaltschrankmontage, Montagehallen, Metall- und Blechfertigung<\/p>\n<\/li>\n<li data-start=\"4295\" data-end=\"4344\">\n<p data-start=\"4297\" data-end=\"4344\"><strong data-start=\"4297\" data-end=\"4308\">Design:<\/strong> A-f\u00f6rmige St\u00fctze mit zus\u00e4tzlicher Federung<\/p>\n<\/li>\n<li data-start=\"4345\" data-end=\"4386\">\n<p data-start=\"4347\" data-end=\"4386\"><strong data-start=\"4347\" data-end=\"4361\">Mobilit\u00e4t:<\/strong> Volle Mobilit\u00e4t auf R\u00e4dern<\/p>\n<\/li>\n<\/ul>\n<h2 data-start=\"4393\" data-end=\"4433\"><strong data-start=\"4395\" data-end=\"4433\">Personalisierung und Speziall\u00f6sungen<\/strong><\/h2>\n<p data-start=\"4434\" data-end=\"4646\">JAS bietet die Herstellung von A-Rahmen nach Ma\u00df in kundenspezifischen Abmessungen, \u00dcberhangtypen, Radtypen, Farben, Verst\u00e4rkungen und zus\u00e4tzlichen Sicherheitsl\u00f6sungen. Perfekt f\u00fcr Unternehmen mit besonderen Anforderungen an den Warenfluss oder Spezialanfertigungen. <\/p>\n<h2 data-start=\"4653\" data-end=\"4687\"><strong data-start=\"4655\" data-end=\"4687\">Bestellung und Beratung<\/strong><\/h2>\n<p data-start=\"4688\" data-end=\"4821\">Wenden Sie sich an uns, wenn Sie eine Beratung zu <strong data-start=\"4717\" data-end=\"4740\">A-B\u00f6gen mit \u00dcberh\u00e4ngen<\/strong> oder eine ma\u00dfgeschneiderte L\u00f6sung f\u00fcr Ihre Branche, Ihre Aufgabe und Ihren Arbeitsablauf ben\u00f6tigen.<\/p>\n","protected":false},"excerpt":{"rendered":"<p data-start=\"362\" data-end=\"668\">Dieses <strong data-start=\"940\" data-end=\"963\">A-Gestell mit \u00dcberhang<\/strong> ist f\u00fcr die sichere und flexible Handhabung von Schalttafeln, Paneelen, T\u00fcren, Metallabdeckungen und gro\u00dfen Kabeltrommeln konzipiert. Mit den Ma\u00dfen <strong data-start=\"1086\" data-end=\"1107\">1500x1100x2050 mm<\/strong> und einem starken Stahlrahmen bietet das Gestell eine stabile und effiziente Plattform f\u00fcr den t\u00e4glichen Einsatz in Produktion, Montage und Werkst\u00e4tten. Die \u00dcberh\u00e4nge sind so konzipiert, dass sie Kabeltrommeln und Ger\u00e4te halten k\u00f6nnen, was den St\u00e4nder ideal f\u00fcr die Montage von Schalttafeln macht &#8211; aber er ist auch flexibel genug f\u00fcr viele andere Branchen, die mit gro\u00dfen flachen Objekten oder Kabelhandling arbeiten.  <\/p>\n","protected":false},"featured_media":25515,"template":"","meta":{"_acf_changed":false,"site-sidebar-layout":"default","site-content-layout":"","ast-site-content-layout":"default","site-content-style":"default","site-sidebar-style":"default","ast-global-header-display":"","ast-banner-title-visibility":"","ast-main-header-display":"","ast-hfb-above-header-display":"","ast-hfb-below-header-display":"","ast-hfb-mobile-header-display":"","site-post-title":"","ast-breadcrumbs-content":"","ast-featured-img":"","footer-sml-layout":"","ast-disable-related-posts":"","theme-transparent-header-meta":"default","adv-header-id-meta":"","stick-header-meta":"default","header-above-stick-meta":"","header-main-stick-meta":"","header-below-stick-meta":"","astra-migrate-meta-layouts":"set","ast-page-background-enabled":"default","ast-page-background-meta":{"desktop":{"background-color":"","background-image":"","background-repeat":"repeat","background-position":"center center","background-size":"auto","background-attachment":"scroll","background-type":"","background-media":"","overlay-type":"","overlay-color":"","overlay-opacity":"","overlay-gradient":""},"tablet":{"background-color":"","background-image":"","background-repeat":"repeat","background-position":"center center","background-size":"auto","background-attachment":"scroll","background-type":"","background-media":"","overlay-type":"","overlay-color":"","overlay-opacity":"","overlay-gradient":""},"mobile":{"background-color":"","background-image":"","background-repeat":"repeat","background-position":"center center","background-size":"auto","background-attachment":"scroll","background-type":"","background-media":"","overlay-type":"","overlay-color":"","overlay-opacity":"","overlay-gradient":""}},"ast-content-background-meta":{"desktop":{"background-color":"var(--ast-global-color-5)","background-image":"","background-repeat":"repeat","background-position":"center center","background-size":"auto","background-attachment":"scroll","background-type":"","background-media":"","overlay-type":"","overlay-color":"","overlay-opacity":"","overlay-gradient":""},"tablet":{"background-color":"var(--ast-global-color-5)","background-image":"","background-repeat":"repeat","background-position":"center center","background-size":"auto","background-attachment":"scroll","background-type":"","background-media":"","overlay-type":"","overlay-color":"","overlay-opacity":"","overlay-gradient":""},"mobile":{"background-color":"var(--ast-global-color-5)","background-image":"","background-repeat":"repeat","background-position":"center center","background-size":"auto","background-attachment":"scroll","background-type":"","background-media":"","overlay-type":"","overlay-color":"","overlay-opacity":"","overlay-gradient":""}}},"product_brand":[],"product_cat":[1375,2536,1677,1367],"product_tag":[2215],"class_list":{"0":"post-25514","1":"product","2":"type-product","3":"status-publish","4":"has-post-thumbnail","6":"product_cat-halterungen-und-gestelle","7":"product_cat-a-rahmen","8":"product_cat-installation-der-schalttafel","9":"product_cat-lager-logistik","10":"product_tag-trolley","11":"pa_storrelser-1500x1100x2050mm","12":"desktop-align-left","13":"tablet-align-left","14":"mobile-align-left","15":"ast-product-gallery-layout-horizontal","16":"ast-product-tabs-layout-horizontal","18":"first","19":"instock","20":"taxable","21":"shipping-taxable","22":"purchasable","23":"product-type-simple"},"acf":[],"_links":{"self":[{"href":"https:\/\/jas.dk\/de\/wp-json\/wp\/v2\/product\/25514","targetHints":{"allow":["GET"]}}],"collection":[{"href":"https:\/\/jas.dk\/de\/wp-json\/wp\/v2\/product"}],"about":[{"href":"https:\/\/jas.dk\/de\/wp-json\/wp\/v2\/types\/product"}],"version-history":[{"count":6,"href":"https:\/\/jas.dk\/de\/wp-json\/wp\/v2\/product\/25514\/revisions"}],"predecessor-version":[{"id":38670,"href":"https:\/\/jas.dk\/de\/wp-json\/wp\/v2\/product\/25514\/revisions\/38670"}],"wp:featuredmedia":[{"embeddable":true,"href":"https:\/\/jas.dk\/de\/wp-json\/wp\/v2\/media\/25515"}],"wp:attachment":[{"href":"https:\/\/jas.dk\/de\/wp-json\/wp\/v2\/media?parent=25514"}],"wp:term":[{"taxonomy":"product_brand","embeddable":true,"href":"https:\/\/jas.dk\/de\/wp-json\/wp\/v2\/product_brand?post=25514"},{"taxonomy":"product_cat","embeddable":true,"href":"https:\/\/jas.dk\/de\/wp-json\/wp\/v2\/product_cat?post=25514"},{"taxonomy":"product_tag","embeddable":true,"href":"https:\/\/jas.dk\/de\/wp-json\/wp\/v2\/product_tag?post=25514"}],"curies":[{"name":"wp","href":"https:\/\/api.w.org\/{rel}","templated":true}]}}