{"id":25520,"date":"2025-06-23T17:07:45","date_gmt":"2025-06-23T15:07:45","guid":{"rendered":"https:\/\/jas.dk\/produkter\/unkategorisiert\/lagerregal-auf-raedern-flexible-mobile-lagerung\/"},"modified":"2026-03-19T16:13:52","modified_gmt":"2026-03-19T15:13:52","slug":"lagerregal-auf-raedern-flexible-mobile-lagerung","status":"publish","type":"product","link":"https:\/\/jas.dk\/de\/produkte\/halterungen-und-gestelle\/lagerregal-auf-raedern-flexible-mobile-lagerung\/","title":{"rendered":"Lagerregal auf R\u00e4dern &#8211; 1250x800x1700 mm"},"content":{"rendered":"<h2 data-start=\"1004\" data-end=\"1050\"><strong data-start=\"1008\" data-end=\"1048\">Lagerregal auf R\u00e4dern &#8211; 1250x800x1700 mm<\/strong><\/h2>\n<p data-start=\"1051\" data-end=\"1337\">Dieses <strong data-start=\"1057\" data-end=\"1097\">Lagerregal auf R\u00e4dern<\/strong> wurde f\u00fcr die effiziente und flexible Lagerung in Produktions- und Lagerumgebungen entwickelt.<br data-start=\"1178\" data-end=\"1181\">Mit vier ger\u00e4umigen F\u00e4chern und einer <strong data-start=\"1213\" data-end=\"1246\">maximalen Traglast von 250 kg<\/strong> kann das Regal sowohl schwere als auch leichte Gegenst\u00e4nde aufnehmen, ohne dass die Stabilit\u00e4t beeintr\u00e4chtigt wird.<\/p>\n<p data-start=\"1339\" data-end=\"1629\">Die robuste Stahlkonstruktion sorgt f\u00fcr eine lange Lebensdauer und hohe Zuverl\u00e4ssigkeit, w\u00e4hrend die vier <strong data-start=\"1424\" data-end=\"1438\">Tente-R\u00e4der<\/strong> f\u00fcr einen ruhigen und stabilen Lauf sorgen &#8211; auch bei voller Beladung.<br data-start=\"1501\" data-end=\"1504\">Das Regal vereint St\u00e4rke, Funktionalit\u00e4t und Mobilit\u00e4t und ist damit ideal f\u00fcr Industrie, Montage und interne Logistik.<\/p>\n<h2 data-start=\"1636\" data-end=\"1675\"><strong data-start=\"1640\" data-end=\"1673\">Funktionen und Merkmale<\/strong><\/h2>\n<ul data-start=\"1676\" data-end=\"1991\">\n<li data-start=\"1676\" data-end=\"1728\">\n<p data-start=\"1678\" data-end=\"1728\">4 stabile Einlegeb\u00f6den f\u00fcr optimale Aufbewahrungsm\u00f6glichkeiten<\/p>\n<\/li>\n<li data-start=\"1729\" data-end=\"1764\">\n<p data-start=\"1731\" data-end=\"1764\">Maximale Belastung: <strong data-start=\"1752\" data-end=\"1762\">250 kg<\/strong><\/p>\n<\/li>\n<li data-start=\"1765\" data-end=\"1820\">\n<p data-start=\"1767\" data-end=\"1820\">4 <strong data-start=\"1769\" data-end=\"1783\">Tente-R\u00e4der<\/strong> &#8211; leise, leichtg\u00e4ngig und robust<\/p>\n<\/li>\n<li data-start=\"1821\" data-end=\"1860\">\n<p data-start=\"1823\" data-end=\"1860\">Stahlkonstruktion mit hoher Verschlei\u00dffestigkeit<\/p>\n<\/li>\n<li data-start=\"1861\" data-end=\"1919\">\n<p data-start=\"1863\" data-end=\"1919\">Mobile und platzsparende L\u00f6sung f\u00fcr Lagerhallen und Werkst\u00e4tten<\/p>\n<\/li>\n<li data-start=\"1920\" data-end=\"1991\">\n<p data-start=\"1922\" data-end=\"1991\">Erh\u00e4ltlich in <strong data-start=\"1932\" data-end=\"1953\">jeder RAL-Farbe<\/strong> und in <strong data-start=\"1975\" data-end=\"1989\">Sondergr\u00f6\u00dfen<\/strong><\/p>\n<\/li>\n<\/ul>\n<h2 data-start=\"1998\" data-end=\"2039\"><strong data-start=\"2002\" data-end=\"2037\">Vorteile f\u00fcr Ihr Unternehmen<\/strong><\/h2>\n<ul data-start=\"2040\" data-end=\"2332\">\n<li data-start=\"2040\" data-end=\"2101\">\n<p data-start=\"2042\" data-end=\"2101\">Effiziente Raumnutzung mit mobiler Aufbewahrungsl\u00f6sung<\/p>\n<\/li>\n<li data-start=\"2102\" data-end=\"2156\">\n<p data-start=\"2104\" data-end=\"2156\">Schneller und einfacher Zugriff auf Materialien und Komponenten<\/p>\n<\/li>\n<li data-start=\"2157\" data-end=\"2203\">\n<p data-start=\"2159\" data-end=\"2203\">Ergonomischer und flexibler Transport von Waren<\/p>\n<\/li>\n<li data-start=\"2204\" data-end=\"2271\">\n<p data-start=\"2206\" data-end=\"2271\">Hochwertige Komponenten garantieren eine lange Lebensdauer und geringen Wartungsaufwand<\/p>\n<\/li>\n<li data-start=\"2272\" data-end=\"2332\">\n<p data-start=\"2274\" data-end=\"2332\">Individuell auf Ihre Bed\u00fcrfnisse zugeschnitten &#8211; Farbe, Abmessungen und Ausstattung nach Wunsch<\/p>\n<\/li>\n<\/ul>\n<h2 data-start=\"2339\" data-end=\"2380\"><strong data-start=\"2343\" data-end=\"2378\">Typische Anwendungsbereiche<\/strong><\/h2>\n<ul data-start=\"2381\" data-end=\"2554\">\n<li data-start=\"2381\" data-end=\"2418\">\n<p data-start=\"2383\" data-end=\"2418\">Produktions- und Montageabteilungen<\/p>\n<\/li>\n<li data-start=\"2419\" data-end=\"2447\">\n<p data-start=\"2421\" data-end=\"2447\">Lager- und Logistikbereiche<\/p>\n<\/li>\n<li data-start=\"2448\" data-end=\"2483\">\n<p data-start=\"2450\" data-end=\"2483\">Werkst\u00e4tten und Servicezentren<\/p>\n<\/li>\n<li data-start=\"2484\" data-end=\"2554\">\n<p data-start=\"2486\" data-end=\"2554\">Institutionen und Bildungseinrichtungen, die einen mobilen Speicher ben\u00f6tigen<\/p>\n<\/li>\n<\/ul>\n<p data-start=\"2561\" data-end=\"2870\">Das <strong data-start=\"2583\" data-end=\"2623\">Lagerregal auf R\u00e4dern &#8211; 1250x800x1700 mm<\/strong> bietet Ihnen eine vielseitige und stabile Aufbewahrungsl\u00f6sung mit vier Fachb\u00f6den, Tente-R\u00e4dern und hoher Tragf\u00e4higkeit.<br data-start=\"2726\" data-end=\"2729\">Das Regal ist f\u00fcr den t\u00e4glichen Einsatz in anspruchsvollen Umgebungen gebaut und in <strong data-start=\"2798\" data-end=\"2819\">jeder RAL-Farbe<\/strong> oder als <strong data-start=\"2830\" data-end=\"2867\">Sonderausf\u00fchrung mit individuellen Abmessungen<\/strong> erh\u00e4ltlich.<\/p>\n<p style=\"text-align: center;\"><em>Mehr St\u00e4nde sehen <strong><a role=\"button\" href=\"https:\/\/jas.dk\/de\/produkt-kategorie\/halterungen-und-gestelle\/\" aria-label=\"her\">hier<\/a><\/strong><\/em><\/p>\n","protected":false},"excerpt":{"rendered":"<p class=\"\" data-start=\"161\" data-end=\"382\">Robustes Lagerregal auf R\u00e4dern &#8211; 1250x800x1700 mm mit 4 Fachb\u00f6den und einer maximalen Belastung von 250 kg. Die 4 Tente-R\u00e4der sorgen f\u00fcr einfaches und stabiles Man\u00f6vrieren. Ideal f\u00fcr Lager, Produktion und internen Transport, wo Flexibilit\u00e4t und Ordnung wichtig sind.  <\/p>\n","protected":false},"featured_media":25521,"template":"","meta":{"_acf_changed":false,"site-sidebar-layout":"default","site-content-layout":"","ast-site-content-layout":"default","site-content-style":"default","site-sidebar-style":"default","ast-global-header-display":"","ast-banner-title-visibility":"","ast-main-header-display":"","ast-hfb-above-header-display":"","ast-hfb-below-header-display":"","ast-hfb-mobile-header-display":"","site-post-title":"","ast-breadcrumbs-content":"","ast-featured-img":"","footer-sml-layout":"","ast-disable-related-posts":"","theme-transparent-header-meta":"default","adv-header-id-meta":"","stick-header-meta":"default","header-above-stick-meta":"","header-main-stick-meta":"","header-below-stick-meta":"","astra-migrate-meta-layouts":"set","ast-page-background-enabled":"default","ast-page-background-meta":{"desktop":{"background-color":"","background-image":"","background-repeat":"repeat","background-position":"center center","background-size":"auto","background-attachment":"scroll","background-type":"","background-media":"","overlay-type":"","overlay-color":"","overlay-opacity":"","overlay-gradient":""},"tablet":{"background-color":"","background-image":"","background-repeat":"repeat","background-position":"center center","background-size":"auto","background-attachment":"scroll","background-type":"","background-media":"","overlay-type":"","overlay-color":"","overlay-opacity":"","overlay-gradient":""},"mobile":{"background-color":"","background-image":"","background-repeat":"repeat","background-position":"center center","background-size":"auto","background-attachment":"scroll","background-type":"","background-media":"","overlay-type":"","overlay-color":"","overlay-opacity":"","overlay-gradient":""}},"ast-content-background-meta":{"desktop":{"background-color":"var(--ast-global-color-5)","background-image":"","background-repeat":"repeat","background-position":"center center","background-size":"auto","background-attachment":"scroll","background-type":"","background-media":"","overlay-type":"","overlay-color":"","overlay-opacity":"","overlay-gradient":""},"tablet":{"background-color":"var(--ast-global-color-5)","background-image":"","background-repeat":"repeat","background-position":"center center","background-size":"auto","background-attachment":"scroll","background-type":"","background-media":"","overlay-type":"","overlay-color":"","overlay-opacity":"","overlay-gradient":""},"mobile":{"background-color":"var(--ast-global-color-5)","background-image":"","background-repeat":"repeat","background-position":"center center","background-size":"auto","background-attachment":"scroll","background-type":"","background-media":"","overlay-type":"","overlay-color":"","overlay-opacity":"","overlay-gradient":""}}},"product_brand":[],"product_cat":[1375,1367,2248,1374],"product_tag":[2215],"class_list":{"0":"post-25520","1":"product","2":"type-product","3":"status-publish","4":"has-post-thumbnail","6":"product_cat-halterungen-und-gestelle","7":"product_cat-lager-logistik","8":"product_cat-lagerregale","9":"product_cat-produktion-montage","10":"product_tag-trolley","11":"pa_storrelser-1250x800x1700mm","12":"desktop-align-left","13":"tablet-align-left","14":"mobile-align-left","15":"ast-product-gallery-layout-horizontal","16":"ast-product-tabs-layout-horizontal","18":"first","19":"instock","20":"taxable","21":"shipping-taxable","22":"purchasable","23":"product-type-simple"},"acf":[],"_links":{"self":[{"href":"https:\/\/jas.dk\/de\/wp-json\/wp\/v2\/product\/25520","targetHints":{"allow":["GET"]}}],"collection":[{"href":"https:\/\/jas.dk\/de\/wp-json\/wp\/v2\/product"}],"about":[{"href":"https:\/\/jas.dk\/de\/wp-json\/wp\/v2\/types\/product"}],"version-history":[{"count":2,"href":"https:\/\/jas.dk\/de\/wp-json\/wp\/v2\/product\/25520\/revisions"}],"predecessor-version":[{"id":38310,"href":"https:\/\/jas.dk\/de\/wp-json\/wp\/v2\/product\/25520\/revisions\/38310"}],"wp:featuredmedia":[{"embeddable":true,"href":"https:\/\/jas.dk\/de\/wp-json\/wp\/v2\/media\/25521"}],"wp:attachment":[{"href":"https:\/\/jas.dk\/de\/wp-json\/wp\/v2\/media?parent=25520"}],"wp:term":[{"taxonomy":"product_brand","embeddable":true,"href":"https:\/\/jas.dk\/de\/wp-json\/wp\/v2\/product_brand?post=25520"},{"taxonomy":"product_cat","embeddable":true,"href":"https:\/\/jas.dk\/de\/wp-json\/wp\/v2\/product_cat?post=25520"},{"taxonomy":"product_tag","embeddable":true,"href":"https:\/\/jas.dk\/de\/wp-json\/wp\/v2\/product_tag?post=25520"}],"curies":[{"name":"wp","href":"https:\/\/api.w.org\/{rel}","templated":true}]}}