{"id":25524,"date":"2025-06-23T17:07:45","date_gmt":"2025-06-23T15:07:45","guid":{"rendered":"https:\/\/jas.dk\/produkter\/unkategorisiert\/lagerregal-fuer-grosse-gegenstaende-effiziente-und-platzsparende-loesung\/"},"modified":"2026-03-19T16:13:49","modified_gmt":"2026-03-19T15:13:49","slug":"lagerregal-fuer-grosse-gegenstaende-effiziente-und-platzsparende-loesung","status":"publish","type":"product","link":"https:\/\/jas.dk\/de\/produkte\/halterungen-und-gestelle\/lagerregal-fuer-grosse-gegenstaende-effiziente-und-platzsparende-loesung\/","title":{"rendered":"Regalwagen f\u00fcr gro\u00dfe Bauteile"},"content":{"rendered":"<h2 data-start=\"814\" data-end=\"888\"><strong data-start=\"819\" data-end=\"886\">Regalwagen f\u00fcr gro\u00dfe Bauteile<\/strong><\/h2>\n<p data-start=\"890\" data-end=\"1134\">Dieser <strong data-start=\"896\" data-end=\"925\">Regalwagen f\u00fcr gro\u00dfe Bauteile<\/strong> wurde entwickelt, um schwere und sperrige Materialien effizient und platzsparend zu lagern. Die robuste Stahlkonstruktion sorgt f\u00fcr hohe Stabilit\u00e4t, w\u00e4hrend das offene Design einen einfachen Zugang und eine gute \u00dcbersicht bietet. <\/p>\n<p data-start=\"1136\" data-end=\"1375\">Die gro\u00dfen R\u00e4der machen das Lagerregal mobil, so dass es leicht in der Produktion, im Lager oder in der Werkstatt bewegt werden kann. Dies bietet eine flexible L\u00f6sung, mit der schwere Komponenten sicher und geordnet transportiert werden k\u00f6nnen &#8211; ohne unn\u00f6tige Bodenfl\u00e4che zu beanspruchen. <\/p>\n<h2 data-start=\"1377\" data-end=\"1414\"><strong data-start=\"1382\" data-end=\"1412\">Merkmale und Vorteile<\/strong><\/h2>\n<ul data-start=\"1415\" data-end=\"1768\">\n<li data-start=\"1415\" data-end=\"1494\">\n<p data-start=\"1417\" data-end=\"1494\"><strong data-start=\"1417\" data-end=\"1443\">Platzsparendes Design<\/strong> &#8211; optimiert den Platzbedarf und sorgt f\u00fcr Struktur.<\/p>\n<\/li>\n<li data-start=\"1495\" data-end=\"1572\">\n<p data-start=\"1497\" data-end=\"1572\"><strong data-start=\"1497\" data-end=\"1524\">Robuste Stahlkonstruktion<\/strong> &#8211; garantiert Stabilit\u00e4t f\u00fcr gro\u00dfe und schwere Gegenst\u00e4nde.<\/p>\n<\/li>\n<li data-start=\"1573\" data-end=\"1635\">\n<p data-start=\"1575\" data-end=\"1635\"><strong data-start=\"1575\" data-end=\"1593\">Offene Struktur<\/strong> &#8211; f\u00fcr einfachen Zugriff und schnellen \u00dcberblick.<\/p>\n<\/li>\n<li data-start=\"1636\" data-end=\"1694\">\n<p data-start=\"1638\" data-end=\"1694\"><strong data-start=\"1638\" data-end=\"1652\">Gro\u00dfe R\u00e4der<\/strong> &#8211; machen das Gestell mobil und leicht zu man\u00f6vrieren.<\/p>\n<\/li>\n<li data-start=\"1695\" data-end=\"1768\">\n<p data-start=\"1697\" data-end=\"1768\"><strong data-start=\"1697\" data-end=\"1721\">Flexibel einsetzbar<\/strong> &#8211; sowohl f\u00fcr die Lagerung als auch f\u00fcr den Transport geeignet.<\/p>\n<\/li>\n<\/ul>\n<h2 data-start=\"1770\" data-end=\"1812\"><strong data-start=\"1775\" data-end=\"1810\">Vorteile f\u00fcr Ihr Unternehmen<\/strong><\/h2>\n<ul data-start=\"1813\" data-end=\"2116\">\n<li data-start=\"1813\" data-end=\"1890\">\n<p data-start=\"1815\" data-end=\"1890\"><strong data-start=\"1815\" data-end=\"1840\">Effiziente Organisation<\/strong> &#8211; gro\u00dfe Gegenst\u00e4nde werden sicher und systematisch gehandhabt.<\/p>\n<\/li>\n<li data-start=\"1891\" data-end=\"1965\">\n<p data-start=\"1893\" data-end=\"1965\"><strong data-start=\"1893\" data-end=\"1915\">Bessere Arbeitsumgebung<\/strong> &#8211; reduziert schweres Heben und erleichtert die Arbeit.<\/p>\n<\/li>\n<li data-start=\"1966\" data-end=\"2039\">\n<p data-start=\"1968\" data-end=\"2039\"><strong data-start=\"1968\" data-end=\"1984\">Lange Lebensdauer<\/strong> &#8211; die robuste Konstruktion sorgt f\u00fcr eine solide Investition.<\/p>\n<\/li>\n<li data-start=\"2040\" data-end=\"2116\">\n<p data-start=\"2042\" data-end=\"2116\"><strong data-start=\"2042\" data-end=\"2065\">Mobile Flexibilit\u00e4t<\/strong> &#8211; kann je nach Bedarf in Lager und Produktion bewegt werden.<\/p>\n<\/li>\n<\/ul>\n<h2 data-start=\"2118\" data-end=\"2152\"><strong data-start=\"2123\" data-end=\"2150\">Anwendungsbereiche<\/strong><\/h2>\n<ul data-start=\"2153\" data-end=\"2350\">\n<li data-start=\"2153\" data-end=\"2213\">\n<p data-start=\"2155\" data-end=\"2213\">Produktionsumgebungen mit schweren und sperrigen Materialien.<\/p>\n<\/li>\n<li data-start=\"2214\" data-end=\"2285\">\n<p data-start=\"2216\" data-end=\"2285\">Lager und Logistik, wo gro\u00dfe Gegenst\u00e4nde strukturiert gelagert werden m\u00fcssen.<\/p>\n<\/li>\n<li data-start=\"2286\" data-end=\"2350\">\n<p data-start=\"2288\" data-end=\"2350\">Werkst\u00e4tten, die eine flexible und mobile Lagerung ben\u00f6tigen.<\/p>\n<\/li>\n<\/ul>\n<p>Mit einem <strong data-start=\"2400\" data-end=\"2429\">Regalwagen f\u00fcr gro\u00dfe Bauteile<\/strong> erhalten Sie eine effiziente, platzsparende und robuste L\u00f6sung, mit der Sie selbst die gr\u00f6\u00dften Komponenten leicht handhaben k\u00f6nnen. Kontaktieren Sie uns noch heute f\u00fcr ein unverbindliches Angebot. <\/p>\n<p style=\"text-align: center;\"><em>Mehr Wagen sehen <strong><a role=\"button\" href=\"https:\/\/jas.dk\/de\/produkt-kategorie\/transportwagen\/\" aria-label=\"her\">hier<\/a><\/strong><\/em><\/p>\n","protected":false},"excerpt":{"rendered":"<p>Praktisches Lagerregal f\u00fcr gro\u00dfe Gegenst\u00e4nde &#8211; eine effiziente und platzsparende L\u00f6sung f\u00fcr die sichere Lagerung und den Transport in der Produktion, in Lagern und Werkst\u00e4tten.<\/p>\n","protected":false},"featured_media":25526,"template":"","meta":{"_acf_changed":false,"site-sidebar-layout":"default","site-content-layout":"","ast-site-content-layout":"default","site-content-style":"default","site-sidebar-style":"default","ast-global-header-display":"","ast-banner-title-visibility":"","ast-main-header-display":"","ast-hfb-above-header-display":"","ast-hfb-below-header-display":"","ast-hfb-mobile-header-display":"","site-post-title":"","ast-breadcrumbs-content":"","ast-featured-img":"","footer-sml-layout":"","ast-disable-related-posts":"","theme-transparent-header-meta":"default","adv-header-id-meta":"","stick-header-meta":"default","header-above-stick-meta":"","header-main-stick-meta":"","header-below-stick-meta":"","astra-migrate-meta-layouts":"set","ast-page-background-enabled":"default","ast-page-background-meta":{"desktop":{"background-color":"","background-image":"","background-repeat":"repeat","background-position":"center center","background-size":"auto","background-attachment":"scroll","background-type":"","background-media":"","overlay-type":"","overlay-color":"","overlay-opacity":"","overlay-gradient":""},"tablet":{"background-color":"","background-image":"","background-repeat":"repeat","background-position":"center center","background-size":"auto","background-attachment":"scroll","background-type":"","background-media":"","overlay-type":"","overlay-color":"","overlay-opacity":"","overlay-gradient":""},"mobile":{"background-color":"","background-image":"","background-repeat":"repeat","background-position":"center center","background-size":"auto","background-attachment":"scroll","background-type":"","background-media":"","overlay-type":"","overlay-color":"","overlay-opacity":"","overlay-gradient":""}},"ast-content-background-meta":{"desktop":{"background-color":"var(--ast-global-color-5)","background-image":"","background-repeat":"repeat","background-position":"center center","background-size":"auto","background-attachment":"scroll","background-type":"","background-media":"","overlay-type":"","overlay-color":"","overlay-opacity":"","overlay-gradient":""},"tablet":{"background-color":"var(--ast-global-color-5)","background-image":"","background-repeat":"repeat","background-position":"center center","background-size":"auto","background-attachment":"scroll","background-type":"","background-media":"","overlay-type":"","overlay-color":"","overlay-opacity":"","overlay-gradient":""},"mobile":{"background-color":"var(--ast-global-color-5)","background-image":"","background-repeat":"repeat","background-position":"center center","background-size":"auto","background-attachment":"scroll","background-type":"","background-media":"","overlay-type":"","overlay-color":"","overlay-opacity":"","overlay-gradient":""}}},"product_brand":[],"product_cat":[1375,2248,1374],"product_tag":[2215],"class_list":{"0":"post-25524","1":"product","2":"type-product","3":"status-publish","4":"has-post-thumbnail","6":"product_cat-halterungen-und-gestelle","7":"product_cat-lagerregale","8":"product_cat-produktion-montage","9":"product_tag-trolley","10":"pa_storrelser-1600x900x1800mm","11":"desktop-align-left","12":"tablet-align-left","13":"mobile-align-left","14":"ast-product-gallery-layout-horizontal","15":"ast-product-tabs-layout-horizontal","17":"first","18":"instock","19":"taxable","20":"shipping-taxable","21":"purchasable","22":"product-type-simple"},"acf":[],"_links":{"self":[{"href":"https:\/\/jas.dk\/de\/wp-json\/wp\/v2\/product\/25524","targetHints":{"allow":["GET"]}}],"collection":[{"href":"https:\/\/jas.dk\/de\/wp-json\/wp\/v2\/product"}],"about":[{"href":"https:\/\/jas.dk\/de\/wp-json\/wp\/v2\/types\/product"}],"version-history":[{"count":1,"href":"https:\/\/jas.dk\/de\/wp-json\/wp\/v2\/product\/25524\/revisions"}],"predecessor-version":[{"id":38308,"href":"https:\/\/jas.dk\/de\/wp-json\/wp\/v2\/product\/25524\/revisions\/38308"}],"wp:featuredmedia":[{"embeddable":true,"href":"https:\/\/jas.dk\/de\/wp-json\/wp\/v2\/media\/25526"}],"wp:attachment":[{"href":"https:\/\/jas.dk\/de\/wp-json\/wp\/v2\/media?parent=25524"}],"wp:term":[{"taxonomy":"product_brand","embeddable":true,"href":"https:\/\/jas.dk\/de\/wp-json\/wp\/v2\/product_brand?post=25524"},{"taxonomy":"product_cat","embeddable":true,"href":"https:\/\/jas.dk\/de\/wp-json\/wp\/v2\/product_cat?post=25524"},{"taxonomy":"product_tag","embeddable":true,"href":"https:\/\/jas.dk\/de\/wp-json\/wp\/v2\/product_tag?post=25524"}],"curies":[{"name":"wp","href":"https:\/\/api.w.org\/{rel}","templated":true}]}}