{"id":25958,"date":"2025-06-23T17:07:46","date_gmt":"2025-06-23T15:07:46","guid":{"rendered":"https:\/\/jas.dk\/produkter\/unkategorisiert\/rollcontainer-mit-tueren\/"},"modified":"2026-03-24T10:49:43","modified_gmt":"2026-03-24T09:49:43","slug":"rollcontainer-mit-tueren","status":"publish","type":"product","link":"https:\/\/jas.dk\/de\/produkte\/transportkaefige-und-gitterwagen\/rollcontainer-mit-tueren\/","title":{"rendered":"Rollcontainer mit 2 F\u00e4chern"},"content":{"rendered":"<h2 data-start=\"944\" data-end=\"1016\"><strong data-start=\"948\" data-end=\"1016\">Rollcontainer mit 2 F\u00e4chern<\/strong><\/h2>\n<p data-start=\"1018\" data-end=\"1398\">Dieser <strong data-start=\"1024\" data-end=\"1052\">Rollcontainer mit 2 F\u00e4chern<\/strong> ohne T\u00fcr ist perfekt f\u00fcr alle, die ihre Waren effizient und leicht zug\u00e4nglich lagern m\u00f6chten, ohne sich mit T\u00fcren herumschlagen zu m\u00fcssen. Die beiden separaten F\u00e4cher sorgen f\u00fcr Struktur und Ordnung, so dass Sie Materialien oder Komponenten schnell sortieren und darauf zugreifen k\u00f6nnen. Die Kombination der F\u00e4cher macht es viel einfacher, Gegenst\u00e4nde nach Kategorie, Gr\u00f6\u00dfe oder H\u00e4ufigkeit der Verwendung zu ordnen.  <\/p>\n<p data-start=\"1400\" data-end=\"1637\">Da der Wagen keine T\u00fcr hat, ist er f\u00fcr Arbeitsabl\u00e4ufe mit schnellem Zugriff und h\u00e4ufiger Nutzung geeignet. Die Konstruktion ist robust genug f\u00fcr anspruchsvolle Umgebungen und flexibel genug, um als Transportbeh\u00e4lter mit 2 F\u00e4chern oder als Beh\u00e4lterwagen mit F\u00e4chern zu funktionieren. <\/p>\n<hr data-start=\"1639\" data-end=\"1642\">\n<h2 data-start=\"1644\" data-end=\"1677\">Merkmale und Vorteile<\/h2>\n<ul data-start=\"1678\" data-end=\"2067\">\n<li data-start=\"1678\" data-end=\"1739\">\n<p data-start=\"1680\" data-end=\"1739\"><strong data-start=\"1680\" data-end=\"1699\">Zwei separate F\u00e4cher<\/strong> &#8211; f\u00fcr \u00dcbersicht und schnelle Sortierung.<\/p>\n<\/li>\n<li data-start=\"1740\" data-end=\"1811\">\n<p data-start=\"1742\" data-end=\"1811\"><strong data-start=\"1742\" data-end=\"1755\">Kein Tor<\/strong> &#8211; keine zu \u00f6ffnenden T\u00fcren, voller Zugriff auf den Inhalt.<\/p>\n<\/li>\n<li data-start=\"1812\" data-end=\"1896\">\n<p data-start=\"1814\" data-end=\"1896\"><strong data-start=\"1814\" data-end=\"1837\">Robuste Konstruktion<\/strong> &#8211; entwickelt, um dem t\u00e4glichen Einsatz in Lagerh\u00e4usern und in der Logistik standzuhalten.<\/p>\n<\/li>\n<li data-start=\"1897\" data-end=\"1979\">\n<p data-start=\"1899\" data-end=\"1979\"><strong data-start=\"1899\" data-end=\"1921\">Bequemer Transport<\/strong> &#8211; auch wenn er keine T\u00fcr hat, kann er sicher transportiert werden.<\/p>\n<\/li>\n<li data-start=\"1980\" data-end=\"2067\">\n<p data-start=\"1982\" data-end=\"2067\"><strong data-start=\"1982\" data-end=\"2012\">Platzsparende Aufbewahrung<\/strong> &#8211; die Unterteilung in F\u00e4cher macht das Aufbewahrungsmuster effizienter.<\/p>\n<\/li>\n<\/ul>\n<hr data-start=\"2069\" data-end=\"2072\">\n<h2 data-start=\"2074\" data-end=\"2113\">Personalisierung und Flexibilit\u00e4t<\/h2>\n<p data-start=\"2114\" data-end=\"2394\">Der Wagen ist in <strong data-start=\"2127\" data-end=\"2148\">jeder RAL-Farbe<\/strong> erh\u00e4ltlich, die zu Ihrer visuellen Identit\u00e4t oder Ihrem Lagerlayout passt. Dar\u00fcber hinaus kann er mit <strong data-start=\"2245\" data-end=\"2277\">Sonderausf\u00fchrungen und -ma\u00dfen angepasst<\/strong> werden, wenn Sie spezielle Abmessungen oder Raumgr\u00f6\u00dfenanpassungen f\u00fcr eine optimale Anpassung an Ihren Arbeitsablauf ben\u00f6tigen. <\/p>\n<hr data-start=\"2396\" data-end=\"2399\">\n<h2 data-start=\"2401\" data-end=\"2439\">Vorteile f\u00fcr Ihr Unternehmen<\/h2>\n<ul data-start=\"2440\" data-end=\"2827\">\n<li data-start=\"2440\" data-end=\"2529\">\n<p data-start=\"2442\" data-end=\"2529\"><strong data-start=\"2442\" data-end=\"2470\">Organisierte Bestandsverwaltung<\/strong> &#8211; zwei F\u00e4cher erleichtern das Sortieren und schnelle Auffinden von Artikeln.<\/p>\n<\/li>\n<li data-start=\"2530\" data-end=\"2603\">\n<p data-start=\"2532\" data-end=\"2603\"><strong data-start=\"2532\" data-end=\"2556\">Effizienter Arbeitsablauf<\/strong> &#8211; weniger Zeitverlust beim \u00d6ffnen\/Schlie\u00dfen von T\u00fcren.<\/p>\n<\/li>\n<li data-start=\"2604\" data-end=\"2682\">\n<p data-start=\"2606\" data-end=\"2682\"><strong data-start=\"2606\" data-end=\"2634\">Bessere Sichtbarkeit von Artikeln<\/strong> &#8211; der Inhalt ist immer sichtbar und zug\u00e4nglich.<\/p>\n<\/li>\n<li data-start=\"2683\" data-end=\"2748\">\n<p data-start=\"2685\" data-end=\"2748\"><strong data-start=\"2685\" data-end=\"2708\">Langlebige Investition<\/strong> &#8211; solide Qualit\u00e4t garantiert Langlebigkeit.<\/p>\n<\/li>\n<li data-start=\"2749\" data-end=\"2827\">\n<p data-start=\"2751\" data-end=\"2827\"><strong data-start=\"2751\" data-end=\"2772\">Flexible L\u00f6sung<\/strong> &#8211; kann in vielen verschiedenen Umgebungen und Arbeitsabl\u00e4ufen eingesetzt werden.<\/p>\n<\/li>\n<\/ul>\n<hr data-start=\"2829\" data-end=\"2832\">\n<h2 data-start=\"2834\" data-end=\"2864\">Anwendungsbereiche<\/h2>\n<ul data-start=\"2865\" data-end=\"3157\">\n<li data-start=\"2865\" data-end=\"2932\">\n<p data-start=\"2867\" data-end=\"2932\">Lagerhaltung und Logistik, wo schneller Zugriff und Sortierung wichtig sind.<\/p>\n<\/li>\n<li data-start=\"2933\" data-end=\"3011\">\n<p data-start=\"2935\" data-end=\"3011\">Produktion, bei der Materialien und Komponenten schnell verf\u00fcgbar sein m\u00fcssen.<\/p>\n<\/li>\n<li data-start=\"3012\" data-end=\"3083\">\n<p data-start=\"3014\" data-end=\"3083\">Lagern Sie R\u00fcckst\u00e4nde und Lagerzonen, die schnell aufgef\u00fcllt werden m\u00fcssen.<\/p>\n<\/li>\n<li data-start=\"3084\" data-end=\"3157\">\n<p data-start=\"3086\" data-end=\"3157\">Montage- und Verpackungsbereiche, in denen h\u00e4ufige Wechsel und schneller Zugriff erw\u00fcnscht sind.<\/p>\n<\/li>\n<\/ul>\n<hr data-start=\"3159\" data-end=\"3162\">\n<p data-start=\"3164\" data-end=\"3463\"><br data-start=\"3197\" data-end=\"3200\">Mit einem <strong data-start=\"3207\" data-end=\"3235\">zweiteiligen Rollcontainer<\/strong> erhalten Sie eine flexible, \u00fcbersichtliche und effiziente Lager- und Transportl\u00f6sung ohne T\u00fcr. Der Wagen ist in <strong data-start=\"3338\" data-end=\"3359\">allen RAL-Farben<\/strong> erh\u00e4ltlich und kann auch in <strong data-start=\"3383\" data-end=\"3416\">Sonderausf\u00fchrungen mit individuellen Abmessungen<\/strong> gefertigt werden.  Kontaktieren Sie uns noch heute f\u00fcr ein unverbindliches Angebot.<\/p>\n","protected":false},"excerpt":{"rendered":"<p>Durchsichtiger Rollbeh\u00e4lter mit 2 F\u00e4chern und ohne T\u00fcr &#8211; ideal f\u00fcr Lagerhaltung, Logistik oder Produktion. Erh\u00e4ltlich in jeder RAL-Farbe und in kundenspezifischen Gr\u00f6\u00dfen. <\/p>\n","protected":false},"featured_media":25960,"template":"","meta":{"_acf_changed":false,"site-sidebar-layout":"default","site-content-layout":"","ast-site-content-layout":"default","site-content-style":"default","site-sidebar-style":"default","ast-global-header-display":"","ast-banner-title-visibility":"","ast-main-header-display":"","ast-hfb-above-header-display":"","ast-hfb-below-header-display":"","ast-hfb-mobile-header-display":"","site-post-title":"","ast-breadcrumbs-content":"","ast-featured-img":"","footer-sml-layout":"","ast-disable-related-posts":"","theme-transparent-header-meta":"default","adv-header-id-meta":"","stick-header-meta":"default","header-above-stick-meta":"","header-main-stick-meta":"","header-below-stick-meta":"","astra-migrate-meta-layouts":"set","ast-page-background-enabled":"default","ast-page-background-meta":{"desktop":{"background-color":"","background-image":"","background-repeat":"repeat","background-position":"center center","background-size":"auto","background-attachment":"scroll","background-type":"","background-media":"","overlay-type":"","overlay-color":"","overlay-opacity":"","overlay-gradient":""},"tablet":{"background-color":"","background-image":"","background-repeat":"repeat","background-position":"center center","background-size":"auto","background-attachment":"scroll","background-type":"","background-media":"","overlay-type":"","overlay-color":"","overlay-opacity":"","overlay-gradient":""},"mobile":{"background-color":"","background-image":"","background-repeat":"repeat","background-position":"center center","background-size":"auto","background-attachment":"scroll","background-type":"","background-media":"","overlay-type":"","overlay-color":"","overlay-opacity":"","overlay-gradient":""}},"ast-content-background-meta":{"desktop":{"background-color":"var(--ast-global-color-5)","background-image":"","background-repeat":"repeat","background-position":"center center","background-size":"auto","background-attachment":"scroll","background-type":"","background-media":"","overlay-type":"","overlay-color":"","overlay-opacity":"","overlay-gradient":""},"tablet":{"background-color":"var(--ast-global-color-5)","background-image":"","background-repeat":"repeat","background-position":"center center","background-size":"auto","background-attachment":"scroll","background-type":"","background-media":"","overlay-type":"","overlay-color":"","overlay-opacity":"","overlay-gradient":""},"mobile":{"background-color":"var(--ast-global-color-5)","background-image":"","background-repeat":"repeat","background-position":"center center","background-size":"auto","background-attachment":"scroll","background-type":"","background-media":"","overlay-type":"","overlay-color":"","overlay-opacity":"","overlay-gradient":""}}},"product_brand":[],"product_cat":[250,251,696,252,257],"product_tag":[1095,1086],"class_list":{"0":"post-25958","1":"product","2":"type-product","3":"status-publish","4":"has-post-thumbnail","6":"product_cat-lager-og-logistik","7":"product_cat-produktion-montage","8":"product_cat-rullecontainere","9":"product_cat-transport","10":"product_cat-bure","11":"product_tag-container","12":"product_tag-vogn","13":"pa_storrelser-1200x800x1750mm","14":"desktop-align-left","15":"tablet-align-left","16":"mobile-align-left","17":"ast-product-gallery-layout-horizontal","18":"ast-product-tabs-layout-horizontal","20":"first","21":"instock","22":"taxable","23":"shipping-taxable","24":"purchasable","25":"product-type-simple"},"acf":[],"_links":{"self":[{"href":"https:\/\/jas.dk\/de\/wp-json\/wp\/v2\/product\/25958","targetHints":{"allow":["GET"]}}],"collection":[{"href":"https:\/\/jas.dk\/de\/wp-json\/wp\/v2\/product"}],"about":[{"href":"https:\/\/jas.dk\/de\/wp-json\/wp\/v2\/types\/product"}],"version-history":[{"count":1,"href":"https:\/\/jas.dk\/de\/wp-json\/wp\/v2\/product\/25958\/revisions"}],"predecessor-version":[{"id":38695,"href":"https:\/\/jas.dk\/de\/wp-json\/wp\/v2\/product\/25958\/revisions\/38695"}],"wp:featuredmedia":[{"embeddable":true,"href":"https:\/\/jas.dk\/de\/wp-json\/wp\/v2\/media\/25960"}],"wp:attachment":[{"href":"https:\/\/jas.dk\/de\/wp-json\/wp\/v2\/media?parent=25958"}],"wp:term":[{"taxonomy":"product_brand","embeddable":true,"href":"https:\/\/jas.dk\/de\/wp-json\/wp\/v2\/product_brand?post=25958"},{"taxonomy":"product_cat","embeddable":true,"href":"https:\/\/jas.dk\/de\/wp-json\/wp\/v2\/product_cat?post=25958"},{"taxonomy":"product_tag","embeddable":true,"href":"https:\/\/jas.dk\/de\/wp-json\/wp\/v2\/product_tag?post=25958"}],"curies":[{"name":"wp","href":"https:\/\/api.w.org\/{rel}","templated":true}]}}