{"id":26811,"date":"2025-09-04T12:43:03","date_gmt":"2025-09-04T10:43:03","guid":{"rendered":"https:\/\/jas.dk\/produkter\/unkategorisiert\/kommissionierwagen-mit-hoehenverstellung-und-akku-mobil-und-ergonomisch\/"},"modified":"2026-03-30T10:37:46","modified_gmt":"2026-03-30T08:37:46","slug":"kommissionierwagen-mit-hoehenverstellung-und-akku-mobil-und-ergonomisch","status":"publish","type":"product","link":"https:\/\/jas.dk\/de\/produkte\/transportwagen\/kommissionierwagen-mit-hoehenverstellung-und-akku-mobil-und-ergonomisch\/","title":{"rendered":"Kommissionierwagen mit Akku und Hebe-\/Senkfunktion \u2013 960 x 650 mm"},"content":{"rendered":"<h2 data-start=\"999\" data-end=\"1074\"><strong data-start=\"1003\" data-end=\"1072\">Batterie-Kommissionierwagen &#8211; mobiler Arbeitsplatz f\u00fcr die moderne Produktion<\/strong><\/h2>\n<p data-start=\"1076\" data-end=\"1452\">Dieser <strong data-start=\"1082\" data-end=\"1118\">Akku-Kommissionierwagen &#8211; 960&#215;650 mm<\/strong> ist als <strong data-start=\"1138\" data-end=\"1186\">ergonomischer und flexibler mobiler Arbeitsplatz<\/strong> konzipiert, an dem Sie Ihren Computer, Monitor, Scanner und andere elektronische Ger\u00e4te direkt auf den Wagen stellen k\u00f6nnen.<br data-start=\"1281\" data-end=\"1284\">Das eingebaute <strong data-start=\"1299\" data-end=\"1316\">Akkusystem<\/strong> versorgt Ihre gesamte Ausr\u00fcstung mit Strom, so dass Sie unabh\u00e4ngig von einer festen Stromversorgung arbeiten k\u00f6nnen &#8211; ideal f\u00fcr gro\u00dfe Lager und Produktionsbereiche.<\/p>\n<p data-start=\"1454\" data-end=\"1712\">Der Pflug ist au\u00dferdem mit einer <strong data-start=\"1490\" data-end=\"1523\">elektrischen Hebe-\/Senkfunktion<\/strong> ausgestattet, mit der Sie die Arbeitsh\u00f6he f\u00fcr optimale Ergonomie und Komfort einstellen k\u00f6nnen.<br data-start=\"1601\" data-end=\"1604\">Die solide Konstruktion und die leichtg\u00e4ngigen R\u00e4der sorgen f\u00fcr Stabilit\u00e4t und Mobilit\u00e4t, auch bei schwereren Lasten.<\/p>\n<h2 data-start=\"1719\" data-end=\"1758\"><strong data-start=\"1723\" data-end=\"1756\">Funktionen und Merkmale<\/strong><\/h2>\n<ul data-start=\"1759\" data-end=\"2208\">\n<li data-start=\"1759\" data-end=\"1844\">\n<p data-start=\"1761\" data-end=\"1844\"><strong data-start=\"1761\" data-end=\"1788\">Eingebautes Batteriesystem<\/strong> zur Stromversorgung von Monitor, Computer, Scanner und anderen Ger\u00e4ten<\/p>\n<\/li>\n<li data-start=\"1845\" data-end=\"1916\">\n<p data-start=\"1847\" data-end=\"1916\"><strong data-start=\"1847\" data-end=\"1873\">Elektrische Hebe-\/Senkfunktion<\/strong> f\u00fcr einfache H\u00f6heneinstellung und bessere Ergonomie<\/p>\n<\/li>\n<li data-start=\"1917\" data-end=\"2001\">\n<p data-start=\"1919\" data-end=\"2001\"><strong data-start=\"1919\" data-end=\"1950\">Kompaktes Design &#8211; 960&#215;650 mm<\/strong> f\u00fcr den Einsatz in schmalen G\u00e4ngen und Produktionsbereichen<\/p>\n<\/li>\n<li data-start=\"2002\" data-end=\"2074\">\n<p data-start=\"2004\" data-end=\"2074\"><strong data-start=\"2004\" data-end=\"2031\">Stabile Stahlkonstruktion<\/strong> f\u00fcr den t\u00e4glichen Einsatz in professionellen Umgebungen<\/p>\n<\/li>\n<li data-start=\"2075\" data-end=\"2130\">\n<p data-start=\"2077\" data-end=\"2130\"><strong data-start=\"2077\" data-end=\"2096\">Leichtg\u00e4ngige R\u00e4der<\/strong> f\u00fcr einfaches und stabiles Man\u00f6vrieren<\/p>\n<\/li>\n<li data-start=\"2131\" data-end=\"2208\">\n<p data-start=\"2133\" data-end=\"2208\"><strong data-start=\"2133\" data-end=\"2157\">Mobiler Arbeitsplatz<\/strong>, der die Flexibilit\u00e4t bei Kommissionierung und Montage verbessert<\/p>\n<\/li>\n<\/ul>\n<h2 data-start=\"2215\" data-end=\"2257\"><strong data-start=\"2219\" data-end=\"2255\">Personalisierung und Flexibilit\u00e4t<\/strong><\/h2>\n<p data-start=\"2258\" data-end=\"2537\">Der Kommissionierer kann in <strong data-start=\"2283\" data-end=\"2304\">jeder RAL-Farbe<\/strong> geliefert und individuell angepasst werden, z. B. mit mehr Ablagen, Werkzeughaltern, zus\u00e4tzlichen Steckdosen oder einer Docking-Station f\u00fcr IT-Ger\u00e4te.<br data-start=\"2409\" data-end=\"2412\">Er kann auch als <strong data-start=\"2441\" data-end=\"2474\">Sonderversion mit individuellen Abmessungen<\/strong> hergestellt werden, um sich dem Layout und den Arbeitsabl\u00e4ufen in Ihrem Unternehmen anzupassen.<\/p>\n<h2 data-start=\"2544\" data-end=\"2585\"><strong data-start=\"2548\" data-end=\"2583\">Vorteile f\u00fcr Ihr Unternehmen<\/strong><\/h2>\n<ul data-start=\"2586\" data-end=\"2836\">\n<li data-start=\"2586\" data-end=\"2637\">\n<p data-start=\"2588\" data-end=\"2637\">Arbeiten Sie \u00fcberall &#8211; unabh\u00e4ngig vom Stromnetz<\/p>\n<\/li>\n<li data-start=\"2638\" data-end=\"2695\">\n<p data-start=\"2640\" data-end=\"2695\">Effizienter und ergonomischer Arbeitsplatz f\u00fcr Kommissionierung und Montage<\/p>\n<\/li>\n<li data-start=\"2696\" data-end=\"2744\">\n<p data-start=\"2698\" data-end=\"2744\">Geringere Transportzeit und h\u00f6here Produktivit\u00e4t<\/p>\n<\/li>\n<li data-start=\"2745\" data-end=\"2796\">\n<p data-start=\"2747\" data-end=\"2796\">Sichere Stromversorgung f\u00fcr alle notwendigen Ger\u00e4te<\/p>\n<\/li>\n<li data-start=\"2797\" data-end=\"2836\">\n<p data-start=\"2799\" data-end=\"2836\">Flexibel, stabil und einfach zu bedienen<\/p>\n<\/li>\n<\/ul>\n<h2 data-start=\"2843\" data-end=\"2884\"><strong data-start=\"2847\" data-end=\"2882\">Typische Anwendungsbereiche<\/strong><\/h2>\n<ul data-start=\"2885\" data-end=\"3043\">\n<li data-start=\"2885\" data-end=\"2912\">\n<p data-start=\"2887\" data-end=\"2912\">Lagerh\u00e4user und Logistikzentren<\/p>\n<\/li>\n<li data-start=\"2913\" data-end=\"2952\">\n<p data-start=\"2915\" data-end=\"2952\">Produktionslinien und Montagebereiche<\/p>\n<\/li>\n<li data-start=\"2953\" data-end=\"2990\">\n<p data-start=\"2955\" data-end=\"2990\">Qualit\u00e4tskontrolle und Teststationen<\/p>\n<\/li>\n<li data-start=\"2991\" data-end=\"3043\">\n<p data-start=\"2993\" data-end=\"3043\">Umgebungen mit Bedarf an mobilen IT-Arbeitspl\u00e4tzen<\/p>\n<\/li>\n<\/ul>\n<p data-start=\"3050\" data-end=\"3549\">Mit dem <strong data-start=\"3090\" data-end=\"3126\"><strong data-start=\"3424\" data-end=\"3445\">Kommisionierwagen mit Batterie<\/strong> &#8211; 960&#215;650 mm<\/strong> erhalten Sie einen vielseitigen und ergonomischen Arbeitsplatz, der Mobilit\u00e4t, Flexibilit\u00e4t und intelligente Stromversorgung vereint.<br data-start=\"3245\" data-end=\"3248\">Der Wagen versorgt alle notwendigen Ger\u00e4te &#8211; von Monitoren und Computern bis hin zu Scannern &#8211; mit Strom, und die elektrisch gesteuerte Hebe-\/Senkfunktion sorgt den ganzen Tag \u00fcber f\u00fcr eine perfekte Arbeitsposition.<br data-start=\"3411\" data-end=\"3414\">Erh\u00e4ltlich in jeder RAL-Farbe und als <strong data-start=\"3453\" data-end=\"3486\">Sonderversion mit individuellen Abmessungen<\/strong>, um sich Ihrem Produktions- und Logistikfluss anzupassen.<\/p>\n","protected":false},"excerpt":{"rendered":"<p>Ergonomischer Kommissionierwagen mit Akku &#8211; 960&#215;650 mm, konzipiert als mobiler Arbeitsplatz mit Stromanschluss f\u00fcr Computer, Monitor, Scanner usw. Robuste Konstruktion mit elektrischer Hebe-\/Senkfunktion und eingebautem Akku f\u00fcr effiziente, flexible Kommissionier- und Montagearbeiten. <\/p>\n","protected":false},"featured_media":26812,"template":"","meta":{"_acf_changed":false,"site-sidebar-layout":"default","site-content-layout":"","ast-site-content-layout":"default","site-content-style":"default","site-sidebar-style":"default","ast-global-header-display":"","ast-banner-title-visibility":"","ast-main-header-display":"","ast-hfb-above-header-display":"","ast-hfb-below-header-display":"","ast-hfb-mobile-header-display":"","site-post-title":"","ast-breadcrumbs-content":"","ast-featured-img":"","footer-sml-layout":"","ast-disable-related-posts":"","theme-transparent-header-meta":"default","adv-header-id-meta":"","stick-header-meta":"default","header-above-stick-meta":"","header-main-stick-meta":"","header-below-stick-meta":"","astra-migrate-meta-layouts":"set","ast-page-background-enabled":"default","ast-page-background-meta":{"desktop":{"background-color":"","background-image":"","background-repeat":"repeat","background-position":"center center","background-size":"auto","background-attachment":"scroll","background-type":"","background-media":"","overlay-type":"","overlay-color":"","overlay-opacity":"","overlay-gradient":""},"tablet":{"background-color":"","background-image":"","background-repeat":"repeat","background-position":"center center","background-size":"auto","background-attachment":"scroll","background-type":"","background-media":"","overlay-type":"","overlay-color":"","overlay-opacity":"","overlay-gradient":""},"mobile":{"background-color":"","background-image":"","background-repeat":"repeat","background-position":"center center","background-size":"auto","background-attachment":"scroll","background-type":"","background-media":"","overlay-type":"","overlay-color":"","overlay-opacity":"","overlay-gradient":""}},"ast-content-background-meta":{"desktop":{"background-color":"var(--ast-global-color-5)","background-image":"","background-repeat":"repeat","background-position":"center center","background-size":"auto","background-attachment":"scroll","background-type":"","background-media":"","overlay-type":"","overlay-color":"","overlay-opacity":"","overlay-gradient":""},"tablet":{"background-color":"var(--ast-global-color-5)","background-image":"","background-repeat":"repeat","background-position":"center center","background-size":"auto","background-attachment":"scroll","background-type":"","background-media":"","overlay-type":"","overlay-color":"","overlay-opacity":"","overlay-gradient":""},"mobile":{"background-color":"var(--ast-global-color-5)","background-image":"","background-repeat":"repeat","background-position":"center center","background-size":"auto","background-attachment":"scroll","background-type":"","background-media":"","overlay-type":"","overlay-color":"","overlay-opacity":"","overlay-gradient":""}}},"product_brand":[],"product_cat":[1404,1447],"product_tag":[],"class_list":{"0":"post-26811","1":"product","2":"type-product","3":"status-publish","4":"has-post-thumbnail","6":"product_cat-transportwagen","7":"product_cat-kommissionierwagen","8":"pa_storrelser-960-x-650-x-740-1400-mm","9":"desktop-align-left","10":"tablet-align-left","11":"mobile-align-left","12":"ast-product-gallery-layout-horizontal","13":"ast-product-tabs-layout-horizontal","15":"first","16":"onbackorder","17":"taxable","18":"shipping-taxable","19":"purchasable","20":"product-type-simple"},"acf":[],"_links":{"self":[{"href":"https:\/\/jas.dk\/de\/wp-json\/wp\/v2\/product\/26811","targetHints":{"allow":["GET"]}}],"collection":[{"href":"https:\/\/jas.dk\/de\/wp-json\/wp\/v2\/product"}],"about":[{"href":"https:\/\/jas.dk\/de\/wp-json\/wp\/v2\/types\/product"}],"version-history":[{"count":4,"href":"https:\/\/jas.dk\/de\/wp-json\/wp\/v2\/product\/26811\/revisions"}],"predecessor-version":[{"id":39128,"href":"https:\/\/jas.dk\/de\/wp-json\/wp\/v2\/product\/26811\/revisions\/39128"}],"wp:featuredmedia":[{"embeddable":true,"href":"https:\/\/jas.dk\/de\/wp-json\/wp\/v2\/media\/26812"}],"wp:attachment":[{"href":"https:\/\/jas.dk\/de\/wp-json\/wp\/v2\/media?parent=26811"}],"wp:term":[{"taxonomy":"product_brand","embeddable":true,"href":"https:\/\/jas.dk\/de\/wp-json\/wp\/v2\/product_brand?post=26811"},{"taxonomy":"product_cat","embeddable":true,"href":"https:\/\/jas.dk\/de\/wp-json\/wp\/v2\/product_cat?post=26811"},{"taxonomy":"product_tag","embeddable":true,"href":"https:\/\/jas.dk\/de\/wp-json\/wp\/v2\/product_tag?post=26811"}],"curies":[{"name":"wp","href":"https:\/\/api.w.org\/{rel}","templated":true}]}}