{"id":26920,"date":"2025-06-23T17:07:45","date_gmt":"2025-06-23T15:07:45","guid":{"rendered":"https:\/\/jas.dk\/produkter\/unkategorisiert\/katafalk-wagen-sargwagen-in-robustem-und-stilvollem-design\/"},"modified":"2026-03-31T15:34:00","modified_gmt":"2026-03-31T13:34:00","slug":"katafalk-wagen-sargwagen-in-robustem-und-stilvollem-design","status":"publish","type":"product","link":"https:\/\/jas.dk\/de\/produkte\/transportwagen\/katafalk-wagen-sargwagen-in-robustem-und-stilvollem-design\/","title":{"rendered":"Katafalk 2080x700x500-900mm"},"content":{"rendered":"<h3 data-start=\"1105\" data-end=\"1145\"><strong data-start=\"1109\" data-end=\"1143\">Katafalk &#8211; 2080x700x500-900 mm<\/strong><\/h3>\n<p data-start=\"1146\" data-end=\"1484\">Dieser <strong data-start=\"1152\" data-end=\"1186\">Katafalk<\/strong> wurde f\u00fcr professionelle Benutzer entwickelt, bei denen W\u00fcrde, Funktionalit\u00e4t und Zuverl\u00e4ssigkeit von entscheidender Bedeutung sind.<br data-start=\"1290\" data-end=\"1293\">Die solide Stahlkonstruktion sorgt f\u00fcr hohe Stabilit\u00e4t, w\u00e4hrend die <strong data-start=\"1352\" data-end=\"1389\">batteriebetriebene Hebe-\/Senkfunktion<\/strong> einfach per <strong data-start=\"1406\" data-end=\"1424\">Fernbedienung<\/strong> gesteuert wird, so dass das Personal ergonomisch korrekt und sicher arbeiten kann.<\/p>\n<p data-start=\"1486\" data-end=\"1821\">Die vier R\u00e4der sorgen f\u00fcr einen ruhigen und stabilen Lauf, auch auf unebenem Untergrund.<br data-start=\"1564\" data-end=\"1567\">Der Katafalkwagen funktioniert sowohl als Katafalk als auch als Sargwagen und ist damit ideal f\u00fcr den Einsatz in Kapellen, Krankenh\u00e4usern und bei feierlichen Anl\u00e4ssen.<br data-start=\"1713\" data-end=\"1716\">Die Oberfl\u00e4che kann in jeder RAL-Farbe geliefert werden, um sie an die Umgebung und die andere Ausstattung anzupassen.<\/p>\n<h2 data-start=\"1828\" data-end=\"1867\"><strong data-start=\"1832\" data-end=\"1865\">Funktionen und Merkmale<\/strong><\/h2>\n<ul data-start=\"1868\" data-end=\"2289\">\n<li data-start=\"1868\" data-end=\"1941\">\n<p data-start=\"1870\" data-end=\"1941\">H\u00f6henverstellbar: 500-900 mm \u00fcber <strong data-start=\"1902\" data-end=\"1939\">batteriebetriebene Hebe-\/Senkfunktion<\/strong><\/p>\n<\/li>\n<li data-start=\"1942\" data-end=\"1996\">\n<p data-start=\"1944\" data-end=\"1996\"><strong data-start=\"1944\" data-end=\"1962\">Fernbedienung<\/strong> f\u00fcr einfache und ergonomische Bedienung<\/p>\n<\/li>\n<li data-start=\"1997\" data-end=\"2041\">\n<p data-start=\"1999\" data-end=\"2041\">Robuste Stahlkonstruktion mit hoher Tragf\u00e4higkeit<\/p>\n<\/li>\n<li data-start=\"2042\" data-end=\"2110\">\n<p data-start=\"2044\" data-end=\"2110\">4 <strong data-start=\"2046\" data-end=\"2060\">R\u00e4der<\/strong> &#8211; 2 mit Bremse, 2 fest, f\u00fcr sicheres Man\u00f6vrieren<\/p>\n<\/li>\n<li data-start=\"2111\" data-end=\"2163\">\n<p data-start=\"2113\" data-end=\"2163\">Elegantes und diskretes Design mit Fokus auf W\u00fcrde<\/p>\n<\/li>\n<li data-start=\"2164\" data-end=\"2217\">\n<p data-start=\"2166\" data-end=\"2217\">Geeignet als <strong data-start=\"2179\" data-end=\"2192\">Sargwagen<\/strong> oder <strong data-start=\"2199\" data-end=\"2215\">Katafalkwagen<\/strong><\/p>\n<\/li>\n<li data-start=\"2218\" data-end=\"2289\">\n<p data-start=\"2220\" data-end=\"2289\">Erh\u00e4ltlich in <strong data-start=\"2230\" data-end=\"2251\">jeder RAL-Farbe<\/strong> und in <strong data-start=\"2273\" data-end=\"2287\">Sondergr\u00f6\u00dfen<\/strong><\/p>\n<\/li>\n<li data-start=\"2218\" data-end=\"2289\">Rollenbahnen mit Bremsm\u00f6glichkeit<\/li>\n<\/ul>\n<h2 data-start=\"2296\" data-end=\"2337\"><strong data-start=\"2300\" data-end=\"2335\">Vorteile f\u00fcr Ihr Unternehmen<\/strong><\/h2>\n<ul data-start=\"2338\" data-end=\"2605\">\n<li data-start=\"2338\" data-end=\"2403\">\n<p data-start=\"2340\" data-end=\"2403\">Ergonomisch korrekte Handhabung mit H\u00f6henverstellung per Fernbedienung<\/p>\n<\/li>\n<li data-start=\"2404\" data-end=\"2446\">\n<p data-start=\"2406\" data-end=\"2446\">Sicheres und stabiles Fahren mit hochwertigen R\u00e4dern<\/p>\n<\/li>\n<li data-start=\"2447\" data-end=\"2495\">\n<p data-start=\"2449\" data-end=\"2495\">Batteriebetrieb bietet Flexibilit\u00e4t ohne Kabel<\/p>\n<\/li>\n<li data-start=\"2496\" data-end=\"2548\">\n<p data-start=\"2498\" data-end=\"2548\">Schnellere und einfachere Arbeitsabl\u00e4ufe f\u00fcr Mitarbeiter<\/p>\n<\/li>\n<li data-start=\"2549\" data-end=\"2605\">\n<p data-start=\"2551\" data-end=\"2605\">D\u00e4nische Qualit\u00e4t &#8211; lange Lebensdauer und hohe Zuverl\u00e4ssigkeit<\/p>\n<\/li>\n<\/ul>\n<h2 data-start=\"2612\" data-end=\"2653\"><strong data-start=\"2616\" data-end=\"2651\">Typische Anwendungsbereiche<\/strong><\/h2>\n<ul data-start=\"2654\" data-end=\"2833\">\n<li data-start=\"2654\" data-end=\"2693\">\n<p data-start=\"2656\" data-end=\"2693\">Kapellen und Beerdigungsinstitute<\/p>\n<\/li>\n<li data-start=\"2694\" data-end=\"2719\">\n<p data-start=\"2696\" data-end=\"2719\">Krankenh\u00e4user und Leichenhallen<\/p>\n<\/li>\n<li data-start=\"2720\" data-end=\"2766\">\n<p data-start=\"2722\" data-end=\"2766\">Zeremonielle Zwecke und Sargtransport<\/p>\n<\/li>\n<li data-start=\"2767\" data-end=\"2833\">\n<p data-start=\"2769\" data-end=\"2833\">Einrichtungen, in denen eine w\u00fcrdevolle und effiziente Behandlung unerl\u00e4sslich ist<\/p>\n<\/li>\n<\/ul>\n<p data-start=\"2840\" data-end=\"3223\">Catafalque &#8211; 2080x700x500-900 mm bietet eine professionelle und w\u00fcrdige L\u00f6sung f\u00fcr die Handhabung und den Transport von S\u00e4rgen.<br data-start=\"2976\" data-end=\"2979\">Er fungiert sowohl als Catafalque als auch als Sargwagen und verf\u00fcgt \u00fcber eine batteriebetriebene Hebe-\/Senkfunktion mit Fernbedienung f\u00fcr maximale Ergonomie und Benutzerfreundlichkeit.<br data-start=\"3141\" data-end=\"3144\">Erh\u00e4ltlich in jeder RAL-Farbe und als Sonderversion mit individuellen Abmessungen.<\/p>\n","protected":false},"excerpt":{"rendered":"<p>Ein JAS Katafalk ist f\u00fcr den w\u00fcrdevollen, sicheren und stabilen Transport von S\u00e4rgen konzipiert. Das Modell 2080x700x500-900mm kombiniert funktionelles Design, hohe Qualit\u00e4t und verstellbare Arbeitsh\u00f6he &#8211; ideal sowohl als Sargwagen als auch als Katafalkwagen in professionellen Umgebungen. <\/p>\n","protected":false},"featured_media":36762,"template":"","meta":{"_acf_changed":false,"site-sidebar-layout":"default","site-content-layout":"","ast-site-content-layout":"default","site-content-style":"default","site-sidebar-style":"default","ast-global-header-display":"","ast-banner-title-visibility":"","ast-main-header-display":"","ast-hfb-above-header-display":"","ast-hfb-below-header-display":"","ast-hfb-mobile-header-display":"","site-post-title":"","ast-breadcrumbs-content":"","ast-featured-img":"","footer-sml-layout":"","ast-disable-related-posts":"","theme-transparent-header-meta":"default","adv-header-id-meta":"","stick-header-meta":"default","header-above-stick-meta":"","header-main-stick-meta":"","header-below-stick-meta":"","astra-migrate-meta-layouts":"set","ast-page-background-enabled":"default","ast-page-background-meta":{"desktop":{"background-color":"","background-image":"","background-repeat":"repeat","background-position":"center center","background-size":"auto","background-attachment":"scroll","background-type":"","background-media":"","overlay-type":"","overlay-color":"","overlay-opacity":"","overlay-gradient":""},"tablet":{"background-color":"","background-image":"","background-repeat":"repeat","background-position":"center center","background-size":"auto","background-attachment":"scroll","background-type":"","background-media":"","overlay-type":"","overlay-color":"","overlay-opacity":"","overlay-gradient":""},"mobile":{"background-color":"","background-image":"","background-repeat":"repeat","background-position":"center center","background-size":"auto","background-attachment":"scroll","background-type":"","background-media":"","overlay-type":"","overlay-color":"","overlay-opacity":"","overlay-gradient":""}},"ast-content-background-meta":{"desktop":{"background-color":"var(--ast-global-color-5)","background-image":"","background-repeat":"repeat","background-position":"center center","background-size":"auto","background-attachment":"scroll","background-type":"","background-media":"","overlay-type":"","overlay-color":"","overlay-opacity":"","overlay-gradient":""},"tablet":{"background-color":"var(--ast-global-color-5)","background-image":"","background-repeat":"repeat","background-position":"center center","background-size":"auto","background-attachment":"scroll","background-type":"","background-media":"","overlay-type":"","overlay-color":"","overlay-opacity":"","overlay-gradient":""},"mobile":{"background-color":"var(--ast-global-color-5)","background-image":"","background-repeat":"repeat","background-position":"center center","background-size":"auto","background-attachment":"scroll","background-type":"","background-media":"","overlay-type":"","overlay-color":"","overlay-opacity":"","overlay-gradient":""}}},"product_brand":[],"product_cat":[1404,1405,1382],"product_tag":[2215],"class_list":{"0":"post-26920","1":"product","2":"type-product","3":"status-publish","4":"has-post-thumbnail","6":"product_cat-transportwagen","7":"product_cat-andere-trolleys","8":"product_cat-gesundheitssektor","9":"product_tag-trolley","10":"pa_storrelser-2080x700x500-900mm","11":"desktop-align-left","12":"tablet-align-left","13":"mobile-align-left","14":"ast-product-gallery-layout-horizontal","15":"ast-product-tabs-layout-horizontal","17":"first","18":"onbackorder","19":"taxable","20":"shipping-taxable","21":"purchasable","22":"product-type-simple"},"acf":[],"_links":{"self":[{"href":"https:\/\/jas.dk\/de\/wp-json\/wp\/v2\/product\/26920","targetHints":{"allow":["GET"]}}],"collection":[{"href":"https:\/\/jas.dk\/de\/wp-json\/wp\/v2\/product"}],"about":[{"href":"https:\/\/jas.dk\/de\/wp-json\/wp\/v2\/types\/product"}],"version-history":[{"count":2,"href":"https:\/\/jas.dk\/de\/wp-json\/wp\/v2\/product\/26920\/revisions"}],"predecessor-version":[{"id":38430,"href":"https:\/\/jas.dk\/de\/wp-json\/wp\/v2\/product\/26920\/revisions\/38430"}],"wp:featuredmedia":[{"embeddable":true,"href":"https:\/\/jas.dk\/de\/wp-json\/wp\/v2\/media\/36762"}],"wp:attachment":[{"href":"https:\/\/jas.dk\/de\/wp-json\/wp\/v2\/media?parent=26920"}],"wp:term":[{"taxonomy":"product_brand","embeddable":true,"href":"https:\/\/jas.dk\/de\/wp-json\/wp\/v2\/product_brand?post=26920"},{"taxonomy":"product_cat","embeddable":true,"href":"https:\/\/jas.dk\/de\/wp-json\/wp\/v2\/product_cat?post=26920"},{"taxonomy":"product_tag","embeddable":true,"href":"https:\/\/jas.dk\/de\/wp-json\/wp\/v2\/product_tag?post=26920"}],"curies":[{"name":"wp","href":"https:\/\/api.w.org\/{rel}","templated":true}]}}