{"id":27782,"date":"2025-10-09T15:00:30","date_gmt":"2025-10-09T13:00:30","guid":{"rendered":"https:\/\/jas.dk\/produkter\/unkategorisiert\/grosser-blechwagen\/"},"modified":"2026-03-19T15:34:24","modified_gmt":"2026-03-19T14:34:24","slug":"grosser-blechwagen","status":"publish","type":"product","link":"https:\/\/jas.dk\/de\/produkte\/transportwagen\/grosser-blechwagen\/","title":{"rendered":"Gro\u00dfer A-Wagen"},"content":{"rendered":"<h2 data-start=\"958\" data-end=\"999\"><strong data-start=\"962\" data-end=\"999\">Gro\u00dfer A-Wagen<\/strong><\/h2>\n<p data-start=\"1001\" data-end=\"1311\">Der <strong data-start=\"1005\" data-end=\"1043\">gro\u00dfe A-Wagen &#8211; 2000x800x1200 mm<\/strong> wurde f\u00fcr den sicheren, stabilen und effizienten Transport von gro\u00dfen Blechen und Gegenst\u00e4nden in der Produktion, in Lagern und Werkst\u00e4tten entwickelt.<br data-start=\"1154\" data-end=\"1157\">Die robuste Stahlkonstruktion und die soliden <strong data-start=\"1200\" data-end=\"1213\">\u00d8160-R\u00e4der<\/strong> sorgen f\u00fcr eine ruhige Fahrt, hohe Stabilit\u00e4t und eine einfache Handhabung von schwerem Material &#8211; auch auf unebenen B\u00f6den.<\/p>\n<p data-start=\"1313\" data-end=\"1639\">Mit einem ungef\u00e4hren <strong data-start=\"1320\" data-end=\"1338\">Gewicht von 180 kg<\/strong> und einer <strong data-start=\"1342\" data-end=\"1375\">maximalen Last von 400 kg<\/strong> ist dieser Blechwagen f\u00fcr den t\u00e4glichen Einsatz in anspruchsvollen Umgebungen ausgelegt, in denen Qualit\u00e4t und Langlebigkeit von entscheidender Bedeutung sind.<br data-start=\"1479\" data-end=\"1482\">Die breite Plattform von <strong data-start=\"1504\" data-end=\"1519\">2000&#215;800 mm<\/strong> ist ideal f\u00fcr die Handhabung gro\u00dfer Bleche, w\u00e4hrend die H\u00f6he von <strong data-start=\"1581\" data-end=\"1592\">1200 mm<\/strong> eine ergonomisch korrekte Arbeitsposition erm\u00f6glicht.<\/p>\n<h2 data-start=\"1646\" data-end=\"1691\"><strong data-start=\"1650\" data-end=\"1689\">Konstruktion und Funktionalit\u00e4t<\/strong><\/h2>\n<p data-start=\"1692\" data-end=\"2028\">Der robuste Rahmen besteht aus pulverbeschichtetem Stahl, der Abnutzung, St\u00f6\u00dfen und t\u00e4glichem Gebrauch standh\u00e4lt.<br data-start=\"1791\" data-end=\"1794\"><strong data-start=\"1794\" data-end=\"1810\">Die \u00d8160-R\u00e4der<\/strong> sorgen f\u00fcr geringe Reibung und pr\u00e4zises Lenken, so dass der Wagen auch bei voller Beladung leicht zu man\u00f6vrieren ist.<br data-start=\"1908\" data-end=\"1911\">Das offene Design erleichtert das Be- und Entladen, w\u00e4hrend der stabile Boden die Materialien beim Transport sicher h\u00e4lt.<\/p>\n<h2 data-start=\"2035\" data-end=\"2072\"><strong data-start=\"2039\" data-end=\"2070\">Ergonomie und Anwendung<\/strong><\/h2>\n<p data-start=\"2073\" data-end=\"2444\">Bei der Entwicklung des Plattenwagens wurde auf Ergonomie geachtet, so dass der Bediener schwere Materialien ohne unn\u00f6tige Anstrengung bewegen kann.<br data-start=\"2189\" data-end=\"2192\">Die hohe Konstruktion erleichtert das Greifen und Man\u00f6vrieren des Wagens, und das stabile Gleichgewicht macht die Arbeit sowohl sicher als auch effizient.<br data-start=\"2323\" data-end=\"2326\">Perfekt als <strong data-start=\"2338\" data-end=\"2360\">Plattenwagen auf R\u00e4dern<\/strong>, <strong data-start=\"2362\" data-end=\"2389\">industrieller Plattenwagen<\/strong> oder <strong data-start=\"2396\" data-end=\"2420\">robuster Transportwagen<\/strong> in Produktionsumgebungen.<\/p>\n<h2 data-start=\"2451\" data-end=\"2493\"><strong data-start=\"2455\" data-end=\"2491\">Personalisierung und Flexibilit\u00e4t<\/strong><\/h2>\n<p data-start=\"2494\" data-end=\"2754\">Der Wagen ist in <strong data-start=\"2515\" data-end=\"2536\">jeder RAL-Farbe<\/strong> und als <strong data-start=\"2544\" data-end=\"2577\">Sonderausf\u00fchrung mit individuellen Ma\u00dfen<\/strong> erh\u00e4ltlich, um Ihren Produktions- und Arbeitsabl\u00e4ufen gerecht zu werden.<br data-start=\"2642\" data-end=\"2645\">Je nach Bedarf k\u00f6nnen auch zus\u00e4tzliche Ausstattungen wie Halterungen, B\u00fcgel oder Befestigungspunkte hinzugef\u00fcgt werden.<\/p>\n<h2 data-start=\"2761\" data-end=\"2802\"><strong data-start=\"2765\" data-end=\"2800\">Vorteile f\u00fcr Ihr Unternehmen<\/strong><\/h2>\n<ul data-start=\"2803\" data-end=\"3124\">\n<li data-start=\"2803\" data-end=\"2870\">\n<p data-start=\"2805\" data-end=\"2870\"><strong data-start=\"2805\" data-end=\"2833\">Hohe Festigkeit und Stabilit\u00e4t<\/strong> &#8211; f\u00fcr schwere und gro\u00dfe Bl\u00e4tter.<\/p>\n<\/li>\n<li data-start=\"2871\" data-end=\"2930\">\n<p data-start=\"2873\" data-end=\"2930\"><strong data-start=\"2873\" data-end=\"2895\">Effizienter Transport<\/strong> &#8211; sanfte Fahrt mit \u00d8160 R\u00e4dern.<\/p>\n<\/li>\n<li data-start=\"2931\" data-end=\"2999\">\n<p data-start=\"2933\" data-end=\"2999\"><strong data-start=\"2933\" data-end=\"2949\">Lange Lebensdauer<\/strong> &#8211; robuste Stahlkonstruktion f\u00fcr den industriellen Einsatz.<\/p>\n<\/li>\n<li data-start=\"3000\" data-end=\"3057\">\n<p data-start=\"3002\" data-end=\"3057\"><strong data-start=\"3002\" data-end=\"3023\">Ergonomisches Design<\/strong> &#8211; reduziert das Heben und die Belastung.<\/p>\n<\/li>\n<li data-start=\"3058\" data-end=\"3124\">\n<p data-start=\"3060\" data-end=\"3124\"><strong data-start=\"3060\" data-end=\"3081\">Flexible L\u00f6sung<\/strong> &#8211; erh\u00e4ltlich in kundenspezifischen Gr\u00f6\u00dfen und optionalen RAL-Farben.<\/p>\n<\/li>\n<\/ul>\n<h2 data-start=\"3131\" data-end=\"3172\"><strong data-start=\"3135\" data-end=\"3170\">Typische Anwendungsbereiche<\/strong><\/h2>\n<ul data-start=\"3173\" data-end=\"3399\">\n<li data-start=\"3173\" data-end=\"3231\">\n<p data-start=\"3175\" data-end=\"3231\">Transportieren Sie Holz-, Kunststoff- und Metallplatten in der Produktion.<\/p>\n<\/li>\n<li data-start=\"3232\" data-end=\"3276\">\n<p data-start=\"3234\" data-end=\"3276\">Lager- und Montagebereiche mit gro\u00dfen Gegenst\u00e4nden.<\/p>\n<\/li>\n<li data-start=\"3277\" data-end=\"3337\">\n<p data-start=\"3279\" data-end=\"3337\">Werkst\u00e4tten und Schreinereien, die einen stabilen Transport ben\u00f6tigen.<\/p>\n<\/li>\n<li data-start=\"3338\" data-end=\"3399\">\n<p data-start=\"3340\" data-end=\"3399\">Interne Logistik in der Industrie und bei der Herstellung von Bauelementen.<\/p>\n<\/li>\n<\/ul>\n<p data-start=\"3406\" data-end=\"3791\">Mit dem <strong data-start=\"3446\" data-end=\"3483\">gro\u00dfen A-Wagen &#8211; 2000x800x1200 mm<\/strong> &#8211; erhalten Sie eine stabile, zuverl\u00e4ssige und langlebige L\u00f6sung f\u00fcr den t\u00e4glichen Materialumschlag.<br data-start=\"3573\" data-end=\"3576\">Der Wagen kombiniert St\u00e4rke, Mobilit\u00e4t und Ergonomie und kann in <strong data-start=\"3644\" data-end=\"3660\">Farbe und Abmessungen<\/strong> nach Bedarf angepasst werden.<br data-start=\"3673\" data-end=\"3676\">Kontaktieren Sie JAS.dk f\u00fcr ein unverbindliches Angebot &#8211; und erhalten Sie einen Blechwagen, der f\u00fcr den professionellen und effizienten Einsatz gebaut ist.<\/p>\n","protected":false},"excerpt":{"rendered":"<p>Robuster Gro\u00dfer A-Wagen &#8211; 2000x800x1200 mm aus schwerem Stahl f\u00fcr den sicheren Transport von gro\u00dfen Blechen und Gegenst\u00e4nden. Der Wagen hat \u00d8160 R\u00e4der, ein Gewicht von ca. 180 kg und eine maximale Last von 400 kg und sorgt f\u00fcr einen stabilen und effizienten Materialtransport sowohl in der Produktion als auch im Lager. <\/p>\n","protected":false},"featured_media":27783,"template":"","meta":{"_acf_changed":false,"site-sidebar-layout":"default","site-content-layout":"","ast-site-content-layout":"default","site-content-style":"default","site-sidebar-style":"default","ast-global-header-display":"","ast-banner-title-visibility":"","ast-main-header-display":"","ast-hfb-above-header-display":"","ast-hfb-below-header-display":"","ast-hfb-mobile-header-display":"","site-post-title":"","ast-breadcrumbs-content":"","ast-featured-img":"","footer-sml-layout":"","ast-disable-related-posts":"","theme-transparent-header-meta":"default","adv-header-id-meta":"","stick-header-meta":"default","header-above-stick-meta":"","header-main-stick-meta":"","header-below-stick-meta":"","astra-migrate-meta-layouts":"set","ast-page-background-enabled":"default","ast-page-background-meta":{"desktop":{"background-color":"","background-image":"","background-repeat":"repeat","background-position":"center center","background-size":"auto","background-attachment":"scroll","background-type":"","background-media":"","overlay-type":"","overlay-color":"","overlay-opacity":"","overlay-gradient":""},"tablet":{"background-color":"","background-image":"","background-repeat":"repeat","background-position":"center center","background-size":"auto","background-attachment":"scroll","background-type":"","background-media":"","overlay-type":"","overlay-color":"","overlay-opacity":"","overlay-gradient":""},"mobile":{"background-color":"","background-image":"","background-repeat":"repeat","background-position":"center center","background-size":"auto","background-attachment":"scroll","background-type":"","background-media":"","overlay-type":"","overlay-color":"","overlay-opacity":"","overlay-gradient":""}},"ast-content-background-meta":{"desktop":{"background-color":"var(--ast-global-color-5)","background-image":"","background-repeat":"repeat","background-position":"center center","background-size":"auto","background-attachment":"scroll","background-type":"","background-media":"","overlay-type":"","overlay-color":"","overlay-opacity":"","overlay-gradient":""},"tablet":{"background-color":"var(--ast-global-color-5)","background-image":"","background-repeat":"repeat","background-position":"center center","background-size":"auto","background-attachment":"scroll","background-type":"","background-media":"","overlay-type":"","overlay-color":"","overlay-opacity":"","overlay-gradient":""},"mobile":{"background-color":"var(--ast-global-color-5)","background-image":"","background-repeat":"repeat","background-position":"center center","background-size":"auto","background-attachment":"scroll","background-type":"","background-media":"","overlay-type":"","overlay-color":"","overlay-opacity":"","overlay-gradient":""}}},"product_brand":[],"product_cat":[1404,1437,1367,1374,1398],"product_tag":[],"class_list":{"0":"post-27782","1":"product","2":"type-product","3":"status-publish","4":"has-post-thumbnail","6":"product_cat-transportwagen","7":"product_cat-blechkarren","8":"product_cat-lager-logistik","9":"product_cat-produktion-montage","10":"product_cat-transport","11":"pa_storrelser-2000x800x1200mm","12":"desktop-align-left","13":"tablet-align-left","14":"mobile-align-left","15":"ast-product-gallery-layout-horizontal","16":"ast-product-tabs-layout-horizontal","18":"first","19":"onbackorder","20":"taxable","21":"shipping-taxable","22":"purchasable","23":"product-type-simple"},"acf":[],"_links":{"self":[{"href":"https:\/\/jas.dk\/de\/wp-json\/wp\/v2\/product\/27782","targetHints":{"allow":["GET"]}}],"collection":[{"href":"https:\/\/jas.dk\/de\/wp-json\/wp\/v2\/product"}],"about":[{"href":"https:\/\/jas.dk\/de\/wp-json\/wp\/v2\/types\/product"}],"version-history":[{"count":3,"href":"https:\/\/jas.dk\/de\/wp-json\/wp\/v2\/product\/27782\/revisions"}],"predecessor-version":[{"id":38272,"href":"https:\/\/jas.dk\/de\/wp-json\/wp\/v2\/product\/27782\/revisions\/38272"}],"wp:featuredmedia":[{"embeddable":true,"href":"https:\/\/jas.dk\/de\/wp-json\/wp\/v2\/media\/27783"}],"wp:attachment":[{"href":"https:\/\/jas.dk\/de\/wp-json\/wp\/v2\/media?parent=27782"}],"wp:term":[{"taxonomy":"product_brand","embeddable":true,"href":"https:\/\/jas.dk\/de\/wp-json\/wp\/v2\/product_brand?post=27782"},{"taxonomy":"product_cat","embeddable":true,"href":"https:\/\/jas.dk\/de\/wp-json\/wp\/v2\/product_cat?post=27782"},{"taxonomy":"product_tag","embeddable":true,"href":"https:\/\/jas.dk\/de\/wp-json\/wp\/v2\/product_tag?post=27782"}],"curies":[{"name":"wp","href":"https:\/\/api.w.org\/{rel}","templated":true}]}}