{"id":27879,"date":"2025-10-30T11:39:03","date_gmt":"2025-10-30T10:39:03","guid":{"rendered":"https:\/\/jas.dk\/produkter\/unkategorisiert\/tellerwagen-mit-rollen-1200x800x442mm\/"},"modified":"2026-03-20T13:22:15","modified_gmt":"2026-03-20T12:22:15","slug":"tellerwagen-mit-rollen-1200x800x442mm","status":"publish","type":"product","link":"https:\/\/jas.dk\/de\/produkte\/transportwagen\/tellerwagen-mit-rollen-1200x800x442mm\/","title":{"rendered":"Rollenauflagewagen"},"content":{"rendered":"<h2 data-start=\"744\" data-end=\"792\"><strong data-start=\"748\" data-end=\"790\">Rollenauflagewagen<\/strong><\/h2>\n<p data-start=\"793\" data-end=\"1112\">Dieser <strong data-start=\"799\" data-end=\"841\">Wagen mit Rollen- 1200\u00d7800\u00d7442 mm<\/strong> ist wie geschaffen f\u00fcr die Handhabung und den Transport von Blechen oder Gegenst\u00e4nden in Produktions- und Lagerumgebungen. Mit einem Gewicht von ca. <strong data-start=\"959\" data-end=\"968\">70 kg<\/strong>, einer gro\u00dfen Arbeitsfl\u00e4che und <strong data-start=\"994\" data-end=\"1041\">einer gleichm\u00e4\u00dfig verteilten H\u00f6chstlast von 400 kg<\/strong> bietet Ihnen der Wagen sowohl Kapazit\u00e4t als auch Stabilit\u00e4t f\u00fcr anspruchsvolle Aufgaben. <\/p>\n<p data-start=\"1114\" data-end=\"1403\">Die Vorderseite ist mit einer <strong data-start=\"1141\" data-end=\"1156\">Rollenschiene<\/strong> ausgestattet, die das Verschieben von B\u00f6gen auf dem Wagen ohne Anheben erleichtert. Er ist au\u00dferdem mit <strong data-start=\"1249\" data-end=\"1264\">Kugelrollen<\/strong> ausgestattet, die f\u00fcr eine einfache und reibungslose Bewegung beim Be- und Entladen des Materials sorgen, was die Produktivit\u00e4t erh\u00f6ht und die k\u00f6rperliche Belastung verringert. <\/p>\n<p data-start=\"1405\" data-end=\"1630\">Die Konstruktion ist robust und f\u00fcr den t\u00e4glichen Einsatz in Produktions- und Montageabteilungen konzipiert, wo ein pr\u00e4ziser und sicherer Transport von Gegenst\u00e4nden unerl\u00e4sslich ist. Der Wagen erm\u00f6glicht es, gro\u00dfe Fl\u00e4chen auf ergonomische und effiziente Weise zu bewegen. <\/p>\n<h2 data-start=\"1637\" data-end=\"1676\"><strong data-start=\"1641\" data-end=\"1674\">Funktionen und Merkmale<\/strong><\/h2>\n<ul data-start=\"1677\" data-end=\"2109\">\n<li data-start=\"1677\" data-end=\"1744\">\n<p data-start=\"1679\" data-end=\"1744\">Arbeitsfl\u00e4che: 1200&#215;800 mm &#8211; gro\u00dfe Kapazit\u00e4t f\u00fcr Teller und Oberfl\u00e4chen<\/p>\n<\/li>\n<li data-start=\"1745\" data-end=\"1797\">\n<p data-start=\"1747\" data-end=\"1797\">H\u00f6he: 442 mm &#8211; optimal f\u00fcr Installation und Transport<\/p>\n<\/li>\n<li data-start=\"1798\" data-end=\"1858\">\n<p data-start=\"1800\" data-end=\"1858\">Gewicht ca.: 70kg &#8211; solide Konstruktion, aber relativ mobil<\/p>\n<\/li>\n<li data-start=\"1859\" data-end=\"1908\">\n<p data-start=\"1861\" data-end=\"1908\">Maximale Belastung: <strong data-start=\"1882\" data-end=\"1906\">400 kg gleichm\u00e4\u00dfig verteilt<\/strong><\/p>\n<\/li>\n<li data-start=\"1909\" data-end=\"1970\">\n<p data-start=\"1911\" data-end=\"1970\">An der Vorderseite montierte <strong data-start=\"1925\" data-end=\"1940\">Rollenschiene<\/strong> f\u00fcr eine einfache Platzierung der Platten<\/p>\n<\/li>\n<li data-start=\"1971\" data-end=\"2043\">\n<p data-start=\"1973\" data-end=\"2043\"><strong data-start=\"1973\" data-end=\"1988\">Kugelrollen<\/strong> f\u00fcr den sanften und schonenden Transport von Plattenmaterial<\/p>\n<\/li>\n<li data-start=\"2044\" data-end=\"2109\">\n<p data-start=\"2046\" data-end=\"2109\">Robuste Stahlkonstruktion &#8211; lange Lebensdauer und hohe Zuverl\u00e4ssigkeit<\/p>\n<\/li>\n<\/ul>\n<h2 data-start=\"2116\" data-end=\"2158\"><strong data-start=\"2120\" data-end=\"2156\">Personalisierung und Flexibilit\u00e4t<\/strong><\/h2>\n<p data-start=\"2159\" data-end=\"2422\">Der Wagen kann in <strong data-start=\"2180\" data-end=\"2201\">jeder RAL-Farbe<\/strong> geliefert und als <strong data-start=\"2221\" data-end=\"2254\">Sonderversion mit individuellen Abmessungen<\/strong> hergestellt werden, um sich an Ihre Produktion, Ihr Layout und Ihren Logistikfluss anzupassen. Optionales Zubeh\u00f6r wie Seitenbegrenzungen oder Befestigungsb\u00fcgel machen die L\u00f6sung noch flexibler. <\/p>\n<h2 data-start=\"2429\" data-end=\"2470\"><strong data-start=\"2433\" data-end=\"2468\">Vorteile f\u00fcr Ihr Unternehmen<\/strong><\/h2>\n<ul data-start=\"2471\" data-end=\"2794\">\n<li data-start=\"2471\" data-end=\"2540\">\n<p data-start=\"2473\" data-end=\"2540\">H\u00f6here Effizienz &#8211; weniger Hebevorg\u00e4nge und schnellere Handhabung der Bl\u00e4tter<\/p>\n<\/li>\n<li data-start=\"2541\" data-end=\"2613\">\n<p data-start=\"2543\" data-end=\"2613\">Geringere k\u00f6rperliche Belastung &#8211; Bewegung auf Rollenbahn und Kugelrollen<\/p>\n<\/li>\n<li data-start=\"2614\" data-end=\"2682\">\n<p data-start=\"2616\" data-end=\"2682\">Hohe Kapazit\u00e4t &#8211; bis zu 400 kg Ladung f\u00fcr gro\u00dfe Vielseitigkeit<\/p>\n<\/li>\n<li data-start=\"2683\" data-end=\"2747\">\n<p data-start=\"2685\" data-end=\"2747\">Mobile und flexible L\u00f6sung &#8211; einfach in die Produktion zu integrieren<\/p>\n<\/li>\n<li data-start=\"2748\" data-end=\"2794\">\n<p data-start=\"2750\" data-end=\"2794\">Lange Lebensdauer und minimale Wartung<\/p>\n<\/li>\n<\/ul>\n<h2 data-start=\"2801\" data-end=\"2842\"><strong data-start=\"2805\" data-end=\"2840\">Typische Anwendungsbereiche<\/strong><\/h2>\n<ul data-start=\"2843\" data-end=\"3103\">\n<li data-start=\"2843\" data-end=\"2905\">\n<p data-start=\"2845\" data-end=\"2905\">Produktionslinien und Montage von gro\u00dfen Fl\u00e4chen oder Platten<\/p>\n<\/li>\n<li data-start=\"2906\" data-end=\"2954\">\n<p data-start=\"2908\" data-end=\"2954\">Lagerung und interner Transport von Plattenmaterial<\/p>\n<\/li>\n<li data-start=\"2955\" data-end=\"3027\">\n<p data-start=\"2957\" data-end=\"3027\">Schreinereien und Metallwerkst\u00e4tten mit schnellem Standort- und Umzugsbedarf<\/p>\n<\/li>\n<li data-start=\"3028\" data-end=\"3103\">\n<p data-start=\"3030\" data-end=\"3103\">Montage- und Verpackungsstandorte, an denen Bleche geladen, bewegt und verarbeitet werden m\u00fcssen<\/p>\n<\/li>\n<\/ul>\n<p data-start=\"3110\" data-end=\"3488\">Der <strong data-start=\"3132\" data-end=\"3174\">1200x800x442 mm gro\u00dfe Blechwagen mit Rollen<\/strong> bietet Ihnen eine leistungsstarke, pr\u00e4zise und ergonomische Transportl\u00f6sung f\u00fcr Bleche und gro\u00dfe Fl\u00e4chen.<br data-start=\"3261\" data-end=\"3264\">Der Wagen kombiniert eine vordere Rollenschiene, Kugelrollen, eine gro\u00dfe Kapazit\u00e4t und eine robuste Konstruktion &#8211; und ist in <strong data-start=\"3371\" data-end=\"3392\">jeder RAL-Farbe<\/strong> und als <strong data-start=\"3402\" data-end=\"3435\">Sonderversion mit individuellen Abmessungen<\/strong> erh\u00e4ltlich, um Ihren genauen Bed\u00fcrfnissen und Aufgaben gerecht zu werden.<\/p>\n","protected":false},"excerpt":{"rendered":"<p>Effizienter Blechwagen mit Rollen &#8211; 1200x800x442 mm, Gewicht ca. 70 kg, mit vorne montierter Rollenschiene und Kugelrollen. Maximale Last 400 kg gleichm\u00e4\u00dfig verteilt. Ideal f\u00fcr den internen Transport und die Montage in der Produktion und in Lagern.  <\/p>\n","protected":false},"featured_media":27887,"template":"","meta":{"_acf_changed":false,"site-sidebar-layout":"default","site-content-layout":"","ast-site-content-layout":"default","site-content-style":"default","site-sidebar-style":"default","ast-global-header-display":"","ast-banner-title-visibility":"","ast-main-header-display":"","ast-hfb-above-header-display":"","ast-hfb-below-header-display":"","ast-hfb-mobile-header-display":"","site-post-title":"","ast-breadcrumbs-content":"","ast-featured-img":"","footer-sml-layout":"","ast-disable-related-posts":"","theme-transparent-header-meta":"default","adv-header-id-meta":"","stick-header-meta":"default","header-above-stick-meta":"","header-main-stick-meta":"","header-below-stick-meta":"","astra-migrate-meta-layouts":"set","ast-page-background-enabled":"default","ast-page-background-meta":{"desktop":{"background-color":"","background-image":"","background-repeat":"repeat","background-position":"center center","background-size":"auto","background-attachment":"scroll","background-type":"","background-media":"","overlay-type":"","overlay-color":"","overlay-opacity":"","overlay-gradient":""},"tablet":{"background-color":"","background-image":"","background-repeat":"repeat","background-position":"center center","background-size":"auto","background-attachment":"scroll","background-type":"","background-media":"","overlay-type":"","overlay-color":"","overlay-opacity":"","overlay-gradient":""},"mobile":{"background-color":"","background-image":"","background-repeat":"repeat","background-position":"center center","background-size":"auto","background-attachment":"scroll","background-type":"","background-media":"","overlay-type":"","overlay-color":"","overlay-opacity":"","overlay-gradient":""}},"ast-content-background-meta":{"desktop":{"background-color":"var(--ast-global-color-5)","background-image":"","background-repeat":"repeat","background-position":"center center","background-size":"auto","background-attachment":"scroll","background-type":"","background-media":"","overlay-type":"","overlay-color":"","overlay-opacity":"","overlay-gradient":""},"tablet":{"background-color":"var(--ast-global-color-5)","background-image":"","background-repeat":"repeat","background-position":"center center","background-size":"auto","background-attachment":"scroll","background-type":"","background-media":"","overlay-type":"","overlay-color":"","overlay-opacity":"","overlay-gradient":""},"mobile":{"background-color":"var(--ast-global-color-5)","background-image":"","background-repeat":"repeat","background-position":"center center","background-size":"auto","background-attachment":"scroll","background-type":"","background-media":"","overlay-type":"","overlay-color":"","overlay-opacity":"","overlay-gradient":""}}},"product_brand":[],"product_cat":[1404,1437,1374],"product_tag":[],"class_list":{"0":"post-27879","1":"product","2":"type-product","3":"status-publish","4":"has-post-thumbnail","6":"product_cat-transportwagen","7":"product_cat-blechkarren","8":"product_cat-produktion-montage","9":"pa_storrelser-1200x800x442mm","10":"desktop-align-left","11":"tablet-align-left","12":"mobile-align-left","13":"ast-product-gallery-layout-horizontal","14":"ast-product-tabs-layout-horizontal","16":"first","17":"onbackorder","18":"taxable","19":"shipping-taxable","20":"purchasable","21":"product-type-simple"},"acf":[],"_links":{"self":[{"href":"https:\/\/jas.dk\/de\/wp-json\/wp\/v2\/product\/27879","targetHints":{"allow":["GET"]}}],"collection":[{"href":"https:\/\/jas.dk\/de\/wp-json\/wp\/v2\/product"}],"about":[{"href":"https:\/\/jas.dk\/de\/wp-json\/wp\/v2\/types\/product"}],"version-history":[{"count":2,"href":"https:\/\/jas.dk\/de\/wp-json\/wp\/v2\/product\/27879\/revisions"}],"predecessor-version":[{"id":38427,"href":"https:\/\/jas.dk\/de\/wp-json\/wp\/v2\/product\/27879\/revisions\/38427"}],"wp:featuredmedia":[{"embeddable":true,"href":"https:\/\/jas.dk\/de\/wp-json\/wp\/v2\/media\/27887"}],"wp:attachment":[{"href":"https:\/\/jas.dk\/de\/wp-json\/wp\/v2\/media?parent=27879"}],"wp:term":[{"taxonomy":"product_brand","embeddable":true,"href":"https:\/\/jas.dk\/de\/wp-json\/wp\/v2\/product_brand?post=27879"},{"taxonomy":"product_cat","embeddable":true,"href":"https:\/\/jas.dk\/de\/wp-json\/wp\/v2\/product_cat?post=27879"},{"taxonomy":"product_tag","embeddable":true,"href":"https:\/\/jas.dk\/de\/wp-json\/wp\/v2\/product_tag?post=27879"}],"curies":[{"name":"wp","href":"https:\/\/api.w.org\/{rel}","templated":true}]}}