{"id":28063,"date":"2025-11-17T11:09:10","date_gmt":"2025-11-17T10:09:10","guid":{"rendered":"https:\/\/jas.dk\/produkter\/unkategorisiert\/a-rahmen-mit-herausnehmbaren-fachboeden-2000x800x2050mm\/"},"modified":"2026-03-19T16:07:17","modified_gmt":"2026-03-19T15:07:17","slug":"a-rahmen-mit-herausnehmbaren-fachboeden-2000x800x2050mm","status":"publish","type":"product","link":"https:\/\/jas.dk\/de\/produkte\/halterungen-und-gestelle\/a-rahmen-mit-herausnehmbaren-fachboeden-2000x800x2050mm\/","title":{"rendered":"A-Rahmen mit herausnehmbaren Fachb\u00f6den"},"content":{"rendered":"<h2 data-start=\"845\" data-end=\"896\">A-Rahmen mit herausnehmbaren Fachb\u00f6den &#8211; 2000x800x2050 mm<\/h2>\n<p data-start=\"898\" data-end=\"1298\">Dieses <strong data-start=\"904\" data-end=\"938\">A-Gestell mit herausnehmbaren Fachb\u00f6den<\/strong> wurde f\u00fcr industrielle Umgebungen entwickelt, in denen Flexibilit\u00e4t, Mobilit\u00e4t und eine starke Organisation wichtig sind. Die Stahlkonstruktion sorgt f\u00fcr hohe Stabilit\u00e4t und die herausnehmbaren Fachb\u00f6den erm\u00f6glichen es, das Regal je nach Materialien, Komponenten und Arbeitsabl\u00e4ufen anzupassen. Dadurch eignet sich das Regal besonders f\u00fcr Montagebereiche, Produktionslinien und technische Werkst\u00e4tten.  <\/p>\n<p data-start=\"1300\" data-end=\"1572\">Das Regal wird von einem gro\u00dfen <strong data-start=\"1335\" data-end=\"1355\">Schalttafelhersteller<\/strong> verwendet, der es f\u00fcr die strukturierte Handhabung von Komponenten, Modulen und Montageteilen in seiner t\u00e4glichen Produktion einsetzt. Der offene A-Rahmen bietet einen einfachen \u00dcberblick, w\u00e4hrend die Mobilit\u00e4t einen effizienten Fluss zwischen den Arbeitspl\u00e4tzen gew\u00e4hrleistet. <\/p>\n<p data-start=\"1574\" data-end=\"1850\">Mit den Ma\u00dfen <strong data-start=\"1578\" data-end=\"1598\">2000x800x2050 mm<\/strong>, einem <strong data-start=\"1617\" data-end=\"1634\">Gewicht von 70 kg<\/strong> und einer <strong data-start=\"1641\" data-end=\"1675\">Tragf\u00e4higkeit von 200 kg<\/strong> erhalten Sie einen funktionalen und stabilen St\u00e4nder, der direkt in moderne Produktionsumgebungen passt.<br data-start=\"1768\" data-end=\"1771\">Die vier <strong data-start=\"1779\" data-end=\"1793\">TENTE-R\u00e4der<\/strong> machen den Transport einfach und stabil &#8211; auch bei voller Beladung.<\/p>\n<h2 data-start=\"1857\" data-end=\"1889\">Funktionen und Merkmale<\/h2>\n<ul data-start=\"1891\" data-end=\"2233\">\n<li data-start=\"1891\" data-end=\"1926\">\n<p data-start=\"1893\" data-end=\"1926\"><strong data-start=\"1893\" data-end=\"1907\">Gr\u00f6\u00dfe:<\/strong> 2000x800x2050 mm<\/p>\n<\/li>\n<li data-start=\"1927\" data-end=\"1946\">\n<p data-start=\"1929\" data-end=\"1946\"><strong data-start=\"1929\" data-end=\"1938\">Gewicht:<\/strong> 70kg<\/p>\n<\/li>\n<li data-start=\"1947\" data-end=\"1982\">\n<p data-start=\"1949\" data-end=\"1982\"><strong data-start=\"1949\" data-end=\"1973\">Maximale Belastung:<\/strong> 200 kg<\/p>\n<\/li>\n<li data-start=\"1983\" data-end=\"2049\">\n<p data-start=\"1985\" data-end=\"2049\"><strong data-start=\"1985\" data-end=\"2007\">Herausnehmbare Einlegeb\u00f6den:<\/strong> f\u00fcr flexible Organisation und einfachen Zugriff<\/p>\n<\/li>\n<li data-start=\"2050\" data-end=\"2112\">\n<p data-start=\"2052\" data-end=\"2112\"><strong data-start=\"2052\" data-end=\"2061\">R\u00e4der:<\/strong> 4 TENTE-R\u00e4der f\u00fcr reibungsloses und stabiles Man\u00f6vrieren <\/p>\n<\/li>\n<li data-start=\"2113\" data-end=\"2167\">\n<p data-start=\"2115\" data-end=\"2167\"><strong data-start=\"2115\" data-end=\"2132\">Konstruktion:<\/strong> robuster Stahlrahmen mit hoher Steifigkeit<\/p>\n<\/li>\n<li data-start=\"2168\" data-end=\"2233\">\n<p data-start=\"2170\" data-end=\"2233\"><strong data-start=\"2170\" data-end=\"2185\">Personalisierung:<\/strong> in jeder RAL-Farbe und als Sonderl\u00f6sung erh\u00e4ltlich<\/p>\n<\/li>\n<\/ul>\n<h2 data-start=\"2240\" data-end=\"2274\">Vorteile f\u00fcr Ihr Unternehmen<\/h2>\n<ul data-start=\"2276\" data-end=\"2573\">\n<li data-start=\"2276\" data-end=\"2322\">\n<p data-start=\"2278\" data-end=\"2322\">Flexibles Layout mit herausnehmbaren Regalen<\/p>\n<\/li>\n<li data-start=\"2323\" data-end=\"2390\">\n<p data-start=\"2325\" data-end=\"2390\">Sichere Wahl f\u00fcr die Organisation von kleinen und mittleren Komponenten<\/p>\n<\/li>\n<li data-start=\"2391\" data-end=\"2443\">\n<p data-start=\"2393\" data-end=\"2443\">Effizienter Umgang mit Materialien in der Produktion<\/p>\n<\/li>\n<li data-start=\"2444\" data-end=\"2486\">\n<p data-start=\"2446\" data-end=\"2486\">Hohe Mobilit\u00e4t mit hochwertigen TENTE-R\u00e4dern<\/p>\n<\/li>\n<li data-start=\"2487\" data-end=\"2528\">\n<p data-start=\"2489\" data-end=\"2528\">Lange Lebensdauer und industrielle Best\u00e4ndigkeit<\/p>\n<\/li>\n<li data-start=\"2529\" data-end=\"2573\">\n<p data-start=\"2531\" data-end=\"2573\">Dokumentierte Verwendung in der Produktion von Schalttafeln<\/p>\n<\/li>\n<\/ul>\n<h2 data-start=\"2580\" data-end=\"2606\">Anwendungsbereiche<\/h2>\n<ul data-start=\"2608\" data-end=\"2826\">\n<li data-start=\"2608\" data-end=\"2662\">\n<p data-start=\"2610\" data-end=\"2662\"><strong data-start=\"2610\" data-end=\"2631\">Produktion von Schalttafeln<\/strong> und elektrische Montagebereiche<\/p>\n<\/li>\n<li data-start=\"2663\" data-end=\"2710\">\n<p data-start=\"2665\" data-end=\"2710\">Produktionslinien und industrielle Arbeitsabl\u00e4ufe<\/p>\n<\/li>\n<li data-start=\"2711\" data-end=\"2732\">\n<p data-start=\"2713\" data-end=\"2732\">Lager und Logistik<\/p>\n<\/li>\n<li data-start=\"2733\" data-end=\"2781\">\n<p data-start=\"2735\" data-end=\"2781\">Sortierung und Zwischenlagerung von Komponenten<\/p>\n<\/li>\n<li data-start=\"2782\" data-end=\"2826\">\n<p data-start=\"2784\" data-end=\"2826\">Technische Werkst\u00e4tten und Serviceabteilungen<\/p>\n<\/li>\n<\/ul>\n<p data-start=\"2833\" data-end=\"3081\">Der <strong data-start=\"2854\" data-end=\"2907\">A-Frame mit herausnehmbaren Fachb\u00f6den &#8211; 2000x800x2050 mm<\/strong> ist ein stabiler, flexibler und mobiler Arbeitsst\u00e4nder, der f\u00fcr den industriellen Bedarf entwickelt wurde. Ideal f\u00fcr Unternehmen, die eine effiziente Organisation und einen besseren Produktionsfluss anstreben. <\/p>\n","protected":false},"excerpt":{"rendered":"<p>A-Gestell mit herausnehmbaren Fachb\u00f6den &#8211; 2000x800x2050 mm. Robuster A-Rahmen aus Stahl mit herausnehmbaren Fachb\u00f6den f\u00fcr flexible Lagerung und Handhabung. Wird z.B. bei der Herstellung von Schaltschr\u00e4nken verwendet. Gewicht 70 kg, Tragf\u00e4higkeit 200 kg und TENTE-R\u00e4der f\u00fcr sichere Mobilit\u00e4t.   <\/p>\n","protected":false},"featured_media":28065,"template":"","meta":{"_acf_changed":false,"site-sidebar-layout":"default","site-content-layout":"","ast-site-content-layout":"default","site-content-style":"default","site-sidebar-style":"default","ast-global-header-display":"","ast-banner-title-visibility":"","ast-main-header-display":"","ast-hfb-above-header-display":"","ast-hfb-below-header-display":"","ast-hfb-mobile-header-display":"","site-post-title":"","ast-breadcrumbs-content":"","ast-featured-img":"","footer-sml-layout":"","ast-disable-related-posts":"","theme-transparent-header-meta":"default","adv-header-id-meta":"","stick-header-meta":"default","header-above-stick-meta":"","header-main-stick-meta":"","header-below-stick-meta":"","astra-migrate-meta-layouts":"set","ast-page-background-enabled":"default","ast-page-background-meta":{"desktop":{"background-color":"","background-image":"","background-repeat":"repeat","background-position":"center center","background-size":"auto","background-attachment":"scroll","background-type":"","background-media":"","overlay-type":"","overlay-color":"","overlay-opacity":"","overlay-gradient":""},"tablet":{"background-color":"","background-image":"","background-repeat":"repeat","background-position":"center center","background-size":"auto","background-attachment":"scroll","background-type":"","background-media":"","overlay-type":"","overlay-color":"","overlay-opacity":"","overlay-gradient":""},"mobile":{"background-color":"","background-image":"","background-repeat":"repeat","background-position":"center center","background-size":"auto","background-attachment":"scroll","background-type":"","background-media":"","overlay-type":"","overlay-color":"","overlay-opacity":"","overlay-gradient":""}},"ast-content-background-meta":{"desktop":{"background-color":"var(--ast-global-color-5)","background-image":"","background-repeat":"repeat","background-position":"center center","background-size":"auto","background-attachment":"scroll","background-type":"","background-media":"","overlay-type":"","overlay-color":"","overlay-opacity":"","overlay-gradient":""},"tablet":{"background-color":"var(--ast-global-color-5)","background-image":"","background-repeat":"repeat","background-position":"center center","background-size":"auto","background-attachment":"scroll","background-type":"","background-media":"","overlay-type":"","overlay-color":"","overlay-opacity":"","overlay-gradient":""},"mobile":{"background-color":"var(--ast-global-color-5)","background-image":"","background-repeat":"repeat","background-position":"center center","background-size":"auto","background-attachment":"scroll","background-type":"","background-media":"","overlay-type":"","overlay-color":"","overlay-opacity":"","overlay-gradient":""}}},"product_brand":[],"product_cat":[1375,2536,1677,1367],"product_tag":[],"class_list":{"0":"post-28063","1":"product","2":"type-product","3":"status-publish","4":"has-post-thumbnail","6":"product_cat-halterungen-und-gestelle","7":"product_cat-a-rahmen","8":"product_cat-installation-der-schalttafel","9":"product_cat-lager-logistik","10":"pa_storrelser-2000x800x2050mm","11":"desktop-align-left","12":"tablet-align-left","13":"mobile-align-left","14":"ast-product-gallery-layout-horizontal","15":"ast-product-tabs-layout-horizontal","17":"first","18":"instock","19":"taxable","20":"shipping-taxable","21":"purchasable","22":"product-type-simple"},"acf":[],"_links":{"self":[{"href":"https:\/\/jas.dk\/de\/wp-json\/wp\/v2\/product\/28063","targetHints":{"allow":["GET"]}}],"collection":[{"href":"https:\/\/jas.dk\/de\/wp-json\/wp\/v2\/product"}],"about":[{"href":"https:\/\/jas.dk\/de\/wp-json\/wp\/v2\/types\/product"}],"version-history":[{"count":5,"href":"https:\/\/jas.dk\/de\/wp-json\/wp\/v2\/product\/28063\/revisions"}],"predecessor-version":[{"id":38292,"href":"https:\/\/jas.dk\/de\/wp-json\/wp\/v2\/product\/28063\/revisions\/38292"}],"wp:featuredmedia":[{"embeddable":true,"href":"https:\/\/jas.dk\/de\/wp-json\/wp\/v2\/media\/28065"}],"wp:attachment":[{"href":"https:\/\/jas.dk\/de\/wp-json\/wp\/v2\/media?parent=28063"}],"wp:term":[{"taxonomy":"product_brand","embeddable":true,"href":"https:\/\/jas.dk\/de\/wp-json\/wp\/v2\/product_brand?post=28063"},{"taxonomy":"product_cat","embeddable":true,"href":"https:\/\/jas.dk\/de\/wp-json\/wp\/v2\/product_cat?post=28063"},{"taxonomy":"product_tag","embeddable":true,"href":"https:\/\/jas.dk\/de\/wp-json\/wp\/v2\/product_tag?post=28063"}],"curies":[{"name":"wp","href":"https:\/\/api.w.org\/{rel}","templated":true}]}}