{"id":28343,"date":"2025-11-25T13:12:27","date_gmt":"2025-11-25T12:12:27","guid":{"rendered":"https:\/\/jas.dk\/produkter\/unkategorisiert\/hoehenverstellbarer-tisch-mit-neigungsfunktion-2100x1000-mm-erg-o-lift-300\/"},"modified":"2026-03-20T11:47:53","modified_gmt":"2026-03-20T10:47:53","slug":"hoehenverstellbarer-tisch-mit-neigungsfunktion-erg-o-lift-300","status":"publish","type":"product","link":"https:\/\/jas.dk\/de\/produkte\/tische\/hoehenverstellbarer-tisch-mit-neigungsfunktion-erg-o-lift-300\/","title":{"rendered":"H\u00f6henverstellbarer Tisch mit Neigungsfunktion &#8211; 2100&#215;1000 mm &#8211; Erg-O-Lift 300"},"content":{"rendered":"<p data-start=\"1067\" data-end=\"1382\">Der Erg-O-Lift 300 ist ein <strong data-start=\"1088\" data-end=\"1124\">h\u00f6henverstellbarer Tisch mit Neigefunktion<\/strong>, der Hebekapazit\u00e4t, Ergonomie und eine robuste Konstruktion vereint. Die gro\u00dfe Arbeitsfl\u00e4che von <strong data-start=\"1211\" data-end=\"1227\">2100\u00d71000 mm<\/strong> bietet Platz f\u00fcr gro\u00dfe und schwere Gegenst\u00e4nde, so dass der Tisch branchen\u00fcbergreifend eingesetzt werden kann &#8211; von der Montage und Produktion bis hin zu Wartungs- und Werkstattaufgaben. <\/p>\n<p data-start=\"1384\" data-end=\"1804\">Die elektrische Kippfunktion bietet eine stufenlose Winkelverstellung bis zu <strong data-start=\"1455\" data-end=\"1468\">80 Grad<\/strong>, ideal f\u00fcr Inspektionen, Montageaufgaben, Pr\u00e4zisionsarbeiten und Situationen, in denen der Bediener nahe an das Werkst\u00fcck herankommen muss, ohne R\u00fccken und Schultern zu belasten. Die sekund\u00e4re <strong data-start=\"1621\" data-end=\"1657\">manuelle Gasdruckd\u00e4mpfer-Kippfunktion<\/strong> erh\u00f6ht die Flexibilit\u00e4t des Tisches, indem sie ein seitliches Kippen erm\u00f6glicht, perfekt f\u00fcr asymmetrische Werkst\u00fccke, ergonomische Anpassungen und einen schnellen Wechsel der Arbeitsposition. <\/p>\n<h2 data-start=\"1811\" data-end=\"1842\"><strong data-start=\"1813\" data-end=\"1842\">Merkmale und Vorteile<\/strong><\/h2>\n<h3 data-start=\"1844\" data-end=\"1888\"><strong data-start=\"1847\" data-end=\"1886\">Starke Hebekapazit\u00e4t &#8211; 400 kg<\/strong><\/h3>\n<p data-start=\"1889\" data-end=\"2067\">Der Tisch kann schwere Werkst\u00fccke, Werkstattteile, Vorrichtungen, Maschinenkomponenten und gr\u00f6\u00dfere Rohlinge ohne Kompromisse handhaben. Die hohe Hubkapazit\u00e4t gew\u00e4hrleistet sowohl den Produktionsfluss als auch die Sicherheit des Bedieners. <\/p>\n<h3 data-start=\"2069\" data-end=\"2116\"><strong data-start=\"2072\" data-end=\"2114\">Elektrische Kippfunktion bis zu 80\u00b0<\/strong><\/h3>\n<p data-start=\"2117\" data-end=\"2307\">Diese Neigungsfunktion erm\u00f6glicht eine pr\u00e4zise Kontrolle \u00fcber die Arbeitsfl\u00e4che und verbessert die Ergonomie erheblich. Ideal f\u00fcr die Montage, Inspektion und Handhabung von Komponenten, die eine geneigte Arbeitsposition erfordern. <\/p>\n<h3 data-start=\"2309\" data-end=\"2362\"><strong data-start=\"2312\" data-end=\"2360\">Manuelle Gasd\u00e4mpfer-Kippfunktion zur Seite<\/strong><\/h3>\n<p data-start=\"2363\" data-end=\"2500\">Erm\u00f6glicht ein schnelles und kontrolliertes seitliches Kippen der Tischplatte. Perfekt f\u00fcr Gegenst\u00e4nde, die gedreht, umgedreht oder von mehreren Seiten zug\u00e4nglich sein m\u00fcssen. <\/p>\n<h3 data-start=\"2502\" data-end=\"2548\"><strong data-start=\"2505\" data-end=\"2546\">Ergonomisch optimierte Arbeitsh\u00f6he<\/strong><\/h3>\n<p data-start=\"2549\" data-end=\"2692\">Die H\u00f6henverstellung gew\u00e4hrleistet eine korrekte Arbeitsposition f\u00fcr alle Bediener, reduziert die k\u00f6rperliche Belastung und erm\u00f6glicht lange Schichten ohne Erm\u00fcdung.<\/p>\n<h3 data-start=\"2694\" data-end=\"2746\"><strong data-start=\"2697\" data-end=\"2744\">Stabile Konstruktion f\u00fcr den industriellen Einsatz<\/strong><\/h3>\n<p data-start=\"2747\" data-end=\"2870\">Verzinkte und pulverbeschichtete Stahlelemente verleihen dem Tisch au\u00dfergew\u00f6hnliche Haltbarkeit und St\u00e4rke f\u00fcr anspruchsvolle industrielle Umgebungen.<\/p>\n<h3 data-start=\"2872\" data-end=\"2916\"><strong data-start=\"2875\" data-end=\"2914\">Flexibel und vielseitig einsetzbar<\/strong><\/h3>\n<p data-start=\"2917\" data-end=\"3062\">Geeignet f\u00fcr Montage, Produktion, Werkstatt, Service und allgemeine Arbeitspl\u00e4tze. Ein Tisch deckt mehrere Funktionen im t\u00e4glichen Betrieb Ihres Unternehmens ab. <\/p>\n<h2 data-start=\"3069\" data-end=\"3097\"><strong data-start=\"3071\" data-end=\"3097\">Anwendungsbereiche<\/strong><\/h2>\n<p data-start=\"3098\" data-end=\"3150\">Dieser <strong data-start=\"3104\" data-end=\"3140\">h\u00f6henverstellbare Tisch mit Neigefunktion<\/strong> wird verwendet in:<\/p>\n<ul data-start=\"3152\" data-end=\"3545\">\n<li data-start=\"3152\" data-end=\"3223\">\n<p data-start=\"3154\" data-end=\"3223\"><strong data-start=\"3154\" data-end=\"3165\">Montage<\/strong> &#8211; Handhabung, Positionierung und Drehung von gro\u00dfen Gegenst\u00e4nden.<\/p>\n<\/li>\n<li data-start=\"3224\" data-end=\"3308\">\n<p data-start=\"3226\" data-end=\"3308\"><strong data-start=\"3226\" data-end=\"3240\">Fertigung<\/strong> &#8211; Pr\u00e4zisionsarbeit, schwere Komponenten und Optimierung der Arbeitsabl\u00e4ufe.<\/p>\n<\/li>\n<li data-start=\"3309\" data-end=\"3391\">\n<p data-start=\"3311\" data-end=\"3391\"><strong data-start=\"3311\" data-end=\"3331\">Arbeitspl\u00e4tze<\/strong> &#8211; ergonomische Anpassung an die Bed\u00fcrfnisse des Bedienpersonals im Laufe des Tages.<\/p>\n<\/li>\n<li data-start=\"3392\" data-end=\"3470\">\n<p data-start=\"3394\" data-end=\"3470\"><strong data-start=\"3394\" data-end=\"3408\">Werkst\u00e4tten<\/strong> &#8211; flexible Plattform f\u00fcr Reparatur, Service und Inspektion.<\/p>\n<\/li>\n<li data-start=\"3471\" data-end=\"3545\">\n<p data-start=\"3473\" data-end=\"3545\"><strong data-start=\"3473\" data-end=\"3494\">Industrie im Allgemeinen<\/strong> &#8211; wo schwere Gegenst\u00e4nde die richtige H\u00f6he und den richtigen Winkel erfordern.<\/p>\n<\/li>\n<\/ul>\n<h2 data-start=\"3552\" data-end=\"3577\"><strong data-start=\"3554\" data-end=\"3577\">Spezifikationen<\/strong><\/h2>\n<ul data-start=\"3578\" data-end=\"3932\">\n<li data-start=\"3578\" data-end=\"3607\">\n<p data-start=\"3580\" data-end=\"3607\"><strong data-start=\"3580\" data-end=\"3590\">Modell:<\/strong> Erg-O-Lift 300<\/p>\n<\/li>\n<li data-start=\"3608\" data-end=\"3635\">\n<p data-start=\"3610\" data-end=\"3635\"><strong data-start=\"3610\" data-end=\"3618\">Abmessungen:<\/strong> 2100&#215;1000 mm<\/p>\n<\/li>\n<li data-start=\"3636\" data-end=\"3670\">\n<p data-start=\"3638\" data-end=\"3670\"><strong data-start=\"3638\" data-end=\"3657\">Hebekraft:<\/strong> ca. 400 kg<\/p>\n<\/li>\n<li data-start=\"3671\" data-end=\"3753\">\n<p data-start=\"3673\" data-end=\"3695\"><strong data-start=\"3673\" data-end=\"3693\">Kippfunktionen:<\/strong><\/p>\n<ul data-start=\"3698\" data-end=\"3753\">\n<li data-start=\"3698\" data-end=\"3722\">\n<p data-start=\"3700\" data-end=\"3722\">Elektrisch bis zu 80\u00b0<\/p>\n<\/li>\n<li data-start=\"3725\" data-end=\"3753\">\n<p data-start=\"3727\" data-end=\"3753\">Manueller Gasd\u00e4mpfer Sidekip<\/p>\n<\/li>\n<\/ul>\n<\/li>\n<li data-start=\"3754\" data-end=\"3813\">\n<p data-start=\"3756\" data-end=\"3813\"><strong data-start=\"3756\" data-end=\"3765\">Verwendung:<\/strong> Produktion, Montage, Werkstatt, Arbeitsplatz<\/p>\n<\/li>\n<li data-start=\"3814\" data-end=\"3864\">\n<p data-start=\"3816\" data-end=\"3864\"><strong data-start=\"3816\" data-end=\"3830\">Material:<\/strong> Industriestahl mit hoher Verschlei\u00dffestigkeit<\/p>\n<\/li>\n<li data-start=\"3865\" data-end=\"3932\">\n<p data-start=\"3867\" data-end=\"3932\"><strong data-start=\"3867\" data-end=\"3882\">Anwendung:<\/strong> Schwere Gegenst\u00e4nde, Montagearbeiten, ergonomisches Arbeiten<\/p>\n<\/li>\n<\/ul>\n<h2 data-start=\"3939\" data-end=\"3979\"><strong data-start=\"3941\" data-end=\"3979\">Personalisierung und Speziall\u00f6sungen<\/strong><\/h2>\n<p data-start=\"3980\" data-end=\"4182\">Bei JAS kann der Tisch mit speziellen Abmessungen, alternativen Neigungswinkeln, zus\u00e4tzlichen Verst\u00e4rkungen, Aussparungen, Halterungen und Rollen individuell angepasst werden. Wir entwickeln auch ma\u00dfgeschneiderte Tische f\u00fcr komplexe industrielle Arbeitsabl\u00e4ufe. <\/p>\n<h2 data-start=\"4189\" data-end=\"4223\"><strong data-start=\"4191\" data-end=\"4223\">Bestellung und Beratung<\/strong><\/h2>\n<p data-start=\"4224\" data-end=\"4403\">Kontaktieren Sie uns f\u00fcr ein Angebot oder eine Beratung \u00fcber <strong data-start=\"4266\" data-end=\"4302\">h\u00f6henverstellbare Tische mit Neigefunktion<\/strong>. Wir helfen Ihnen, die perfekte L\u00f6sung f\u00fcr Ihre Produktions-, Montage- oder Werkstattaufgabe zu finden. <\/p>\n","protected":false},"excerpt":{"rendered":"<p>Dieser h\u00f6henverstellbare Tisch mit Neigefunktion in der Gr\u00f6\u00dfe 2100&#215;1000 mm ist ein leistungsstarker, ergonomischer Arbeitsplatz, der f\u00fcr schwere industrielle Prozesse, Montage, Produktion und Werkstattarbeiten konzipiert wurde. Der Tisch ist so konstruiert, dass er die Arbeitsumgebung optimiert und die k\u00f6rperliche Belastung reduziert &#8211; selbst beim Umgang mit schweren Gegenst\u00e4nden bis zu 400 kg. Mit zwei fortschrittlichen Kippfunktionen, beide elektrisch bis zu 80\u00b0, und einer manuellen Gasdruckd\u00e4mpfer-Kippfunktion zur Seite, ist dieser Tisch wie geschaffen f\u00fcr die flexible und pr\u00e4zise Positionierung von Komponenten.  <\/p>\n","protected":false},"featured_media":28346,"template":"","meta":{"_acf_changed":false,"site-sidebar-layout":"default","site-content-layout":"","ast-site-content-layout":"default","site-content-style":"default","site-sidebar-style":"default","ast-global-header-display":"","ast-banner-title-visibility":"","ast-main-header-display":"","ast-hfb-above-header-display":"","ast-hfb-below-header-display":"","ast-hfb-mobile-header-display":"","site-post-title":"","ast-breadcrumbs-content":"","ast-featured-img":"","footer-sml-layout":"","ast-disable-related-posts":"","theme-transparent-header-meta":"default","adv-header-id-meta":"","stick-header-meta":"default","header-above-stick-meta":"","header-main-stick-meta":"","header-below-stick-meta":"","astra-migrate-meta-layouts":"set","ast-page-background-enabled":"default","ast-page-background-meta":{"desktop":{"background-color":"","background-image":"","background-repeat":"repeat","background-position":"center center","background-size":"auto","background-attachment":"scroll","background-type":"","background-media":"","overlay-type":"","overlay-color":"","overlay-opacity":"","overlay-gradient":""},"tablet":{"background-color":"","background-image":"","background-repeat":"repeat","background-position":"center center","background-size":"auto","background-attachment":"scroll","background-type":"","background-media":"","overlay-type":"","overlay-color":"","overlay-opacity":"","overlay-gradient":""},"mobile":{"background-color":"","background-image":"","background-repeat":"repeat","background-position":"center center","background-size":"auto","background-attachment":"scroll","background-type":"","background-media":"","overlay-type":"","overlay-color":"","overlay-opacity":"","overlay-gradient":""}},"ast-content-background-meta":{"desktop":{"background-color":"var(--ast-global-color-5)","background-image":"","background-repeat":"repeat","background-position":"center center","background-size":"auto","background-attachment":"scroll","background-type":"","background-media":"","overlay-type":"","overlay-color":"","overlay-opacity":"","overlay-gradient":""},"tablet":{"background-color":"var(--ast-global-color-5)","background-image":"","background-repeat":"repeat","background-position":"center center","background-size":"auto","background-attachment":"scroll","background-type":"","background-media":"","overlay-type":"","overlay-color":"","overlay-opacity":"","overlay-gradient":""},"mobile":{"background-color":"var(--ast-global-color-5)","background-image":"","background-repeat":"repeat","background-position":"center center","background-size":"auto","background-attachment":"scroll","background-type":"","background-media":"","overlay-type":"","overlay-color":"","overlay-opacity":"","overlay-gradient":""}}},"product_brand":[],"product_cat":[1383,2844,1661,1677,1367,1374],"product_tag":[],"class_list":{"0":"post-28343","1":"product","2":"type-product","3":"status-publish","4":"has-post-thumbnail","6":"product_cat-tische","7":"product_cat-esd-produkte","8":"product_cat-hoehenverstellbare-werkbaenke","9":"product_cat-installation-der-schalttafel","10":"product_cat-lager-logistik","11":"product_cat-produktion-montage","12":"pa_storrelser-2100x1000x700-1000mm","13":"desktop-align-left","14":"tablet-align-left","15":"mobile-align-left","16":"ast-product-gallery-layout-horizontal","17":"ast-product-tabs-layout-horizontal","19":"first","20":"onbackorder","21":"taxable","22":"shipping-taxable","23":"purchasable","24":"product-type-simple"},"acf":[],"_links":{"self":[{"href":"https:\/\/jas.dk\/de\/wp-json\/wp\/v2\/product\/28343","targetHints":{"allow":["GET"]}}],"collection":[{"href":"https:\/\/jas.dk\/de\/wp-json\/wp\/v2\/product"}],"about":[{"href":"https:\/\/jas.dk\/de\/wp-json\/wp\/v2\/types\/product"}],"version-history":[{"count":7,"href":"https:\/\/jas.dk\/de\/wp-json\/wp\/v2\/product\/28343\/revisions"}],"predecessor-version":[{"id":38411,"href":"https:\/\/jas.dk\/de\/wp-json\/wp\/v2\/product\/28343\/revisions\/38411"}],"wp:featuredmedia":[{"embeddable":true,"href":"https:\/\/jas.dk\/de\/wp-json\/wp\/v2\/media\/28346"}],"wp:attachment":[{"href":"https:\/\/jas.dk\/de\/wp-json\/wp\/v2\/media?parent=28343"}],"wp:term":[{"taxonomy":"product_brand","embeddable":true,"href":"https:\/\/jas.dk\/de\/wp-json\/wp\/v2\/product_brand?post=28343"},{"taxonomy":"product_cat","embeddable":true,"href":"https:\/\/jas.dk\/de\/wp-json\/wp\/v2\/product_cat?post=28343"},{"taxonomy":"product_tag","embeddable":true,"href":"https:\/\/jas.dk\/de\/wp-json\/wp\/v2\/product_tag?post=28343"}],"curies":[{"name":"wp","href":"https:\/\/api.w.org\/{rel}","templated":true}]}}