{"id":28944,"date":"2026-01-08T10:56:15","date_gmt":"2026-01-08T09:56:15","guid":{"rendered":"https:\/\/jas.dk\/produkter\/unkategorisiert\/absenktisch-mit-standard-aufbau-duo-let-3070\/"},"modified":"2026-04-10T11:03:12","modified_gmt":"2026-04-10T09:03:12","slug":"hoehenverstellbarer-tisch-mit-standard-aufbau-duo-let-3070","status":"publish","type":"product","link":"https:\/\/jas.dk\/de\/produkte\/tische\/hoehenverstellbarer-tisch-mit-standard-aufbau-duo-let-3070\/","title":{"rendered":"Absenktisch mit Aufbau &#8211; Duo-Let 3070 &#8211; Modell 2"},"content":{"rendered":"<p data-start=\"1887\" data-end=\"2280\">Dieser <strong data-start=\"1893\" data-end=\"1927\">h\u00f6henverstellbare Tisch mit Baldachin<\/strong> ist als kompletter Arbeitsplatz f\u00fcr den industriellen Einsatz konzipiert. Der Hauptunterschied zu einem normalen h\u00f6henverstellbaren Tisch ist der \u00dcberbau, der einen strukturierten Rahmen f\u00fcr die Organisation und Erweiterung des Arbeitsbereichs bietet. Das macht ihn ideal f\u00fcr Unternehmen, in denen der Arbeitsablauf von Ordnung, einheitlichem Aufbau und schnellem Zugriff auf relevante Teile abh\u00e4ngt.  <\/p>\n<p data-start=\"2282\" data-end=\"2322\">Der Tisch ist in drei Standardgr\u00f6\u00dfen erh\u00e4ltlich:<\/p>\n<ul data-start=\"2324\" data-end=\"2377\">\n<li data-start=\"2324\" data-end=\"2341\">\n<p data-start=\"2326\" data-end=\"2341\"><strong data-start=\"2326\" data-end=\"2341\">1600\u00d7800 mm<\/strong><\/p>\n<\/li>\n<li data-start=\"2342\" data-end=\"2359\">\n<p data-start=\"2344\" data-end=\"2359\"><strong data-start=\"2344\" data-end=\"2359\">1800\u00d7800 mm<\/strong><\/p>\n<\/li>\n<li data-start=\"2360\" data-end=\"2377\">\n<p data-start=\"2362\" data-end=\"2377\"><strong data-start=\"2362\" data-end=\"2377\">2000\u00d7800 mm<\/strong><\/p>\n<\/li>\n<\/ul>\n<p data-start=\"2379\" data-end=\"2484\">So k\u00f6nnen Sie die Tischl\u00e4nge je nach Aufgabe, Werkst\u00fccken und Platzverh\u00e4ltnissen im Produktions- oder Montagebereich individuell anpassen.<\/p>\n<p data-start=\"2486\" data-end=\"2773\">Die Konstruktion des Tisches ist f\u00fcr hohe Stabilit\u00e4t und hohe Belastungen optimiert. Mit dem   <strong data-start=\"2562\" data-end=\"2605\">4 DL6-Hubs\u00e4ulen (650 Hub) <\/strong>  erhalten Sie eine sehr stabile Absenkfunktion, die sich f\u00fcr schwere Werkst\u00fccke, Ger\u00e4te und Vorrichtungen eignet, bei denen der Tisch w\u00e4hrend der Arbeit fest und vibrationsstabil bleiben muss.<\/p>\n<p data-start=\"2775\" data-end=\"2918\">Der Aufbau dient als Basis f\u00fcr einen besser organisierten Arbeitsplatz und bietet eine professionelle Grundlage f\u00fcr eine effiziente Montage und Produktion.<\/p>\n<h2 data-start=\"2925\" data-end=\"2957\"><strong data-start=\"2928\" data-end=\"2957\">Merkmale und Vorteile<\/strong><\/h2>\n<h3 data-start=\"2959\" data-end=\"3012\"><strong data-start=\"2963\" data-end=\"3012\">Standard-Aufbau bietet bessere Struktur<\/strong><\/h3>\n<p data-start=\"3013\" data-end=\"3175\">Der Aufbau erm\u00f6glicht eine systematischere Organisation des Arbeitsplatzes, so dass Materialien und Werkzeuge logisch in Bezug auf den Arbeitsprozess platziert werden k\u00f6nnen. Er bietet: <\/p>\n<ul data-start=\"3176\" data-end=\"3258\">\n<li data-start=\"3176\" data-end=\"3199\">\n<p data-start=\"3178\" data-end=\"3199\">weniger Ablenkungen<\/p>\n<\/li>\n<li data-start=\"3200\" data-end=\"3219\">\n<p data-start=\"3202\" data-end=\"3219\">Weniger verschwendete Zeit<\/p>\n<\/li>\n<li data-start=\"3220\" data-end=\"3258\">\n<p data-start=\"3222\" data-end=\"3258\">Besserer Fluss in Montage und Produktion<\/p>\n<\/li>\n<\/ul>\n<h3 data-start=\"3260\" data-end=\"3326\"><strong data-start=\"3264\" data-end=\"3326\">400kg Hebekapazit\u00e4t &#8211; f\u00fcr schwere industrielle Anwendungen<\/strong><\/h3>\n<p data-start=\"3327\" data-end=\"3552\">Mit einer <strong data-start=\"3331\" data-end=\"3356\">Tragkraft von 400 kg<\/strong> ist dieser h\u00f6henverstellbare Tisch f\u00fcr den harten industriellen Einsatz konzipiert. Damit ist er ideal als Montage- und Produktionstisch geeignet, bei dem schwere Komponenten oder Ger\u00e4te direkt auf der Tischoberfl\u00e4che bearbeitet werden. <\/p>\n<h3 data-start=\"3554\" data-end=\"3601\"><strong data-start=\"3558\" data-end=\"3601\">4 Hubs\u00e4ulen = maximale Stabilit\u00e4t<\/strong><\/h3>\n<p data-start=\"3602\" data-end=\"3711\">Mit 4 Hubs\u00e4ulen erhalten Sie eine wesentlich stabilere L\u00f6sung als klassische Tische mit 2 S\u00e4ulen. Dies ist wichtig f\u00fcr: <\/p>\n<ul data-start=\"3712\" data-end=\"3810\">\n<li data-start=\"3712\" data-end=\"3727\">\n<p data-start=\"3714\" data-end=\"3727\">schwere Themen<\/p>\n<\/li>\n<li data-start=\"3728\" data-end=\"3749\">\n<p data-start=\"3730\" data-end=\"3749\">Pr\u00e4zisionsmontage<\/p>\n<\/li>\n<li data-start=\"3750\" data-end=\"3772\">\n<p data-start=\"3752\" data-end=\"3772\">sich wiederholende Prozesse<\/p>\n<\/li>\n<li data-start=\"3773\" data-end=\"3810\">\n<p data-start=\"3775\" data-end=\"3810\">Verwendung von Vorrichtungen und Hilfswerkzeugen<\/p>\n<\/li>\n<\/ul>\n<h3 data-start=\"3812\" data-end=\"3869\"><strong data-start=\"3816\" data-end=\"3869\">Strapazierf\u00e4hige 22 mm Laminat-Arbeitsplatte mit ABS-Kante<\/strong><\/h3>\n<p data-start=\"3870\" data-end=\"4100\">Ein betrieblicher Arbeitsplatz erfordert eine Arbeitsplatte, die dem t\u00e4glichen Gebrauch standh\u00e4lt. Die <strong data-start=\"3969\" data-end=\"3978\">22 mm starke<\/strong> Laminat-Arbeitsplatte mit <strong data-start=\"3983\" data-end=\"3995\">ABS-Kante<\/strong> bietet eine haltbare und leicht zu reinigende Oberfl\u00e4che, die sich f\u00fcr Montagearbeiten und industrielle Umgebungen eignet. <\/p>\n<h3 data-start=\"4102\" data-end=\"4155\"><strong data-start=\"4106\" data-end=\"4155\">Mehrere Gr\u00f6\u00dfen &#8211; dieselbe stabile Plattform<\/strong><\/h3>\n<p data-start=\"4156\" data-end=\"4300\">Die Auswahl zwischen 1600, 1800 und 2000 mm macht es einfach, Arbeitspl\u00e4tze innerhalb des Unternehmens zu standardisieren und gleichzeitig unterschiedlichen Bed\u00fcrfnissen gerecht zu werden.<\/p>\n<h2 data-start=\"4307\" data-end=\"4336\"><strong data-start=\"4310\" data-end=\"4336\">Anwendungsbereiche<\/strong><\/h2>\n<p data-start=\"4337\" data-end=\"4403\">Dieser <strong data-start=\"4343\" data-end=\"4386\">h\u00f6henverstellbare Tisch mit Standard-Aufbau<\/strong> wird haupts\u00e4chlich f\u00fcr:<\/p>\n<ul data-start=\"4405\" data-end=\"4731\">\n<li data-start=\"4405\" data-end=\"4476\">\n<p data-start=\"4407\" data-end=\"4476\"><strong data-start=\"4407\" data-end=\"4418\">Montage<\/strong> &#8211; einheitliche Arbeitspl\u00e4tze mit \u00dcbersicht und Stabilit\u00e4t<\/p>\n<\/li>\n<li data-start=\"4477\" data-end=\"4536\">\n<p data-start=\"4479\" data-end=\"4536\"><strong data-start=\"4479\" data-end=\"4493\">Produktion<\/strong> &#8211; schwere Teile und kontinuierliche Prozesse<\/p>\n<\/li>\n<li data-start=\"4537\" data-end=\"4593\">\n<p data-start=\"4539\" data-end=\"4593\"><strong data-start=\"4539\" data-end=\"4551\">Werkstatt<\/strong> &#8211; technische Arbeiten, Service und Bau<\/p>\n<\/li>\n<li data-start=\"4594\" data-end=\"4668\">\n<p data-start=\"4596\" data-end=\"4668\"><strong data-start=\"4596\" data-end=\"4616\">Test und Qualit\u00e4t<\/strong> &#8211; Einrichtung, wo Pr\u00e4zision und Ergonomie wichtig sind<\/p>\n<\/li>\n<li data-start=\"4669\" data-end=\"4731\">\n<p data-start=\"4671\" data-end=\"4731\"><strong data-start=\"4671\" data-end=\"4696\">Verpacken und Vorbereiten<\/strong> &#8211; insbesondere bei sich wiederholenden Vorg\u00e4ngen<\/p>\n<\/li>\n<\/ul>\n<p data-start=\"4733\" data-end=\"4860\">Der Tisch ist eine ideale L\u00f6sung f\u00fcr Unternehmen, die Ergonomie mit einem strukturierten und professionellen Arbeitsplatz kombinieren m\u00f6chten.<\/p>\n<h2 data-start=\"4867\" data-end=\"4893\"><strong data-start=\"4870\" data-end=\"4893\">Spezifikationen<\/strong><\/h2>\n<ul data-start=\"4894\" data-end=\"5252\">\n<li data-start=\"4894\" data-end=\"4975\">\n<p data-start=\"4896\" data-end=\"4975\"><strong data-start=\"4896\" data-end=\"4908\">Produkt:<\/strong> Absenktisch mit Standard-Aufbau &#8211; Duo-Let 3070 &#8211; Modell 2<\/p>\n<\/li>\n<li data-start=\"4976\" data-end=\"5035\">\n<p data-start=\"4978\" data-end=\"5035\"><strong data-start=\"4978\" data-end=\"4993\">Gr\u00f6\u00dfen:<\/strong> 1600\u00d7800 mm \/ 1800\u00d7800 mm \/ 2000\u00d7800 mm<\/p>\n<\/li>\n<li data-start=\"5036\" data-end=\"5059\">\n<p data-start=\"5038\" data-end=\"5059\"><strong data-start=\"5038\" data-end=\"5051\">Ungef\u00e4hres Gewicht:<\/strong> 70kg<\/p>\n<\/li>\n<li data-start=\"5060\" data-end=\"5090\">\n<p data-start=\"5062\" data-end=\"5090\"><strong data-start=\"5062\" data-end=\"5081\">Hebekraft:<\/strong> 400 kg<\/p>\n<\/li>\n<li data-start=\"5091\" data-end=\"5139\">\n<p data-start=\"5093\" data-end=\"5139\"><strong data-start=\"5093\" data-end=\"5109\">Hubs\u00e4ulen:<\/strong> 4 x DL6 &#8211; 650 Hub <\/p>\n<\/li>\n<li data-start=\"5140\" data-end=\"5192\">\n<p data-start=\"5142\" data-end=\"5192\"><strong data-start=\"5142\" data-end=\"5156\">Arbeitsplatte:<\/strong> Arbeitsplatte aus Laminat 22 mm (ABS-Kante)<\/p>\n<\/li>\n<li data-start=\"5193\" data-end=\"5252\">\n<p data-start=\"5195\" data-end=\"5252\"><strong data-start=\"5195\" data-end=\"5208\">Funktion:<\/strong> Arbeitstisch, Montagetisch, Produktionstisch<\/p>\n<\/li>\n<\/ul>\n<h2 data-start=\"5259\" data-end=\"5293\"><strong data-start=\"5262\" data-end=\"5293\">Anpassung und Erweiterung<\/strong><\/h2>\n<p data-start=\"5294\" data-end=\"5516\">Durch den Aufbau ist der Tisch ausbauf\u00e4hig, so dass der Arbeitsplatz f\u00fcr spezifische Prozesse angepasst werden kann. JAS ber\u00e4t Sie gerne zu den Optionen und der Einrichtung, um Ihren Arbeitsablauf mit maximaler Effizienz und Ergonomie zu unterst\u00fctzen. <\/p>\n<h2 data-start=\"5523\" data-end=\"5558\"><strong data-start=\"5526\" data-end=\"5558\">Bestellung und Beratung<\/strong><\/h2>\n<p data-start=\"5559\" data-end=\"5763\">Wenn Sie auf der Suche nach einem stabilen und professionellen <strong data-start=\"5601\" data-end=\"5619\">h\u00f6henverstellbaren Tisch<\/strong> mit Aufbau f\u00fcr die Montage oder Produktion sind, ist der Duo-Let 3070 &#8211; Modell 2 eine starke Standardl\u00f6sung. Kontaktieren Sie JAS f\u00fcr ein Angebot und technische Beratung. <\/p>\n<h2 data-start=\"5770\" data-end=\"5831\"><strong data-start=\"5772\" data-end=\"5831\">FAQ &#8211; H\u00f6henverstellbarer Tisch mit Standard-Aufbau (Modell 2)<\/strong><\/h2>\n<h3 data-start=\"5833\" data-end=\"5900\"><strong data-start=\"5837\" data-end=\"5900\">Was ist der Vorteil eines h\u00f6henverstellbaren Tisches mit \u00dcberbau?<\/strong><\/h3>\n<p data-start=\"5901\" data-end=\"6103\">Der Vorteil ist, dass der Aufbau f\u00fcr mehr Struktur und Organisation am Arbeitsplatz sorgt. Es macht es einfacher, Werkzeuge und Materialien zug\u00e4nglich zu halten und schafft einen effizienteren Arbeitsablauf. <\/p>\n<h3 data-start=\"6105\" data-end=\"6145\"><strong data-start=\"6109\" data-end=\"6145\">Wie viel kann der Tisch heben?<\/strong><\/h3>\n<p data-start=\"6146\" data-end=\"6271\">Dieser h\u00f6henverstellbare Tisch hat eine Tragkraft von <strong data-start=\"6192\" data-end=\"6202\">400 kg<\/strong> und ist damit f\u00fcr schwere Aufgaben in der Montage und Produktion geeignet.<\/p>\n<h3 data-start=\"6273\" data-end=\"6322\"><strong data-start=\"6277\" data-end=\"6322\">Warum hat diese Tabelle 4 Hubs\u00e4ulen?<\/strong><\/h3>\n<p data-start=\"6323\" data-end=\"6464\">4 Hubs\u00e4ulen sorgen f\u00fcr hohe Stabilit\u00e4t, insbesondere bei schweren Gegenst\u00e4nden und l\u00e4ngeren Arbeitsplatten. Sie reduzieren die Bewegungen und sorgen f\u00fcr eine stabilere Arbeitsfl\u00e4che. <\/p>\n<h3 data-start=\"6466\" data-end=\"6538\"><strong data-start=\"6470\" data-end=\"6538\">Welche Gr\u00f6\u00dfe soll ich w\u00e4hlen (1600, 1800 oder 2000 mm)?<\/strong><\/h3>\n<p data-start=\"6539\" data-end=\"6691\">1600 mm eignet sich f\u00fcr kleinere Arbeitspl\u00e4tze, 1800 mm ist ein vielseitiger Standard, und 2000 mm ist ideal f\u00fcr gr\u00f6\u00dfere Gegenst\u00e4nde oder wenn zus\u00e4tzlicher Platz und Ausr\u00fcstung ben\u00f6tigt wird.<\/p>\n<h3 data-start=\"6693\" data-end=\"6758\"><strong data-start=\"6697\" data-end=\"6758\">Kann der Tisch als Montagetisch und Produktionstisch verwendet werden?<\/strong><\/h3>\n<p data-start=\"6759\" data-end=\"6912\">Was er ist. Der Tisch wurde als professioneller Arbeitsplatz konzipiert und eignet sich perfekt als Montagetisch, Produktionstisch und allgemeine Werkbank in industriellen Umgebungen. <\/p>\n","protected":false},"excerpt":{"rendered":"<p>Dieser <strong data-start=\"607\" data-end=\"625\">h\u00f6henverstellbare Tisch<\/strong> mit Standardauszug (Duo-Let 3070 &#8211; Modell 2) ist ein kompletter Arbeitsplatz f\u00fcr Montage-, Produktions- und Werkstattumgebungen, in denen Ordnung und Zug\u00e4nglichkeit von Werkzeugen wichtig sind. Der Tisch ist in den Gr\u00f6\u00dfen 1600\u00d7800 mm, 1800\u00d7800 mm und 2000\u00d7800 mm erh\u00e4ltlich und hat eine starke Hubkapazit\u00e4t von 400 kg. Mit 4 Hubs\u00e4ulen (DL6 &#8211; 650 Hub) wird eine hohe Stabilit\u00e4t auch bei schweren Gegenst\u00e4nden erreicht. Die Arbeitsplatte besteht aus haltbarem 22-mm-Laminat mit ABS-Kante, und der Aufbau erm\u00f6glicht eine Erweiterung und Strukturierung des Arbeitsablaufs.   <\/p>\n","protected":false},"featured_media":28946,"template":"","meta":{"_acf_changed":false,"site-sidebar-layout":"default","site-content-layout":"","ast-site-content-layout":"default","site-content-style":"default","site-sidebar-style":"default","ast-global-header-display":"","ast-banner-title-visibility":"","ast-main-header-display":"","ast-hfb-above-header-display":"","ast-hfb-below-header-display":"","ast-hfb-mobile-header-display":"","site-post-title":"","ast-breadcrumbs-content":"","ast-featured-img":"","footer-sml-layout":"","ast-disable-related-posts":"","theme-transparent-header-meta":"default","adv-header-id-meta":"","stick-header-meta":"default","header-above-stick-meta":"","header-main-stick-meta":"","header-below-stick-meta":"","astra-migrate-meta-layouts":"set","ast-page-background-enabled":"default","ast-page-background-meta":{"desktop":{"background-color":"","background-image":"","background-repeat":"repeat","background-position":"center center","background-size":"auto","background-attachment":"scroll","background-type":"","background-media":"","overlay-type":"","overlay-color":"","overlay-opacity":"","overlay-gradient":""},"tablet":{"background-color":"","background-image":"","background-repeat":"repeat","background-position":"center center","background-size":"auto","background-attachment":"scroll","background-type":"","background-media":"","overlay-type":"","overlay-color":"","overlay-opacity":"","overlay-gradient":""},"mobile":{"background-color":"","background-image":"","background-repeat":"repeat","background-position":"center center","background-size":"auto","background-attachment":"scroll","background-type":"","background-media":"","overlay-type":"","overlay-color":"","overlay-opacity":"","overlay-gradient":""}},"ast-content-background-meta":{"desktop":{"background-color":"var(--ast-global-color-5)","background-image":"","background-repeat":"repeat","background-position":"center center","background-size":"auto","background-attachment":"scroll","background-type":"","background-media":"","overlay-type":"","overlay-color":"","overlay-opacity":"","overlay-gradient":""},"tablet":{"background-color":"var(--ast-global-color-5)","background-image":"","background-repeat":"repeat","background-position":"center center","background-size":"auto","background-attachment":"scroll","background-type":"","background-media":"","overlay-type":"","overlay-color":"","overlay-opacity":"","overlay-gradient":""},"mobile":{"background-color":"var(--ast-global-color-5)","background-image":"","background-repeat":"repeat","background-position":"center center","background-size":"auto","background-attachment":"scroll","background-type":"","background-media":"","overlay-type":"","overlay-color":"","overlay-opacity":"","overlay-gradient":""}}},"product_brand":[],"product_cat":[1383,2495,1647,1701],"product_tag":[],"class_list":{"0":"post-28944","1":"product","2":"type-product","3":"status-publish","4":"has-post-thumbnail","6":"product_cat-tische","7":"product_cat-hoehenverstellbare-tische","8":"product_cat-standardprodukte","9":"product_cat-werkbaenke","10":"pa_storrelser-1600x800mm","11":"pa_storrelser-1800x800mm","12":"pa_storrelser-2000x800mm","13":"desktop-align-left","14":"tablet-align-left","15":"mobile-align-left","16":"ast-product-gallery-layout-horizontal","17":"ast-product-single-variable","18":"ast-product-tabs-layout-horizontal","20":"first","21":"onbackorder","22":"taxable","23":"shipping-taxable","24":"purchasable","25":"product-type-variable","26":"has-default-attributes"},"acf":[],"_links":{"self":[{"href":"https:\/\/jas.dk\/de\/wp-json\/wp\/v2\/product\/28944","targetHints":{"allow":["GET"]}}],"collection":[{"href":"https:\/\/jas.dk\/de\/wp-json\/wp\/v2\/product"}],"about":[{"href":"https:\/\/jas.dk\/de\/wp-json\/wp\/v2\/types\/product"}],"version-history":[{"count":9,"href":"https:\/\/jas.dk\/de\/wp-json\/wp\/v2\/product\/28944\/revisions"}],"predecessor-version":[{"id":39407,"href":"https:\/\/jas.dk\/de\/wp-json\/wp\/v2\/product\/28944\/revisions\/39407"}],"wp:featuredmedia":[{"embeddable":true,"href":"https:\/\/jas.dk\/de\/wp-json\/wp\/v2\/media\/28946"}],"wp:attachment":[{"href":"https:\/\/jas.dk\/de\/wp-json\/wp\/v2\/media?parent=28944"}],"wp:term":[{"taxonomy":"product_brand","embeddable":true,"href":"https:\/\/jas.dk\/de\/wp-json\/wp\/v2\/product_brand?post=28944"},{"taxonomy":"product_cat","embeddable":true,"href":"https:\/\/jas.dk\/de\/wp-json\/wp\/v2\/product_cat?post=28944"},{"taxonomy":"product_tag","embeddable":true,"href":"https:\/\/jas.dk\/de\/wp-json\/wp\/v2\/product_tag?post=28944"}],"curies":[{"name":"wp","href":"https:\/\/api.w.org\/{rel}","templated":true}]}}