{"id":28961,"date":"2026-01-08T11:00:43","date_gmt":"2026-01-08T10:00:43","guid":{"rendered":"https:\/\/jas.dk\/produkter\/unkategorisiert\/absenktisch-mit-grossem-aufbau-duo-let-3070\/"},"modified":"2026-04-10T11:07:26","modified_gmt":"2026-04-10T09:07:26","slug":"absenktisch-mit-grossem-aufbau-duo-let-3070","status":"publish","type":"product","link":"https:\/\/jas.dk\/de\/produkte\/tische\/absenktisch-mit-grossem-aufbau-duo-let-3070\/","title":{"rendered":"Absenktisch mit Aufbau &#8211; Duo-Let 3070 &#8211; Modell 3"},"content":{"rendered":"<p data-start=\"1932\" data-end=\"2233\">Dieser <strong data-start=\"1938\" data-end=\"1977\">h\u00f6henverstellbare Tisch mit \u00dcberbau<\/strong> ist so konzipiert, dass er als komplette Montage- und Produktionsstation funktioniert. W\u00e4hrend sich bei Modell 1 alles um eine stabile Tischplattform dreht und Modell 2 eine Standardhaube bietet, geht Modell 3 einen Schritt weiter und bietet mehr Platz und mehr Optionen in der Haube. <\/p>\n<p data-start=\"2235\" data-end=\"2396\">Dank des gro\u00dfen Aufbaus k\u00f6nnen die Ger\u00e4te hoch \u00fcber der Arbeitsfl\u00e4che positioniert werden, was zu einer besseren Organisation und Effizienz f\u00fchrt. In der Praxis bedeutet dies: <\/p>\n<ul data-start=\"2397\" data-end=\"2590\">\n<li data-start=\"2397\" data-end=\"2442\">\n<p data-start=\"2399\" data-end=\"2442\">Weniger Zeit f\u00fcr die Suche nach Werkzeugen<\/p>\n<\/li>\n<li data-start=\"2443\" data-end=\"2496\">\n<p data-start=\"2445\" data-end=\"2496\">Bessere Festpl\u00e4tze f\u00fcr Komponenten und Materialien<\/p>\n<\/li>\n<li data-start=\"2497\" data-end=\"2541\">\n<p data-start=\"2499\" data-end=\"2541\">H\u00f6heres Tempo bei sich wiederholenden Arbeitsabl\u00e4ufen<\/p>\n<\/li>\n<li data-start=\"2542\" data-end=\"2590\">\n<p data-start=\"2544\" data-end=\"2590\">Mehr standardisierte Workstations in der Produktion<\/p>\n<\/li>\n<\/ul>\n<p data-start=\"2592\" data-end=\"2628\">Der Tisch ist in drei Standardgr\u00f6\u00dfen erh\u00e4ltlich:<\/p>\n<ul data-start=\"2630\" data-end=\"2683\">\n<li data-start=\"2630\" data-end=\"2647\">\n<p data-start=\"2632\" data-end=\"2647\"><strong data-start=\"2632\" data-end=\"2647\">1600\u00d7800 mm<\/strong><\/p>\n<\/li>\n<li data-start=\"2648\" data-end=\"2665\">\n<p data-start=\"2650\" data-end=\"2665\"><strong data-start=\"2650\" data-end=\"2665\">1800\u00d7800 mm<\/strong><\/p>\n<\/li>\n<li data-start=\"2666\" data-end=\"2683\">\n<p data-start=\"2668\" data-end=\"2683\"><strong data-start=\"2668\" data-end=\"2683\">2000\u00d7800 mm<\/strong><\/p>\n<\/li>\n<\/ul>\n<p data-start=\"2685\" data-end=\"2912\">Das macht es einfach, den Tisch an verschiedene Arbeitsbereiche, Werkst\u00fccke und Prozesse anzupassen &#8211; ob er nun als Werkbank f\u00fcr das Verpacken, als Montagetisch f\u00fcr die Montage oder als Produktionstisch f\u00fcr schwerere und technische Arbeitsabl\u00e4ufe verwendet wird.<\/p>\n<h2 data-start=\"2919\" data-end=\"2951\"><strong data-start=\"2922\" data-end=\"2951\">Merkmale und Vorteile<\/strong><\/h2>\n<h3 data-start=\"2953\" data-end=\"3009\"><strong data-start=\"2957\" data-end=\"3009\">Gro\u00dfer Aufbau f\u00fcr maximale Organisation<\/strong><\/h3>\n<p data-start=\"3010\" data-end=\"3208\">Der gro\u00dfe Aufbau erm\u00f6glicht es, den &#8220;vertikalen Raum&#8221; des Arbeitsplatzes zu nutzen. Dies f\u00fchrt zu einem besseren Arbeitsfluss, da alle relevanten Ger\u00e4te in der N\u00e4he des Bedieners und in einer logischeren Reihenfolge platziert werden k\u00f6nnen. <\/p>\n<p data-start=\"3210\" data-end=\"3261\">Dies ist besonders wertvoll in der Montage und Produktion, wo:<\/p>\n<ul data-start=\"3262\" data-end=\"3394\">\n<li data-start=\"3262\" data-end=\"3299\">\n<p data-start=\"3264\" data-end=\"3299\">Wiederholen Sie dieselbe Aufgabe viele Male<\/p>\n<\/li>\n<li data-start=\"3300\" data-end=\"3340\">\n<p data-start=\"3302\" data-end=\"3340\">Arbeitsabl\u00e4ufe m\u00fcssen standardisiert werden<\/p>\n<\/li>\n<li data-start=\"3341\" data-end=\"3394\">\n<p data-start=\"3343\" data-end=\"3394\">Arbeiten mit Kleinteilen, Komponenten und Werkzeugen<\/p>\n<\/li>\n<\/ul>\n<h3 data-start=\"3396\" data-end=\"3459\"><strong data-start=\"3400\" data-end=\"3459\">400 kg Hebekapazit\u00e4t &#8211; gebaut f\u00fcr den industriellen Einsatz<\/strong><\/h3>\n<p data-start=\"3460\" data-end=\"3713\">Mit einer Tragkraft von <strong data-start=\"3485\" data-end=\"3495\">400 kg<\/strong> ist dieser h\u00f6henverstellbare Tisch f\u00fcr weit mehr als nur &#8220;leichten Gebrauch&#8221; ausgelegt. Er dient als stabiler Montage- und Produktionstisch &#8211; auch bei der Arbeit mit schweren Komponenten, Vorrichtungen, Ger\u00e4ten und Aufgaben mit hoher Belastung. <\/p>\n<h3 data-start=\"3715\" data-end=\"3761\"><strong data-start=\"3719\" data-end=\"3761\">4 Hubs\u00e4ulen f\u00fcr hohe Stabilit\u00e4t<\/strong><\/h3>\n<p data-start=\"3762\" data-end=\"3943\">Der Tisch ist ausgestattet mit  <strong data-start=\"3785\" data-end=\"3828\">4 DL6-Hubs\u00e4ulen (650 Hub) <\/strong>die f\u00fcr Stabilit\u00e4t und gleichm\u00e4\u00dfigen Auftrieb auf der gesamten Arbeitsfl\u00e4che sorgt. Das bedeutet, dass sich der Tisch solide anf\u00fchlt &#8211; selbst bei: <\/p>\n<ul data-start=\"3944\" data-end=\"4036\">\n<li data-start=\"3944\" data-end=\"3963\">\n<p data-start=\"3946\" data-end=\"3963\">schwere Last<\/p>\n<\/li>\n<li data-start=\"3964\" data-end=\"3985\">\n<p data-start=\"3966\" data-end=\"3985\">Gr\u00f6\u00dfere Tischl\u00e4nge<\/p>\n<\/li>\n<li data-start=\"3986\" data-end=\"4036\">\n<p data-start=\"3988\" data-end=\"4036\">Arbeiten, bei denen Pr\u00e4zision und Stabilit\u00e4t wichtig sind<\/p>\n<\/li>\n<\/ul>\n<h3 data-start=\"4038\" data-end=\"4082\"><strong data-start=\"4042\" data-end=\"4082\">Strapazierf\u00e4hige Arbeitsplatte mit ABS-Kante<\/strong><\/h3>\n<p data-start=\"4083\" data-end=\"4249\">Die <strong data-start=\"4087\" data-end=\"4126\">22 mm starke Laminatarbeitsplatte mit ABS-Kante<\/strong> ist eine robuste und praktische L\u00f6sung f\u00fcr den t\u00e4glichen Gebrauch. Die Oberfl\u00e4che ist leicht sauber zu halten und die Kante sch\u00fctzt vor St\u00f6\u00dfen und Abnutzung. <\/p>\n<h3 data-start=\"4251\" data-end=\"4319\"><strong data-start=\"4255\" data-end=\"4319\">Geeignet als Werkbank, Montagetisch und Produktionstisch<\/strong><\/h3>\n<p data-start=\"4320\" data-end=\"4379\">Dieses Modell funktioniert in vielen Umgebungen, denn es kombiniert:<\/p>\n<ul data-start=\"4380\" data-end=\"4481\">\n<li data-start=\"4380\" data-end=\"4409\">\n<p data-start=\"4382\" data-end=\"4409\">Ergonomische H\u00f6heneinstellung<\/p>\n<\/li>\n<li data-start=\"4410\" data-end=\"4432\">\n<p data-start=\"4412\" data-end=\"4432\">Hohe Hubkapazit\u00e4t<\/p>\n<\/li>\n<li data-start=\"4433\" data-end=\"4453\">\n<p data-start=\"4435\" data-end=\"4453\">Gro\u00dfe Aufbauten<\/p>\n<\/li>\n<li data-start=\"4454\" data-end=\"4481\">\n<p data-start=\"4456\" data-end=\"4481\">Workstation-Denken<\/p>\n<\/li>\n<\/ul>\n<h2 data-start=\"4488\" data-end=\"4517\"><strong data-start=\"4491\" data-end=\"4517\">Anwendungsbereiche<\/strong><\/h2>\n<p data-start=\"4518\" data-end=\"4580\">Dieser <strong data-start=\"4524\" data-end=\"4563\">h\u00f6henverstellbare Tisch mit gro\u00dfem Aufbau<\/strong> wird typischerweise in:<\/p>\n<ul data-start=\"4582\" data-end=\"4930\">\n<li data-start=\"4582\" data-end=\"4650\">\n<p data-start=\"4584\" data-end=\"4650\"><strong data-start=\"4584\" data-end=\"4595\">Montage<\/strong> &#8211; wo Werkzeuge und Komponenten strukturiert werden m\u00fcssen<\/p>\n<\/li>\n<li data-start=\"4651\" data-end=\"4724\">\n<p data-start=\"4653\" data-end=\"4724\"><strong data-start=\"4653\" data-end=\"4667\">Produktion<\/strong> &#8211; wo Stabilit\u00e4t, Wiederholungen und Arbeitsabl\u00e4ufe entscheidend sind<\/p>\n<\/li>\n<li data-start=\"4725\" data-end=\"4792\">\n<p data-start=\"4727\" data-end=\"4792\"><strong data-start=\"4727\" data-end=\"4739\">Werkstatt<\/strong> &#8211; technische Aufgaben mit Ger\u00e4ten in der N\u00e4he der Arbeitsfl\u00e4che<\/p>\n<\/li>\n<li data-start=\"4793\" data-end=\"4858\">\n<p data-start=\"4795\" data-end=\"4858\"><strong data-start=\"4795\" data-end=\"4820\">Zubereitung und Verpackung<\/strong> &#8211; wo Prozesse standardisiert werden k\u00f6nnen<\/p>\n<\/li>\n<li data-start=\"4859\" data-end=\"4930\">\n<p data-start=\"4861\" data-end=\"4930\"><strong data-start=\"4861\" data-end=\"4881\">Qualit\u00e4t und Tests<\/strong> &#8211; wo \u00dcbersicht und Arbeitsdisziplin wichtig sind<\/p>\n<\/li>\n<\/ul>\n<p data-start=\"4932\" data-end=\"5043\">F\u00fcr Unternehmen, die einen kompletten und professionellen Arbeitsplatz schaffen wollen, ist das Model 3 eine gute Wahl.<\/p>\n<h2 data-start=\"5050\" data-end=\"5076\"><strong data-start=\"5053\" data-end=\"5076\">Spezifikationen<\/strong><\/h2>\n<ul data-start=\"5077\" data-end=\"5498\">\n<li data-start=\"5077\" data-end=\"5154\">\n<p data-start=\"5079\" data-end=\"5154\"><strong data-start=\"5079\" data-end=\"5091\">Produkt:<\/strong> Absenktisch mit gro\u00dfem Aufbau &#8211; Duo-Let 3070 &#8211; Modell 3<\/p>\n<\/li>\n<li data-start=\"5155\" data-end=\"5214\">\n<p data-start=\"5157\" data-end=\"5214\"><strong data-start=\"5157\" data-end=\"5172\">Gr\u00f6\u00dfen:<\/strong> 1600\u00d7800 mm \/ 1800\u00d7800 mm \/ 2000\u00d7800 mm<\/p>\n<\/li>\n<li data-start=\"5215\" data-end=\"5238\">\n<p data-start=\"5217\" data-end=\"5238\"><strong data-start=\"5217\" data-end=\"5230\">Ungef\u00e4hres Gewicht:<\/strong> 75kg<\/p>\n<\/li>\n<li data-start=\"5239\" data-end=\"5269\">\n<p data-start=\"5241\" data-end=\"5269\"><strong data-start=\"5241\" data-end=\"5260\">Hebekraft:<\/strong> 400 kg<\/p>\n<\/li>\n<li data-start=\"5270\" data-end=\"5322\">\n<p data-start=\"5272\" data-end=\"5322\"><strong data-start=\"5272\" data-end=\"5286\">Arbeitsplatte:<\/strong> Arbeitsplatte aus Laminat 22 mm (ABS-Kante)<\/p>\n<\/li>\n<li data-start=\"5323\" data-end=\"5371\">\n<p data-start=\"5325\" data-end=\"5371\"><strong data-start=\"5325\" data-end=\"5341\">Hubs\u00e4ulen:<\/strong> 4 x DL6 &#8211; 650 Hub <\/p>\n<\/li>\n<li data-start=\"5372\" data-end=\"5431\">\n<p data-start=\"5374\" data-end=\"5431\"><strong data-start=\"5374\" data-end=\"5387\">Funktion:<\/strong> Arbeitstisch, Montagetisch, Produktionstisch<\/p>\n<\/li>\n<li data-start=\"5432\" data-end=\"5498\">\n<p data-start=\"5434\" data-end=\"5498\"><strong data-start=\"5434\" data-end=\"5450\">\u00dcberbau:<\/strong> Gro\u00dfer \u00dcberbau f\u00fcr Organisation und Arbeitsablauf<\/p>\n<\/li>\n<\/ul>\n<h2 data-start=\"5505\" data-end=\"5546\"><strong data-start=\"5508\" data-end=\"5546\">Personalisierung und Speziall\u00f6sungen<\/strong><\/h2>\n<p data-start=\"5547\" data-end=\"5797\">JAS kann den h\u00f6henverstellbaren Tisch an Ihren Prozess und Ihre Einrichtung anpassen, so dass Sie einen Arbeitsplatz erhalten, der sowohl f\u00fcr die Aufgabe als auch f\u00fcr die Mitarbeiter geeignet ist. Dies kann die Wahl der Gr\u00f6\u00dfe, die Einrichtung eines Aufbaus oder andere Anpassungen umfassen, die den Arbeitsfluss und die Ergonomie verbessern. <\/p>\n<h2 data-start=\"5804\" data-end=\"5839\"><strong data-start=\"5807\" data-end=\"5839\">Bestellung und Beratung<\/strong><\/h2>\n<p data-start=\"5840\" data-end=\"6091\">M\u00f6chten Sie einen professionellen <strong data-start=\"5867\" data-end=\"5885\">h\u00f6henverstellbaren Tisch<\/strong> mit einem gro\u00dfen Aufbau, der schwere Aufgaben bew\u00e4ltigen kann und Struktur in den Arbeitsbereich bringt? Kontaktieren Sie JAS f\u00fcr eine Beratung und ein Angebot f\u00fcr die L\u00f6sung, die am besten zu Ihrer Montage- oder Produktionsumgebung passt. <\/p>\n<h2 data-start=\"6098\" data-end=\"6155\"><strong data-start=\"6100\" data-end=\"6155\">FAQ &#8211; H\u00f6henverstellbarer Tisch mit Baldachin duo-let 3070 (Modell 3)<\/strong><\/h2>\n<h3 data-start=\"6157\" data-end=\"6232\"><strong data-start=\"6161\" data-end=\"6232\">Was ist der Unterschied zwischen Standardaufbauten und gro\u00dfen Aufbauten?<\/strong><\/h3>\n<p data-start=\"6233\" data-end=\"6427\">Ein gro\u00dfer Aufbau bietet mehr Platz und mehr M\u00f6glichkeiten f\u00fcr die Organisation \u00fcber der Schreibtischoberfl\u00e4che, wie z.B. Aufh\u00e4ngung, Regale und Werkzeugplatzierung. Er ist ideal f\u00fcr Arbeitspl\u00e4tze mit vielen Teilen und Prozessen. <\/p>\n<h3 data-start=\"6429\" data-end=\"6488\"><strong data-start=\"6433\" data-end=\"6488\">Ist dieser h\u00f6henverstellbare Tisch f\u00fcr eine schwere Installation geeignet?<\/strong><\/h3>\n<p data-start=\"6489\" data-end=\"6615\">Merkmale. Der Tisch hat eine Tragkraft von <strong data-start=\"6525\" data-end=\"6535\">400 kg<\/strong> und 4 Hubs\u00e4ulen, was ihn sehr stabil f\u00fcr schwere Montage und Produktion macht. <\/p>\n<h3 data-start=\"6617\" data-end=\"6676\"><strong data-start=\"6621\" data-end=\"6676\">Welche Tischgr\u00f6\u00dfe ist f\u00fcr die Montage am besten geeignet?<\/strong><\/h3>\n<p data-start=\"6677\" data-end=\"6847\">1600 mm eignen sich hervorragend f\u00fcr kleinere Montagebereiche, 1800 mm sind ein starker Standard, und 2000 mm sind optimal f\u00fcr gr\u00f6\u00dfere Gegenst\u00e4nde oder wenn mehr Platz f\u00fcr Komponenten und Ger\u00e4te ben\u00f6tigt wird.<\/p>\n<h3 data-start=\"6849\" data-end=\"6896\"><strong data-start=\"6853\" data-end=\"6896\">Warum sind 4 Hubs\u00e4ulen ein Vorteil?<\/strong><\/h3>\n<p data-start=\"6897\" data-end=\"7011\">4 Hubs\u00e4ulen sorgen f\u00fcr h\u00f6here Stabilit\u00e4t, gleichm\u00e4\u00dfigeres Heben und bessere Unterst\u00fctzung f\u00fcr lange Tischplatten und schwere Lasten.<\/p>\n<h3 data-start=\"7013\" data-end=\"7075\"><strong data-start=\"7017\" data-end=\"7075\">Kann der Tisch als Arbeitsplatz in der Produktion verwendet werden?<\/strong><\/h3>\n<p data-start=\"7076\" data-end=\"7201\">Was er ist. Dank des gro\u00dfen Aufbaus eignet sich der Tisch als kompletter Arbeitsplatz, an dem Organisation und Effizienz gefragt sind. <\/p>\n","protected":false},"excerpt":{"rendered":"<p>Dieser <strong data-start=\"655\" data-end=\"673\">h\u00f6henverstellbare Tisch<\/strong> mit Verl\u00e4ngerung (Duo-Let 3070 &#8211; Modell 3) ist ein kompletter und professioneller Arbeitsplatz f\u00fcr Montage und Produktion, wo Organisation und Effizienz entscheidend sind. Der Tisch ist in den Gr\u00f6\u00dfen 1600\u00d7800 mm, 1800\u00d7800 mm und 2000\u00d7800 mm erh\u00e4ltlich und hat eine Tragkraft von 400 kg. Mit 4 DL6-Hubs\u00e4ulen (650 Hub) wird eine hohe Stabilit\u00e4t f\u00fcr schwere Gegenst\u00e4nde erreicht. Der gro\u00dfe Aufbau erm\u00f6glicht es, die H\u00f6he \u00fcber dem Tisch f\u00fcr Aufh\u00e4ngungen, Regale und die Ablage von Werkzeugen zu nutzen, wodurch der Tisch ideal als Montagetisch, Produktionstisch und Werkbank geeignet ist.   <\/p>\n","protected":false},"featured_media":28967,"template":"","meta":{"_acf_changed":false,"site-sidebar-layout":"default","site-content-layout":"","ast-site-content-layout":"default","site-content-style":"default","site-sidebar-style":"default","ast-global-header-display":"","ast-banner-title-visibility":"","ast-main-header-display":"","ast-hfb-above-header-display":"","ast-hfb-below-header-display":"","ast-hfb-mobile-header-display":"","site-post-title":"","ast-breadcrumbs-content":"","ast-featured-img":"","footer-sml-layout":"","ast-disable-related-posts":"","theme-transparent-header-meta":"default","adv-header-id-meta":"","stick-header-meta":"default","header-above-stick-meta":"","header-main-stick-meta":"","header-below-stick-meta":"","astra-migrate-meta-layouts":"set","ast-page-background-enabled":"default","ast-page-background-meta":{"desktop":{"background-color":"","background-image":"","background-repeat":"repeat","background-position":"center center","background-size":"auto","background-attachment":"scroll","background-type":"","background-media":"","overlay-type":"","overlay-color":"","overlay-opacity":"","overlay-gradient":""},"tablet":{"background-color":"","background-image":"","background-repeat":"repeat","background-position":"center center","background-size":"auto","background-attachment":"scroll","background-type":"","background-media":"","overlay-type":"","overlay-color":"","overlay-opacity":"","overlay-gradient":""},"mobile":{"background-color":"","background-image":"","background-repeat":"repeat","background-position":"center center","background-size":"auto","background-attachment":"scroll","background-type":"","background-media":"","overlay-type":"","overlay-color":"","overlay-opacity":"","overlay-gradient":""}},"ast-content-background-meta":{"desktop":{"background-color":"var(--ast-global-color-5)","background-image":"","background-repeat":"repeat","background-position":"center center","background-size":"auto","background-attachment":"scroll","background-type":"","background-media":"","overlay-type":"","overlay-color":"","overlay-opacity":"","overlay-gradient":""},"tablet":{"background-color":"var(--ast-global-color-5)","background-image":"","background-repeat":"repeat","background-position":"center center","background-size":"auto","background-attachment":"scroll","background-type":"","background-media":"","overlay-type":"","overlay-color":"","overlay-opacity":"","overlay-gradient":""},"mobile":{"background-color":"var(--ast-global-color-5)","background-image":"","background-repeat":"repeat","background-position":"center center","background-size":"auto","background-attachment":"scroll","background-type":"","background-media":"","overlay-type":"","overlay-color":"","overlay-opacity":"","overlay-gradient":""}}},"product_brand":[],"product_cat":[1383,2495,1647,1701],"product_tag":[],"class_list":{"0":"post-28961","1":"product","2":"type-product","3":"status-publish","4":"has-post-thumbnail","6":"product_cat-tische","7":"product_cat-hoehenverstellbare-tische","8":"product_cat-standard-produkte","9":"product_cat-werkbaenke","10":"pa_storrelser-1600x800mm","11":"pa_storrelser-1800x800mm","12":"pa_storrelser-2000x800mm","13":"desktop-align-left","14":"tablet-align-left","15":"mobile-align-left","16":"ast-product-gallery-layout-horizontal","17":"ast-product-single-variable","18":"ast-product-tabs-layout-horizontal","20":"first","21":"onbackorder","22":"taxable","23":"shipping-taxable","24":"purchasable","25":"product-type-variable","26":"has-default-attributes"},"acf":[],"_links":{"self":[{"href":"https:\/\/jas.dk\/de\/wp-json\/wp\/v2\/product\/28961","targetHints":{"allow":["GET"]}}],"collection":[{"href":"https:\/\/jas.dk\/de\/wp-json\/wp\/v2\/product"}],"about":[{"href":"https:\/\/jas.dk\/de\/wp-json\/wp\/v2\/types\/product"}],"version-history":[{"count":12,"href":"https:\/\/jas.dk\/de\/wp-json\/wp\/v2\/product\/28961\/revisions"}],"predecessor-version":[{"id":38334,"href":"https:\/\/jas.dk\/de\/wp-json\/wp\/v2\/product\/28961\/revisions\/38334"}],"wp:featuredmedia":[{"embeddable":true,"href":"https:\/\/jas.dk\/de\/wp-json\/wp\/v2\/media\/28967"}],"wp:attachment":[{"href":"https:\/\/jas.dk\/de\/wp-json\/wp\/v2\/media?parent=28961"}],"wp:term":[{"taxonomy":"product_brand","embeddable":true,"href":"https:\/\/jas.dk\/de\/wp-json\/wp\/v2\/product_brand?post=28961"},{"taxonomy":"product_cat","embeddable":true,"href":"https:\/\/jas.dk\/de\/wp-json\/wp\/v2\/product_cat?post=28961"},{"taxonomy":"product_tag","embeddable":true,"href":"https:\/\/jas.dk\/de\/wp-json\/wp\/v2\/product_tag?post=28961"}],"curies":[{"name":"wp","href":"https:\/\/api.w.org\/{rel}","templated":true}]}}