{"id":28983,"date":"2026-01-08T11:02:07","date_gmt":"2026-01-08T10:02:07","guid":{"rendered":"https:\/\/jas.dk\/produkter\/unkategorisiert\/hoehenverstellbarer-tisch-mit-komplettem-aufbau-duo-let-3070\/"},"modified":"2026-04-10T10:52:14","modified_gmt":"2026-04-10T08:52:14","slug":"hoehenverstellbarer-tisch-mit-komplettem-aufbau-duo-let-3070","status":"publish","type":"product","link":"https:\/\/jas.dk\/de\/produkte\/tische\/hoehenverstellbarer-tisch-mit-komplettem-aufbau-duo-let-3070\/","title":{"rendered":"Absenktisch mit Aufbau &#8211; Duo-Let 3070 &#8211; Modell 4"},"content":{"rendered":"<p data-start=\"1212\" data-end=\"1621\">Ein industrieller <strong data-start=\"1227\" data-end=\"1245\">h\u00f6henverstellbarer Tisch<\/strong> wird deutlich wertvoller, wenn er nicht nur die richtige Arbeitsh\u00f6he bietet, sondern auch Ordnung und Standardisierung im Arbeitsablauf schafft. <strong data-start=\"1381\" data-end=\"1440\">Der h\u00f6henverstellbare Tisch mit Aufbau &#8211; Duo-Let 3070 &#8211; Modell 4<\/strong> ist als vollwertiger Arbeitsplatz f\u00fcr Montage-, Produktions- und technische Umgebungen konzipiert, in denen die Mitarbeiter schnell, strukturiert und ergonomisch arbeiten m\u00fcssen &#8211; auch mit schweren Gegenst\u00e4nden.<\/p>\n<p data-start=\"1623\" data-end=\"1975\">Dieses Modell ist mit einem <strong data-start=\"1654\" data-end=\"1677\">kompletten Aufbau<\/strong> ausgestattet, der f\u00fcr maximale Ordnung auf der Tischfl\u00e4che sorgt und Platz f\u00fcr Aufh\u00e4ngung, Regale und Ablage bietet. Gleichzeitig bietet der Tisch eine hohe Stabilit\u00e4t durch <strong data-start=\"1814\" data-end=\"1831\">4 Hubs\u00e4ulen<\/strong> und eine Tragkraft von <strong data-start=\"1856\" data-end=\"1866\">400 kg<\/strong>, wodurch er sich als <strong data-start=\"1902\" data-end=\"1917\">Werkbank<\/strong>, <strong data-start=\"1919\" data-end=\"1934\">Montagetisch<\/strong> und <strong data-start=\"1938\" data-end=\"1957\">Produktionstisch<\/strong> f\u00fcr anspruchsvolle Arbeiten eignet. <\/p>\n<p data-start=\"1977\" data-end=\"2083\"><strong data-start=\"1977\" data-end=\"1989\">Wichtig!<\/strong> Der Bildschirm, die Ringb\u00fccher\/Ordner und die Spr\u00fchdose auf dem Produktbild dienen der Illustration und sind <strong data-start=\"2064\" data-end=\"2082\">nicht im Lieferumfang enthalten<\/strong>.<\/p>\n<p data-start=\"2120\" data-end=\"2309\">Dieser <strong data-start=\"2126\" data-end=\"2144\">h\u00f6henverstellbare Schreibtisch<\/strong> wurde f\u00fcr Unternehmen entwickelt, die einen Arbeitsplatz w\u00fcnschen, bei dem sowohl die Ergonomie als auch die Organisation von Anfang an ber\u00fccksichtigt werden. Der Tisch ist in drei Standardgr\u00f6\u00dfen erh\u00e4ltlich:<\/p>\n<ul data-start=\"2311\" data-end=\"2364\">\n<li data-start=\"2311\" data-end=\"2328\">\n<p data-start=\"2313\" data-end=\"2328\"><strong data-start=\"2313\" data-end=\"2328\">1600\u00d7800 mm<\/strong><\/p>\n<\/li>\n<li data-start=\"2329\" data-end=\"2346\">\n<p data-start=\"2331\" data-end=\"2346\"><strong data-start=\"2331\" data-end=\"2346\">1800\u00d7800 mm<\/strong><\/p>\n<\/li>\n<li data-start=\"2347\" data-end=\"2364\">\n<p data-start=\"2349\" data-end=\"2364\"><strong data-start=\"2349\" data-end=\"2364\">2000\u00d7800 mm<\/strong><\/p>\n<\/li>\n<\/ul>\n<p data-start=\"2366\" data-end=\"2655\">Die Konstruktion des Tisches ist auf hohe Belastung und Stabilit\u00e4t ausgelegt. Mit einer Tragkraft von <strong data-start=\"2458\" data-end=\"2468\">400 kg<\/strong> und   <strong data-start=\"2472\" data-end=\"2515\">4 DL6-Hubs\u00e4ulen (650 Hub) <\/strong>  erhalten Sie eine L\u00f6sung, die in der t\u00e4glichen Montage und Produktion zuverl\u00e4ssig funktioniert &#8211; auch bei der Arbeit mit schwereren Komponenten, Vorrichtungen und Ger\u00e4ten.<\/p>\n<p data-start=\"2657\" data-end=\"2822\">Die Arbeitsplatte ist <strong data-start=\"2674\" data-end=\"2713\">aus 22 mm starkem Laminat mit ABS-Kante<\/strong> und eignet sich f\u00fcr industrielle Umgebungen, in denen die Oberfl\u00e4che wiederholter Nutzung, Abnutzung und Reinigung ausgesetzt ist.<\/p>\n<p data-start=\"2824\" data-end=\"3132\">Der Aufbau des Modells 4 ist der umfangreichste in der Serie und kann als <strong data-start=\"2902\" data-end=\"2913\">vollst\u00e4ndig<\/strong> bezeichnet werden, da er deutlich mehr M\u00f6glichkeiten bietet, die Ausr\u00fcstung in der H\u00f6he \u00fcber der Arbeitsfl\u00e4che zu organisieren. Dies ist ideal f\u00fcr sich wiederholende Prozesse, bei denen Struktur und einheitliche Arbeitsstationen zu weniger Fehlern und h\u00f6herer Geschwindigkeit f\u00fchren. <\/p>\n<h2 data-start=\"3139\" data-end=\"3171\"><strong data-start=\"3142\" data-end=\"3171\">Merkmale und Vorteile<\/strong><\/h2>\n<h3 data-start=\"3173\" data-end=\"3236\"><strong data-start=\"3177\" data-end=\"3236\">Ergonomischer h\u00f6henverstellbarer Tisch f\u00fcr Montage und Produktion<\/strong><\/h3>\n<p data-start=\"3237\" data-end=\"3439\">Ein h\u00f6henverstellbarer Schreibtisch erm\u00f6glicht es, die Arbeitsh\u00f6he an die Aufgabe und den Mitarbeiter anzupassen. Dies reduziert die Belastung von R\u00fccken, Schultern und Nacken und unterst\u00fctzt eine ges\u00fcndere Arbeitsumgebung f\u00fcr l\u00e4ngere Arbeitstage. <\/p>\n<h3 data-start=\"3441\" data-end=\"3513\"><strong data-start=\"3445\" data-end=\"3513\">400 kg Hebekapazit\u00e4t &#8211; f\u00fcr schwere Ger\u00e4te und anspruchsvolle Anwendungen<\/strong><\/h3>\n<p data-start=\"3514\" data-end=\"3731\">Mit einer Tragkraft <strong data-start=\"3518\" data-end=\"3528\">von 400 kg<\/strong> ist dies kein &#8220;leichter&#8221; Tisch, sondern ein professioneller industrieller Arbeitstisch. Dadurch eignet er sich als Montage- und Produktionstisch, wo eine hohe Stabilit\u00e4t unter Last erforderlich ist. <\/p>\n<h3 data-start=\"3733\" data-end=\"3784\"><strong data-start=\"3737\" data-end=\"3784\">4 Hubs\u00e4ulen f\u00fcr maximale Stabilit\u00e4t<\/strong><\/h3>\n<p data-start=\"3785\" data-end=\"3903\">Die <strong data-start=\"3788\" data-end=\"3809\">4 DL6-Hubs\u00e4ulen<\/strong> tragen zum gleichm\u00e4\u00dfigen Heben und zur Stabilit\u00e4t \u00fcber die gesamte L\u00e4nge des Tisches bei. Dies ist besonders vorteilhaft f\u00fcr: <\/p>\n<ul data-start=\"3904\" data-end=\"3993\">\n<li data-start=\"3904\" data-end=\"3919\">\n<p data-start=\"3906\" data-end=\"3919\">schwere Themen<\/p>\n<\/li>\n<li data-start=\"3920\" data-end=\"3942\">\n<p data-start=\"3922\" data-end=\"3942\">L\u00e4ngere Arbeitsplatten<\/p>\n<\/li>\n<li data-start=\"3943\" data-end=\"3964\">\n<p data-start=\"3945\" data-end=\"3964\">Pr\u00e4zisionsarbeit<\/p>\n<\/li>\n<li data-start=\"3965\" data-end=\"3993\">\n<p data-start=\"3967\" data-end=\"3993\">Einrichtungsgegenst\u00e4nde und Zusatzausstattungen<\/p>\n<\/li>\n<\/ul>\n<h3 data-start=\"3995\" data-end=\"4060\"><strong data-start=\"3999\" data-end=\"4060\">  Vollst\u00e4ndiger \u00dcberbau sorgt f\u00fcr Struktur und Standardisierung<\/strong><\/h3>\n<p data-start=\"4061\" data-end=\"4164\">Der Aufbau ist vollst\u00e4ndig und so gestaltet, dass der Arbeitsplatz besser organisiert ist. In der Praxis bedeutet dies: <\/p>\n<ul data-start=\"4165\" data-end=\"4340\">\n<li data-start=\"4165\" data-end=\"4218\">\n<p data-start=\"4167\" data-end=\"4218\">Weniger Zeitverlust bei der Beschaffung von Werkzeugen und Materialien<\/p>\n<\/li>\n<li data-start=\"4219\" data-end=\"4253\">\n<p data-start=\"4221\" data-end=\"4253\">Bessere feste Pl\u00e4tze f\u00fcr die Ausr\u00fcstung<\/p>\n<\/li>\n<li data-start=\"4254\" data-end=\"4289\">\n<p data-start=\"4256\" data-end=\"4289\">Mehr standardisierte Arbeitsstationen<\/p>\n<\/li>\n<li data-start=\"4290\" data-end=\"4340\">\n<p data-start=\"4292\" data-end=\"4340\">Schnellere Aufgabenl\u00f6sung f\u00fcr sich wiederholende Prozesse<\/p>\n<\/li>\n<\/ul>\n<h3 data-start=\"4342\" data-end=\"4386\"><strong data-start=\"4346\" data-end=\"4386\">Strapazierf\u00e4hige Arbeitsplatte mit ABS-Kante<\/strong><\/h3>\n<p data-start=\"4387\" data-end=\"4529\">Die <strong data-start=\"4391\" data-end=\"4417\">22 mm Laminat-Arbeitsplatte<\/strong> mit ABS-Kante ist eine robuste und zuverl\u00e4ssige L\u00f6sung, die sich gut f\u00fcr Montage-, Produktions- und Werkstattumgebungen eignet.<\/p>\n<h2 data-start=\"4536\" data-end=\"4565\"><strong data-start=\"4539\" data-end=\"4565\">Anwendungsbereiche<\/strong><\/h2>\n<p data-start=\"4566\" data-end=\"4623\">Dieser <strong data-start=\"4572\" data-end=\"4590\">h\u00f6henverstellbare Tisch<\/strong> mit Aufsatz wird oft als:<\/p>\n<ul data-start=\"4625\" data-end=\"4982\">\n<li data-start=\"4625\" data-end=\"4696\">\n<p data-start=\"4627\" data-end=\"4696\"><strong data-start=\"4627\" data-end=\"4642\">Montagetisch<\/strong> &#8211; wo Werkzeuge und Komponenten organisiert werden sollten<\/p>\n<\/li>\n<li data-start=\"4697\" data-end=\"4774\">\n<p data-start=\"4699\" data-end=\"4774\"><strong data-start=\"4699\" data-end=\"4718\">Produktionstisch<\/strong> &#8211; wo Arbeitsabl\u00e4ufe und Wiederholungen eine Standardisierung erfordern<\/p>\n<\/li>\n<li data-start=\"4775\" data-end=\"4840\">\n<p data-start=\"4777\" data-end=\"4840\"><strong data-start=\"4777\" data-end=\"4792\">Werkstatt-Werkbank<\/strong> &#8211; Service, Tests und technische Arbeiten<\/p>\n<\/li>\n<li data-start=\"4841\" data-end=\"4914\">\n<p data-start=\"4843\" data-end=\"4914\"><strong data-start=\"4843\" data-end=\"4868\">Vorbereitung und Verpackung<\/strong> &#8211; wo \u00dcbersicht und feste Pl\u00e4tze die Geschwindigkeit erh\u00f6hen<\/p>\n<\/li>\n<li data-start=\"4915\" data-end=\"4982\">\n<p data-start=\"4917\" data-end=\"4982\"><strong data-start=\"4917\" data-end=\"4937\">Qualit\u00e4t und Tests<\/strong> &#8211; wo Struktur und Stabilit\u00e4t entscheidend sind<\/p>\n<\/li>\n<\/ul>\n<h2 data-start=\"4989\" data-end=\"5015\"><strong data-start=\"4992\" data-end=\"5015\">Spezifikationen<\/strong><\/h2>\n<ul data-start=\"5016\" data-end=\"5372\">\n<li data-start=\"5016\" data-end=\"5092\">\n<p data-start=\"5018\" data-end=\"5092\"><strong data-start=\"5018\" data-end=\"5034\">Produktname:<\/strong> H\u00f6henverstellbarer Tisch mit \u00dcberbau &#8211; Duo-Let 3070 &#8211; Modell 4<\/p>\n<\/li>\n<li data-start=\"5093\" data-end=\"5152\">\n<p data-start=\"5095\" data-end=\"5152\"><strong data-start=\"5095\" data-end=\"5110\">Gr\u00f6\u00dfen:<\/strong> 1600\u00d7800 mm \/ 1800\u00d7800 mm \/ 2000\u00d7800 mm<\/p>\n<\/li>\n<li data-start=\"5153\" data-end=\"5177\">\n<p data-start=\"5155\" data-end=\"5177\"><strong data-start=\"5155\" data-end=\"5168\">Ungef\u00e4hres Gewicht:<\/strong> 100kg<\/p>\n<\/li>\n<li data-start=\"5178\" data-end=\"5208\">\n<p data-start=\"5180\" data-end=\"5208\"><strong data-start=\"5180\" data-end=\"5199\">Hebekraft:<\/strong> 400 kg<\/p>\n<\/li>\n<li data-start=\"5209\" data-end=\"5257\">\n<p data-start=\"5211\" data-end=\"5257\"><strong data-start=\"5211\" data-end=\"5227\">Hubs\u00e4ulen:<\/strong> 4 x DL6 &#8211; 650 Hub <\/p>\n<\/li>\n<li data-start=\"5258\" data-end=\"5310\">\n<p data-start=\"5260\" data-end=\"5310\"><strong data-start=\"5260\" data-end=\"5274\">Arbeitsplatte:<\/strong> Arbeitsplatte aus Laminat 22 mm (ABS-Kante)<\/p>\n<\/li>\n<li data-start=\"5311\" data-end=\"5372\">\n<p data-start=\"5313\" data-end=\"5372\"><strong data-start=\"5313\" data-end=\"5328\">Anwendung:<\/strong> Werkbank, Montagetisch, Produktionstisch<\/p>\n<\/li>\n<\/ul>\n<p data-start=\"5374\" data-end=\"5485\"><strong data-start=\"5374\" data-end=\"5385\">Hinweis:<\/strong> Leinwand, Ringbuch\/Ordner und Spr\u00fchdose auf den Bildern geh\u00f6ren nicht zum Lieferumfang und sind <strong data-start=\"5466\" data-end=\"5484\">nicht enthalten<\/strong>.<\/p>\n<h2 data-start=\"5492\" data-end=\"5533\"><strong data-start=\"5495\" data-end=\"5533\">Personalisierung und Speziall\u00f6sungen<\/strong><\/h2>\n<p data-start=\"5534\" data-end=\"5722\">JAS kann die Arbeitspl\u00e4tze an Ihre Arbeitsabl\u00e4ufe anpassen, einschlie\u00dflich der Tischgr\u00f6\u00dfe, des Aufbaus und der Organisation, um Ihren Produktionsprozessen und -standards zu entsprechen.<\/p>\n<h2 data-start=\"5729\" data-end=\"5764\"><strong data-start=\"5732\" data-end=\"5764\">Bestellung und Beratung<\/strong><\/h2>\n<p data-start=\"5765\" data-end=\"5981\">Wenn Sie einen professionellen <strong data-start=\"5792\" data-end=\"5810\">h\u00f6henverstellbaren Tisch<\/strong> mit Aufbau w\u00fcnschen, um Arbeitspl\u00e4tze zu standardisieren und die Effizienz in Montage und Produktion zu steigern, kann JAS Sie beraten und Ihnen die richtige L\u00f6sung liefern. Kontaktieren Sie uns f\u00fcr ein Angebot. <\/p>\n<h2 data-start=\"5988\" data-end=\"6040\"><strong data-start=\"5990\" data-end=\"6040\">FAQ &#8211; H\u00f6henverstellbarer Tisch mit \u00dcberbau (Modell 4)<\/strong><\/h2>\n<h3 data-start=\"6042\" data-end=\"6109\"><strong data-start=\"6046\" data-end=\"6109\">Was ist der Vorteil eines h\u00f6henverstellbaren Tisches mit \u00dcberbau?<\/strong><\/h3>\n<p data-start=\"6110\" data-end=\"6287\">Ein Baldachin erm\u00f6glicht es Ihnen, Werkzeuge, Materialien und Ger\u00e4te \u00fcber der Schreibtischoberfl\u00e4che zu organisieren, wodurch der Arbeitsplatz effizienter, standardisierter und leichter aufger\u00e4umt werden kann.<\/p>\n<h3 data-start=\"6289\" data-end=\"6349\"><strong data-start=\"6293\" data-end=\"6349\">Was bedeutet es, dass der \u00dcberbau &#8220;vollst\u00e4ndig&#8221; ist?<\/strong><\/h3>\n<p data-start=\"6350\" data-end=\"6530\">Das bedeutet, dass der Aufbau \u00fcber dem Tisch eine maximale Organisation und Erweiterung erm\u00f6glicht (B\u00fcgel, Regale und Stauraum), so dass der Arbeitsplatz strukturierter eingerichtet werden kann.<\/p>\n<h3 data-start=\"6532\" data-end=\"6572\"><strong data-start=\"6536\" data-end=\"6572\">Wie viel kann der Tisch heben?<\/strong><\/h3>\n<p data-start=\"6573\" data-end=\"6715\">Dieser h\u00f6henverstellbare Tisch hat eine Tragkraft von <strong data-start=\"6619\" data-end=\"6629\">400 kg<\/strong> und ist damit f\u00fcr schwere Gegenst\u00e4nde und anspruchsvolle Montage- und Produktionsaufgaben geeignet.<\/p>\n<h3 data-start=\"6717\" data-end=\"6769\"><strong data-start=\"6721\" data-end=\"6769\">Ist auf den Bildern ein Monitor abgebildet?<\/strong><\/h3>\n<p data-start=\"6770\" data-end=\"6876\">Anmerkungen. <strong data-start=\"6775\" data-end=\"6829\">Leinwand, Ordner und Spr\u00fchdose sind nicht im Lieferumfang enthalten<\/strong> und dienen nur zur Veranschaulichung der Verwendung. Die \u00fcbrigen abgebildeten Artikel sind jedoch enthalten.<\/p>\n<h3 data-start=\"6878\" data-end=\"6922\"><strong data-start=\"6882\" data-end=\"6922\">Welche Gr\u00f6\u00dfe sollte ich w\u00e4hlen?<\/strong><\/h3>\n<p data-start=\"6923\" data-end=\"7090\">1600 mm eignet sich f\u00fcr kleinere Arbeitspl\u00e4tze, 1800 mm ist ein solider Standard, und 2000 mm ist ideal f\u00fcr gr\u00f6\u00dfere Werkst\u00fccke, mehrere Komponenten oder zus\u00e4tzlichen Platzbedarf.<\/p>\n","protected":false},"excerpt":{"rendered":"<p>Dieser <strong data-start=\"583\" data-end=\"601\">Hubtisch<\/strong> mit Aufbau (Duo-Let 3070 \u2013 Modell 4) ist ein voll ausgestatteter Arbeitsplatz f\u00fcr Montage und Produktion, wo Ergonomie, Stabilit\u00e4t und hohe Tragf\u00e4higkeit entscheidend sind. Der Tisch ist in den Gr\u00f6\u00dfen 1600\u00d7800 mm, 1800\u00d7800 mm und 2000\u00d7800 mm erh\u00e4ltlich und verf\u00fcgt \u00fcber eine Tragf\u00e4higkeit von 400 kg sowie vier DL6-Hubs\u00e4ulen (650 mm Hub) f\u00fcr maximale Stabilit\u00e4t.  Der Aufbau ist vollst\u00e4ndig und bietet Platz f\u00fcr die Organisation mit Kleiderb\u00fcgeln, Regalen und Stauraum, sodass der Tisch optimal als Montagetisch und Produktionstisch fungiert.  <strong data-start=\"1067\" data-end=\"1122\">Leinwand, Ordner und Spr\u00fchdose nicht enthalten.<\/strong><\/p>\n","protected":false},"featured_media":28987,"template":"","meta":{"_acf_changed":false,"site-sidebar-layout":"default","site-content-layout":"","ast-site-content-layout":"default","site-content-style":"default","site-sidebar-style":"default","ast-global-header-display":"","ast-banner-title-visibility":"","ast-main-header-display":"","ast-hfb-above-header-display":"","ast-hfb-below-header-display":"","ast-hfb-mobile-header-display":"","site-post-title":"","ast-breadcrumbs-content":"","ast-featured-img":"","footer-sml-layout":"","ast-disable-related-posts":"","theme-transparent-header-meta":"default","adv-header-id-meta":"","stick-header-meta":"default","header-above-stick-meta":"","header-main-stick-meta":"","header-below-stick-meta":"","astra-migrate-meta-layouts":"set","ast-page-background-enabled":"default","ast-page-background-meta":{"desktop":{"background-color":"","background-image":"","background-repeat":"repeat","background-position":"center center","background-size":"auto","background-attachment":"scroll","background-type":"","background-media":"","overlay-type":"","overlay-color":"","overlay-opacity":"","overlay-gradient":""},"tablet":{"background-color":"","background-image":"","background-repeat":"repeat","background-position":"center center","background-size":"auto","background-attachment":"scroll","background-type":"","background-media":"","overlay-type":"","overlay-color":"","overlay-opacity":"","overlay-gradient":""},"mobile":{"background-color":"","background-image":"","background-repeat":"repeat","background-position":"center center","background-size":"auto","background-attachment":"scroll","background-type":"","background-media":"","overlay-type":"","overlay-color":"","overlay-opacity":"","overlay-gradient":""}},"ast-content-background-meta":{"desktop":{"background-color":"var(--ast-global-color-5)","background-image":"","background-repeat":"repeat","background-position":"center center","background-size":"auto","background-attachment":"scroll","background-type":"","background-media":"","overlay-type":"","overlay-color":"","overlay-opacity":"","overlay-gradient":""},"tablet":{"background-color":"var(--ast-global-color-5)","background-image":"","background-repeat":"repeat","background-position":"center center","background-size":"auto","background-attachment":"scroll","background-type":"","background-media":"","overlay-type":"","overlay-color":"","overlay-opacity":"","overlay-gradient":""},"mobile":{"background-color":"var(--ast-global-color-5)","background-image":"","background-repeat":"repeat","background-position":"center center","background-size":"auto","background-attachment":"scroll","background-type":"","background-media":"","overlay-type":"","overlay-color":"","overlay-opacity":"","overlay-gradient":""}}},"product_brand":[],"product_cat":[1383,2495,1647,1701],"product_tag":[],"class_list":{"0":"post-28983","1":"product","2":"type-product","3":"status-publish","4":"has-post-thumbnail","6":"product_cat-tische","7":"product_cat-hoehenverstellbare-tische","8":"product_cat-standardprodukte","9":"product_cat-werkbaenke","10":"pa_storrelser-1600x800mm","11":"pa_storrelser-1800x800mm","12":"pa_storrelser-2000x800mm","13":"desktop-align-left","14":"tablet-align-left","15":"mobile-align-left","16":"ast-product-gallery-layout-horizontal","17":"ast-product-single-variable","18":"ast-product-tabs-layout-horizontal","20":"first","21":"onbackorder","22":"taxable","23":"shipping-taxable","24":"purchasable","25":"product-type-variable","26":"has-default-attributes"},"acf":[],"_links":{"self":[{"href":"https:\/\/jas.dk\/de\/wp-json\/wp\/v2\/product\/28983","targetHints":{"allow":["GET"]}}],"collection":[{"href":"https:\/\/jas.dk\/de\/wp-json\/wp\/v2\/product"}],"about":[{"href":"https:\/\/jas.dk\/de\/wp-json\/wp\/v2\/types\/product"}],"version-history":[{"count":9,"href":"https:\/\/jas.dk\/de\/wp-json\/wp\/v2\/product\/28983\/revisions"}],"predecessor-version":[{"id":39336,"href":"https:\/\/jas.dk\/de\/wp-json\/wp\/v2\/product\/28983\/revisions\/39336"}],"wp:featuredmedia":[{"embeddable":true,"href":"https:\/\/jas.dk\/de\/wp-json\/wp\/v2\/media\/28987"}],"wp:attachment":[{"href":"https:\/\/jas.dk\/de\/wp-json\/wp\/v2\/media?parent=28983"}],"wp:term":[{"taxonomy":"product_brand","embeddable":true,"href":"https:\/\/jas.dk\/de\/wp-json\/wp\/v2\/product_brand?post=28983"},{"taxonomy":"product_cat","embeddable":true,"href":"https:\/\/jas.dk\/de\/wp-json\/wp\/v2\/product_cat?post=28983"},{"taxonomy":"product_tag","embeddable":true,"href":"https:\/\/jas.dk\/de\/wp-json\/wp\/v2\/product_tag?post=28983"}],"curies":[{"name":"wp","href":"https:\/\/api.w.org\/{rel}","templated":true}]}}