{"id":29072,"date":"2026-01-14T14:44:50","date_gmt":"2026-01-14T13:44:50","guid":{"rendered":"https:\/\/jas.dk\/produkter\/unkategorisiert\/hoehenverstellbarer-tisch-duo-let-3070-modell-1\/"},"modified":"2026-04-10T11:02:32","modified_gmt":"2026-04-10T09:02:32","slug":"hoehenverstellbarer-tisch-duo-let-3070-modell-1","status":"publish","type":"product","link":"https:\/\/jas.dk\/de\/produkte\/tische\/hoehenverstellbarer-tisch-duo-let-3070-modell-1\/","title":{"rendered":"H\u00f6henverstellbarer Tisch &#8211; Duo-let 3070 &#8211; Modell 1"},"content":{"rendered":"<p data-start=\"920\" data-end=\"1367\">Ein professioneller <strong data-start=\"937\" data-end=\"955\">h\u00f6henverstellbarer Tisch<\/strong> sollte mehr k\u00f6nnen als nur heben und senken. Er sollte die Ergonomie verbessern, den Arbeitsablauf unterst\u00fctzen und eine stabile Plattform f\u00fcr die t\u00e4glichen Arbeiten in Produktion und Montage bieten. <strong data-start=\"1119\" data-end=\"1145\">Der Duo-let 3070 &#8211; Modell 1<\/strong> ist eine robuste und flexible <strong data-start=\"1186\" data-end=\"1201\">Werkbank<\/strong>, die sich perfekt als <strong data-start=\"1233\" data-end=\"1248\">Montage-<\/strong> und <strong data-start=\"1252\" data-end=\"1271\">Produktionstisch<\/strong> in Umgebungen eignet, in denen Bediener viele Stunden am Tag arbeiten und die richtige Arbeitsh\u00f6he ben\u00f6tigen. <\/p>\n<p data-start=\"1369\" data-end=\"1589\">Mit einer Tragkraft von <strong data-start=\"1394\" data-end=\"1404\">200 kg<\/strong>, einer strapazierf\u00e4higen 22-mm-Laminat-Arbeitsplatte und mehreren Gr\u00f6\u00dfen ist dieser h\u00f6henverstellbare Tisch eine starke Standardl\u00f6sung f\u00fcr Unternehmen, die eine bessere Arbeitsumgebung, hohe Qualit\u00e4t und Langlebigkeit w\u00fcnschen.<\/p>\n<p data-start=\"1626\" data-end=\"1952\"><strong data-start=\"1632\" data-end=\"1650\">Der h\u00f6henverstellbare Tisch<\/strong> ist um einen stabilen Rahmen mit 2 Hubs\u00e4ulen aufgebaut, die ein gleichm\u00e4\u00dfiges Anheben und eine hohe Stabilit\u00e4t unter Last gew\u00e4hrleisten. Der Tisch eignet sich sowohl f\u00fcr stehende als auch f\u00fcr sitzende Arbeitsaufgaben und ist besonders in der Produktion und Montage von Bedeutung, wo die Variation der Arbeitsh\u00f6he f\u00fcr Ergonomie und Effizienz entscheidend ist. <\/p>\n<p data-start=\"1954\" data-end=\"1995\">Der Tisch ist in drei beliebten Gr\u00f6\u00dfen erh\u00e4ltlich:<\/p>\n<ul data-start=\"1997\" data-end=\"2050\">\n<li data-start=\"1997\" data-end=\"2014\">\n<p data-start=\"1999\" data-end=\"2014\"><strong data-start=\"1999\" data-end=\"2014\">1600\u00d7800 mm<\/strong><\/p>\n<\/li>\n<li data-start=\"2015\" data-end=\"2032\">\n<p data-start=\"2017\" data-end=\"2032\"><strong data-start=\"2017\" data-end=\"2032\">1800\u00d7800 mm<\/strong><\/p>\n<\/li>\n<li data-start=\"2033\" data-end=\"2050\">\n<p data-start=\"2035\" data-end=\"2050\"><strong data-start=\"2035\" data-end=\"2050\">2000\u00d7800 mm<\/strong><\/p>\n<\/li>\n<\/ul>\n<p data-start=\"2052\" data-end=\"2191\">So k\u00f6nnen Sie die Tischgr\u00f6\u00dfe w\u00e4hlen, die am besten zu Ihrem Arbeitsplatz, Ihren Werkst\u00fccken und dem verf\u00fcgbaren Platz passt.<\/p>\n<p data-start=\"2193\" data-end=\"2511\">Die Tischplatte besteht <strong data-start=\"2210\" data-end=\"2249\">aus 22 mm starkem Laminat mit ABS-Kante<\/strong> und bietet eine strapazierf\u00e4hige Oberfl\u00e4che, die dem t\u00e4glichen Gebrauch in Werkst\u00e4tten und Produktionsumgebungen standh\u00e4lt. Die robuste Konstruktion macht ihn ideal als Montagetisch f\u00fcr Handarbeit, Tests, Verpackung und technische Montage &#8211; aber auch als Produktionstisch f\u00fcr anspruchsvollere Aufgaben. <\/p>\n<h2 data-start=\"2518\" data-end=\"2550\"><strong data-start=\"2521\" data-end=\"2550\">Merkmale und Vorteile<\/strong><\/h2>\n<h3 data-start=\"2552\" data-end=\"2609\"><strong data-start=\"2556\" data-end=\"2609\">Ergonomisch h\u00f6henverstellbarer Tisch f\u00fcr die t\u00e4gliche Arbeit<\/strong><\/h3>\n<p data-start=\"2610\" data-end=\"2845\">Ergonomie ist ein direkter Faktor sowohl f\u00fcr die Produktivit\u00e4t als auch f\u00fcr das Arbeitsumfeld. Mit einem Steh-Sitz-Schreibtisch k\u00f6nnen Mitarbeiter in der richtigen H\u00f6he arbeiten und zwischen Sitzen und Stehen wechseln, was die Belastung von R\u00fccken, Nacken und Schultern verringert. <\/p>\n<h3 data-start=\"2847\" data-end=\"2910\"><strong data-start=\"2851\" data-end=\"2910\">200 kg Hebekapazit\u00e4t &#8211; starker Standard f\u00fcr die Industrie<\/strong><\/h3>\n<p data-start=\"2911\" data-end=\"3120\">Mit einer Tragkraft von <strong data-start=\"2936\" data-end=\"2946\">200 kg<\/strong> kann der Tisch die meisten Aufgaben in der Montage und Produktion bew\u00e4ltigen. Das bedeutet, dass der Tisch nicht nur f\u00fcr leichte B\u00fcroarbeiten geeignet ist, sondern f\u00fcr echte industrielle und technische Arbeitsabl\u00e4ufe. <\/p>\n<h3 data-start=\"3122\" data-end=\"3171\"><strong data-start=\"3126\" data-end=\"3171\">Stabile Hubl\u00f6sung mit 2 Hubs\u00e4ulen<\/strong><\/h3>\n<p data-start=\"3172\" data-end=\"3385\">Der Tisch ist ausgestattet mit  <strong data-start=\"3195\" data-end=\"3238\">2 St\u00fcck. DL6 Hubs\u00e4ulen (650 Hub)<\/strong>die f\u00fcr Stabilit\u00e4t und Zuverl\u00e4ssigkeit sorgt. Die doppelte Hebel\u00f6sung ist wichtig, wenn der Tisch mit schwereren Gegenst\u00e4nden oder Ger\u00e4ten auf der Tischplatte verwendet wird. <\/p>\n<h3 data-start=\"3387\" data-end=\"3431\"><strong data-start=\"3391\" data-end=\"3431\">Strapazierf\u00e4hige Arbeitsplatte mit ABS-Kante<\/strong><\/h3>\n<p data-start=\"3432\" data-end=\"3630\">Eine <strong data-start=\"3455\" data-end=\"3464\">22 mm starke<\/strong> Laminatarbeitsplatte bietet eine robuste Oberfl\u00e4che, die f\u00fcr den t\u00e4glichen Gebrauch geeignet ist. Die ABS-Kante sch\u00fctzt den Tisch vor St\u00f6\u00dfen und Abnutzung und verl\u00e4ngert seine Lebensdauer &#8211; besonders in gesch\u00e4ftigen Produktionsumgebungen. <\/p>\n<h3 data-start=\"3632\" data-end=\"3700\"><strong data-start=\"3636\" data-end=\"3700\">Flexible Tischgr\u00f6\u00dfe f\u00fcr verschiedene Arbeitsstationen<\/strong><\/h3>\n<p data-start=\"3701\" data-end=\"3911\">Die Auswahl zwischen 1600, 1800 und 2000 mm macht es einfach, den Arbeitsplatz nach Bedarf zu gestalten. Ein gr\u00f6\u00dferer Tisch bietet mehr Arbeitsfl\u00e4che und eine bessere Organisation, w\u00e4hrend eine k\u00fcrzere L\u00f6sung vielleicht besser in kleinere Bereiche passt. <\/p>\n<h2 data-start=\"3918\" data-end=\"3947\"><strong data-start=\"3921\" data-end=\"3947\">Anwendungsbereiche<\/strong><\/h2>\n<p data-start=\"3948\" data-end=\"3991\">Dieser <strong data-start=\"3954\" data-end=\"3972\">h\u00f6henverstellbare Tisch<\/strong> wird typischerweise verwendet als:<\/p>\n<ul data-start=\"3993\" data-end=\"4362\">\n<li data-start=\"3993\" data-end=\"4055\">\n<p data-start=\"3995\" data-end=\"4055\"><strong data-start=\"3995\" data-end=\"4010\">Montagetisch<\/strong> &#8211; Montage, Finish, Technik und Qualit\u00e4tskontrolle<\/p>\n<\/li>\n<li data-start=\"4056\" data-end=\"4149\">\n<p data-start=\"4058\" data-end=\"4149\"><strong data-start=\"4058\" data-end=\"4077\">Produktionstisch<\/strong> &#8211; Prozesse, die eine stabile Arbeitsfl\u00e4che und die richtige Arbeitsh\u00f6he erfordern<\/p>\n<\/li>\n<li data-start=\"4150\" data-end=\"4215\">\n<p data-start=\"4152\" data-end=\"4215\"><strong data-start=\"4152\" data-end=\"4167\">Werkstatt-Werkbank<\/strong> &#8211; Reparatur, Pr\u00fcfung und Vorbereitung<\/p>\n<\/li>\n<li data-start=\"4216\" data-end=\"4284\">\n<p data-start=\"4218\" data-end=\"4284\"><strong data-start=\"4218\" data-end=\"4250\">Pack- und Vorbereitungsstationen<\/strong> &#8211; insbesondere in der Logistik und im E-Commerce<\/p>\n<\/li>\n<li data-start=\"4285\" data-end=\"4362\">\n<p data-start=\"4287\" data-end=\"4362\"><strong data-start=\"4287\" data-end=\"4313\">Technischer Arbeitsplatz<\/strong> &#8211; mit Optionen f\u00fcr Erweiterung und zus\u00e4tzliche Ausr\u00fcstung<\/p>\n<\/li>\n<\/ul>\n<p data-start=\"4364\" data-end=\"4470\">Kurz und b\u00fcndig: Das Duo-let 3070 &#8211; Modell 1 ist ein solider Standard, der in die meisten professionellen Umgebungen passt.<\/p>\n<h2 data-start=\"4477\" data-end=\"4503\"><strong data-start=\"4480\" data-end=\"4503\">Spezifikationen<\/strong><\/h2>\n<ul data-start=\"4504\" data-end=\"4839\">\n<li data-start=\"4504\" data-end=\"4560\">\n<p data-start=\"4506\" data-end=\"4560\"><strong data-start=\"4506\" data-end=\"4518\">Produkt:<\/strong> H\u00f6henverstellbarer Tisch &#8211; Duo-let 3070 &#8211; Modell 1<\/p>\n<\/li>\n<li data-start=\"4561\" data-end=\"4620\">\n<p data-start=\"4563\" data-end=\"4620\"><strong data-start=\"4563\" data-end=\"4578\">Gr\u00f6\u00dfen:<\/strong> 1600\u00d7800 mm \/ 1800\u00d7800 mm \/ 2000\u00d7800 mm<\/p>\n<\/li>\n<li data-start=\"4621\" data-end=\"4644\">\n<p data-start=\"4623\" data-end=\"4644\"><strong data-start=\"4623\" data-end=\"4636\">Ungef\u00e4hres Gewicht:<\/strong> 50kg<\/p>\n<\/li>\n<li data-start=\"4645\" data-end=\"4675\">\n<p data-start=\"4647\" data-end=\"4675\"><strong data-start=\"4647\" data-end=\"4666\">Hebekapazit\u00e4t:<\/strong> 200 kg<\/p>\n<\/li>\n<li data-start=\"4676\" data-end=\"4728\">\n<p data-start=\"4678\" data-end=\"4728\"><strong data-start=\"4678\" data-end=\"4692\">Arbeitsplatte:<\/strong> Arbeitsplatte aus Laminat 22 mm (ABS-Kante)<\/p>\n<\/li>\n<li data-start=\"4729\" data-end=\"4777\">\n<p data-start=\"4731\" data-end=\"4777\"><strong data-start=\"4731\" data-end=\"4747\">Hubs\u00e4ulen:<\/strong> 2 x DL6 &#8211; 650 Hub <\/p>\n<\/li>\n<li data-start=\"4778\" data-end=\"4839\">\n<p data-start=\"4780\" data-end=\"4839\"><strong data-start=\"4780\" data-end=\"4795\">Anwendung:<\/strong> Werkbank, Montagetisch, Produktionstisch<\/p>\n<\/li>\n<\/ul>\n<h2 data-start=\"4846\" data-end=\"4881\"><strong data-start=\"4849\" data-end=\"4881\">Anpassungen und Erweiterungen<\/strong><\/h2>\n<p data-start=\"4882\" data-end=\"5143\">Obwohl es sich bei diesem h\u00f6henverstellbaren Tisch um ein robustes Standardmodell handelt, ist es oft m\u00f6glich, den Tisch an Ihren Arbeitsablauf anzupassen. JAS ber\u00e4t Sie bei der Wahl der Tischgr\u00f6\u00dfe, der Tischplatte und eventueller Sonderausstattungen, damit der Tisch in Ihrem Produktions- oder Montagebereich optimal funktioniert. <\/p>\n<h2 data-start=\"5150\" data-end=\"5185\"><strong data-start=\"5153\" data-end=\"5185\">Bestellung und Beratung<\/strong><\/h2>\n<p data-start=\"5186\" data-end=\"5390\">Wenn Sie einen zuverl\u00e4ssigen <strong data-start=\"5213\" data-end=\"5231\">h\u00f6henverstellbaren Tisch<\/strong> f\u00fcr die Montage oder die Produktion suchen, ist der Duo-let 3070 &#8211; Modell 1 eine naheliegende Wahl. Kontaktieren Sie JAS f\u00fcr ein Angebot und eine Beratung \u00fcber die optimale L\u00f6sung f\u00fcr Ihren Arbeitsplatz. <\/p>\n<h2 data-start=\"5397\" data-end=\"5446\"><strong data-start=\"5399\" data-end=\"5446\">FAQ &#8211; H\u00f6henverstellbarer Tisch Duo-let 3070 &#8211; Modell 1<\/strong><\/h2>\n<h3 data-start=\"5448\" data-end=\"5514\"><strong data-start=\"5452\" data-end=\"5514\">Wof\u00fcr wird ein h\u00f6henverstellbarer Tisch normalerweise in der Produktion verwendet?<\/strong><\/h3>\n<p data-start=\"5515\" data-end=\"5683\">Ein h\u00f6henverstellbarer Tisch wird in der Regel als Montage- oder Produktionstisch verwendet, bei dem der Bediener die Arbeitsh\u00f6he f\u00fcr eine bessere Ergonomie und h\u00f6here Effizienz anpassen muss.<\/p>\n<h3 data-start=\"5685\" data-end=\"5739\"><strong data-start=\"5689\" data-end=\"5739\">Wie viel kann dieser h\u00f6henverstellbare Tisch heben?<\/strong><\/h3>\n<p data-start=\"5740\" data-end=\"5882\">Der Duo-let 3070 &#8211; Modell 1 hat eine Hebekapazit\u00e4t von <strong data-start=\"5788\" data-end=\"5798\">200 kg<\/strong> und ist damit f\u00fcr die meisten Aufgaben in der Montage und Industrie geeignet.<\/p>\n<h3 data-start=\"5884\" data-end=\"5960\"><strong data-start=\"5888\" data-end=\"5960\">Welche Tischgr\u00f6\u00dfe soll ich w\u00e4hlen (1600, 1800 oder 2000 mm)?<\/strong><\/h3>\n<p data-start=\"5961\" data-end=\"6148\">1600 mm eignen sich oft f\u00fcr kleinere Arbeitspl\u00e4tze, 1800 mm sind eine gute Allround-L\u00f6sung und 2000 mm bieten maximalen Platz und sind ideal f\u00fcr gr\u00f6\u00dfere Gegenst\u00e4nde oder zus\u00e4tzliche Ger\u00e4te auf dem Tisch.<\/p>\n<h3 data-start=\"6150\" data-end=\"6207\"><strong data-start=\"6154\" data-end=\"6207\">Ist die Laminat-Arbeitsplatte f\u00fcr den Einsatz in der Werkstatt geeignet?<\/strong><\/h3>\n<p data-start=\"6208\" data-end=\"6339\">Eigenschaften. Die 22 mm starke Laminat-Arbeitsplatte mit ABS-Kante ist langlebig und f\u00fcr den t\u00e4glichen Gebrauch als Werkbank in Produktion und Montage geeignet. <\/p>\n<h3 data-start=\"6341\" data-end=\"6406\"><strong data-start=\"6345\" data-end=\"6406\">Kann der Tisch als Montagetisch und Produktionstisch verwendet werden?<\/strong><\/h3>\n<p data-start=\"6407\" data-end=\"6570\">Warum er funktioniert. Der Tisch eignet sich sowohl als Montage- als auch als Produktionstisch, da er eine ergonomische H\u00f6henverstellung mit einer stabilen Konstruktion und einer hohen Hubkapazit\u00e4t kombiniert. <\/p>\n","protected":false},"excerpt":{"rendered":"<p>Dieser <strong data-start=\"345\" data-end=\"363\">h\u00f6henverstellbare Tisch<\/strong> (Duo-let 3070 &#8211; Modell 1) ist eine stabile und ergonomische Werkbank f\u00fcr Produktion, Montage und Werkstatt. Der Tisch ist in den Gr\u00f6\u00dfen 1600\u00d7800 mm, 1800\u00d7800 mm und 2000\u00d7800 mm erh\u00e4ltlich und bietet reichlich Arbeitsfl\u00e4che f\u00fcr kleine und gro\u00dfe Gegenst\u00e4nde. Mit einer Tragkraft von 200 kg und 2 leistungsstarken Hubs\u00e4ulen (DL6 &#8211; 650 Hub) erhalten Sie eine zuverl\u00e4ssige L\u00f6sung f\u00fcr den t\u00e4glichen Gebrauch. Die Tischplatte besteht aus strapazierf\u00e4higem 22-mm-Laminat mit ABS-Kante und eignet sich daher ideal als Montage- und Produktionstisch in industriellen Umgebungen.   <\/p>\n","protected":false},"featured_media":29359,"template":"","meta":{"_acf_changed":false,"site-sidebar-layout":"default","site-content-layout":"","ast-site-content-layout":"default","site-content-style":"default","site-sidebar-style":"default","ast-global-header-display":"","ast-banner-title-visibility":"","ast-main-header-display":"","ast-hfb-above-header-display":"","ast-hfb-below-header-display":"","ast-hfb-mobile-header-display":"","site-post-title":"","ast-breadcrumbs-content":"","ast-featured-img":"","footer-sml-layout":"","ast-disable-related-posts":"","theme-transparent-header-meta":"default","adv-header-id-meta":"","stick-header-meta":"default","header-above-stick-meta":"","header-main-stick-meta":"","header-below-stick-meta":"","astra-migrate-meta-layouts":"set","ast-page-background-enabled":"default","ast-page-background-meta":{"desktop":{"background-color":"","background-image":"","background-repeat":"repeat","background-position":"center center","background-size":"auto","background-attachment":"scroll","background-type":"","background-media":"","overlay-type":"","overlay-color":"","overlay-opacity":"","overlay-gradient":""},"tablet":{"background-color":"","background-image":"","background-repeat":"repeat","background-position":"center center","background-size":"auto","background-attachment":"scroll","background-type":"","background-media":"","overlay-type":"","overlay-color":"","overlay-opacity":"","overlay-gradient":""},"mobile":{"background-color":"","background-image":"","background-repeat":"repeat","background-position":"center center","background-size":"auto","background-attachment":"scroll","background-type":"","background-media":"","overlay-type":"","overlay-color":"","overlay-opacity":"","overlay-gradient":""}},"ast-content-background-meta":{"desktop":{"background-color":"var(--ast-global-color-5)","background-image":"","background-repeat":"repeat","background-position":"center center","background-size":"auto","background-attachment":"scroll","background-type":"","background-media":"","overlay-type":"","overlay-color":"","overlay-opacity":"","overlay-gradient":""},"tablet":{"background-color":"var(--ast-global-color-5)","background-image":"","background-repeat":"repeat","background-position":"center center","background-size":"auto","background-attachment":"scroll","background-type":"","background-media":"","overlay-type":"","overlay-color":"","overlay-opacity":"","overlay-gradient":""},"mobile":{"background-color":"var(--ast-global-color-5)","background-image":"","background-repeat":"repeat","background-position":"center center","background-size":"auto","background-attachment":"scroll","background-type":"","background-media":"","overlay-type":"","overlay-color":"","overlay-opacity":"","overlay-gradient":""}}},"product_brand":[],"product_cat":[1383,2495,1647,1701],"product_tag":[],"class_list":{"0":"post-29072","1":"product","2":"type-product","3":"status-publish","4":"has-post-thumbnail","6":"product_cat-tische","7":"product_cat-hoehenverstellbare-tische","8":"product_cat-standardprodukte","9":"product_cat-werkbaenke","10":"pa_storrelser-1600x800mm","11":"pa_storrelser-1800x800mm","12":"pa_storrelser-2000x800mm","13":"desktop-align-left","14":"tablet-align-left","15":"mobile-align-left","16":"ast-product-gallery-layout-horizontal","17":"ast-product-single-variable","18":"ast-product-tabs-layout-horizontal","20":"first","21":"onbackorder","22":"taxable","23":"shipping-taxable","24":"purchasable","25":"product-type-variable","26":"has-default-attributes"},"acf":[],"_links":{"self":[{"href":"https:\/\/jas.dk\/de\/wp-json\/wp\/v2\/product\/29072","targetHints":{"allow":["GET"]}}],"collection":[{"href":"https:\/\/jas.dk\/de\/wp-json\/wp\/v2\/product"}],"about":[{"href":"https:\/\/jas.dk\/de\/wp-json\/wp\/v2\/types\/product"}],"version-history":[{"count":7,"href":"https:\/\/jas.dk\/de\/wp-json\/wp\/v2\/product\/29072\/revisions"}],"predecessor-version":[{"id":39393,"href":"https:\/\/jas.dk\/de\/wp-json\/wp\/v2\/product\/29072\/revisions\/39393"}],"wp:featuredmedia":[{"embeddable":true,"href":"https:\/\/jas.dk\/de\/wp-json\/wp\/v2\/media\/29359"}],"wp:attachment":[{"href":"https:\/\/jas.dk\/de\/wp-json\/wp\/v2\/media?parent=29072"}],"wp:term":[{"taxonomy":"product_brand","embeddable":true,"href":"https:\/\/jas.dk\/de\/wp-json\/wp\/v2\/product_brand?post=29072"},{"taxonomy":"product_cat","embeddable":true,"href":"https:\/\/jas.dk\/de\/wp-json\/wp\/v2\/product_cat?post=29072"},{"taxonomy":"product_tag","embeddable":true,"href":"https:\/\/jas.dk\/de\/wp-json\/wp\/v2\/product_tag?post=29072"}],"curies":[{"name":"wp","href":"https:\/\/api.w.org\/{rel}","templated":true}]}}