{"id":29150,"date":"2026-01-15T11:31:14","date_gmt":"2026-01-15T10:31:14","guid":{"rendered":"https:\/\/jas.dk\/produkter\/unkategorisiert\/haengeregal-auf-raedern-modell-1\/"},"modified":"2026-03-23T14:25:34","modified_gmt":"2026-03-23T13:25:34","slug":"kleiderstaender-modell-1","status":"publish","type":"product","link":"https:\/\/jas.dk\/de\/produkte\/halterungen-und-gestelle\/kleiderstaender-modell-1\/","title":{"rendered":"H\u00e4ngest\u00e4nder auf Nivellierschuh &#8211; Modell 1"},"content":{"rendered":"<p data-start=\"1679\" data-end=\"2033\">Ein Kleiderb\u00fcgelregal sollte mehr sein als nur ein Kleiderb\u00fcgel &#8211; es sollte Ordnung schaffen, einen effizienten \u00dcberblick bieten und eine stabile L\u00f6sung f\u00fcr die t\u00e4glichen Abl\u00e4ufe sein. Diese <strong data-start=\"1814\" data-end=\"1840\">Art von Kleiderb\u00fcgelst\u00e4nder<\/strong> wurde genau zu diesem Zweck entworfen: um Kleidung und Kleidungsst\u00fccke sicher und strukturiert zu handhaben, sei es in einer gesch\u00e4ftigen Einzelhandelsumgebung, einem Packtisch, einem Lagerbereich oder einer Textilproduktionsst\u00e4tte. <\/p>\n<p data-start=\"2035\" data-end=\"2073\">Modell 1 ist in zwei praktischen Gr\u00f6\u00dfen erh\u00e4ltlich:<\/p>\n<ul data-start=\"2075\" data-end=\"2120\">\n<li data-start=\"2075\" data-end=\"2097\">\n<p data-start=\"2077\" data-end=\"2097\"><strong data-start=\"2077\" data-end=\"2097\">1500\u00d7500\u00d71600 mm<\/strong><\/p>\n<\/li>\n<li data-start=\"2098\" data-end=\"2120\">\n<p data-start=\"2100\" data-end=\"2120\"><strong data-start=\"2100\" data-end=\"2120\">2000\u00d7500\u00d71600 mm<\/strong><\/p>\n<\/li>\n<\/ul>\n<p data-start=\"2122\" data-end=\"2457\">So k\u00f6nnen Sie einen Kleiderb\u00fcgelst\u00e4nder w\u00e4hlen, der zur Menge der Kleidung und dem verf\u00fcgbaren Platz passt. Die solide Kleiderb\u00fcgelstange <strong data-start=\"2270\" data-end=\"2277\">mit einem Durchmesser von \u00d830<\/strong> sorgt f\u00fcr hohe Festigkeit und Stabilit\u00e4t. Das Gestell ist f\u00fcr eine Belastung von bis zu <strong data-start=\"2363\" data-end=\"2388\">100 kg pro Kleiderb\u00fcgelstange<\/strong> ausgelegt und eignet sich daher sowohl f\u00fcr leichte Kleidungsst\u00fccke als auch f\u00fcr schwerere W\u00e4sche. <\/p>\n<p data-start=\"2459\" data-end=\"2610\">Die Stilschuhe verleihen dem St\u00e4nder einen festen und stabilen Stand, was ideal ist, wenn der Kleiderb\u00fcgelst\u00e4nder haupts\u00e4chlich als fester Bestandteil des Arbeitsbereichs verwendet wird.<\/p>\n<h2 data-start=\"2617\" data-end=\"2649\"><strong data-start=\"2620\" data-end=\"2649\">Merkmale und Vorteile<\/strong><\/h2>\n<h3 data-start=\"2651\" data-end=\"2700\"><strong data-start=\"2655\" data-end=\"2700\">Robustes H\u00e4ngeregal mit hoher Tragf\u00e4higkeit<\/strong><\/h3>\n<p data-start=\"2701\" data-end=\"2950\">Dieser Kleiderb\u00fcgelst\u00e4nder wurde mit Blick auf St\u00e4rke und Stabilit\u00e4t entwickelt. Mit einer maximalen Belastung von <strong data-start=\"2799\" data-end=\"2824\">100 kg pro Kleiderb\u00fcgelstange<\/strong> kann er f\u00fcr gro\u00dfe Mengen an Kleidung verwendet werden &#8211; ein hervorragender Kleiderst\u00e4nder sowohl f\u00fcr den Betrieb als auch f\u00fcr die Lagerung. <\/p>\n<h3 data-start=\"2952\" data-end=\"3004\"><strong data-start=\"2956\" data-end=\"3004\">St\u00f6ckelschuhe sorgen f\u00fcr Stabilit\u00e4t in festen Bereichen<\/strong><\/h3>\n<p data-start=\"3005\" data-end=\"3067\">Die stilvollen Schuhe machen diesen Kleiderst\u00e4nder ideal f\u00fcr feste Standorte in der Wohnung:<\/p>\n<ul data-start=\"3068\" data-end=\"3240\">\n<li data-start=\"3068\" data-end=\"3087\">\n<p data-start=\"3070\" data-end=\"3087\">Gesch\u00e4ft und Ausstellungsraum<\/p>\n<\/li>\n<li data-start=\"3088\" data-end=\"3111\">\n<p data-start=\"3090\" data-end=\"3111\">Lager- und Verpackungsbereiche<\/p>\n<\/li>\n<li data-start=\"3112\" data-end=\"3240\">\n<p data-start=\"3114\" data-end=\"3240\">Backstage oder interner Textilumschlag<br data-start=\"3154\" data-end=\"3157\">Dies bietet eine leise und sichere L\u00f6sung, die sich im t\u00e4glichen Gebrauch nicht unn\u00f6tig bewegt.<\/p>\n<\/li>\n<\/ul>\n<h3 data-start=\"3242\" data-end=\"3289\"><strong data-start=\"3246\" data-end=\"3289\">Zwei Gr\u00f6\u00dfen &#8211; flexible Kapazit\u00e4t<\/strong><\/h3>\n<p data-start=\"3290\" data-end=\"3504\">Durch die Wahl zwischen 1500 mm und 2000 mm L\u00e4nge l\u00e4sst sich die Kapazit\u00e4t leicht skalieren. Ein l\u00e4ngeres H\u00e4ngeregal bietet maximalen Platz zum Aufh\u00e4ngen, w\u00e4hrend die k\u00fcrzere Version ideal f\u00fcr kleinere Bereiche und schmale Arbeitszonen ist. <\/p>\n<h3 data-start=\"3506\" data-end=\"3561\"><strong data-start=\"3510\" data-end=\"3561\">Geeignet als Kleiderst\u00e4nder und W\u00e4schest\u00e4nder<\/strong><\/h3>\n<p data-start=\"3562\" data-end=\"3615\">Der Kleiderb\u00fcgelst\u00e4nder kann f\u00fcr viele Aufgaben verwendet werden, unter anderem:<\/p>\n<ul data-start=\"3616\" data-end=\"3771\">\n<li data-start=\"3616\" data-end=\"3643\">\n<p data-start=\"3618\" data-end=\"3643\">Aufh\u00e4ngen der neu eingetroffenen Waren<\/p>\n<\/li>\n<li data-start=\"3644\" data-end=\"3685\">\n<p data-start=\"3646\" data-end=\"3685\">Gr\u00f6\u00dfen und Kollektionen sortieren<\/p>\n<\/li>\n<li data-start=\"3686\" data-end=\"3722\">\n<p data-start=\"3688\" data-end=\"3722\">Vor\u00fcbergehende Lagerung vor dem Verpacken<\/p>\n<\/li>\n<li data-start=\"3723\" data-end=\"3771\">\n<p data-start=\"3725\" data-end=\"3771\">Interne Organisation der Kleidung an den Arbeitspl\u00e4tzen<\/p>\n<\/li>\n<\/ul>\n<h2 data-start=\"3778\" data-end=\"3807\"><strong data-start=\"3781\" data-end=\"3807\">Anwendungsbereiche<\/strong><\/h2>\n<p data-start=\"3808\" data-end=\"3844\">Dieses <strong data-start=\"3814\" data-end=\"3829\">Kleiderb\u00fcgelgestell<\/strong> wird h\u00e4ufig verwendet:<\/p>\n<ul data-start=\"3846\" data-end=\"4184\">\n<li data-start=\"3846\" data-end=\"3913\">\n<p data-start=\"3848\" data-end=\"3913\"><strong data-start=\"3848\" data-end=\"3873\">L\u00e4den und Ausstellungsr\u00e4ume<\/strong> &#8211; Pr\u00e4sentation von Kleidung und Kollektionen<\/p>\n<\/li>\n<li data-start=\"3914\" data-end=\"3981\">\n<p data-start=\"3916\" data-end=\"3981\"><strong data-start=\"3916\" data-end=\"3937\">Lagerhaltung und Logistik<\/strong> &#8211; Lagerung und Sortierung vor dem Versand<\/p>\n<\/li>\n<li data-start=\"3982\" data-end=\"4039\">\n<p data-start=\"3984\" data-end=\"4039\"><strong data-start=\"3984\" data-end=\"4005\">Textilproduktion<\/strong> &#8211; Organisation zwischen Prozessen<\/p>\n<\/li>\n<li data-start=\"4040\" data-end=\"4113\">\n<p data-start=\"4042\" data-end=\"4113\"><strong data-start=\"4042\" data-end=\"4072\">E-Commerce und Verpackungsbereiche<\/strong> &#8211; Struktur und \u00dcberblick beim Kommissionieren und Verpacken<\/p>\n<\/li>\n<li data-start=\"4114\" data-end=\"4184\">\n<p data-start=\"4116\" data-end=\"4184\"><strong data-start=\"4116\" data-end=\"4139\">Veranstaltungen und Backstage<\/strong> &#8211; tempor\u00e4re Aufh\u00e4ngung mit hoher Kapazit\u00e4t<\/p>\n<\/li>\n<\/ul>\n<p data-start=\"4186\" data-end=\"4301\">Da der St\u00e4nder sowohl stabil als auch einfach ist, eignet er sich in vielen Arbeitsumgebungen sowohl als Kleiderst\u00e4nder als auch als Garderobenst\u00e4nder.<\/p>\n<h2 data-start=\"4308\" data-end=\"4334\"><strong data-start=\"4311\" data-end=\"4334\">Spezifikationen<\/strong><\/h2>\n<ul data-start=\"4335\" data-end=\"4640\">\n<li data-start=\"4335\" data-end=\"4384\">\n<p data-start=\"4337\" data-end=\"4384\"><strong data-start=\"4337\" data-end=\"4349\">Produkt:<\/strong> Kleiderb\u00fcgelhalter f\u00fcr Schuhe &#8211; Modell 1<\/p>\n<\/li>\n<li data-start=\"4385\" data-end=\"4440\">\n<p data-start=\"4387\" data-end=\"4440\"><strong data-start=\"4387\" data-end=\"4402\">Gr\u00f6\u00dfen:<\/strong> 1500\u00d7500\u00d71600 mm \/ 2000\u00d7500\u00d71600 mm<\/p>\n<\/li>\n<li data-start=\"4441\" data-end=\"4463\">\n<p data-start=\"4443\" data-end=\"4463\"><strong data-start=\"4443\" data-end=\"4456\">Ungef\u00e4hres Gewicht:<\/strong> 9kg<\/p>\n<\/li>\n<li data-start=\"4464\" data-end=\"4511\">\n<p data-start=\"4466\" data-end=\"4511\"><strong data-start=\"4466\" data-end=\"4487\">Max. Belastung:<\/strong> 100kg pro Aufh\u00e4ngestange<\/p>\n<\/li>\n<li data-start=\"4512\" data-end=\"4535\">\n<p data-start=\"4514\" data-end=\"4535\"><strong data-start=\"4514\" data-end=\"4529\">Aufh\u00e4ngestange:<\/strong> \u00d830<\/p>\n<\/li>\n<li data-start=\"4536\" data-end=\"4597\">\n<p data-start=\"4538\" data-end=\"4597\"><strong data-start=\"4538\" data-end=\"4551\">Funktion:<\/strong> Kleiderb\u00fcgelst\u00e4nder \/ Kleiderst\u00e4nder \/ Kleiderst\u00e4nder<\/p>\n<\/li>\n<li data-start=\"4598\" data-end=\"4640\">\n<p data-start=\"4600\" data-end=\"4640\"><strong data-start=\"4600\" data-end=\"4609\">Basis:<\/strong> Stiletto-Schuh f\u00fcr stabile Positionierung<\/p>\n<\/li>\n<\/ul>\n<h2 data-start=\"4647\" data-end=\"4688\"><strong data-start=\"4650\" data-end=\"4688\">Personalisierung und Speziall\u00f6sungen<\/strong><\/h2>\n<p data-start=\"4689\" data-end=\"4909\">Ben\u00f6tigen Sie ein Kleiderb\u00fcgelgestell in anderen Abmessungen oder mit speziellen Anpassungen f\u00fcr Ihren Betrieb? JAS kann Ihnen ma\u00dfgeschneiderte Abmessungen und Anpassungen anbieten, die sich optimal an Ihre internen Abl\u00e4ufe, Ihren Platz und die Handhabung von Textilien anpassen. <\/p>\n<h2 data-start=\"4916\" data-end=\"4951\"><strong data-start=\"4919\" data-end=\"4951\">Bestellung und Beratung<\/strong><\/h2>\n<p data-start=\"4952\" data-end=\"5194\">Wenn Sie einen stabilen <strong data-start=\"4977\" data-end=\"4992\">Kleiderb\u00fcgelst\u00e4nder<\/strong>, einen starken <strong data-start=\"5004\" data-end=\"5025\">Kleiderst\u00e4nder<\/strong> oder einen funktionellen <strong data-start=\"5047\" data-end=\"5060\">Kleiderst\u00e4nder<\/strong> f\u00fcr den professionellen Einsatz suchen, ist JAS bereit, Sie zu beraten und Ihnen die richtige L\u00f6sung zu liefern. Schicken Sie uns eine unverbindliche Anfrage oder nehmen Sie Kontakt mit uns auf, wenn Sie eine individuelle L\u00f6sung suchen. <\/p>\n","protected":false},"excerpt":{"rendered":"<p>Dieses <strong data-start=\"544\" data-end=\"559\">H\u00e4ngeregal<\/strong> am Stilschuh (Modell 1) ist eine stabile und einfache L\u00f6sung zum Aufh\u00e4ngen von Kleidung, Textilien oder anderen Gegenst\u00e4nden in Gesch\u00e4ften, Lagern, Ausstellungsr\u00e4umen und Produktionsumgebungen. Das Regal funktioniert sowohl als <strong data-start=\"708\" data-end=\"729\">Kleiderst\u00e4nder<\/strong> als auch als <strong data-start=\"733\" data-end=\"746\">Kleiderst\u00e4nder<\/strong> und ist mit einer robusten Kleiderb\u00fcgelstange \u00d830 ausgestattet, die bis zu 100 kg pro Kleiderb\u00fcgelstange tragen kann. Mit den Ma\u00dfen 1500\u00d7500\u00d71600 mm und 2000\u00d7500\u00d71600 mm kann der Kleiderst\u00e4nder an unterschiedliche Kapazit\u00e4ten und Platzanforderungen angepasst werden. Die St\u00fctzen sorgen f\u00fcr gute Stabilit\u00e4t und machen das Regal ideal f\u00fcr feste Standorte.   <\/p>\n","protected":false},"featured_media":29151,"template":"","meta":{"_acf_changed":false,"site-sidebar-layout":"default","site-content-layout":"","ast-site-content-layout":"default","site-content-style":"default","site-sidebar-style":"default","ast-global-header-display":"","ast-banner-title-visibility":"","ast-main-header-display":"","ast-hfb-above-header-display":"","ast-hfb-below-header-display":"","ast-hfb-mobile-header-display":"","site-post-title":"","ast-breadcrumbs-content":"","ast-featured-img":"","footer-sml-layout":"","ast-disable-related-posts":"","theme-transparent-header-meta":"default","adv-header-id-meta":"","stick-header-meta":"default","header-above-stick-meta":"","header-main-stick-meta":"","header-below-stick-meta":"","astra-migrate-meta-layouts":"set","ast-page-background-enabled":"default","ast-page-background-meta":{"desktop":{"background-color":"","background-image":"","background-repeat":"repeat","background-position":"center center","background-size":"auto","background-attachment":"scroll","background-type":"","background-media":"","overlay-type":"","overlay-color":"","overlay-opacity":"","overlay-gradient":""},"tablet":{"background-color":"","background-image":"","background-repeat":"repeat","background-position":"center center","background-size":"auto","background-attachment":"scroll","background-type":"","background-media":"","overlay-type":"","overlay-color":"","overlay-opacity":"","overlay-gradient":""},"mobile":{"background-color":"","background-image":"","background-repeat":"repeat","background-position":"center center","background-size":"auto","background-attachment":"scroll","background-type":"","background-media":"","overlay-type":"","overlay-color":"","overlay-opacity":"","overlay-gradient":""}},"ast-content-background-meta":{"desktop":{"background-color":"var(--ast-global-color-5)","background-image":"","background-repeat":"repeat","background-position":"center center","background-size":"auto","background-attachment":"scroll","background-type":"","background-media":"","overlay-type":"","overlay-color":"","overlay-opacity":"","overlay-gradient":""},"tablet":{"background-color":"var(--ast-global-color-5)","background-image":"","background-repeat":"repeat","background-position":"center center","background-size":"auto","background-attachment":"scroll","background-type":"","background-media":"","overlay-type":"","overlay-color":"","overlay-opacity":"","overlay-gradient":""},"mobile":{"background-color":"var(--ast-global-color-5)","background-image":"","background-repeat":"repeat","background-position":"center center","background-size":"auto","background-attachment":"scroll","background-type":"","background-media":"","overlay-type":"","overlay-color":"","overlay-opacity":"","overlay-gradient":""}}},"product_brand":[],"product_cat":[1375,1648,1411,1647],"product_tag":[],"class_list":{"0":"post-29150","1":"product","2":"type-product","3":"status-publish","4":"has-post-thumbnail","6":"product_cat-halterungen-und-gestelle","7":"product_cat-kleiderbuegelstaender","8":"product_cat-kleiderstaender","9":"product_cat-standard-produkte","10":"pa_storrelser-1500x500x1600mm","11":"pa_storrelser-2000x500x1600mm","12":"desktop-align-left","13":"tablet-align-left","14":"mobile-align-left","15":"ast-product-gallery-layout-horizontal","16":"ast-product-gallery-with-no-image","17":"ast-product-single-variable","18":"ast-product-tabs-layout-horizontal","20":"first","21":"instock","22":"taxable","23":"shipping-taxable","24":"purchasable","25":"product-type-variable","26":"has-default-attributes"},"acf":[],"_links":{"self":[{"href":"https:\/\/jas.dk\/de\/wp-json\/wp\/v2\/product\/29150","targetHints":{"allow":["GET"]}}],"collection":[{"href":"https:\/\/jas.dk\/de\/wp-json\/wp\/v2\/product"}],"about":[{"href":"https:\/\/jas.dk\/de\/wp-json\/wp\/v2\/types\/product"}],"version-history":[{"count":11,"href":"https:\/\/jas.dk\/de\/wp-json\/wp\/v2\/product\/29150\/revisions"}],"predecessor-version":[{"id":38601,"href":"https:\/\/jas.dk\/de\/wp-json\/wp\/v2\/product\/29150\/revisions\/38601"}],"wp:featuredmedia":[{"embeddable":true,"href":"https:\/\/jas.dk\/de\/wp-json\/wp\/v2\/media\/29151"}],"wp:attachment":[{"href":"https:\/\/jas.dk\/de\/wp-json\/wp\/v2\/media?parent=29150"}],"wp:term":[{"taxonomy":"product_brand","embeddable":true,"href":"https:\/\/jas.dk\/de\/wp-json\/wp\/v2\/product_brand?post=29150"},{"taxonomy":"product_cat","embeddable":true,"href":"https:\/\/jas.dk\/de\/wp-json\/wp\/v2\/product_cat?post=29150"},{"taxonomy":"product_tag","embeddable":true,"href":"https:\/\/jas.dk\/de\/wp-json\/wp\/v2\/product_tag?post=29150"}],"curies":[{"name":"wp","href":"https:\/\/api.w.org\/{rel}","templated":true}]}}