{"id":29158,"date":"2026-01-15T11:37:20","date_gmt":"2026-01-15T10:37:20","guid":{"rendered":"https:\/\/jas.dk\/produkter\/unkategorisiert\/kleiderbuegelstaender-mit-2-kleiderbuegelstangen-modell-3\/"},"modified":"2026-03-23T14:25:16","modified_gmt":"2026-03-23T13:25:16","slug":"kleiderstaender-mit-2-kleiderstangen-modell-3","status":"publish","type":"product","link":"https:\/\/jas.dk\/de\/produkte\/halterungen-und-gestelle\/kleiderstaender-mit-2-kleiderstangen-modell-3\/","title":{"rendered":"Kleiderst\u00e4nder auf Nivellierfu\u00df mit 2 Kleiderstangen \u2013 Modell 3"},"content":{"rendered":"<p data-start=\"1512\" data-end=\"1786\">Modell 3 ist ein robuster <strong data-start=\"1533\" data-end=\"1567\">Kleiderb\u00fcgelst\u00e4nder mit 2 B\u00fcgelstangen<\/strong>, der Ihnen eine weitaus gr\u00f6\u00dfere Kapazit\u00e4t bietet als herk\u00f6mmliche Kleiderst\u00e4nder. Die Konstruktion ist f\u00fcr feste Standorte konzipiert, an denen Stabilit\u00e4t, Langlebigkeit und \u00dcbersicht wichtig sind und an denen Sie den Platz optimal nutzen m\u00f6chten. <\/p>\n<p data-start=\"1788\" data-end=\"1874\">Der St\u00e4nder ist in zwei Gr\u00f6\u00dfen erh\u00e4ltlich, so dass Sie die L\u00e4nge w\u00e4hlen k\u00f6nnen, die Ihren Bed\u00fcrfnissen entspricht:<\/p>\n<ul data-start=\"1876\" data-end=\"1921\">\n<li data-start=\"1876\" data-end=\"1898\">\n<p data-start=\"1878\" data-end=\"1898\"><strong data-start=\"1878\" data-end=\"1898\">1500\u00d7500\u00d71600 mm<\/strong><\/p>\n<\/li>\n<li data-start=\"1899\" data-end=\"1921\">\n<p data-start=\"1901\" data-end=\"1921\"><strong data-start=\"1901\" data-end=\"1921\">2000\u00d7500\u00d71600 mm<\/strong><\/p>\n<\/li>\n<\/ul>\n<p data-start=\"1923\" data-end=\"2140\">Der gr\u00f6\u00dfte Vorteil dieses Kleiderb\u00fcgelst\u00e4nders sind die zwei B\u00fcgelstangen<strong data-start=\"1987\" data-end=\"1996\">(\u00d830\u00d72<\/strong>), mit denen Sie den B\u00fcgel in zwei Ebenen unterteilen k\u00f6nnen. Das macht das Regal perfekt f\u00fcr Gesch\u00e4fte, in denen zum Beispiel h\u00e4ufig Kleidung sortiert wird: <\/p>\n<ul data-start=\"2141\" data-end=\"2241\">\n<li data-start=\"2141\" data-end=\"2154\">\n<p data-start=\"2143\" data-end=\"2154\">Gr\u00f6\u00dfe<\/p>\n<\/li>\n<li data-start=\"2155\" data-end=\"2165\">\n<p data-start=\"2157\" data-end=\"2165\">Farben<\/p>\n<\/li>\n<li data-start=\"2166\" data-end=\"2181\">\n<p data-start=\"2168\" data-end=\"2181\">Kundenauftr\u00e4ge<\/p>\n<\/li>\n<li data-start=\"2182\" data-end=\"2198\">\n<p data-start=\"2184\" data-end=\"2198\">Sammlungen<\/p>\n<\/li>\n<li data-start=\"2199\" data-end=\"2241\">\n<p data-start=\"2201\" data-end=\"2241\">Produkttyp (Jacken, Hosen, Hemden, etc.)<\/p>\n<\/li>\n<\/ul>\n<p data-start=\"2243\" data-end=\"2438\">Jede Kleiderstange kann mit bis zu <strong data-start=\"2279\" data-end=\"2300\">100 kg belastet<\/strong> werden. Damit eignet sich dieser Kleiderst\u00e4nder sowohl f\u00fcr leichte als auch f\u00fcr schwerere Kleidung, wenn Sie eine L\u00f6sung suchen, die viele Jahre lang h\u00e4lt.<\/p>\n<h2 data-start=\"2445\" data-end=\"2477\"><strong data-start=\"2448\" data-end=\"2477\">Merkmale und Vorteile<\/strong><\/h2>\n<h3 data-start=\"2479\" data-end=\"2529\"><strong data-start=\"2483\" data-end=\"2529\">Doppelte Aufh\u00e4ngung &#8211; mehr Kapazit\u00e4t pro m\u00b2<\/strong><\/h3>\n<p data-start=\"2530\" data-end=\"2684\">Mit zwei Aufh\u00e4ngestangen erhalten Sie deutlich mehr Platz zum Aufh\u00e4ngen, ohne mehr Bodenfl\u00e4che zu ben\u00f6tigen. So maximieren Sie die Nutzung der Lager- und Ladenkapazit\u00e4t. <\/p>\n<h3 data-start=\"2686\" data-end=\"2731\"><strong data-start=\"2690\" data-end=\"2731\">Perfekt zum Sortieren und Organisieren<\/strong><\/h3>\n<p data-start=\"2732\" data-end=\"2904\">Mit diesem Kleiderb\u00fcgelregal behalten Sie leicht den \u00dcberblick \u00fcber Ihre Kleidung, denn Sie k\u00f6nnen klare Zonen schaffen. F\u00fcr viele Unternehmen bedeutet dies weniger Fehler, bessere Abl\u00e4ufe und schnellere Bearbeitung. <\/p>\n<h3 data-start=\"2906\" data-end=\"2954\"><strong data-start=\"2910\" data-end=\"2954\">Stabile L\u00f6sung f\u00fcr feste Standorte<\/strong><\/h3>\n<p data-start=\"2955\" data-end=\"3061\">Die Stiletto-Beine sorgen f\u00fcr Stabilit\u00e4t und machen den St\u00e4nder ideal f\u00fcr Orte, an denen er fest stehen muss &#8211; zum Beispiel in:<\/p>\n<ul data-start=\"3062\" data-end=\"3153\">\n<li data-start=\"3062\" data-end=\"3074\">\n<p data-start=\"3064\" data-end=\"3074\">Ausstellungsraum<\/p>\n<\/li>\n<li data-start=\"3075\" data-end=\"3089\">\n<p data-start=\"3077\" data-end=\"3089\">Lagerzonen<\/p>\n<\/li>\n<li data-start=\"3090\" data-end=\"3121\">\n<p data-start=\"3092\" data-end=\"3121\">Verpackungs- und Sortierbereiche<\/p>\n<\/li>\n<li data-start=\"3122\" data-end=\"3153\">\n<p data-start=\"3124\" data-end=\"3153\">Im Lager oder hinter der B\u00fchne<\/p>\n<\/li>\n<\/ul>\n<h3 data-start=\"3155\" data-end=\"3205\"><strong data-start=\"3159\" data-end=\"3205\">Hohe Belastung &#8211; 100kg pro Aufh\u00e4ngestange<\/strong><\/h3>\n<p data-start=\"3206\" data-end=\"3376\">Ein professioneller Kleiderst\u00e4nder muss einer starken Beanspruchung standhalten k\u00f6nnen. Deshalb ist dieser Kleiderb\u00fcgelst\u00e4nder f\u00fcr hohe Belastungen ausgelegt, bei denen oft gro\u00dfe Mengen an Kleidung auf demselben St\u00e4nder aufgeh\u00e4ngt werden. <\/p>\n<h3 data-start=\"3378\" data-end=\"3450\"><strong data-start=\"3382\" data-end=\"3450\">Geeignet als Kleider- und Bekleidungsst\u00e4nder in vielen Branchen<\/strong><\/h3>\n<p data-start=\"3451\" data-end=\"3475\">Das Model 3 wird in der Regel verwendet in:<\/p>\n<ul data-start=\"3476\" data-end=\"3629\">\n<li data-start=\"3476\" data-end=\"3502\">\n<p data-start=\"3478\" data-end=\"3502\">Modegesch\u00e4fte und Einzelhandel<\/p>\n<\/li>\n<li data-start=\"3503\" data-end=\"3540\">\n<p data-start=\"3505\" data-end=\"3540\">Textil- und Bekleidungsproduktion<\/p>\n<\/li>\n<li data-start=\"3541\" data-end=\"3554\">\n<p data-start=\"3543\" data-end=\"3554\">Ausstellungsr\u00e4ume<\/p>\n<\/li>\n<li data-start=\"3555\" data-end=\"3581\">\n<p data-start=\"3557\" data-end=\"3581\">E-Commerce und Kommissionierung und Verpackung<\/p>\n<\/li>\n<li data-start=\"3582\" data-end=\"3629\">\n<p data-start=\"3584\" data-end=\"3629\">Logistik und interne Abwicklung der Arbeitskleidung<\/p>\n<\/li>\n<\/ul>\n<h2 data-start=\"3636\" data-end=\"3665\"><strong data-start=\"3639\" data-end=\"3665\">Anwendungsbereiche<\/strong><\/h2>\n<p data-start=\"3666\" data-end=\"3782\">Ein <strong data-start=\"3669\" data-end=\"3703\">H\u00e4ngeregal mit 2 Aufh\u00e4ngestangen<\/strong> ist ideal f\u00fcr alle Situationen, in denen Sie eine hohe Kapazit\u00e4t und eine bessere Struktur w\u00fcnschen:<\/p>\n<ul data-start=\"3784\" data-end=\"4105\">\n<li data-start=\"3784\" data-end=\"3848\">\n<p data-start=\"3786\" data-end=\"3848\"><strong data-start=\"3786\" data-end=\"3805\">Gesch\u00e4ft und Einzelhandel<\/strong> &#8211; Aufteilung von Kollektionen und Gr\u00f6\u00dfen<\/p>\n<\/li>\n<li data-start=\"3849\" data-end=\"3912\">\n<p data-start=\"3851\" data-end=\"3912\"><strong data-start=\"3851\" data-end=\"3863\">Showroom<\/strong> &#8211; Pr\u00e4sentation mehrerer Linien auf demselben Stand<\/p>\n<\/li>\n<li data-start=\"3913\" data-end=\"3978\">\n<p data-start=\"3915\" data-end=\"3978\"><strong data-start=\"3915\" data-end=\"3936\">Lager und Logistik<\/strong> &#8211; Sortierung pro Auftrag und schnellere Kommissionierung<\/p>\n<\/li>\n<li data-start=\"3979\" data-end=\"4030\">\n<p data-start=\"3981\" data-end=\"4030\"><strong data-start=\"3981\" data-end=\"3995\">E-Commerce<\/strong> &#8211; effiziente Vorbereitung und Verpackung<\/p>\n<\/li>\n<li data-start=\"4031\" data-end=\"4105\">\n<p data-start=\"4033\" data-end=\"4105\"><strong data-start=\"4033\" data-end=\"4054\">Textilproduktion<\/strong> &#8211; Zwischenstation in Produktion und Qualit\u00e4tskontrolle<\/p>\n<\/li>\n<\/ul>\n<h2 data-start=\"4112\" data-end=\"4138\"><strong data-start=\"4115\" data-end=\"4138\">Spezifikationen<\/strong><\/h2>\n<ul data-start=\"4139\" data-end=\"4457\">\n<li data-start=\"4139\" data-end=\"4196\">\n<p data-start=\"4141\" data-end=\"4196\"><strong data-start=\"4141\" data-end=\"4153\">Produkt:<\/strong> Kleiderb\u00fcgelst\u00e4nder mit 2 B\u00fcgelstangen &#8211; Modell 3<\/p>\n<\/li>\n<li data-start=\"4197\" data-end=\"4252\">\n<p data-start=\"4199\" data-end=\"4252\"><strong data-start=\"4199\" data-end=\"4214\">Gr\u00f6\u00dfen:<\/strong> 1500\u00d7500\u00d71600 mm \/ 2000\u00d7500\u00d71600 mm<\/p>\n<\/li>\n<li data-start=\"4253\" data-end=\"4278\">\n<p data-start=\"4255\" data-end=\"4278\"><strong data-start=\"4255\" data-end=\"4268\">Ungef\u00e4hres Gewicht:<\/strong> 12,3 kg<\/p>\n<\/li>\n<li data-start=\"4279\" data-end=\"4326\">\n<p data-start=\"4281\" data-end=\"4326\"><strong data-start=\"4281\" data-end=\"4302\">Max. Belastung:<\/strong> 100kg pro Aufh\u00e4ngestange<\/p>\n<\/li>\n<li data-start=\"4327\" data-end=\"4354\">\n<p data-start=\"4329\" data-end=\"4354\"><strong data-start=\"4329\" data-end=\"4344\">Aufh\u00e4ngestange:<\/strong> \u00d830 \u00d7 2<\/p>\n<\/li>\n<li data-start=\"4355\" data-end=\"4416\">\n<p data-start=\"4357\" data-end=\"4416\"><strong data-start=\"4357\" data-end=\"4370\">Funktion:<\/strong> Kleiderb\u00fcgelst\u00e4nder \/ Kleiderst\u00e4nder \/ Kleiderst\u00e4nder<\/p>\n<\/li>\n<li data-start=\"4417\" data-end=\"4457\">\n<p data-start=\"4419\" data-end=\"4457\"><strong data-start=\"4419\" data-end=\"4428\">Basis:<\/strong> Stiletto (stabile Platzierung)<\/p>\n<\/li>\n<\/ul>\n<h2 data-start=\"4464\" data-end=\"4505\"><strong data-start=\"4467\" data-end=\"4505\">Personalisierung und Speziall\u00f6sungen<\/strong><\/h2>\n<p data-start=\"4506\" data-end=\"4789\">JAS kann Kleiderb\u00fcgelst\u00e4nder in kundenspezifischen Gr\u00f6\u00dfen und mit Anpassungen f\u00fcr bestimmte Arbeitsabl\u00e4ufe liefern. Wenn Sie zum Beispiel zus\u00e4tzliche Abst\u00e4nde zwischen den B\u00fcgelstangen, Verst\u00e4rkungen, unterschiedliche H\u00f6hen oder L\u00f6sungen f\u00fcr bestimmte Arten von B\u00fcgeln und Textilien ben\u00f6tigen, k\u00f6nnen wir das Design an Ihre Bed\u00fcrfnisse anpassen. <\/p>\n<h2 data-start=\"4796\" data-end=\"4831\"><strong data-start=\"4799\" data-end=\"4831\">Bestellung und Beratung<\/strong><\/h2>\n<p data-start=\"4832\" data-end=\"5063\">M\u00f6chten Sie ein stabiles <strong data-start=\"4852\" data-end=\"4867\">Kleiderregal<\/strong> mit doppelter Kapazit\u00e4t, das f\u00fcr eine bessere Struktur und h\u00f6here Effizienz in Ihrem Betrieb sorgt? Kontaktieren Sie JAS f\u00fcr ein Angebot und eine Beratung \u00fcber den richtigen <strong data-start=\"5030\" data-end=\"5043\">Kleiderst\u00e4nder<\/strong> f\u00fcr Ihr Unternehmen. <\/p>\n","protected":false},"excerpt":{"rendered":"<p>Dieser <strong data-start=\"402\" data-end=\"436\">Kleiderb\u00fcgelst\u00e4nder mit 2 B\u00fcgelstangen<\/strong> (Modell 3) ist ein stabiler und platzoptimierter Kleiderst\u00e4nder f\u00fcr die professionelle Aufh\u00e4ngung von Kleidung in Gesch\u00e4ften, Lagern und Ausstellungsr\u00e4umen. Mit zwei B\u00fcgelstangen (\u00d830\u00d72) erhalten Sie deutlich mehr Aufh\u00e4ngekapazit\u00e4t und eine bessere Sortierung von Kollektionen, Gr\u00f6\u00dfen oder Bestellungen. Das Regal ist in den Gr\u00f6\u00dfen 1500\u00d7500\u00d71600 mm und 2000\u00d7500\u00d71600 mm erh\u00e4ltlich und kann bis zu 100 kg pro Kleiderb\u00fcgelstange tragen. Ideal als Kleiderst\u00e4nder f\u00fcr feste Standorte, wo eine hohe Kapazit\u00e4t und eine gute \u00dcbersicht wichtig sind.    <\/p>\n","protected":false},"featured_media":29159,"template":"","meta":{"_acf_changed":false,"site-sidebar-layout":"default","site-content-layout":"","ast-site-content-layout":"default","site-content-style":"default","site-sidebar-style":"default","ast-global-header-display":"","ast-banner-title-visibility":"","ast-main-header-display":"","ast-hfb-above-header-display":"","ast-hfb-below-header-display":"","ast-hfb-mobile-header-display":"","site-post-title":"","ast-breadcrumbs-content":"","ast-featured-img":"","footer-sml-layout":"","ast-disable-related-posts":"","theme-transparent-header-meta":"default","adv-header-id-meta":"","stick-header-meta":"default","header-above-stick-meta":"","header-main-stick-meta":"","header-below-stick-meta":"","astra-migrate-meta-layouts":"set","ast-page-background-enabled":"default","ast-page-background-meta":{"desktop":{"background-color":"","background-image":"","background-repeat":"repeat","background-position":"center center","background-size":"auto","background-attachment":"scroll","background-type":"","background-media":"","overlay-type":"","overlay-color":"","overlay-opacity":"","overlay-gradient":""},"tablet":{"background-color":"","background-image":"","background-repeat":"repeat","background-position":"center center","background-size":"auto","background-attachment":"scroll","background-type":"","background-media":"","overlay-type":"","overlay-color":"","overlay-opacity":"","overlay-gradient":""},"mobile":{"background-color":"","background-image":"","background-repeat":"repeat","background-position":"center center","background-size":"auto","background-attachment":"scroll","background-type":"","background-media":"","overlay-type":"","overlay-color":"","overlay-opacity":"","overlay-gradient":""}},"ast-content-background-meta":{"desktop":{"background-color":"var(--ast-global-color-5)","background-image":"","background-repeat":"repeat","background-position":"center center","background-size":"auto","background-attachment":"scroll","background-type":"","background-media":"","overlay-type":"","overlay-color":"","overlay-opacity":"","overlay-gradient":""},"tablet":{"background-color":"var(--ast-global-color-5)","background-image":"","background-repeat":"repeat","background-position":"center center","background-size":"auto","background-attachment":"scroll","background-type":"","background-media":"","overlay-type":"","overlay-color":"","overlay-opacity":"","overlay-gradient":""},"mobile":{"background-color":"var(--ast-global-color-5)","background-image":"","background-repeat":"repeat","background-position":"center center","background-size":"auto","background-attachment":"scroll","background-type":"","background-media":"","overlay-type":"","overlay-color":"","overlay-opacity":"","overlay-gradient":""}}},"product_brand":[],"product_cat":[1375,1648,1411,1647],"product_tag":[],"class_list":{"0":"post-29158","1":"product","2":"type-product","3":"status-publish","4":"has-post-thumbnail","6":"product_cat-halterungen-und-gestelle","7":"product_cat-kleiderbuegelstaender","8":"product_cat-kleiderstaender","9":"product_cat-standard-produkte","10":"pa_storrelser-1500x500x1600mm","11":"pa_storrelser-2000x500x1600mm","12":"desktop-align-left","13":"tablet-align-left","14":"mobile-align-left","15":"ast-product-gallery-layout-horizontal","16":"ast-product-single-variable","17":"ast-product-tabs-layout-horizontal","19":"first","20":"instock","21":"taxable","22":"shipping-taxable","23":"purchasable","24":"product-type-variable","25":"has-default-attributes"},"acf":[],"_links":{"self":[{"href":"https:\/\/jas.dk\/de\/wp-json\/wp\/v2\/product\/29158","targetHints":{"allow":["GET"]}}],"collection":[{"href":"https:\/\/jas.dk\/de\/wp-json\/wp\/v2\/product"}],"about":[{"href":"https:\/\/jas.dk\/de\/wp-json\/wp\/v2\/types\/product"}],"version-history":[{"count":7,"href":"https:\/\/jas.dk\/de\/wp-json\/wp\/v2\/product\/29158\/revisions"}],"predecessor-version":[{"id":38599,"href":"https:\/\/jas.dk\/de\/wp-json\/wp\/v2\/product\/29158\/revisions\/38599"}],"wp:featuredmedia":[{"embeddable":true,"href":"https:\/\/jas.dk\/de\/wp-json\/wp\/v2\/media\/29159"}],"wp:attachment":[{"href":"https:\/\/jas.dk\/de\/wp-json\/wp\/v2\/media?parent=29158"}],"wp:term":[{"taxonomy":"product_brand","embeddable":true,"href":"https:\/\/jas.dk\/de\/wp-json\/wp\/v2\/product_brand?post=29158"},{"taxonomy":"product_cat","embeddable":true,"href":"https:\/\/jas.dk\/de\/wp-json\/wp\/v2\/product_cat?post=29158"},{"taxonomy":"product_tag","embeddable":true,"href":"https:\/\/jas.dk\/de\/wp-json\/wp\/v2\/product_tag?post=29158"}],"curies":[{"name":"wp","href":"https:\/\/api.w.org\/{rel}","templated":true}]}}