{"id":29821,"date":"2026-01-15T10:57:33","date_gmt":"2026-01-15T09:57:33","guid":{"rendered":"https:\/\/jas.dk\/produkter\/unkategorisiert\/sitz-steh-tisch-mit-kippfunktion-erg-o-let-310-modell-1\/"},"modified":"2026-04-13T09:34:09","modified_gmt":"2026-04-13T07:34:09","slug":"hoehenverstellbarer-arbeitstisch-mit-kippfunktion-erg-o-let-310-modell-1","status":"publish","type":"product","link":"https:\/\/jas.dk\/de\/produkte\/tische\/hoehenverstellbarer-arbeitstisch-mit-kippfunktion-erg-o-let-310-modell-1\/","title":{"rendered":"Sitz-Steh-Tisch mit Kippfunktion &#8211; Erg-O-Let 310 &#8211; Modell 1"},"content":{"rendered":"<h2 data-start=\"724\" data-end=\"783\">H\u00f6henverstellbarer Tisch mit Neigungsfunktion<\/h2>\n<p data-start=\"784\" data-end=\"1664\">Dieser <strong data-start=\"790\" data-end=\"834\">h\u00f6henverstellbare Tisch mit Kippfunktion<\/strong> basiert auf unserem Modell erg-o-let 310 und ist f\u00fcr eine effiziente, ergonomische Handhabung in der Montage und Produktion konzipiert. Der Tisch fungiert als <strong data-start=\"928\" data-end=\"941\">Kipptisch<\/strong>, <strong data-start=\"943\" data-end=\"958\">Montagetisch<\/strong>, <strong data-start=\"960\" data-end=\"979\">Produktionstisch<\/strong> und kompletter <strong data-start=\"991\" data-end=\"1009\">Arbeitsplatz<\/strong>.<br data-start=\"1129\" data-end=\"1132\">Die Arbeitsfl\u00e4che <strong data-start=\"1149\" data-end=\"1164\">von 1600\/1800\/2000x800mm<\/strong> bietet Platz f\u00fcr Montage und Pr\u00fcfung, w\u00e4hrend die elektrische Winkelverstellung (bis zu <strong data-start=\"1247\" data-end=\"1254\">80\u00b0<\/strong>) das Werkst\u00fcck in die richtige Arbeitsposition bringt. Die solide Konstruktion mit einer <strong data-start=\"1329\" data-end=\"1354\">Tragkraft von 400 kg<\/strong> und einem <strong data-start=\"1358\" data-end=\"1373\">Gewicht von 110 kg<\/strong> sorgt f\u00fcr einen leisen, vibrationsarmen Betrieb. Die Tischplatte<strong> aus 22 mm starkem Laminat (ABS Edge)<\/strong> ist langlebig und flach &#8211; ideal f\u00fcr wiederholte Montagearbeiten.<br data-start=\"1512\" data-end=\"1515\">Die L\u00f6sung deckt auch den Bedarf als <strong data-start=\"1582\" data-end=\"1600\">h\u00f6henverstellbarer Tisch<\/strong>, elektrischer <strong data-start=\"1602\" data-end=\"1617\">Tisch<\/strong><span data-start=\"1602\" data-end=\"1617\">, <\/span><strong data-start=\"1619\" data-end=\"1632\">Tafeltisch<\/strong> und industrielle <strong data-start=\"1648\" data-end=\"1663\">Werkbank<\/strong>.   <\/p>\n<h2 data-start=\"1671\" data-end=\"1705\">Funktionen und Merkmale<\/h2>\n<ul data-start=\"1706\" data-end=\"2024\">\n<li data-start=\"1706\" data-end=\"1743\">\n<p data-start=\"1708\" data-end=\"1743\"><strong data-start=\"1708\" data-end=\"1729\">Arbeitsfl\u00e4che:<\/strong> 1600\/1800\/2000&#215;800 mm<\/p>\n<\/li>\n<li data-start=\"1744\" data-end=\"1785\">\n<p data-start=\"1746\" data-end=\"1785\"><strong data-start=\"1746\" data-end=\"1759\">H\u00f6henma\u00dfe:<\/strong> 750-1200 mm (elektrisch)<\/p>\n<\/li>\n<li data-start=\"1786\" data-end=\"1831\">\n<p data-start=\"1788\" data-end=\"1831\"><strong data-start=\"1788\" data-end=\"1806\">Neigefunktion:<\/strong> bis zu 80\u00b0 (elektrisch)<\/p>\n<\/li>\n<li data-start=\"1832\" data-end=\"1862\">\n<p data-start=\"1834\" data-end=\"1862\"><strong data-start=\"1834\" data-end=\"1853\">Hebekraft:<\/strong> 400 kg<\/p>\n<\/li>\n<li data-start=\"1863\" data-end=\"1883\">\n<p data-start=\"1865\" data-end=\"1883\"><strong data-start=\"1865\" data-end=\"1874\">Gewicht:<\/strong> 110kg<\/p>\n<\/li>\n<li data-start=\"1884\" data-end=\"1935\">\n<p data-start=\"1886\" data-end=\"1935\"><strong data-start=\"1886\" data-end=\"1900\">Arbeitsplatte:<\/strong> 22mm Laminatplatte (ABS-Kante)<\/p>\n<\/li>\n<\/ul>\n<h2 data-start=\"2031\" data-end=\"2067\">Vorteile f\u00fcr Ihr Unternehmen<\/h2>\n<ul data-start=\"2068\" data-end=\"2399\">\n<li data-start=\"2068\" data-end=\"2127\">\n<p data-start=\"2070\" data-end=\"2127\">Ergonomische L\u00f6sung mit pr\u00e4ziser H\u00f6hen- und Winkeleinstellung<\/p>\n<\/li>\n<li data-start=\"2193\" data-end=\"2254\">\n<p data-start=\"2195\" data-end=\"2254\">Stabiler Betrieb f\u00fcr schwere Werkst\u00fccke (400 kg) und wiederholte Montage<\/p>\n<\/li>\n<li data-start=\"2255\" data-end=\"2339\">\n<p data-start=\"2257\" data-end=\"2339\">Multifunktional: Kipptisch, Montagetisch, Produktionstisch, Elektroplattentisch\/Plattentisch<\/p>\n<\/li>\n<li data-start=\"2340\" data-end=\"2399\">\n<p data-start=\"2342\" data-end=\"2399\">Strapazierf\u00e4hige Laminat-Arbeitsfl\u00e4che f\u00fcr Langlebigkeit<\/p>\n<\/li>\n<\/ul>\n<h2 data-start=\"2406\" data-end=\"2434\">Anwendungsbereiche<\/h2>\n<ul data-start=\"2435\" data-end=\"2630\">\n<li data-start=\"2435\" data-end=\"2466\">\n<p data-start=\"2437\" data-end=\"2466\">Montage von Schalttafeln und Elektronik<\/p>\n<\/li>\n<li data-start=\"2467\" data-end=\"2501\">\n<p data-start=\"2469\" data-end=\"2501\">Feinmechanik, Pr\u00fcfung und Inspektion<\/p>\n<\/li>\n<li data-start=\"2502\" data-end=\"2561\">\n<p data-start=\"2504\" data-end=\"2561\">Zellen- und Linienproduktion mit mobilen Arbeitspl\u00e4tzen<\/p>\n<\/li>\n<li data-start=\"2562\" data-end=\"2630\">\n<p data-start=\"2564\" data-end=\"2630\">Industrielle <strong data-start=\"2576\" data-end=\"2591\">Werkbank<\/strong> f\u00fcr schwere Werkst\u00fccke mit Pr\u00e4zisionsanforderungen<\/p>\n<\/li>\n<\/ul>\n<p data-start=\"2637\" data-end=\"2929\">Mit einem <strong data-start=\"2658\" data-end=\"2716\">h\u00f6henverstellbaren Tisch mit Neigefunktion<\/strong> erhalten Sie einen robusten und ergonomischen <strong data-start=\"2755\" data-end=\"2773\">Arbeitsplatz<\/strong>, der <strong data-start=\"2790\" data-end=\"2805\">750-1200 mm<\/strong> H\u00f6henbereich, <strong data-start=\"2819\" data-end=\"2828\">0-80\u00b0<\/strong> Neigung und <strong data-start=\"2834\" data-end=\"2844\">400 kg<\/strong> Tragkraft kombiniert und f\u00fcr die moderne Montage und Produktion optimiert ist.<\/p>\n","protected":false},"excerpt":{"rendered":"<p>Dieser h\u00f6henverstellbare Tisch mit Neigefunktion ist das erste von vier Modellen der Serie.<br data-start=\"79\" data-end=\"82\">Der Tisch ist mit Hebe-, Senk- und Neigefunktionen ausgestattet.<\/p>\n","protected":false},"featured_media":29215,"template":"","meta":{"_acf_changed":false,"site-sidebar-layout":"default","site-content-layout":"","ast-site-content-layout":"default","site-content-style":"default","site-sidebar-style":"default","ast-global-header-display":"","ast-banner-title-visibility":"","ast-main-header-display":"","ast-hfb-above-header-display":"","ast-hfb-below-header-display":"","ast-hfb-mobile-header-display":"","site-post-title":"","ast-breadcrumbs-content":"","ast-featured-img":"","footer-sml-layout":"","ast-disable-related-posts":"","theme-transparent-header-meta":"default","adv-header-id-meta":"","stick-header-meta":"default","header-above-stick-meta":"","header-main-stick-meta":"","header-below-stick-meta":"","astra-migrate-meta-layouts":"set","ast-page-background-enabled":"default","ast-page-background-meta":{"desktop":{"background-color":"","background-image":"","background-repeat":"repeat","background-position":"center center","background-size":"auto","background-attachment":"scroll","background-type":"","background-media":"","overlay-type":"","overlay-color":"","overlay-opacity":"","overlay-gradient":""},"tablet":{"background-color":"","background-image":"","background-repeat":"repeat","background-position":"center center","background-size":"auto","background-attachment":"scroll","background-type":"","background-media":"","overlay-type":"","overlay-color":"","overlay-opacity":"","overlay-gradient":""},"mobile":{"background-color":"","background-image":"","background-repeat":"repeat","background-position":"center center","background-size":"auto","background-attachment":"scroll","background-type":"","background-media":"","overlay-type":"","overlay-color":"","overlay-opacity":"","overlay-gradient":""}},"ast-content-background-meta":{"desktop":{"background-color":"var(--ast-global-color-5)","background-image":"","background-repeat":"repeat","background-position":"center center","background-size":"auto","background-attachment":"scroll","background-type":"","background-media":"","overlay-type":"","overlay-color":"","overlay-opacity":"","overlay-gradient":""},"tablet":{"background-color":"var(--ast-global-color-5)","background-image":"","background-repeat":"repeat","background-position":"center center","background-size":"auto","background-attachment":"scroll","background-type":"","background-media":"","overlay-type":"","overlay-color":"","overlay-opacity":"","overlay-gradient":""},"mobile":{"background-color":"var(--ast-global-color-5)","background-image":"","background-repeat":"repeat","background-position":"center center","background-size":"auto","background-attachment":"scroll","background-type":"","background-media":"","overlay-type":"","overlay-color":"","overlay-opacity":"","overlay-gradient":""}}},"product_brand":[],"product_cat":[1383,1661,1677,1647,1701],"product_tag":[],"class_list":{"0":"post-29821","1":"product","2":"type-product","3":"status-publish","4":"has-post-thumbnail","6":"product_cat-tische","7":"product_cat-hoehenverstellbare-werkbaenke","8":"product_cat-installation-der-schalttafel","9":"product_cat-standard-produkte","10":"product_cat-werkbaenke","11":"pa_storrelser-1600x800mm","12":"pa_storrelser-1800x800mm","13":"pa_storrelser-2000x800mm","14":"desktop-align-left","15":"tablet-align-left","16":"mobile-align-left","17":"ast-product-gallery-layout-horizontal","18":"ast-product-gallery-with-no-image","19":"ast-product-single-variable","20":"ast-product-tabs-layout-horizontal","22":"first","23":"onbackorder","24":"taxable","25":"shipping-taxable","26":"purchasable","27":"product-type-variable","28":"has-default-attributes"},"acf":[],"_links":{"self":[{"href":"https:\/\/jas.dk\/de\/wp-json\/wp\/v2\/product\/29821","targetHints":{"allow":["GET"]}}],"collection":[{"href":"https:\/\/jas.dk\/de\/wp-json\/wp\/v2\/product"}],"about":[{"href":"https:\/\/jas.dk\/de\/wp-json\/wp\/v2\/types\/product"}],"version-history":[{"count":11,"href":"https:\/\/jas.dk\/de\/wp-json\/wp\/v2\/product\/29821\/revisions"}],"predecessor-version":[{"id":38353,"href":"https:\/\/jas.dk\/de\/wp-json\/wp\/v2\/product\/29821\/revisions\/38353"}],"wp:featuredmedia":[{"embeddable":true,"href":"https:\/\/jas.dk\/de\/wp-json\/wp\/v2\/media\/29215"}],"wp:attachment":[{"href":"https:\/\/jas.dk\/de\/wp-json\/wp\/v2\/media?parent=29821"}],"wp:term":[{"taxonomy":"product_brand","embeddable":true,"href":"https:\/\/jas.dk\/de\/wp-json\/wp\/v2\/product_brand?post=29821"},{"taxonomy":"product_cat","embeddable":true,"href":"https:\/\/jas.dk\/de\/wp-json\/wp\/v2\/product_cat?post=29821"},{"taxonomy":"product_tag","embeddable":true,"href":"https:\/\/jas.dk\/de\/wp-json\/wp\/v2\/product_tag?post=29821"}],"curies":[{"name":"wp","href":"https:\/\/api.w.org\/{rel}","templated":true}]}}