{"id":35653,"date":"2026-02-16T12:56:59","date_gmt":"2026-02-16T11:56:59","guid":{"rendered":"https:\/\/jas.dk\/produkter\/unkategorisiert\/werkzeugtafelhaken-set-24-teile\/"},"modified":"2026-03-19T08:23:41","modified_gmt":"2026-03-19T07:23:41","slug":"werkzeugtafelhaken-set-24-teile","status":"publish","type":"product","link":"https:\/\/jas.dk\/de\/produkte\/zubehoer\/werkzeugtafelhaken-set-24-teile\/","title":{"rendered":"Werkzeugtafelhaken-Set 24 Teile"},"content":{"rendered":"","protected":false},"excerpt":{"rendered":"<p>Passend f\u00fcr Lochbleche mit 9&#215;9 mm L\u00f6chern cc 38 mm.<br \/>\nDas Set enth\u00e4lt Folgendes<br \/>\n5 St\u00fcck Einzelaufh\u00e4ngehaken \u00d85 x 38 mm<br \/>\n2 St\u00fcck Einzelaufh\u00e4ngehaken \u00d86 x 200 mm<br \/>\n6 St\u00fcck Doppelaufh\u00e4ngehaken \u00d85, 38 x 11 mm<br \/>\n2 St\u00fcck Doppelaufh\u00e4ngehaken \u00d85, 64 x 11 mm<br \/>\n2 St. Aufh\u00e4ngehaken \u00d85, 44 x 23 mm<br \/>\n3 St. Winkelhaken \u00d85 x 50 x 40 mm<br \/>\n1 St. Boxenhalter mit Box 105 x 45 mm<br \/>\n2 St. Rohrhalter \u00d822-25 mm, H 75 mm<br \/>\n1 St. Rohrhalter \u00d834-37 mm, H 75 mm<\/p>\n","protected":false},"featured_media":35654,"template":"","meta":{"_acf_changed":false,"site-sidebar-layout":"default","site-content-layout":"","ast-site-content-layout":"default","site-content-style":"default","site-sidebar-style":"default","ast-global-header-display":"","ast-banner-title-visibility":"","ast-main-header-display":"","ast-hfb-above-header-display":"","ast-hfb-below-header-display":"","ast-hfb-mobile-header-display":"","site-post-title":"","ast-breadcrumbs-content":"","ast-featured-img":"","footer-sml-layout":"","ast-disable-related-posts":"","theme-transparent-header-meta":"default","adv-header-id-meta":"","stick-header-meta":"default","header-above-stick-meta":"","header-main-stick-meta":"","header-below-stick-meta":"","astra-migrate-meta-layouts":"set","ast-page-background-enabled":"default","ast-page-background-meta":{"desktop":{"background-color":"","background-image":"","background-repeat":"repeat","background-position":"center center","background-size":"auto","background-attachment":"scroll","background-type":"","background-media":"","overlay-type":"","overlay-color":"","overlay-opacity":"","overlay-gradient":""},"tablet":{"background-color":"","background-image":"","background-repeat":"repeat","background-position":"center center","background-size":"auto","background-attachment":"scroll","background-type":"","background-media":"","overlay-type":"","overlay-color":"","overlay-opacity":"","overlay-gradient":""},"mobile":{"background-color":"","background-image":"","background-repeat":"repeat","background-position":"center center","background-size":"auto","background-attachment":"scroll","background-type":"","background-media":"","overlay-type":"","overlay-color":"","overlay-opacity":"","overlay-gradient":""}},"ast-content-background-meta":{"desktop":{"background-color":"var(--ast-global-color-5)","background-image":"","background-repeat":"repeat","background-position":"center center","background-size":"auto","background-attachment":"scroll","background-type":"","background-media":"","overlay-type":"","overlay-color":"","overlay-opacity":"","overlay-gradient":""},"tablet":{"background-color":"var(--ast-global-color-5)","background-image":"","background-repeat":"repeat","background-position":"center center","background-size":"auto","background-attachment":"scroll","background-type":"","background-media":"","overlay-type":"","overlay-color":"","overlay-opacity":"","overlay-gradient":""},"mobile":{"background-color":"var(--ast-global-color-5)","background-image":"","background-repeat":"repeat","background-position":"center center","background-size":"auto","background-attachment":"scroll","background-type":"","background-media":"","overlay-type":"","overlay-color":"","overlay-opacity":"","overlay-gradient":""}}},"product_brand":[],"product_cat":[2793,2892],"product_tag":[],"class_list":{"0":"post-35653","1":"product","2":"type-product","3":"status-publish","4":"has-post-thumbnail","6":"product_cat-zubehoer","7":"product_cat-zubehoer-fuer-hoehenverstellbaren-tisch","8":"desktop-align-left","9":"tablet-align-left","10":"mobile-align-left","11":"ast-product-gallery-layout-horizontal","12":"ast-product-gallery-with-no-image","13":"ast-product-tabs-layout-horizontal","15":"first","16":"outofstock","17":"taxable","18":"shipping-taxable","19":"purchasable","20":"product-type-simple"},"acf":[],"_links":{"self":[{"href":"https:\/\/jas.dk\/de\/wp-json\/wp\/v2\/product\/35653","targetHints":{"allow":["GET"]}}],"collection":[{"href":"https:\/\/jas.dk\/de\/wp-json\/wp\/v2\/product"}],"about":[{"href":"https:\/\/jas.dk\/de\/wp-json\/wp\/v2\/types\/product"}],"version-history":[{"count":1,"href":"https:\/\/jas.dk\/de\/wp-json\/wp\/v2\/product\/35653\/revisions"}],"predecessor-version":[{"id":37083,"href":"https:\/\/jas.dk\/de\/wp-json\/wp\/v2\/product\/35653\/revisions\/37083"}],"wp:featuredmedia":[{"embeddable":true,"href":"https:\/\/jas.dk\/de\/wp-json\/wp\/v2\/media\/35654"}],"wp:attachment":[{"href":"https:\/\/jas.dk\/de\/wp-json\/wp\/v2\/media?parent=35653"}],"wp:term":[{"taxonomy":"product_brand","embeddable":true,"href":"https:\/\/jas.dk\/de\/wp-json\/wp\/v2\/product_brand?post=35653"},{"taxonomy":"product_cat","embeddable":true,"href":"https:\/\/jas.dk\/de\/wp-json\/wp\/v2\/product_cat?post=35653"},{"taxonomy":"product_tag","embeddable":true,"href":"https:\/\/jas.dk\/de\/wp-json\/wp\/v2\/product_tag?post=35653"}],"curies":[{"name":"wp","href":"https:\/\/api.w.org\/{rel}","templated":true}]}}