{"id":23346,"date":"2025-05-26T09:00:58","date_gmt":"2025-05-26T07:00:58","guid":{"rendered":"https:\/\/jas.dk\/produkter\/uncategorized\/novatech-tent-etp-082x76-oe20-hl83\/"},"modified":"2026-02-17T14:39:28","modified_gmt":"2026-02-17T13:39:28","slug":"novatech-tent-etp-082x76-oe20-hl83","status":"publish","type":"product","link":"https:\/\/jas.dk\/en\/products\/accessories\/novatech-tent-etp-082x76-oe20-hl83\/","title":{"rendered":"Tent \u00d882 Novatech ETP 082&#215;76-\u00d820 HL83 wheels"},"content":{"rendered":"<p>Wheels with bearings and PP molded tread. Bearing for \u00d820 axle. Wheel diameter \u00d882. Static load 1,400kg. Load at 4km\/h 700kg. Standard according to. EN12532       <\/p>\n","protected":false},"excerpt":{"rendered":"<p>&#8211; Wheels with bearings and PP molded tread.<br \/>\n&#8211; Bearing for \u00d820 axle. Wheel diameter \u00d882.<br \/>\n&#8211; Static load 1,400kg. Load at 4km\/h 700kg.<br \/>\n&#8211; Hub width 83 mm. Standard according to. EN12532  <\/p>\n","protected":false},"featured_media":34332,"template":"","meta":{"_acf_changed":false,"site-sidebar-layout":"default","site-content-layout":"","ast-site-content-layout":"default","site-content-style":"default","site-sidebar-style":"default","ast-global-header-display":"","ast-banner-title-visibility":"","ast-main-header-display":"","ast-hfb-above-header-display":"","ast-hfb-below-header-display":"","ast-hfb-mobile-header-display":"","site-post-title":"","ast-breadcrumbs-content":"","ast-featured-img":"","footer-sml-layout":"","ast-disable-related-posts":"","theme-transparent-header-meta":"default","adv-header-id-meta":"","stick-header-meta":"default","header-above-stick-meta":"","header-main-stick-meta":"","header-below-stick-meta":"","astra-migrate-meta-layouts":"set","ast-page-background-enabled":"default","ast-page-background-meta":{"desktop":{"background-color":"","background-image":"","background-repeat":"repeat","background-position":"center center","background-size":"auto","background-attachment":"scroll","background-type":"","background-media":"","overlay-type":"","overlay-color":"","overlay-opacity":"","overlay-gradient":""},"tablet":{"background-color":"","background-image":"","background-repeat":"repeat","background-position":"center center","background-size":"auto","background-attachment":"scroll","background-type":"","background-media":"","overlay-type":"","overlay-color":"","overlay-opacity":"","overlay-gradient":""},"mobile":{"background-color":"","background-image":"","background-repeat":"repeat","background-position":"center center","background-size":"auto","background-attachment":"scroll","background-type":"","background-media":"","overlay-type":"","overlay-color":"","overlay-opacity":"","overlay-gradient":""}},"ast-content-background-meta":{"desktop":{"background-color":"var(--ast-global-color-5)","background-image":"","background-repeat":"repeat","background-position":"center center","background-size":"auto","background-attachment":"scroll","background-type":"","background-media":"","overlay-type":"","overlay-color":"","overlay-opacity":"","overlay-gradient":""},"tablet":{"background-color":"var(--ast-global-color-5)","background-image":"","background-repeat":"repeat","background-position":"center center","background-size":"auto","background-attachment":"scroll","background-type":"","background-media":"","overlay-type":"","overlay-color":"","overlay-opacity":"","overlay-gradient":""},"mobile":{"background-color":"var(--ast-global-color-5)","background-image":"","background-repeat":"repeat","background-position":"center center","background-size":"auto","background-attachment":"scroll","background-type":"","background-media":"","overlay-type":"","overlay-color":"","overlay-opacity":"","overlay-gradient":""}}},"product_brand":[],"product_cat":[2212],"product_tag":[],"class_list":{"0":"post-23346","1":"product","2":"type-product","3":"status-publish","4":"has-post-thumbnail","6":"product_cat-accessories","7":"desktop-align-left","8":"tablet-align-left","9":"mobile-align-left","10":"ast-product-gallery-layout-horizontal","11":"ast-product-gallery-with-no-image","12":"ast-product-tabs-layout-horizontal","14":"first","15":"instock","16":"taxable","17":"shipping-taxable","18":"purchasable","19":"product-type-simple"},"acf":[],"_links":{"self":[{"href":"https:\/\/jas.dk\/en\/wp-json\/wp\/v2\/product\/23346","targetHints":{"allow":["GET"]}}],"collection":[{"href":"https:\/\/jas.dk\/en\/wp-json\/wp\/v2\/product"}],"about":[{"href":"https:\/\/jas.dk\/en\/wp-json\/wp\/v2\/types\/product"}],"version-history":[{"count":3,"href":"https:\/\/jas.dk\/en\/wp-json\/wp\/v2\/product\/23346\/revisions"}],"predecessor-version":[{"id":33881,"href":"https:\/\/jas.dk\/en\/wp-json\/wp\/v2\/product\/23346\/revisions\/33881"}],"wp:featuredmedia":[{"embeddable":true,"href":"https:\/\/jas.dk\/en\/wp-json\/wp\/v2\/media\/34332"}],"wp:attachment":[{"href":"https:\/\/jas.dk\/en\/wp-json\/wp\/v2\/media?parent=23346"}],"wp:term":[{"taxonomy":"product_brand","embeddable":true,"href":"https:\/\/jas.dk\/en\/wp-json\/wp\/v2\/product_brand?post=23346"},{"taxonomy":"product_cat","embeddable":true,"href":"https:\/\/jas.dk\/en\/wp-json\/wp\/v2\/product_cat?post=23346"},{"taxonomy":"product_tag","embeddable":true,"href":"https:\/\/jas.dk\/en\/wp-json\/wp\/v2\/product_tag?post=23346"}],"curies":[{"name":"wp","href":"https:\/\/api.w.org\/{rel}","templated":true}]}}