{"id":23372,"date":"2024-02-20T12:21:25","date_gmt":"2024-02-20T11:21:25","guid":{"rendered":"https:\/\/jas.dk\/produkter\/uncategorized\/practical-hanger-rack-stylish-design-and-durability\/"},"modified":"2026-01-27T09:31:12","modified_gmt":"2026-01-27T08:31:12","slug":"practical-hanger-rack-stylish-design-and-durability","status":"publish","type":"product","link":"https:\/\/jas.dk\/en\/products\/racks\/practical-hanger-rack-stylish-design-and-durability\/","title":{"rendered":"Hanger rack on wheels &#8211; Model 2"},"content":{"rendered":"<p data-start=\"1555\" data-end=\"1915\">This <strong data-start=\"1561\" data-end=\"1584\">hanger rack on wheels<\/strong> is a professional solution for hanging and handling clothes when you need to move items quickly and safely from one area to another. The model is especially relevant for companies where clothes need to be transported between warehouses, packing areas, showrooms, sales areas or departments &#8211; without losing structure and overview.<\/p>\n<p data-start=\"1917\" data-end=\"1949\">Model 2 comes in two sizes:<\/p>\n<ul data-start=\"1951\" data-end=\"1996\">\n<li data-start=\"1951\" data-end=\"1973\">\n<p data-start=\"1953\" data-end=\"1973\"><strong data-start=\"1953\" data-end=\"1973\">1500\u00d7500\u00d71600 mm<\/strong><\/p>\n<\/li>\n<li data-start=\"1974\" data-end=\"1996\">\n<p data-start=\"1976\" data-end=\"1996\"><strong data-start=\"1976\" data-end=\"1996\">2000\u00d7500\u00d71600 mm<\/strong><\/p>\n<\/li>\n<\/ul>\n<p data-start=\"1998\" data-end=\"2233\">It provides flexibility for both smaller and larger quantities of clothes. With a maximum load of <strong data-start=\"2091\" data-end=\"2116\">100 kg per hanger bar<\/strong>, the hanger rack can handle large quantities of garments, making it suitable for both light and heavy textile storage. <\/p>\n<p data-start=\"2235\" data-end=\"2436\">The heavy-duty <strong data-start=\"2265\" data-end=\"2273\">\u00d8100<\/strong> diameter wheels allow the rack to be moved in a stable and controlled manner, which is a great advantage in busy environments where clothes often need to be repositioned as part of daily operations.<\/p>\n<h2 data-start=\"2443\" data-end=\"2475\"><strong data-start=\"2446\" data-end=\"2475\">Features and benefits<\/strong><\/h2>\n<h3 data-start=\"2477\" data-end=\"2534\"><strong data-start=\"2481\" data-end=\"2534\">Mobile solution &#8211; ideal for operations and redeployment<\/strong><\/h3>\n<p data-start=\"2535\" data-end=\"2634\">The great strength of a hanger rack on wheels is its mobility. When clothes need to be moved in connection with: <\/p>\n<ul data-start=\"2635\" data-end=\"2811\">\n<li data-start=\"2635\" data-end=\"2653\">\n<p data-start=\"2637\" data-end=\"2653\">goods receipt<\/p>\n<\/li>\n<li data-start=\"2654\" data-end=\"2697\">\n<p data-start=\"2656\" data-end=\"2697\">Sorting sizes and collections<\/p>\n<\/li>\n<li data-start=\"2698\" data-end=\"2713\">\n<p data-start=\"2700\" data-end=\"2713\">Pick and pack<\/p>\n<\/li>\n<li data-start=\"2714\" data-end=\"2734\">\n<p data-start=\"2716\" data-end=\"2734\">store preparation<\/p>\n<\/li>\n<li data-start=\"2735\" data-end=\"2811\">\n<p data-start=\"2737\" data-end=\"2811\">internal logistics<br data-start=\"2752\" data-end=\"2755\">&#8230; saves time and avoids unnecessary manual handling.<\/p>\n<\/li>\n<\/ul>\n<h3 data-start=\"2813\" data-end=\"2864\"><strong data-start=\"2817\" data-end=\"2864\">\u00d8100 wheels for a stable and smooth ride<\/strong><\/h3>\n<p data-start=\"2865\" data-end=\"3040\">The size of the wheels provides a more stable roll and better control during transportation. This makes the hanger rack particularly suitable for warehouse floors, retail environments and high activity areas. <\/p>\n<h3 data-start=\"3042\" data-end=\"3099\"><strong data-start=\"3046\" data-end=\"3099\">High load &#8211; up to 100 kg per hanger bar<\/strong><\/h3>\n<p data-start=\"3100\" data-end=\"3318\">This garment rack is designed for professional use. With <strong data-start=\"3167\" data-end=\"3203\">100 kg load per hanger bar<\/strong>, it is ideal for large quantities of clothes and heavier garments where a standard clothes rack is often not enough. <\/p>\n<h3 data-start=\"3320\" data-end=\"3378\"><strong data-start=\"3324\" data-end=\"3378\">Flexible sizes for scalable capacity<\/strong><\/h3>\n<ul data-start=\"3379\" data-end=\"3579\">\n<li data-start=\"3379\" data-end=\"3468\">\n<p data-start=\"3381\" data-end=\"3468\">The <strong data-start=\"3381\" data-end=\"3392\">1500 mm<\/strong> model is great for smaller areas, backstage and narrow aisles.<\/p>\n<\/li>\n<li data-start=\"3469\" data-end=\"3579\">\n<p data-start=\"3471\" data-end=\"3579\">The <strong data-start=\"3471\" data-end=\"3482\">2000 mm<\/strong> model provides maximum hanging space and is ideal for large quantities of goods and high throughput.<\/p>\n<\/li>\n<\/ul>\n<h3 data-start=\"3581\" data-end=\"3652\"><strong data-start=\"3585\" data-end=\"3652\">Perfect as a garment rack and clothing rack in multiple industries<\/strong><\/h3>\n<p data-start=\"3653\" data-end=\"3715\">The hanger rack is not just for fashion stores. It is also used in: <\/p>\n<ul data-start=\"3716\" data-end=\"3883\">\n<li data-start=\"3716\" data-end=\"3742\">\n<p data-start=\"3718\" data-end=\"3742\">e-commerce and pick and pack<\/p>\n<\/li>\n<li data-start=\"3743\" data-end=\"3764\">\n<p data-start=\"3745\" data-end=\"3764\">textile production<\/p>\n<\/li>\n<li data-start=\"3765\" data-end=\"3801\">\n<p data-start=\"3767\" data-end=\"3801\">Showrooms and product presentation<\/p>\n<\/li>\n<li data-start=\"3802\" data-end=\"3836\">\n<p data-start=\"3804\" data-end=\"3836\">events, backstage and rental<\/p>\n<\/li>\n<li data-start=\"3837\" data-end=\"3883\">\n<p data-start=\"3839\" data-end=\"3883\">industrial companies with workwear and PPE<\/p>\n<\/li>\n<\/ul>\n<h2 data-start=\"3890\" data-end=\"3919\"><strong data-start=\"3893\" data-end=\"3919\">Areas of application<\/strong><\/h2>\n<p data-start=\"3920\" data-end=\"3993\">This <strong data-start=\"3926\" data-end=\"3941\">hanger rack<\/strong> on wheels is a strong solution in many work environments:<\/p>\n<ul data-start=\"3995\" data-end=\"4386\">\n<li data-start=\"3995\" data-end=\"4064\">\n<p data-start=\"3997\" data-end=\"4064\"><strong data-start=\"3997\" data-end=\"4016\">Store and retail<\/strong> &#8211; easy restocking, promotions and replenishment<\/p>\n<\/li>\n<li data-start=\"4065\" data-end=\"4132\">\n<p data-start=\"4067\" data-end=\"4132\"><strong data-start=\"4067\" data-end=\"4088\">Warehousing and logistics<\/strong> &#8211; efficient internal transportation of garments<\/p>\n<\/li>\n<li data-start=\"4133\" data-end=\"4193\">\n<p data-start=\"4135\" data-end=\"4193\"><strong data-start=\"4135\" data-end=\"4149\">E-commerce<\/strong> &#8211; better flow in picking, sorting and packing<\/p>\n<\/li>\n<li data-start=\"4194\" data-end=\"4253\">\n<p data-start=\"4196\" data-end=\"4253\"><strong data-start=\"4196\" data-end=\"4208\">Showroom<\/strong> &#8211; presenting and moving collections<\/p>\n<\/li>\n<li data-start=\"4254\" data-end=\"4319\">\n<p data-start=\"4256\" data-end=\"4319\"><strong data-start=\"4256\" data-end=\"4277\">Textile production<\/strong> &#8211; suspension between processes and preparation<\/p>\n<\/li>\n<li data-start=\"4320\" data-end=\"4386\">\n<p data-start=\"4322\" data-end=\"4386\"><strong data-start=\"4322\" data-end=\"4345\">Service and industry<\/strong> &#8211; organizing workwear and equipment<\/p>\n<\/li>\n<\/ul>\n<p data-start=\"4388\" data-end=\"4485\">In a nutshell: A mobile clothes rack provides a practical advantage when speed and flexibility are key.<\/p>\n<h2 data-start=\"4492\" data-end=\"4518\"><strong data-start=\"4495\" data-end=\"4518\">Specifications<\/strong><\/h2>\n<ul data-start=\"4519\" data-end=\"4865\">\n<li data-start=\"4519\" data-end=\"4565\">\n<p data-start=\"4521\" data-end=\"4565\"><strong data-start=\"4521\" data-end=\"4533\">Product:<\/strong> Hanger rack on wheels &#8211; Model 2<\/p>\n<\/li>\n<li data-start=\"4566\" data-end=\"4621\">\n<p data-start=\"4568\" data-end=\"4621\"><strong data-start=\"4568\" data-end=\"4583\">Sizes:<\/strong> 1500\u00d7500\u00d71600 mm \/ 2000\u00d7500\u00d71600 mm<\/p>\n<\/li>\n<li data-start=\"4622\" data-end=\"4644\">\n<p data-start=\"4624\" data-end=\"4644\"><strong data-start=\"4624\" data-end=\"4637\">Approx. weight:<\/strong> 9 kg<\/p>\n<\/li>\n<li data-start=\"4645\" data-end=\"4692\">\n<p data-start=\"4647\" data-end=\"4692\"><strong data-start=\"4647\" data-end=\"4668\">Max. load:<\/strong> 100 kg per hanger bar<\/p>\n<\/li>\n<li data-start=\"4693\" data-end=\"4716\">\n<p data-start=\"4695\" data-end=\"4716\"><strong data-start=\"4695\" data-end=\"4710\">Hanger bar:<\/strong> \u00d830<\/p>\n<\/li>\n<li data-start=\"4717\" data-end=\"4735\">\n<p data-start=\"4719\" data-end=\"4735\"><strong data-start=\"4719\" data-end=\"4728\">Wheels:<\/strong> \u00d8100<\/p>\n<\/li>\n<li data-start=\"4736\" data-end=\"4797\">\n<p data-start=\"4738\" data-end=\"4797\"><strong data-start=\"4738\" data-end=\"4751\">Function:<\/strong> Hanger rack \/ garment rack \/ clothes rack<\/p>\n<\/li>\n<li data-start=\"4798\" data-end=\"4865\">\n<p data-start=\"4800\" data-end=\"4865\"><strong data-start=\"4800\" data-end=\"4814\">Mobility:<\/strong> Suitable for operational relocation and daily logistics<\/p>\n<\/li>\n<\/ul>\n<h2 data-start=\"4872\" data-end=\"4913\"><strong data-start=\"4875\" data-end=\"4913\">Customization and special solutions<\/strong><\/h2>\n<p data-start=\"4914\" data-end=\"5146\">Do you need a hanger rack with different dimensions, extra reinforcement, special wheels or a solution for specific textile flows? JAS can provide customizations and special dimensions to match your workflow and capacity needs. <\/p>\n<h2 data-start=\"5153\" data-end=\"5188\"><strong data-start=\"5156\" data-end=\"5188\">Ordering and advice<\/strong><\/h2>\n<p data-start=\"5189\" data-end=\"5391\">If you&#8217;re looking for a professional <strong data-start=\"5220\" data-end=\"5235\">hanger rack<\/strong>, a strong <strong data-start=\"5247\" data-end=\"5268\">garment rack<\/strong> or a mobile <strong data-start=\"5285\" data-end=\"5298\">garment rack<\/strong> for daily operations, JAS can help with the right solution. Contact us for quotes and advice.<\/p>\n","protected":false},"excerpt":{"rendered":"<p>This <strong data-start=\"381\" data-end=\"404\">hanging rack on wheels<\/strong> (Model 2) is a mobile and robust solution for hanging clothes in stores, warehouses, showrooms and packing areas. The rack functions as both a <strong data-start=\"536\" data-end=\"557\">garment rack<\/strong> and <strong data-start=\"561\" data-end=\"574\">clothing rack<\/strong> and is ideal when clothes need to be moved frequently between zones, collections or workstations. The hanger bar \u00d830 can carry up to 100 kg per hanger bar and the rack is available in sizes 1500\u00d7500\u00d71600 mm and 2000\u00d7500\u00d71600 mm. With \u00d8100 wheels, you get a stable ride and efficient workflow in daily operations.   <\/p>\n","protected":false},"featured_media":17179,"template":"","meta":{"_acf_changed":false,"site-sidebar-layout":"default","site-content-layout":"","ast-site-content-layout":"default","site-content-style":"default","site-sidebar-style":"default","ast-global-header-display":"","ast-banner-title-visibility":"","ast-main-header-display":"","ast-hfb-above-header-display":"","ast-hfb-below-header-display":"","ast-hfb-mobile-header-display":"","site-post-title":"","ast-breadcrumbs-content":"","ast-featured-img":"","footer-sml-layout":"","ast-disable-related-posts":"","theme-transparent-header-meta":"default","adv-header-id-meta":"","stick-header-meta":"default","header-above-stick-meta":"","header-main-stick-meta":"","header-below-stick-meta":"","astra-migrate-meta-layouts":"set","ast-page-background-enabled":"default","ast-page-background-meta":{"desktop":{"background-color":"","background-image":"","background-repeat":"repeat","background-position":"center center","background-size":"auto","background-attachment":"scroll","background-type":"","background-media":"","overlay-type":"","overlay-color":"","overlay-opacity":"","overlay-gradient":""},"tablet":{"background-color":"","background-image":"","background-repeat":"repeat","background-position":"center center","background-size":"auto","background-attachment":"scroll","background-type":"","background-media":"","overlay-type":"","overlay-color":"","overlay-opacity":"","overlay-gradient":""},"mobile":{"background-color":"","background-image":"","background-repeat":"repeat","background-position":"center center","background-size":"auto","background-attachment":"scroll","background-type":"","background-media":"","overlay-type":"","overlay-color":"","overlay-opacity":"","overlay-gradient":""}},"ast-content-background-meta":{"desktop":{"background-color":"var(--ast-global-color-5)","background-image":"","background-repeat":"repeat","background-position":"center center","background-size":"auto","background-attachment":"scroll","background-type":"","background-media":"","overlay-type":"","overlay-color":"","overlay-opacity":"","overlay-gradient":""},"tablet":{"background-color":"var(--ast-global-color-5)","background-image":"","background-repeat":"repeat","background-position":"center center","background-size":"auto","background-attachment":"scroll","background-type":"","background-media":"","overlay-type":"","overlay-color":"","overlay-opacity":"","overlay-gradient":""},"mobile":{"background-color":"var(--ast-global-color-5)","background-image":"","background-repeat":"repeat","background-position":"center center","background-size":"auto","background-attachment":"scroll","background-type":"","background-media":"","overlay-type":"","overlay-color":"","overlay-opacity":"","overlay-gradient":""}}},"product_brand":[],"product_cat":[1438,2192,2022,1686,1453],"product_tag":[],"class_list":{"0":"post-23372","1":"product","2":"type-product","3":"status-publish","4":"has-post-thumbnail","6":"product_cat-racks","7":"product_cat-clothes-hangers","8":"product_cat-hanger-racks","9":"product_cat-standard-products","10":"product_cat-textile-industry","11":"pa_storrelser-1500x500x1600mm","12":"pa_storrelser-2000x500x1600mm","13":"desktop-align-left","14":"tablet-align-left","15":"mobile-align-left","16":"ast-product-gallery-layout-horizontal","17":"ast-product-gallery-with-no-image","18":"ast-product-single-variable","19":"ast-product-tabs-layout-horizontal","21":"first","22":"instock","23":"taxable","24":"shipping-taxable","25":"purchasable","26":"product-type-variable","27":"has-default-attributes"},"acf":[],"_links":{"self":[{"href":"https:\/\/jas.dk\/en\/wp-json\/wp\/v2\/product\/23372","targetHints":{"allow":["GET"]}}],"collection":[{"href":"https:\/\/jas.dk\/en\/wp-json\/wp\/v2\/product"}],"about":[{"href":"https:\/\/jas.dk\/en\/wp-json\/wp\/v2\/types\/product"}],"version-history":[{"count":5,"href":"https:\/\/jas.dk\/en\/wp-json\/wp\/v2\/product\/23372\/revisions"}],"predecessor-version":[{"id":29793,"href":"https:\/\/jas.dk\/en\/wp-json\/wp\/v2\/product\/23372\/revisions\/29793"}],"wp:featuredmedia":[{"embeddable":true,"href":"https:\/\/jas.dk\/en\/wp-json\/wp\/v2\/media\/17179"}],"wp:attachment":[{"href":"https:\/\/jas.dk\/en\/wp-json\/wp\/v2\/media?parent=23372"}],"wp:term":[{"taxonomy":"product_brand","embeddable":true,"href":"https:\/\/jas.dk\/en\/wp-json\/wp\/v2\/product_brand?post=23372"},{"taxonomy":"product_cat","embeddable":true,"href":"https:\/\/jas.dk\/en\/wp-json\/wp\/v2\/product_cat?post=23372"},{"taxonomy":"product_tag","embeddable":true,"href":"https:\/\/jas.dk\/en\/wp-json\/wp\/v2\/product_tag?post=23372"}],"curies":[{"name":"wp","href":"https:\/\/api.w.org\/{rel}","templated":true}]}}